{"id":9,"date":"2024-04-04T07:34:43","date_gmt":"2024-04-04T04:34:43","guid":{"rendered":"https:\/\/sisu.ut.ee\/edujategu5\/kokkuvote\/"},"modified":"2024-04-19T09:36:49","modified_gmt":"2024-04-19T06:36:49","slug":"kokkuvote","status":"publish","type":"page","link":"https:\/\/sisu.ut.ee\/edujategu5\/kokkuvote\/","title":{"rendered":"KOKKUV\u00d5TE"},"content":{"rendered":"<h1 class=\"wp-block-heading\"><img loading=\"lazy\" decoding=\"async\" title=\"sissejuhatus_01.png\" width=\"40\" height=\"40\" class=\"alignnone wp-image-21\" src=\"https:\/\/sisu.ut.ee\/wp-content\/uploads\/sites\/507\/sissejuhatus_01.png\" alt=\"sissejuhatus\"> <span style=\"color: #28aae1;\">KOKKUV\u00d5TE<\/span><\/h1>\n\n<p>\n\tSelles \u00f5piobjektis kirjeldati k\u00f5igepealt, mis on motivatsioon, kuidas on seotud vajadused ja motivatsioon ning anti \u00fclevaade \u00f5ppimisega seotud ning meisterlikkuse motivatsioonist. Teise teemana k\u00e4sitleti \u00f5ppimist, seejuures selgitati milline \u00f5ppimine on efektiivne. Veel oli teemaks, miks on vajalik eba\u00f5nnestumine ning toodi soovitusi enda \u00f5ppimise efektiivsemaks muutmiseks.\n<\/p>\n\n<p>\n\t\u00d5ppimisega seotud motivatsioon h\u00f5lmab nii kognitiivseid, k\u00e4itumuslikke, aga ka tunnetega seotud aspekte. Motivatsioonilised uskumused on loodud \u00f5ppija enda poolt ning motivatsioon on vastastikku seotud\u00a0 \u00f5ppimise, saavutuste ja eneseregulatsiooniga. Motivatsioon h\u00f5lmab isiksuse, sotsiaalseid ja kontekstuaalseid muutujaid. Motivatsioon muutub koos arenguga ning peegeldab individuaalseid, grupi ja kultuurilisi erinevusi. Samas kui \u00f5ppimisel on oluline t\u00e4helepanu p\u00f6\u00f6rata: \u00f5ppimiseks k\u00f5ige efektiivsema aja leidmisele, keskendumisele \u00fchele \u00fclesandele korraga, segajate v\u00e4ltimisele, \u00f5ppimise ja \u00f5ppimisaja planeerimisele, \u00f5ppimisel pauside tegemisele ning \u00f5pitu \u00fcle arutamisele ja tagasiside k\u00fcsimisele.\n<\/p>\n\n<p style=\"margin-bottom:.0001pt\">\n\tL\u00f5petuseks toon veel m\u00f5ned endapoolsed kokkuv\u00f5tlikud soovitused, millele k\u00f5rgkoolis \u00f5ppides v\u00f5iksid m\u00f5elda:\n<\/p>\n\n<p>\n\t<img loading=\"lazy\" decoding=\"async\" alt=\"uus\" data-file_info=\"%7B%22fid%22:66793,%22view_mode%22:%22default%22,%22type%22:%22media%22%7D\" height=\"32\" src=\"https:\/\/sisu.ut.ee\/wp-content\/uploads\/sites\/529\/uued_moisted.png\" title=\"\" width=\"32\">\u00a0P\u00fc\u00fca aru saada, mis Sind huvitab, mis Sulle meeldib, mida pead oluliseks (sh kas ka ise endale t\u00f6\u00f6andjaks olemine), mida saad ja tahad muuta.\n<\/p>\n\n<p>\n\t<img loading=\"lazy\" decoding=\"async\" alt=\"uus\" data-file_info=\"%7B%22fid%22:66793,%22view_mode%22:%22default%22,%22type%22:%22media%22%7D\" height=\"32\" src=\"https:\/\/sisu.ut.ee\/wp-content\/uploads\/sites\/529\/uued_moisted.png\" title=\"\" width=\"32\">\u00a0P\u00fc\u00fca iseenda jaoks l\u00e4bi m\u00f5elda, kus ja milleks v\u00f5ib Sul tulevikus \u00f5pitavat vaja minna, v\u00f5ta vastutus enda \u00f5ppimise eest, v\u00e4\u00e4rtusta k\u00f5ike seda, mida Sulle koolis pakutakse!\n<\/p>\n\n<p>\n\t<img loading=\"lazy\" decoding=\"async\" alt=\"uus\" data-file_info=\"%7B%22fid%22:66793,%22view_mode%22:%22default%22,%22type%22:%22media%22%7D\" height=\"32\" src=\"https:\/\/sisu.ut.ee\/wp-content\/uploads\/sites\/529\/uued_moisted.png\" title=\"\" width=\"32\">\u00a0P\u00fc\u00fca teha k\u00f5ike v\u00f5imalikult h\u00e4sti, saada Sinu jaoks olulistes asjades osavamaks ja paremaks (mitte neid lihtsalt kuidagi \u00e4ra teha v\u00f5i nende \u00f5ppimist tulevikku l\u00fckata)!\n<\/p>\n\n<p>\n\t<img loading=\"lazy\" decoding=\"async\" alt=\"uus\" data-file_info=\"%7B%22fid%22:66793,%22view_mode%22:%22default%22,%22type%22:%22media%22%7D\" height=\"32\" src=\"https:\/\/sisu.ut.ee\/wp-content\/uploads\/sites\/529\/uued_moisted.png\" title=\"\" width=\"32\">\u00a0\u00c4ra karda eksida, see on oluline osa \u00f5ppimisest!\n<\/p>\n\n<p>\n\t<img loading=\"lazy\" decoding=\"async\" alt=\"uus\" data-file_info=\"%7B%22fid%22:66793,%22view_mode%22:%22default%22,%22type%22:%22media%22%7D\" height=\"32\" src=\"https:\/\/sisu.ut.ee\/wp-content\/uploads\/sites\/529\/uued_moisted.png\" title=\"\" width=\"32\">\u00a0Planeeri ja suuna ise v\u00f5imalikult palju enda \u00f5pinguid ja elu (nt enda huvidest ja keskkonna v\u00f5imalustest l\u00e4htuvalt), haara kinni erinevatest v\u00f5imalustest, isegi kui need algul tunduvad v\u00f5\u00f5rad, hirmutavad v\u00f5i ebameeldivad.\n<\/p>\n","protected":false},"excerpt":{"rendered":"<p>KOKKUV\u00d5TE Selles \u00f5piobjektis kirjeldati k\u00f5igepealt, mis on motivatsioon, kuidas on seotud vajadused ja motivatsioon ning anti \u00fclevaade \u00f5ppimisega seotud ning meisterlikkuse motivatsioonist. Teise teemana k\u00e4sitleti \u00f5ppimist, seejuures selgitati milline \u00f5ppimine on efektiivne. Veel oli teemaks, miks on vajalik eba\u00f5nnestumine ning &#8230;<\/p>\n","protected":false},"author":263,"featured_media":0,"parent":0,"menu_order":0,"comment_status":"closed","ping_status":"closed","template":"","meta":{"_acf_changed":false,"inline_featured_image":false,"footnotes":""},"class_list":["post-9","page","type-page","status-publish","hentry"],"acf":[],"_links":{"self":[{"href":"https:\/\/sisu.ut.ee\/edujategu5\/wp-json\/wp\/v2\/pages\/9","targetHints":{"allow":["GET"]}}],"collection":[{"href":"https:\/\/sisu.ut.ee\/edujategu5\/wp-json\/wp\/v2\/pages"}],"about":[{"href":"https:\/\/sisu.ut.ee\/edujategu5\/wp-json\/wp\/v2\/types\/page"}],"author":[{"embeddable":true,"href":"https:\/\/sisu.ut.ee\/edujategu5\/wp-json\/wp\/v2\/users\/263"}],"replies":[{"embeddable":true,"href":"https:\/\/sisu.ut.ee\/edujategu5\/wp-json\/wp\/v2\/comments?post=9"}],"version-history":[{"count":2,"href":"https:\/\/sisu.ut.ee\/edujategu5\/wp-json\/wp\/v2\/pages\/9\/revisions"}],"predecessor-version":[{"id":146,"href":"https:\/\/sisu.ut.ee\/edujategu5\/wp-json\/wp\/v2\/pages\/9\/revisions\/146"}],"wp:attachment":[{"href":"https:\/\/sisu.ut.ee\/edujategu5\/wp-json\/wp\/v2\/media?parent=9"}],"curies":[{"name":"wp","href":"https:\/\/api.w.org\/{rel}","templated":true}]}}