{"id":8,"date":"2024-04-04T07:34:43","date_gmt":"2024-04-04T04:34:43","guid":{"rendered":"https:\/\/sisu.ut.ee\/edujategu5\/ulesanded\/"},"modified":"2024-04-19T09:36:14","modified_gmt":"2024-04-19T06:36:14","slug":"ulesanded","status":"publish","type":"page","link":"https:\/\/sisu.ut.ee\/edujategu5\/ulesanded\/","title":{"rendered":"\u00dcLESANDED"},"content":{"rendered":"<h1 class=\"wp-block-heading\"><img loading=\"lazy\" decoding=\"async\" title=\"sissejuhatus_01.png\" width=\"40\" height=\"40\" class=\"alignnone wp-image-21\" src=\"https:\/\/sisu.ut.ee\/wp-content\/uploads\/sites\/507\/sissejuhatus_01.png\" alt=\"sissejuhatus\"> <span style=\"color: #28aae1;\">\u00dcLESANDED<\/span><\/h1>\n\n<p style=\"margin: 0cm0cm10pt;\">Enne \u00fclesannete t\u00e4itmist loe l\u00e4bi Jaan Aru soovitused aju paremaks kasutamiseks, vt \u00a0<a title=\"\" href=\"https:\/\/www.virtuaalkliinik.ee\/uudised\/2017\/12\/09\/noore-teadlase-9-soovitust-aju-paremaks-kasutamiseks\" target=\"_blank\" rel=\"noopener\" data-url=\"https:\/\/www.virtuaalkliinik.ee\/uudised\/2017\/12\/09\/noore-teadlase-9-soovitust-aju-paremaks-kasutamiseks\">https:\/\/www.virtuaalkliinik.ee\/uudised\/2017\/12\/09\/noore-teadlase-9-soovitust-aju-paremaks-kasutamiseks<\/a>.<\/p>\n<img loading=\"lazy\" decoding=\"async\" title=\"\" src=\"https:\/\/sisu.ut.ee\/wp-content\/uploads\/sites\/529\/motlemiseks.png\" alt=\"ylesanne\" width=\"32\" height=\"32\" data-file_info=\"%7B%22fid%22:66794,%22view_mode%22:%22default%22,%22type%22:%22media%22%7D\">\u00a0<strong><span style=\"color: #e31c79;\">\u00dcLESANNE 1<\/span><\/strong>\n\nM\u00f5tle enda \u00f5ppimisele ja hinda, milliste \u00f5ppimise aspektidega saad v\u00e4ga h\u00e4sti hakkama, millistele v\u00f5iksid enam t\u00e4helepanu p\u00f6\u00f6rata ja mis vajaksid muutmist:\n<ul>\n \t<li>keskendumine \u00fchele \u00fclesandele<\/li>\n \t<li>segajate v\u00e4ltimine ja \u00f5ppimisele keskendumine<\/li>\n \t<li>\u00f5ppimise ja \u00f5ppimisaja planeerimine<\/li>\n \t<li>\u00f5ppimiseks k\u00f5ige efektiivsema aja leidmine<\/li>\n \t<li>\u00f5ppimisel pauside tegemine<\/li>\n \t<li>\u00f5pitu arutamine ja tagasiside k\u00fcsimine<\/li>\n<\/ul>\n<a title=\"\" href=\"https:\/\/forms.office.com\/Pages\/ResponsePage.aspx?id=F2M1bQQNvEq2toyXc4hbsKcrb0U8vMJMvvkirI_9SsdUREZMQVU4OVFEVjhKWlNFMTY0OUM2RUhUOS4u\" target=\"_blank\" rel=\"noopener\" data-url=\"https:\/\/forms.office.com\/Pages\/ResponsePage.aspx?id=F2M1bQQNvEq2toyXc4hbsKcrb0U8vMJMvvkirI_9SsdUREZMQVU4OVFEVjhKWlNFMTY0OUM2RUhUOS4u\">Testi ennast<\/a>\n\n<hr>\n\n<img loading=\"lazy\" decoding=\"async\" title=\"\" src=\"https:\/\/sisu.ut.ee\/wp-content\/uploads\/sites\/529\/motlemiseks.png\" alt=\"ylesanne\" width=\"32\" height=\"32\" data-file_info=\"%7B%22fid%22:66794,%22view_mode%22:%22default%22,%22type%22:%22media%22%7D\">\u00a0<span style=\"color: #e31c79;\"><strong>\u00dcLESANNE 2<\/strong><\/span>\n\n<span style=\"line-height: 16.8667px;\">Milliseid eelmises \u00fclesandes hinnatud aspekte pead oma \u00f5ppimise juures muutma (valisid eelnevas \u00fclesandes vastuseks: pean seda muutma), selleks et \u00f5ppimine oleks v\u00f5imalikult tulemuslik? Valik neist v\u00e4lja \u00fcks, enda jaoks oluline aspekt ja tee plaan, kuidas ja mida enda \u00f5ppimise juures n\u00e4dala jooksul muudad. Kasuta planeerimiseks allj\u00e4rgnevaid juhiseid.<\/span>\n<ol>\n \t<li>P\u00fcstita eesm\u00e4rk, kuhu soovid j\u00f5uda (eesm\u00e4rk v\u00f5ib olla nii tulemus, protsess v\u00f5i ka kogemus) v\u00f5i millist muutust n\u00e4ha (kirjelda muutust).<\/li>\n \t<li>Milline on eesm\u00e4rgi saavutamiseks vajalik s\u00fcsteem: mis ajaks, mida konkreetselt, mitu korda pead tegema ning kuidas hindad edu.<\/li>\n \t<li>Pane kirja lahendusviis, kuidas eesm\u00e4rgi saavutad: kus, mida t\u00e4pselt ja kellega koos tegid, millise lahendusviisi valisid.<\/li>\n \t<li>Kirjelda saavutatud tulemust (tulemus v\u00f5ib olla nii l\u00e4biviidud tegevus, osa pikemast protsessist v\u00f5i ka tegevuse tulemusena saadud kogemus).<\/li>\n<\/ol>\n\n<hr>\n\n<img loading=\"lazy\" decoding=\"async\" title=\"\" src=\"https:\/\/sisu.ut.ee\/wp-content\/uploads\/sites\/529\/motlemiseks.png\" alt=\"ylesanne\" width=\"32\" height=\"32\" data-file_info=\"%7B%22fid%22:66794,%22view_mode%22:%22default%22,%22type%22:%22media%22%7D\">\u00a0<span style=\"color: #e31c79;\"><strong>\u00dcLESANNE 3<\/strong><\/span>\n<ol>\n \t<li><span style=\"line-height: 16.8667px;\">Anal\u00fc\u00fcsi, milline oli tulemus ning millised olid p\u00f5hjused, kui muutus (igal p\u00e4eval v\u00f5i korral) ei \u00f5nnestunud?<\/span><\/li>\n \t<li><span style=\"font-size: revert; font-weight: var(--bs-body-font-weight); text-align: var(--bs-body-text-align);\">V\u00f5ttes arvesse eba\u00f5nnestumisi, p\u00fcstita j\u00e4rgmiseks perioodiks uued, t\u00e4psustatud eesm\u00e4rgid.<\/span><\/li>\n<\/ol>\n\n<hr>","protected":false},"excerpt":{"rendered":"<p>\u00dcLESANDED Enne \u00fclesannete t\u00e4itmist loe l\u00e4bi Jaan Aru soovitused aju paremaks kasutamiseks, vt \u00a0https:\/\/www.virtuaalkliinik.ee\/uudised\/2017\/12\/09\/noore-teadlase-9-soovitust-aju-paremaks-kasutamiseks. \u00a0\u00dcLESANNE 1 M\u00f5tle enda \u00f5ppimisele ja hinda, milliste \u00f5ppimise aspektidega saad v\u00e4ga h\u00e4sti hakkama, millistele v\u00f5iksid enam t\u00e4helepanu p\u00f6\u00f6rata ja mis vajaksid muutmist: keskendumine \u00fchele \u00fclesandele &#8230;<\/p>\n","protected":false},"author":263,"featured_media":0,"parent":0,"menu_order":0,"comment_status":"closed","ping_status":"closed","template":"","meta":{"_acf_changed":false,"inline_featured_image":false,"footnotes":""},"class_list":["post-8","page","type-page","status-publish","hentry"],"acf":[],"_links":{"self":[{"href":"https:\/\/sisu.ut.ee\/edujategu5\/wp-json\/wp\/v2\/pages\/8","targetHints":{"allow":["GET"]}}],"collection":[{"href":"https:\/\/sisu.ut.ee\/edujategu5\/wp-json\/wp\/v2\/pages"}],"about":[{"href":"https:\/\/sisu.ut.ee\/edujategu5\/wp-json\/wp\/v2\/types\/page"}],"author":[{"embeddable":true,"href":"https:\/\/sisu.ut.ee\/edujategu5\/wp-json\/wp\/v2\/users\/263"}],"replies":[{"embeddable":true,"href":"https:\/\/sisu.ut.ee\/edujategu5\/wp-json\/wp\/v2\/comments?post=8"}],"version-history":[{"count":3,"href":"https:\/\/sisu.ut.ee\/edujategu5\/wp-json\/wp\/v2\/pages\/8\/revisions"}],"predecessor-version":[{"id":145,"href":"https:\/\/sisu.ut.ee\/edujategu5\/wp-json\/wp\/v2\/pages\/8\/revisions\/145"}],"wp:attachment":[{"href":"https:\/\/sisu.ut.ee\/edujategu5\/wp-json\/wp\/v2\/media?parent=8"}],"curies":[{"name":"wp","href":"https:\/\/api.w.org\/{rel}","templated":true}]}}