{"id":6,"date":"2024-04-04T07:34:43","date_gmt":"2024-04-04T04:34:43","guid":{"rendered":"https:\/\/sisu.ut.ee\/edujategu5\/kuidas-ennast-ise-oppimisel-motiveerida\/"},"modified":"2024-04-19T09:22:58","modified_gmt":"2024-04-19T06:22:58","slug":"kuidas-ennast-ise-oppimisel-motiveerida","status":"publish","type":"page","link":"https:\/\/sisu.ut.ee\/edujategu5\/kuidas-ennast-ise-oppimisel-motiveerida\/","title":{"rendered":"KUIDAS ENNAST ISE \u00d5PPIMISEL MOTIVEERIDA?"},"content":{"rendered":"<h1 class=\"wp-block-heading\"><img loading=\"lazy\" decoding=\"async\" title=\"sissejuhatus_01.png\" width=\"40\" height=\"40\" class=\"alignnone wp-image-21\" src=\"https:\/\/sisu.ut.ee\/wp-content\/uploads\/sites\/507\/sissejuhatus_01.png\" alt=\"sissejuhatus\"> <span style=\"color: #28aae1;\">KUIDAS ENNAST ISE \u00d5PPIMA MOTIVEERIDA?<\/span><\/h1>\n\n\n<p>K\u00f5igepealt m\u00f5tle enda \u00f5ppimisele ning vastata j\u00e4rgnevalt toodud k\u00fcsimustele.<\/p>\n<table class=\"table table-hover\" style=\"width: 900px;\" border=\"1\" cellspacing=\"1\" cellpadding=\"1\">\n<tbody>\n<tr>\n<td>\n<div style=\"border: solidwindowtext1.0pt; padding: 1.0pt4.0pt1.0pt4.0pt;\">\n<p style=\"border: none; padding: 0cm;\"><img loading=\"lazy\" decoding=\"async\" class=\"alignnone wp-image-31\" title=\"motlemiseks.png\" src=\"https:\/\/sisu.ut.ee\/wp-content\/uploads\/sites\/529\/motlemiseks.png\" alt=\"ylesanne\" width=\"40\" height=\"40\" srcset=\"https:\/\/sisu.ut.ee\/wp-content\/uploads\/sites\/529\/motlemiseks.png 1080w, https:\/\/sisu.ut.ee\/wp-content\/uploads\/sites\/529\/motlemiseks-300x300.png 300w, https:\/\/sisu.ut.ee\/wp-content\/uploads\/sites\/529\/motlemiseks-1024x1024.png 1024w, https:\/\/sisu.ut.ee\/wp-content\/uploads\/sites\/529\/motlemiseks-150x150.png 150w, https:\/\/sisu.ut.ee\/wp-content\/uploads\/sites\/529\/motlemiseks-768x768.png 768w\" sizes=\"auto, (max-width: 40px) 100vw, 40px\">\u00a0<span lang=\"ET\">ENESEREFLEKSIOONI HARJUTUSED <\/span><\/p>\n<ol>\n<li>Kuidas Sina k\u00f5ige paremini \u00f5pid, kas \u00fcksi v\u00f5i kellegagi koos?<\/li>\n<li><span style=\"font-size: revert; font-family: inherit; font-weight: inherit; text-align: var(--bs-body-text-align);\">Kas Sa \u00f5pid materjali v\u00f5i \u00fclesandeid korraga \u00e4ra tehes, ajaliselt l\u00fchema perioodi peale v\u00e4iksemateks osadeks jagades (nt jaotatuna \u00fchele p\u00e4evale v\u00f5i mitmele erinevale p\u00e4evale) v\u00f5i pikema perioodi jooksul?<\/span><\/li>\n<li><span style=\"font-size: revert; font-family: inherit; font-weight: inherit; text-align: var(--bs-body-text-align);\">Millist \u00f5ppimise meetodit v\u00f5i meetodeid Sina \u00f5ppimisel eelistad: kuulamist (nt loeng, video), \u00f5pitavat teksti \u00fcmber kirjutamist, info \u00fcle arutlemist, lugemist, oluliste kohtade markeriga m\u00e4rgistamist, \u00a0seoste ja s\u00fcsteemide loomist (nt joonised, skeemid, tabelid), \u00f5pitavat enda s\u00f5nadega \u00fcmber s\u00f5nastades, k\u00fcsimusi esitades, \u00f5pitut teistele selgitades, infot p\u00e4he \u00f5ppides vms?<\/span><\/li>\n<li><span style=\"font-size: revert; font-family: inherit; font-weight: inherit; text-align: var(--bs-body-text-align);\">Kus Sina k\u00f5ige paremini \u00f5pid (konkreetne ruum, koht, asend; vaikuses v\u00f5i nt taustamuusikaga)?<\/span><\/li>\n<li><span style=\"font-size: revert; font-family: inherit; font-weight: inherit; text-align: var(--bs-body-text-align);\">Mis ajal Sina k\u00f5ige tulemuslikumalt \u00f5pid v\u00f5i milline aeg on Sulle \u00f5ppimiseks k\u00f5ige sobivam (pea on n\u00f6 v\u00e4rske) \u2013 hommik, l\u00f5una, \u00f5htu v\u00f5i hoopis \u00f6\u00f6?<\/span><\/li>\n<\/ol>\n<\/div>\n<\/td>\n<\/tr>\n<\/tbody>\n<\/table>\n<p>J\u00e4rgnevas peat\u00fckis kirjeldame k\u00f5igepealt l\u00e4hemalt, mis on \u00f5ppimine.<\/p>","protected":false},"excerpt":{"rendered":"<p>KUIDAS ENNAST ISE \u00d5PPIMA MOTIVEERIDA? K\u00f5igepealt m\u00f5tle enda \u00f5ppimisele ning vastata j\u00e4rgnevalt toodud k\u00fcsimustele. \u00a0ENESEREFLEKSIOONI HARJUTUSED Kuidas Sina k\u00f5ige paremini \u00f5pid, kas \u00fcksi v\u00f5i kellegagi koos? Kas Sa \u00f5pid materjali v\u00f5i \u00fclesandeid korraga \u00e4ra tehes, ajaliselt l\u00fchema perioodi peale v\u00e4iksemateks &#8230;<\/p>\n","protected":false},"author":263,"featured_media":0,"parent":0,"menu_order":0,"comment_status":"closed","ping_status":"closed","template":"","meta":{"_acf_changed":false,"inline_featured_image":false,"footnotes":""},"class_list":["post-6","page","type-page","status-publish","hentry"],"acf":[],"_links":{"self":[{"href":"https:\/\/sisu.ut.ee\/edujategu5\/wp-json\/wp\/v2\/pages\/6","targetHints":{"allow":["GET"]}}],"collection":[{"href":"https:\/\/sisu.ut.ee\/edujategu5\/wp-json\/wp\/v2\/pages"}],"about":[{"href":"https:\/\/sisu.ut.ee\/edujategu5\/wp-json\/wp\/v2\/types\/page"}],"author":[{"embeddable":true,"href":"https:\/\/sisu.ut.ee\/edujategu5\/wp-json\/wp\/v2\/users\/263"}],"replies":[{"embeddable":true,"href":"https:\/\/sisu.ut.ee\/edujategu5\/wp-json\/wp\/v2\/comments?post=6"}],"version-history":[{"count":4,"href":"https:\/\/sisu.ut.ee\/edujategu5\/wp-json\/wp\/v2\/pages\/6\/revisions"}],"predecessor-version":[{"id":126,"href":"https:\/\/sisu.ut.ee\/edujategu5\/wp-json\/wp\/v2\/pages\/6\/revisions\/126"}],"wp:attachment":[{"href":"https:\/\/sisu.ut.ee\/edujategu5\/wp-json\/wp\/v2\/media?parent=6"}],"curies":[{"name":"wp","href":"https:\/\/api.w.org\/{rel}","templated":true}]}}