{"id":25,"date":"2024-04-04T07:34:45","date_gmt":"2024-04-04T04:34:45","guid":{"rendered":"https:\/\/sisu.ut.ee\/edujategu5\/sissejuhatus-0\/"},"modified":"2024-04-19T09:07:04","modified_gmt":"2024-04-19T06:07:04","slug":"sissejuhatus-0","status":"publish","type":"page","link":"https:\/\/sisu.ut.ee\/edujategu5\/sissejuhatus-0\/","title":{"rendered":"SISSEJUHATUS"},"content":{"rendered":"<p>\n\tJ\u00e4rgnev \u00f5piobjekt on koostatud eelk\u00f5ige k\u00f5rgkooli tudengitele \u00f5ppimisega seotud motivatsiooni kujundavate, toetavate ja takistavate tegurite m\u00f5istmiseks, enda \u00f5ppimisharjumuste hindamiseks ja teadvustamiseks ning efektiivsemate \u00f5piharjumuste kujundamiseks, aga ka toimetulekuks eba\u00f5nnestumistega. \u00d5piobjekti l\u00f5pus on toodud soovitused \u00f5ppimise tulemuslikumaks muutmiseks ja \u00f5pimotivatsiooni toetamiseks ning iseseisvaks \u00f5ppimiseks.\n<\/p>\n<p>\n\t\u00d5piobjekti koostamisel on aluseks v\u00f5etud Ettev\u00f5tlusp\u00e4devuse mudel (<a data-url=\"https:\/\/xn--ettevtluspe-jfbe.ee\/ettevotluspadevuse-mudel\/\" href=\"https:\/\/xn--ettevtluspe-jfbe.ee\/ettevotluspadevuse-mudel\/\" target=\"_blank\" title=\"\" rel=\"noopener\">https:\/\/xn--ettevtluspe-jfbe.ee\/ettevotluspadevuse-mudel\/<\/a>), t\u00e4psemalt autonoomse motivatsiooni alap\u00e4devus. Kuid motivatsioon on tihedalt seotud ka teiste enesejuhtimise oskustega \u2013 uskumuste ja emotsioonidega toimetulekuga (vt rohkem\u00a0<a data-url=\"https:\/\/issuu.com\/liinapissarev\/docs\/raamdokument_web_3\/36)\" href=\"https:\/\/issuu.com\/liinapissarev\/docs\/raamdokument_web_3\/36)\" target=\"_blank\" title=\"\" rel=\"noopener\">https:\/\/issuu.com\/liinapissarev\/docs\/raamdokument_web_3\/36)<\/a>. Kuigi tegemist on eelk\u00f5ige tudengitele suunatud veebip\u00f5hise \u00f5ppematerjaliga, peaks \u00f5ppematerjal olema j\u00f5ukohane ka g\u00fcmnaasiumi\u00f5pilastele.\n<\/p>\n<p>\n\t\u00d5piobjektist leiad:\n<\/p>\n<ul>\n<li>\n\t\ttesti akadeemilise motivatsiooni hindamiseks;\n\t<\/li>\n<li>\n\t\t\u00fclevaate motivatsiooni, vajaduste ja motivatsiooni seoste, autonoomse ja meisterlikkuse motivatsiooni ning \u00f5pimotivatsiooni teemadest;\n\t<\/li>\n<li>\n\t\t\u00fclevaate \u00f5ppimise, efektiivse \u00f5ppimise ja eba\u00f5nnestumise teemadest;\n\t<\/li>\n<li>\n\t\tulesanded enda \u00f5ppimise reflekteerimiseks ja enda \u00f5piharjumuste hindamiseks;\n\t<\/li>\n<li>\n\t\tsoovitused \u00f5ppimise tulemuslikumaks muutmiseks ja \u00f5pimotivatsiooni toetamiseks.\n\t<\/li>\n<\/ul>\n<p>\n\t\u00d5piobjekti l\u00e4bimiseks kulub ligikaudu 6 tundi.\n<\/p>\n<p>\n\t\u00d5piobjekti l\u00e4bit\u00f6\u00f6tamine annab Sulle teadmised, kuidas saab efektiivselt \u00f5ppida, kuidas ennast \u00f5ppimisel ise motiveerida ning\u00a0enesehindamise\u00a0testi,\u00a0eneserefleksiooni harjutuste ja \u00f5piobjekti l\u00f5pus olevate\u00a0\u00fclesannete l\u00e4bitegemisel ka \u00fclevaate sellest, mis Sind \u00f5ppimisel motiveerib, kui t\u00f5husad on Sinu \u00f5piharjumused\u00a0ning millest v\u00f5iksid enda \u00f5ppimise efektiivsemaks muutmisel alustada.\u00a0Kui enesehindamise test on veebip\u00f5hine, siis eneserefleksiooni harjutuste ja kahe \u00fclesande tegemiseks soovitan Sul teha kas eraldi fail v\u00f5i kui eelistad paberit-pliiatsit, siis paberkandjal \u00d5pip\u00e4evik.\n<\/p>\n<p>\n\tSoovin Sulle sisukat lugemist, p\u00f5nevat eneseavastamist ning pealehakkamist motiveeritud ja efektiivse \u00f5ppimiseni j\u00f5udmiseks!\n<\/p>\n<p>\n\tJuta Jaani<\/p>\n","protected":false},"excerpt":{"rendered":"<p>J\u00e4rgnev \u00f5piobjekt on koostatud eelk\u00f5ige k\u00f5rgkooli tudengitele \u00f5ppimisega seotud motivatsiooni kujundavate, toetavate ja takistavate tegurite m\u00f5istmiseks, enda \u00f5ppimisharjumuste hindamiseks ja teadvustamiseks ning efektiivsemate \u00f5piharjumuste kujundamiseks, aga ka toimetulekuks eba\u00f5nnestumistega. \u00d5piobjekti l\u00f5pus on toodud soovitused \u00f5ppimise tulemuslikumaks muutmiseks ja \u00f5pimotivatsiooni toetamiseks &#8230;<\/p>\n","protected":false},"author":263,"featured_media":0,"parent":0,"menu_order":0,"comment_status":"closed","ping_status":"closed","template":"","meta":{"_acf_changed":false,"inline_featured_image":false,"footnotes":""},"class_list":["post-25","page","type-page","status-publish","hentry"],"acf":[],"_links":{"self":[{"href":"https:\/\/sisu.ut.ee\/edujategu5\/wp-json\/wp\/v2\/pages\/25","targetHints":{"allow":["GET"]}}],"collection":[{"href":"https:\/\/sisu.ut.ee\/edujategu5\/wp-json\/wp\/v2\/pages"}],"about":[{"href":"https:\/\/sisu.ut.ee\/edujategu5\/wp-json\/wp\/v2\/types\/page"}],"author":[{"embeddable":true,"href":"https:\/\/sisu.ut.ee\/edujategu5\/wp-json\/wp\/v2\/users\/263"}],"replies":[{"embeddable":true,"href":"https:\/\/sisu.ut.ee\/edujategu5\/wp-json\/wp\/v2\/comments?post=25"}],"version-history":[{"count":2,"href":"https:\/\/sisu.ut.ee\/edujategu5\/wp-json\/wp\/v2\/pages\/25\/revisions"}],"predecessor-version":[{"id":110,"href":"https:\/\/sisu.ut.ee\/edujategu5\/wp-json\/wp\/v2\/pages\/25\/revisions\/110"}],"wp:attachment":[{"href":"https:\/\/sisu.ut.ee\/edujategu5\/wp-json\/wp\/v2\/media?parent=25"}],"curies":[{"name":"wp","href":"https:\/\/api.w.org\/{rel}","templated":true}]}}