{"id":23,"date":"2024-04-04T07:34:45","date_gmt":"2024-04-04T04:34:45","guid":{"rendered":"https:\/\/sisu.ut.ee\/edujategu5\/ebaonnestumisest-oppimine\/"},"modified":"2024-04-19T09:33:43","modified_gmt":"2024-04-19T06:33:43","slug":"ebaonnestumisest-oppimine","status":"publish","type":"page","link":"https:\/\/sisu.ut.ee\/edujategu5\/ebaonnestumisest-oppimine\/","title":{"rendered":"Eba\u00f5nnestumisest \u00f5ppimine"},"content":{"rendered":"<h1 class=\"wp-block-heading\"><img loading=\"lazy\" decoding=\"async\" title=\"sissejuhatus_01.png\" width=\"40\" height=\"40\" class=\"alignnone wp-image-21\" src=\"https:\/\/sisu.ut.ee\/wp-content\/uploads\/sites\/507\/sissejuhatus_01.png\" alt=\"sissejuhatus\"> <span style=\"color: #28aae1;\">EBA\u00d5NNESTUMISEST \u00d5PPIMINE<\/span><\/h1>\n\nJ\u00e4rgnevalt on v\u00e4lja toodud m\u00f5tted ebaedust \u00f5ppimiskohana.\n<ul>\n \t<li>Minu kurb elukogemus on see, et teiste vigadest \u00f5ppida ei \u00f5nnestu, kuid enda omadest \u00f5nnestub k\u00fcll. (Mart Laar)<\/li>\n \t<li>Ps\u00fchholoogiliselt ei ole sellist asja nagu takistus olemas; on ainult takistus konkreetse inimese jaoks, kes \u00fcritab midagi soovitavat k\u00e4tte saada. (Abraham Maslow)<\/li>\n \t<li>Eba\u00f5nnestumine + edasiviivad j\u00e4reldused = \u00f5ppetund . Kui t\u00e4nased tuleviku-unistused Sind ei hirmuta ega eruta, siis on aeg lasta fantaasial p\u00f6\u00f6rasemalt lennata. (Harald Lepisk)<\/li>\n \t<li>Just ebaedu v\u00f5i isegi l\u00e4bikukkumine \u00f5petab sind olema tugevam, v\u00e4ltima vigu, omandama olulisi oskusi jm mis teeb sind edukaks! Peale eba\u00f5nnestumist tuleks endalt k\u00fcsida \u2013 mida ma sellest \u00f5ppisin, mida teen j\u00e4rgmisel korral teisiti? (Simon Ong)<\/li>\n<\/ul>\n<ul>\n \t<li>See et me t\u00e4na midagi ei tea, ei oska v\u00f5i ei ole selles nii s\u00e4ravad, nagu sooviksime, ei t\u00e4henda, et meist ei v\u00f5i saada keegi, kelleks me ise saada tahame. Ei ole t\u00e4htis, kui hea Sa t\u00e4na teistega v\u00f5rreldes oled, vaid kuidas kasutad \u00e4ra v\u00f5imalust areneda. (Jaan Aru)<\/li>\n \t<li>\u00d5nnestumistest ja eba\u00f5nnestumistest tuleb \u00f5ppida. Usk, et saad hakkama piisava pingutuse korral, on edasiviiv j\u00f5ud. (Arno K\u00fctt)<\/li>\n \t<li>Edu t\u00e4hendab liikumist \u00fchelt eba\u00f5nnelt teisele, kaotamata entusiasmi. (Winston Churchill)<\/li>\n<\/ul>\n<table class=\"table table-hover\" style=\"width: 900px;\" border=\"1\" cellspacing=\"1\" cellpadding=\"1\">\n<tbody>\n<tr>\n<td>\n<div style=\"border: solidwindowtext1.0pt; padding: 1.0pt4.0pt1.0pt4.0pt;\">\n<p style=\"border: none; padding: 0cm;\"><img loading=\"lazy\" decoding=\"async\" class=\"alignnone wp-image-31\" title=\"motlemiseks.png\" src=\"https:\/\/sisu.ut.ee\/wp-content\/uploads\/sites\/529\/motlemiseks.png\" alt=\"ylesanne\" width=\"40\" height=\"40\" srcset=\"https:\/\/sisu.ut.ee\/wp-content\/uploads\/sites\/529\/motlemiseks.png 1080w, https:\/\/sisu.ut.ee\/wp-content\/uploads\/sites\/529\/motlemiseks-300x300.png 300w, https:\/\/sisu.ut.ee\/wp-content\/uploads\/sites\/529\/motlemiseks-1024x1024.png 1024w, https:\/\/sisu.ut.ee\/wp-content\/uploads\/sites\/529\/motlemiseks-150x150.png 150w, https:\/\/sisu.ut.ee\/wp-content\/uploads\/sites\/529\/motlemiseks-768x768.png 768w\" sizes=\"auto, (max-width: 40px) 100vw, 40px\"> <span lang=\"ET\">ENESEREFLEKSIOONI <\/span><span lang=\"ET\">HARJUTUSED<\/span><\/p>\n\n<ol>\n \t<li>Vaata <a title=\"\" href=\"https:\/\/sisu.ut.ee\/edujategu5\/ebaonnestumine-ja-saavutusvajadus\" target=\"_blank\" rel=\"noopener\" data-url=\"https:\/\/sisu.ut.ee\/edujategu5\/ebaonnestumine-ja-saavutusvajadus\">joonist 4<\/a> ja m\u00f5tle olukorrale, kus oled t\u00f5siselt pingutanud. Kui oluline oli edu saavutamine ja kui palju Sa uskusid, et edu saavutamine on v\u00f5imalik? Kas tundsid hirmu, et v\u00f5id eba\u00f5nnestuda v\u00f5i kui suur hind oleks eba\u00f5nnestumisel olnud?<\/li>\n \t<li><span style=\"font-size: revert; font-family: inherit; font-weight: inherit; text-align: var(--bs-body-text-align);\">Millise soovituse annaksid iseendale eba\u00f5nnestumise korral?<\/span><\/li>\n<\/ol>\n<\/div><\/td>\n<\/tr>\n<\/tbody>\n<\/table>","protected":false},"excerpt":{"rendered":"<p>EBA\u00d5NNESTUMISEST \u00d5PPIMINE J\u00e4rgnevalt on v\u00e4lja toodud m\u00f5tted ebaedust \u00f5ppimiskohana. Minu kurb elukogemus on see, et teiste vigadest \u00f5ppida ei \u00f5nnestu, kuid enda omadest \u00f5nnestub k\u00fcll. (Mart Laar) Ps\u00fchholoogiliselt ei ole sellist asja nagu takistus olemas; on ainult takistus konkreetse inimese &#8230;<\/p>\n","protected":false},"author":263,"featured_media":0,"parent":0,"menu_order":0,"comment_status":"closed","ping_status":"closed","template":"","meta":{"_acf_changed":false,"inline_featured_image":false,"footnotes":""},"class_list":["post-23","page","type-page","status-publish","hentry"],"acf":[],"_links":{"self":[{"href":"https:\/\/sisu.ut.ee\/edujategu5\/wp-json\/wp\/v2\/pages\/23","targetHints":{"allow":["GET"]}}],"collection":[{"href":"https:\/\/sisu.ut.ee\/edujategu5\/wp-json\/wp\/v2\/pages"}],"about":[{"href":"https:\/\/sisu.ut.ee\/edujategu5\/wp-json\/wp\/v2\/types\/page"}],"author":[{"embeddable":true,"href":"https:\/\/sisu.ut.ee\/edujategu5\/wp-json\/wp\/v2\/users\/263"}],"replies":[{"embeddable":true,"href":"https:\/\/sisu.ut.ee\/edujategu5\/wp-json\/wp\/v2\/comments?post=23"}],"version-history":[{"count":6,"href":"https:\/\/sisu.ut.ee\/edujategu5\/wp-json\/wp\/v2\/pages\/23\/revisions"}],"predecessor-version":[{"id":140,"href":"https:\/\/sisu.ut.ee\/edujategu5\/wp-json\/wp\/v2\/pages\/23\/revisions\/140"}],"wp:attachment":[{"href":"https:\/\/sisu.ut.ee\/edujategu5\/wp-json\/wp\/v2\/media?parent=23"}],"curies":[{"name":"wp","href":"https:\/\/api.w.org\/{rel}","templated":true}]}}