{"id":22,"date":"2024-04-04T07:34:44","date_gmt":"2024-04-04T04:34:44","guid":{"rendered":"https:\/\/sisu.ut.ee\/edujategu5\/ebaonnestumine-ja-saavutusvajadus\/"},"modified":"2024-04-19T09:32:52","modified_gmt":"2024-04-19T06:32:52","slug":"ebaonnestumine-ja-saavutusvajadus","status":"publish","type":"page","link":"https:\/\/sisu.ut.ee\/edujategu5\/ebaonnestumine-ja-saavutusvajadus\/","title":{"rendered":"Eba\u00f5nnestumine ja saavutusvajadus"},"content":{"rendered":"<h1 class=\"wp-block-heading\"><img loading=\"lazy\" decoding=\"async\" title=\"sissejuhatus_01.png\" width=\"40\" height=\"40\" class=\"alignnone wp-image-21\" src=\"https:\/\/sisu.ut.ee\/wp-content\/uploads\/sites\/507\/sissejuhatus_01.png\" alt=\"sissejuhatus\"> <span style=\"color: #28aae1;\">EBA\u00d5NNESTUMINE JA SAAVUTUSVAJADUS<\/span><\/h1>\n\n\n<blockquote>\n<p><span style=\"color: #e1cd00;\"><strong><i><span lang=\"ET\">\u201cPaljud meist ei teosta oma unistusi, sest me laseme end liialt m\u00f5jutada oma hirmudest.\u201d Les Brown<\/span><\/i><\/strong><\/span><\/p>\n<hr><\/blockquote>\n<table class=\"table table-hover\" style=\"width: 900px;\" border=\"0\" cellspacing=\"1\" cellpadding=\"1\">\n<tbody>\n<tr>\n<td>\n<div style=\"border: solidwindowtext1.0pt; padding: 1.0pt4.0pt1.0pt4.0pt;\">\n<p style=\"border: none; padding: 0cm;\"><img loading=\"lazy\" decoding=\"async\" class=\"alignnone wp-image-31\" title=\"motlemiseks.png\" src=\"https:\/\/sisu.ut.ee\/wp-content\/uploads\/sites\/529\/motlemiseks.png\" alt=\"ylesanne\" width=\"40\" height=\"40\" srcset=\"https:\/\/sisu.ut.ee\/wp-content\/uploads\/sites\/529\/motlemiseks.png 1080w, https:\/\/sisu.ut.ee\/wp-content\/uploads\/sites\/529\/motlemiseks-300x300.png 300w, https:\/\/sisu.ut.ee\/wp-content\/uploads\/sites\/529\/motlemiseks-1024x1024.png 1024w, https:\/\/sisu.ut.ee\/wp-content\/uploads\/sites\/529\/motlemiseks-150x150.png 150w, https:\/\/sisu.ut.ee\/wp-content\/uploads\/sites\/529\/motlemiseks-768x768.png 768w\" sizes=\"auto, (max-width: 40px) 100vw, 40px\">\u00a0<span lang=\"ET\">ENESEREFLEKSIOONI HARJUTUS<\/span><\/p>\n<p><span lang=\"ET\">1. <\/span>Palun m\u00f5tle, mida t\u00e4hendab Sinu jaoks eba\u00f5nnestumine?<\/p>\n<\/div>\n<\/td>\n<\/tr>\n<\/tbody>\n<\/table>\n<hr>\n<p>Kas Sa oled olnud olukorras, kus oled n\u00e4inud vaeva \u00fclesande lahendamisel ning oled tulemusega ise v\u00e4ga rahul? Peale t\u00f6\u00f6 esitamist saad tagasisidet, kus \u00f5ppej\u00f5ud toob Sinu t\u00f6\u00f6s v\u00e4lja olulised puuduj\u00e4\u00e4gid ning palub Sul oma t\u00f6\u00f6 \u00fcmber teha.<\/p>\n<p><img loading=\"lazy\" decoding=\"async\" class=\"alignnone wp-image-29\" title=\"uued_moisted.png\" src=\"https:\/\/sisu.ut.ee\/wp-content\/uploads\/sites\/529\/uued_moisted.png\" alt=\"uus\" width=\"40\" height=\"40\" srcset=\"https:\/\/sisu.ut.ee\/wp-content\/uploads\/sites\/529\/uued_moisted.png 1080w, https:\/\/sisu.ut.ee\/wp-content\/uploads\/sites\/529\/uued_moisted-300x300.png 300w, https:\/\/sisu.ut.ee\/wp-content\/uploads\/sites\/529\/uued_moisted-1024x1024.png 1024w, https:\/\/sisu.ut.ee\/wp-content\/uploads\/sites\/529\/uued_moisted-150x150.png 150w, https:\/\/sisu.ut.ee\/wp-content\/uploads\/sites\/529\/uued_moisted-768x768.png 768w\" sizes=\"auto, (max-width: 40px) 100vw, 40px\">\u00a0Eba\u00f5nnestumine on seotud \u00fche konkreetse motiveeriva faktoriga \u2013 saavutusvajadusega.<\/p>\n<p>Saavutusvajaduse korral on motiveerivaks soov saavutada edu ja hirm eba\u00f5nnestumise ees (vt joonist 4) .<\/p>\n<p><img loading=\"lazy\" decoding=\"async\" width=\"1380\" height=\"453\" class=\"alignnone wp-image-38\" style=\"width: 1380px; height: 453px;\" title=\"Joonis 4. Saavutusvajadus\" src=\"https:\/\/sisu.ut.ee\/wp-content\/uploads\/sites\/529\/saavutus.png\" alt=\"saavutus\" srcset=\"https:\/\/sisu.ut.ee\/wp-content\/uploads\/sites\/529\/saavutus.png 1380w, https:\/\/sisu.ut.ee\/wp-content\/uploads\/sites\/529\/saavutus-300x98.png 300w, https:\/\/sisu.ut.ee\/wp-content\/uploads\/sites\/529\/saavutus-1024x336.png 1024w, https:\/\/sisu.ut.ee\/wp-content\/uploads\/sites\/529\/saavutus-768x252.png 768w\" sizes=\"auto, (max-width: 1380px) 100vw, 1380px\"><\/p>\n<p>Saavutusvajadus s\u00f5ltub \u00fchelt poolt edu v\u00f5imalikkusest ja teiselt poolt edule omistatavast v\u00e4\u00e4rtusest. Juhul kui edu n\u00e4hakse v\u00e4\u00e4rtuslikuna ning edu saavutamine tundub v\u00f5imalik, on ka motivatsioon pingutada k\u00f5rge. Aga juhul kui edu saavutamine ei ole v\u00e4\u00e4rtuslik v\u00f5i leitakse, et edu ei ole v\u00f5imalik saavutada (oodatakse l\u00e4bikukkumist), pingutatakse edu nimel ka v\u00e4hem. Olulised on seejuures nii edu saavutamise soov, kui ka hirm eba\u00f5nnestumise ees. Eesm\u00e4rgiks v\u00f5is olla nii edu saavutamine, kui ka ebaedu v\u00e4ltimine. S\u00f5ltuvalt saavutusvajadusest on inimeste motivatsioon ja pingutus erinev. Tajutud edu v\u00f5imalikkus omakorda on seotud kompetentsuse tajumisega. Saavutusvajadus ei ole kaasas\u00fcndinud, vaid on omandatud v\u00f5i \u00f5pitud elu jooksul ning kogetud edu ja l\u00e4bikukkumiste tulemusena.<\/p>\n<p>Kui ulesanded n\u00f5uavad j\u00f5ukohast pingutust, aga ei k\u00e4i \u00fcle j\u00f5u, v\u00f5imaldab see \u00f5ppijal optimaalselt osaleda. Kui \u00f5ppijad lahendavad \u00fclesandeid, mis eeldavad j\u00f5ukohast pingutust, s\u00e4ilib neil huvi lahendust leida ja neid motiveerib usk, et nad suudavad \u00fclesande edukalt lahendada. Samuti on oluline on, et \u00fcli\u00f5pilaste \u00f5pieesm\u00e4rgid oleksid autentsed, mitte vaid tulemuste saavutamisele suunatud eesm\u00e4rke. Autentsed v\u00f5i arengule suunatud \u00f5pieesm\u00e4rgid v\u00e4ljendavad millestki arusaamist, mingi kindla oskuse \u00f5ppimist v\u00f5i t\u00e4iendamist, samas kui tulemustele suunatud eesm\u00e4rgid v\u00e4ljendavad konkreetse hinde v\u00f5i punktide summa saavutamist, vanemate v\u00f5i kellegi teise ootustele vastamist. Tulemustele suunatud eesm\u00e4rgid tuleks \u00fcli\u00f5pilastel \u00fcmber s\u00f5nastada arengule suunatud eesm\u00e4rkideks.<\/p>\n<p>McClelland, Atkinson, Clark, ja Lowell (1958) r\u00f5hutavad, et ka p\u00fcstitatud eesm\u00e4rgid peavad olema suunatud arengule. N\u00e4iteks v\u00f5ib v\u00f5ita v\u00f5istluse ka meisterlikkuse standardi saavutamises, aga mitte kaastudengite tulemustest parem olemises. Oluline on, et eesm\u00e4rgiks oleks olla edukas v\u00f5rreldes m\u00f5ne meisterlikkuse standardiga, mitte teiste inimeste ja nende saavutustega. Inimesel v\u00f5ib sel juhul eba\u00f5nnestuda selle eesm\u00e4rgi t\u00e4itmine, kuid ta saab edasi p\u00fc\u00fcelda meisterlikkuse standardi kui saavutuseesm\u00e4rgi suunas.<\/p>\n<p>Vahel v\u00f5ib olla nii, et kuigi me soovime oma elus midagi korda saata, ei julge me ometi seda teha, sest kardame, et varem juhtunud eba\u00f5nnestumised v\u00f5ivad uuesti korduda. Selle asemel, et pidevalt m\u00f5elda eba\u00f5nnestumisele, selle hetke juurde pidevalt tagasi tulla, tasuks v\u00f5tta eba\u00f5nnestumist kasuliku \u00f5ppetunnina, millest on v\u00f5imalik targemana ja kogemuse v\u00f5rra rikkamana edasi liikuda. Eba\u00f5nnestumisest tasub kaasa v\u00f5tta j\u00e4reldused tulevikuks, kuid energia tuleks suunata eesm\u00e4rkidele, mida me saavutada soovime.<\/p>","protected":false},"excerpt":{"rendered":"<p>EBA\u00d5NNESTUMINE JA SAAVUTUSVAJADUS \u201cPaljud meist ei teosta oma unistusi, sest me laseme end liialt m\u00f5jutada oma hirmudest.\u201d Les Brown \u00a0ENESEREFLEKSIOONI HARJUTUS 1. Palun m\u00f5tle, mida t\u00e4hendab Sinu jaoks eba\u00f5nnestumine? Kas Sa oled olnud olukorras, kus oled n\u00e4inud vaeva \u00fclesande lahendamisel &#8230;<\/p>\n","protected":false},"author":263,"featured_media":0,"parent":0,"menu_order":0,"comment_status":"closed","ping_status":"closed","template":"","meta":{"_acf_changed":false,"inline_featured_image":false,"footnotes":""},"class_list":["post-22","page","type-page","status-publish","hentry"],"acf":[],"_links":{"self":[{"href":"https:\/\/sisu.ut.ee\/edujategu5\/wp-json\/wp\/v2\/pages\/22","targetHints":{"allow":["GET"]}}],"collection":[{"href":"https:\/\/sisu.ut.ee\/edujategu5\/wp-json\/wp\/v2\/pages"}],"about":[{"href":"https:\/\/sisu.ut.ee\/edujategu5\/wp-json\/wp\/v2\/types\/page"}],"author":[{"embeddable":true,"href":"https:\/\/sisu.ut.ee\/edujategu5\/wp-json\/wp\/v2\/users\/263"}],"replies":[{"embeddable":true,"href":"https:\/\/sisu.ut.ee\/edujategu5\/wp-json\/wp\/v2\/comments?post=22"}],"version-history":[{"count":4,"href":"https:\/\/sisu.ut.ee\/edujategu5\/wp-json\/wp\/v2\/pages\/22\/revisions"}],"predecessor-version":[{"id":137,"href":"https:\/\/sisu.ut.ee\/edujategu5\/wp-json\/wp\/v2\/pages\/22\/revisions\/137"}],"wp:attachment":[{"href":"https:\/\/sisu.ut.ee\/edujategu5\/wp-json\/wp\/v2\/media?parent=22"}],"curies":[{"name":"wp","href":"https:\/\/api.w.org\/{rel}","templated":true}]}}