{"id":19,"date":"2024-04-04T07:34:44","date_gmt":"2024-04-04T04:34:44","guid":{"rendered":"https:\/\/sisu.ut.ee\/edujategu5\/iseseisev-oppimine\/"},"modified":"2024-04-19T09:25:01","modified_gmt":"2024-04-19T06:25:01","slug":"iseseisev-oppimine","status":"publish","type":"page","link":"https:\/\/sisu.ut.ee\/edujategu5\/iseseisev-oppimine\/","title":{"rendered":"Iseseisev \u00f5ppimine"},"content":{"rendered":"<h1 class=\"wp-block-heading\"><img loading=\"lazy\" decoding=\"async\" title=\"sissejuhatus_01.png\" width=\"40\" height=\"40\" class=\"alignnone wp-image-21\" src=\"https:\/\/sisu.ut.ee\/wp-content\/uploads\/sites\/507\/sissejuhatus_01.png\" alt=\"sissejuhatus\"> <span style=\"color: #28aae1;\">ISESEISEV \u00d5PPIMINE<\/span><\/h1>\n\n\n<div>Osa \u00f5pingutest moodustab tudengite iseseisev ja enese poolt juhitud \u00f5ppimine \u2013iseseisvalt \u00fclesannete t\u00e4itmine, kontrollt\u00f6\u00f6deks, eksamiteks ja arvestusteks \u00f5ppimine, iseseisev lugemine. Et \u00f5ppimine oleks kasulikum, peavad tudengid \u00f5ppima oma \u00f5ppimist korraldama, nii et \u00f5ppimine valmistaks neid lisaks \u00f5pingutele ette ka v\u00e4iksema v\u00e4lise juhendamise ja surveta tulevaseks eluks.<\/div>\n<div>\u00a0<\/div>\n<div><img loading=\"lazy\" decoding=\"async\" title=\"\" src=\"https:\/\/sisu.ut.ee\/wp-content\/uploads\/sites\/529\/uued_moisted.png\" alt=\"uus\" width=\"32\" height=\"32\" data-file_info=\"%7B%22fid%22:%2266793%22,%22view_mode%22:%22default%22,%22type%22:%22media%22%7D\">\u00a0\u00dcks v\u00f5imalus enesejuhitud \u00f5ppijaks saada on kasutada neljaastmelist \u00f5ppimise ts\u00fcklit \u2013 planeerimine \u2013 \u00f5ppimine \u2013 hindamine \u2013 kohandamine. Planeerimise etapis on kaks elementi: eesm\u00e4rgi s\u00f5nastamine ja motivatsioon teadmiste ja oskuste omandamiseks. \u00d5ppimise ja hindamise etapis on kasulik tutvuda \u00f5ppimise stiilide ja strateegiatega ning spetsiifiliste \u00f5ppimise meetoditega, millele j\u00e4rgneb eneserefleksioon ja omandatu kontrollimine. Kohandamise etapis hinnatakse tulemusi ja tehakse muudatusi.<\/div>","protected":false},"excerpt":{"rendered":"<p>ISESEISEV \u00d5PPIMINE Osa \u00f5pingutest moodustab tudengite iseseisev ja enese poolt juhitud \u00f5ppimine \u2013iseseisvalt \u00fclesannete t\u00e4itmine, kontrollt\u00f6\u00f6deks, eksamiteks ja arvestusteks \u00f5ppimine, iseseisev lugemine. Et \u00f5ppimine oleks kasulikum, peavad tudengid \u00f5ppima oma \u00f5ppimist korraldama, nii et \u00f5ppimine valmistaks neid lisaks \u00f5pingutele ette &#8230;<\/p>\n","protected":false},"author":263,"featured_media":0,"parent":0,"menu_order":0,"comment_status":"closed","ping_status":"closed","template":"","meta":{"_acf_changed":false,"inline_featured_image":false,"footnotes":""},"class_list":["post-19","page","type-page","status-publish","hentry"],"acf":[],"_links":{"self":[{"href":"https:\/\/sisu.ut.ee\/edujategu5\/wp-json\/wp\/v2\/pages\/19","targetHints":{"allow":["GET"]}}],"collection":[{"href":"https:\/\/sisu.ut.ee\/edujategu5\/wp-json\/wp\/v2\/pages"}],"about":[{"href":"https:\/\/sisu.ut.ee\/edujategu5\/wp-json\/wp\/v2\/types\/page"}],"author":[{"embeddable":true,"href":"https:\/\/sisu.ut.ee\/edujategu5\/wp-json\/wp\/v2\/users\/263"}],"replies":[{"embeddable":true,"href":"https:\/\/sisu.ut.ee\/edujategu5\/wp-json\/wp\/v2\/comments?post=19"}],"version-history":[{"count":3,"href":"https:\/\/sisu.ut.ee\/edujategu5\/wp-json\/wp\/v2\/pages\/19\/revisions"}],"predecessor-version":[{"id":129,"href":"https:\/\/sisu.ut.ee\/edujategu5\/wp-json\/wp\/v2\/pages\/19\/revisions\/129"}],"wp:attachment":[{"href":"https:\/\/sisu.ut.ee\/edujategu5\/wp-json\/wp\/v2\/media?parent=19"}],"curies":[{"name":"wp","href":"https:\/\/api.w.org\/{rel}","templated":true}]}}