{"id":9,"date":"2024-04-04T07:34:20","date_gmt":"2024-04-04T04:34:20","guid":{"rendered":"https:\/\/sisu.ut.ee\/edujategu4\/4-hinnakujundus\/"},"modified":"2024-04-17T16:06:27","modified_gmt":"2024-04-17T13:06:27","slug":"4-hinnakujundus","status":"publish","type":"page","link":"https:\/\/sisu.ut.ee\/edujategu4\/4-hinnakujundus\/","title":{"rendered":"4. HINNAKUJUNDUS"},"content":{"rendered":"<h1 class=\"wp-block-heading\"><img loading=\"lazy\" decoding=\"async\" title=\"sissejuhatus_01.png\" width=\"40\" height=\"40\" class=\"alignnone wp-image-21\" src=\"https:\/\/sisu.ut.ee\/wp-content\/uploads\/sites\/507\/sissejuhatus_01.png\" alt=\"sissejuhatus\"> <span style=\"color: #28aae1;\">HINNAKUJUNDUS<\/span><\/h1>\n\n<p>\n\t<img loading=\"lazy\" decoding=\"async\" alt=\"uus\" data-file_info=\"%7B%22fid%22:65947,%22view_mode%22:%22default%22,%22type%22:%22media%22%7D\" height=\"32\" src=\"https:\/\/sisu.ut.ee\/wp-content\/uploads\/sites\/528\/uued_moisted.png\" title=\"\" width=\"32\">\u00a0<span lang=\"ET\"><span style=\"background:white\"><span style=\"line-height:107%\"><span style=\",serif\"><strong><span style=\"color:#e1cd00\">Hinnakujundus <\/span><\/strong>on keeruline v\u00e4ljakutse, kuna liiga madala hinnaga j\u00e4\u00e4b ettev\u00f5te kahjumisse, liialt k\u00f5rge hinnaga ei osta klient tooteid v\u00f5i ei tarbi teenuseid, tuues taas kaasa kahjumi. Oma tootele v\u00f5i teenusele tuleb leida optimaalne hind, mis v\u00f5tab arvesse nii konkurentsihindu, ostjate v\u00f5imalikku reaktsiooni hindadele kui ka hinnamuutuse m\u00f5ju ettev\u00f5ttele. <\/span><\/span><\/span><\/span>\n<\/p>\n<p style=\"margin-left: 80px\">\n\t<img loading=\"lazy\" decoding=\"async\" width=\"1118\" height=\"446\" class=\"alignnone wp-image-47\" style=\"width: 747px;height: 298px\" src=\"https:\/\/sisu.ut.ee\/wp-content\/uploads\/sites\/528\/joonis3_01.png\" title=\"Joonis 4. Hinnaootuse m\u00f5jurid\" alt=\"joonis_21\" srcset=\"https:\/\/sisu.ut.ee\/wp-content\/uploads\/sites\/528\/joonis3_01.png 1118w, https:\/\/sisu.ut.ee\/wp-content\/uploads\/sites\/528\/joonis3_01-300x120.png 300w, https:\/\/sisu.ut.ee\/wp-content\/uploads\/sites\/528\/joonis3_01-1024x409.png 1024w, https:\/\/sisu.ut.ee\/wp-content\/uploads\/sites\/528\/joonis3_01-768x306.png 768w\" sizes=\"auto, (max-width: 1118px) 100vw, 1118px\">\n<\/p>\n<p>\n\t<span lang=\"ET\"><span style=\"line-height:107%\"><span style=\",serif\">Hinnakujundus m\u00f5jutavad mitmed ettev\u00f5ttesisesed tegurid nagu ettev\u00f5tte enda strateegia ja eesm\u00e4rgid, tootmiskulud, kasumiootus, laoseis ja turupositsioon. Lisaks ettev\u00f5ttesisestele teguritele m\u00f5jutavad hinnakujundust ka ettev\u00f5ttev\u00e4lised tegurid nagu n\u00f5udlus ja selle m\u00f5jutatud hooajalisusest v\u00f5i hinnaelastsusest, kliendid ja nende v\u00e4\u00e4rtustaju, konkurents, turunduskanalid v\u00f5i \u00f5iguslikud regulatsioonid. Hinnakujundust m\u00f5jutavatest teguritest on k\u00f5ige olulisem v\u00e4line tegur n\u00f5udlus. M\u00fc\u00fcdav kogus s\u00f5ltub n\u00f5udlusest ja n\u00f5udluse \u00fcks m\u00f5jutajatest on hind. <\/span><\/span><\/span>\n<\/p>\n<p>\n\t<img loading=\"lazy\" decoding=\"async\" alt=\"uus\" data-file_info=\"%7B%22fid%22:65947,%22view_mode%22:%22default%22,%22type%22:%22media%22%7D\" height=\"32\" src=\"https:\/\/sisu.ut.ee\/wp-content\/uploads\/sites\/528\/uued_moisted.png\" title=\"\" width=\"32\"><span style=\"color:#e1cd00\">\u00a0<b><span lang=\"ET\"><span style=\"line-height:107%\">4.1 Hinnakujundusmeetodid<\/span><\/span><\/b><\/span>\n<\/p>\n<p>\n\t<span style=\"color:#e1cd00\"><img loading=\"lazy\" decoding=\"async\" alt=\"uus\" data-file_info=\"%7B%22fid%22:65947,%22view_mode%22:%22default%22,%22type%22:%22media%22%7D\" height=\"32\" src=\"https:\/\/sisu.ut.ee\/wp-content\/uploads\/sites\/528\/uued_moisted.png\" title=\"\" width=\"32\">\u00a0<b><span lang=\"ET\"><span style=\"line-height:107%\">Kulukeskne hinnakujundus<\/span><\/span><\/b><\/span>\n<\/p>\n<p>\n\t<span lang=\"ET\"><span style=\"line-height:107%\"><span style=\",serif\">L\u00e4htumine toote omahinnast ehk m\u00fc\u00fcgihinna kujundamiseks arvutatakse v\u00e4lja toote\/teenuse omahind.<\/span><\/span><\/span>\n<\/p>\n<p style=\"margin-left: 80px\">\n\t<img loading=\"lazy\" decoding=\"async\" width=\"1085\" height=\"538\" class=\"alignnone wp-image-48\" style=\"width: 637px;height: 316px\" src=\"https:\/\/sisu.ut.ee\/wp-content\/uploads\/sites\/528\/hinnakujundus.png\" title=\"Joonis 5. Kulukeskne hinnakujundus\" alt=\"hinnakujundus\" srcset=\"https:\/\/sisu.ut.ee\/wp-content\/uploads\/sites\/528\/hinnakujundus.png 1085w, https:\/\/sisu.ut.ee\/wp-content\/uploads\/sites\/528\/hinnakujundus-300x149.png 300w, https:\/\/sisu.ut.ee\/wp-content\/uploads\/sites\/528\/hinnakujundus-1024x508.png 1024w, https:\/\/sisu.ut.ee\/wp-content\/uploads\/sites\/528\/hinnakujundus-768x381.png 768w\" sizes=\"auto, (max-width: 1085px) 100vw, 1085px\">\n<\/p>\n<p>\n\t<span lang=\"ET\"><span style=\"background:white\"><span style=\"line-height:107%\"><span style=\",serif\">Kulup\u00f5hise hinnakujunduse puhul arvutatakse hinda kas alushinnameetodil, juurdehindlusmeetodil v\u00f5i kasumil\u00e4ve meetodil.<\/span><\/span><\/span><\/span>\n<\/p>\n<p style=\"text-align:justify\">\n\t<span lang=\"ET\"><span style=\"background:white\"><span style=\"line-height:107%\"><span style=\",serif\">Alushinnameetodil arvutatakse minimaalne hind, et saada minimaalne kasumiprotsent v\u00f5i tagasi teenida investeeringutele tehtud kulutused. <\/span><\/span><\/span><\/span>\n<\/p>\n<p style=\"text-align:justify\">\n\t<span lang=\"ET\"><span style=\"background:white\"><span style=\"line-height:107%\"><span style=\",serif\">Alushinna arvutamise valem on j\u00e4rgmine:<\/span><\/span><\/span><\/span>\n<\/p>\n<p style=\"text-align:justify\">\n\t<img loading=\"lazy\" decoding=\"async\" alt=\"uus\" data-file_info=\"%7B%22fid%22:65947,%22view_mode%22:%22default%22,%22type%22:%22media%22%7D\" height=\"32\" src=\"https:\/\/sisu.ut.ee\/wp-content\/uploads\/sites\/528\/uued_moisted.png\" title=\"\" width=\"32\">\u00a0<span lang=\"ET\"><span style=\"background:white\"><span style=\"line-height:107%\"><span style=\",serif\">HIND=(KOGUS x \u00dcHIKUKULU + P\u00dcSIKULU)\/ (KOGUS x (1- KASUMIPROTSENT)<\/span><\/span><\/span><\/span>\n<\/p>\n<p>\n\t<span lang=\"ET\"><span style=\"background:white\"><span style=\"line-height:107%\"><span style=\",serif\">Juurdehindlusmeetodil lisatakse omahinnale kindel juurdehindlusprotsent v\u00f5i summa:<\/span><\/span><\/span><\/span>\n<\/p>\n<p style=\"text-align:justify\">\n\t<img loading=\"lazy\" decoding=\"async\" alt=\"uus\" data-file_info=\"%7B%22fid%22:65947,%22view_mode%22:%22default%22,%22type%22:%22media%22%7D\" height=\"32\" src=\"https:\/\/sisu.ut.ee\/wp-content\/uploads\/sites\/528\/uued_moisted.png\" title=\"\" width=\"32\">\u00a0<span lang=\"ET\"><span style=\"background:white\"><span style=\"line-height:107%\"><span style=\",serif\">HIND = OMAHIND + (1 + JUURDEHINDLUSPROTSENT)<\/span><\/span><\/span><\/span>\n<\/p>\n<p style=\"text-align:justify\">\n\t<img loading=\"lazy\" decoding=\"async\" alt=\"uus\" data-file_info=\"%7B%22fid%22:65947,%22view_mode%22:%22default%22,%22type%22:%22media%22%7D\" height=\"32\" src=\"https:\/\/sisu.ut.ee\/wp-content\/uploads\/sites\/528\/uued_moisted.png\" title=\"\" width=\"32\">\u00a0<span lang=\"ET\"><span style=\"background:white\"><span style=\"line-height:107%\"><span style=\",serif\">HIND = OMAHIND + JUURDEHINDLUSSUMMA<\/span><\/span><\/span><\/span>\n<\/p>\n<p style=\"text-align:justify\">\n\t<span lang=\"ET\"><span style=\"background:white\"><span style=\"line-height:107%\"><span style=\",serif\">Kasumil\u00e4ve meetodil leitakse toote\u00fchiku hind, mis vastaks planeeritud m\u00fc\u00fcgimahu juures suuvitud kasumile<\/span><\/span><\/span><\/span>\n<\/p>\n<p style=\"text-align:justify\">\n\t<img loading=\"lazy\" decoding=\"async\" alt=\"uus\" data-file_info=\"%7B%22fid%22:65947,%22view_mode%22:%22default%22,%22type%22:%22media%22%7D\" height=\"32\" src=\"https:\/\/sisu.ut.ee\/wp-content\/uploads\/sites\/528\/uued_moisted.png\" title=\"\" width=\"32\">\u00a0<span lang=\"ET\"><span style=\"background:white\"><span style=\"line-height:107%\"><span style=\",serif\">HIND = (P\u00dcSIKULUD + MUUTUVKULUDD \u00dcHE \u00dcHIKU KOHTA x KOGUS)\/ KOGUS<\/span><\/span><\/span><\/span>\n<\/p>\n<p style=\"text-align:justify\">\n\t<span lang=\"ET\"><span style=\"background:white\"><span style=\"line-height:107%\"><span style=\",serif\">Kulukeskne hinnakujundust kasutatakse valdkondades, kus on v\u00e4ga suur konkurents ja v\u00e4hene eristumine. Kulukeskse hinnakujunduse puuduseks on turun\u00f5udluse ja konkurentsi arvesse v\u00f5tmata j\u00e4tmine. <\/span><\/span><\/span><\/span><span lang=\"ET\"><span style=\"line-height:107%\"><span style=\",serif\">N\u00e4iteks on kulukeskne hinnakujundusmeetod on sobilik toiduainet\u00f6\u00f6stuses, v\u00e4iksemates pagari\u00e4rides ja kohvikutes jm.<\/span><\/span><\/span><span lang=\"ET\"><span style=\"line-height:107%\"><span style=\",serif\"> <\/span><\/span><\/span>\n<\/p>\n<hr>\n<p>\n\t<span style=\"color:#e1cd00\"><img loading=\"lazy\" decoding=\"async\" alt=\"uus\" data-file_info=\"%7B%22fid%22:65947,%22view_mode%22:%22default%22,%22type%22:%22media%22%7D\" height=\"32\" src=\"https:\/\/sisu.ut.ee\/wp-content\/uploads\/sites\/528\/uued_moisted.png\" title=\"\" width=\"32\">\u00a0<b><span lang=\"ET\"><span style=\"line-height:107%\">N\u00f5udluskeskne hinnakujundus<\/span><\/span><\/b><\/span>\n<\/p>\n<p>\n\t<span lang=\"ET\"><span style=\"line-height:107%\"><span style=\",serif\">N\u00f5udlusele orienteeritud hinnakujundust iseloomustab reageerimine muutustele sihtturul ja kohanemist turu muutustega.<\/span><\/span><\/span>\n<\/p>\n<p>\n\t<span lang=\"ET\"><span style=\"line-height:107%\"><span style=\",serif\">N\u00f5udlusel p\u00f5hineva hinnakujunduse reeglid:<\/span><\/span><\/span>\n<\/p>\n<ul style=\"margin-left: 40px\">\n<li style=\"margin-bottom:6.0pt\">\n\t\t<span lang=\"ET\"><span style=\"line-height:107%\"><span style=\",serif\">Hinda v\u00f5ib t\u00f5sta, kui sellest tulenev m\u00fc\u00fcgikoguste v\u00e4henemine on suhteliselt v\u00e4iksem kui k\u00e4ibe juurdekasv <\/span><\/span><\/span>\n\t<\/li>\n<\/ul>\n<p style=\"margin-bottom:6.0pt\">\n\t<span lang=\"ET\"><span style=\"line-height:107%\"><span style=\",serif\">\u00a0\u00a0\u00a0\u00a0\u00a0\u00a0\u00a0\u00a0\u00a0\u00a0\u00a0 <i>(k\u00f5rgem hind \u2013 suurem kasum)<\/i>;<\/span><\/span><\/span>\n<\/p>\n<ul style=\"margin-left: 40px\">\n<li style=\"margin-bottom:6.0pt\">\n\t\t<span lang=\"ET\"><span style=\"line-height:107%\"><span style=\",serif\">Hinda v\u00f5ib langetada, kui sellest tulenev m\u00fc\u00fcgikoguste suurenemine kompenseerib kasumi v\u00e4henemise toote\u00fchikult <\/span><\/span><\/span>\n\t<\/li>\n<\/ul>\n<p style=\"margin-bottom: 6pt;margin-left: 40px\">\n\t<i><span lang=\"ET\"><span style=\"line-height:107%\"><span style=\",serif\">(madalam hind \u2013 suurem kasum).<\/span><\/span><\/span><\/i>\n<\/p>\n<p>\n\t<span lang=\"ET\"><span style=\"line-height:107%\"><span style=\",serif\">N\u00f5udluskeskse hinnakujunduse puhul l\u00e4htutakse emotsionaalsest v\u00e4\u00e4rtusest, mille tarbija tootele v\u00f5i teenusele omistab.<\/span><\/span><\/span><span lang=\"ET\"><span style=\"line-height:107%\"><span style=\",serif\"> <\/span><\/span><\/span>\n<\/p>\n<hr>\n<p>\n\t<img loading=\"lazy\" decoding=\"async\" alt=\"uus\" data-file_info=\"%7B%22fid%22:65947,%22view_mode%22:%22default%22,%22type%22:%22media%22%7D\" height=\"32\" src=\"https:\/\/sisu.ut.ee\/wp-content\/uploads\/sites\/528\/uued_moisted.png\" title=\"\" width=\"32\"><span style=\"color:#e1cd00\">\u00a0<b><span lang=\"ET\"><span style=\"line-height:107%\">Konkurentsikeskne hinnakujundus<\/span><\/span><\/b><\/span>\n<\/p>\n<p>\n\t<span lang=\"ET\"><span style=\"line-height:107%\"><span style=\",serif\">Konkurentsile orienteeritud hinnakujundusel l\u00e4htutakse konkurentide samalaadsete toodete\u00a0 v\u00f5i teenuste hindadest. See t\u00e4hendab lihtsustatult seda, et ettev\u00f5te m\u00e4\u00e4rab oma hinna vastavalt oma otseste konkurentide hinnatasemele. Samas on tootel ja\/v\u00f5i teenusel on turuhind, mis m\u00e4\u00e4rab hinna lae. Siinkohal tuleb silmas pidada reeglip\u00e4ra, et mida k\u00f5rgem konkurents, seda olulisem on kujunenud turuhind.<\/span><\/span><\/span>\n<\/p>\n<p>\n\t<span lang=\"ET\"><span style=\"line-height:107%\"><span style=\",serif\">Kasutusel on kaks peamist hinnakujundusmeetodit:<\/span><\/span><\/span>\n<\/p>\n<ul style=\"margin-left: 40px\">\n<li>\n\t\t<b><span lang=\"ET\"><span style=\"line-height:107%\"><span style=\",serif\">Turuhinnameetod<\/span><\/span><\/span><\/b><span lang=\"ET\"><span style=\"line-height:107%\"><span style=\",serif\">, mille puhul m\u00e4\u00e4ratakse hind kas konkurentide hinnast k\u00f5rgem (juhul kui toote v\u00e4\u00e4rtuspakkumises on ainulaadsust), konkurentide hinnast madalam (juhul kui toote kvaliteet on madalam) v\u00f5i konkurentide omaga samal tasemel (standardse toote puhul);<\/span><\/span><\/span>\n\t<\/li>\n<li>\n\t\t<b><span lang=\"ET\"><span style=\"line-height:107%\"><span style=\",serif\">Pakkumishinnameetodit <\/span><\/span><\/span><\/b><span lang=\"ET\"><span style=\"line-height:107%\"><span style=\",serif\">kasutatakse hinnapakkumiste ja hangete v\u00f5itmiseks.<\/span><\/span><\/span>\n\t<\/li>\n<\/ul>\n<p>\n\t<span lang=\"ET\"><span style=\"line-height:107%\"><span style=\",serif\">Konkurentsikeskse hinnakujunduse korral tuleb teha anal\u00fc\u00fcs, pidades silmas:<\/span><\/span><\/span>\n<\/p>\n<ul style=\"margin-left: 40px\">\n<li>\n\t\t<span lang=\"ET\"><span style=\"line-height:107%\"><span style=\",serif\">toote osat\u00e4htsus m\u00fc\u00fcgikoguses;<\/span><\/span><\/span>\n\t<\/li>\n<li>\n\t\t<span lang=\"ET\"><span style=\"line-height:107%\"><span style=\",serif\">konkurentide prognoositavaid kavatsusi ja v\u00f5imalusi;<\/span><\/span><\/span>\n\t<\/li>\n<li>\n\t\t<span lang=\"ET\"><span style=\"line-height:107%\"><span style=\",serif\">hinnamuutuste kestvust;<\/span><\/span><\/span>\n\t<\/li>\n<li>\n\t\t<span lang=\"ET\"><span style=\"line-height:107%\"><span style=\",serif\">tarbijate eeldatavaid arvamusi.<\/span><\/span><\/span>\n\t<\/li>\n<\/ul>\n<p>\n\t<span lang=\"ET\"><span style=\"line-height:107%\"><span style=\",serif\">Konkurentsip\u00f5hist hinnakujundust kasutavad n\u00e4iteks toidupoed, mobiilsideteenuse pakkujad, kinod jne.<\/span><\/span><\/span>\n<\/p>\n<hr>\n<p>\n\t<img loading=\"lazy\" decoding=\"async\" alt=\"uus\" data-file_info=\"%7B%22fid%22:65947,%22view_mode%22:%22default%22,%22type%22:%22media%22%7D\" height=\"32\" src=\"https:\/\/sisu.ut.ee\/wp-content\/uploads\/sites\/528\/uued_moisted.png\" title=\"\" width=\"32\"><span style=\"color:#e1cd00\">\u00a0<b><span lang=\"ET\"><span style=\"line-height:107%\">Hinnameetodi valik<\/span><\/span><\/b><\/span>\n<\/p>\n<p>\n\t<span lang=\"ET\"><span style=\"line-height:107%\"><span style=\",serif\">Hinnakujunduse peamised osad on tootmiskulud, konkurentide hinnad ja tarbijate v\u00e4\u00e4rtustaju.<\/span><\/span><\/span>\n<\/p>\n<p>\n\t<span lang=\"ET\"><span style=\"line-height:107%\"><span style=\",serif\">Hinna alampiiri moodustavad tootmiskulu, kuna see peab katma k\u00e4ik kulud ja andma ettev\u00f5ttele planeeritud tulu.<\/span><\/span><\/span>\n<\/p>\n<p>\n\t<span lang=\"ET\"><span style=\"line-height:107%\"><span style=\",serif\">Hinna \u00fclempiiri m\u00e4\u00e4rab tarbijate v\u00e4\u00e4rtustaju.<\/span><\/span><\/span>\n<\/p>\n<p>\n\t<img loading=\"lazy\" decoding=\"async\" width=\"1365\" height=\"159\" class=\"alignnone wp-image-45\" style=\"width: 820px;height: 96px\" src=\"https:\/\/sisu.ut.ee\/wp-content\/uploads\/sites\/528\/joonis6.png\" title=\"Joonis 6. Tarbijate v\u00e4\u00e4rtustaju\" alt=\"joonis6\" srcset=\"https:\/\/sisu.ut.ee\/wp-content\/uploads\/sites\/528\/joonis6.png 1365w, https:\/\/sisu.ut.ee\/wp-content\/uploads\/sites\/528\/joonis6-300x35.png 300w, https:\/\/sisu.ut.ee\/wp-content\/uploads\/sites\/528\/joonis6-1024x119.png 1024w, https:\/\/sisu.ut.ee\/wp-content\/uploads\/sites\/528\/joonis6-768x89.png 768w\" sizes=\"auto, (max-width: 1365px) 100vw, 1365px\">\n<\/p>\n<p>\n\t<span lang=\"ET\"><span style=\"line-height:107%\"><span style=\",serif\">Praktilises t\u00f6\u00f6s saab aga teataval m\u00e4\u00e4ral erinevaid hinnakujundusmeetodeid kombineerida. N\u00e4iteks saab Taskur O\u00dc oma hinnakujunduses v\u00f5tta aluseks kulukeskse hinnakujunduse, lisada siia juurde n\u00f5udlusest tuleneva v\u00e4\u00e4rtustaju ja sellest tulenevalt ootuse k\u00f5rgemale kasumimarginaalile. L\u00f5puks tuleb kontrollida seda konkurentsikesksele hinnakujundusele omaselt konkurentsihindadega, veendudes, et hind ei oleks liialt k\u00f5rge.<\/span><\/span><\/span>\n<\/p>\n<p style=\"margin-left: 200px\">\n\t<br><img loading=\"lazy\" decoding=\"async\" width=\"675\" height=\"672\" class=\"alignnone wp-image-46\" style=\"width: 459px;height: 457px\" src=\"https:\/\/sisu.ut.ee\/wp-content\/uploads\/sites\/528\/joonis7.png\" title=\"Joonis 7. Toote m\u00fc\u00fcgihinna m\u00f5jurid\" alt=\"joonis7\" srcset=\"https:\/\/sisu.ut.ee\/wp-content\/uploads\/sites\/528\/joonis7.png 675w, https:\/\/sisu.ut.ee\/wp-content\/uploads\/sites\/528\/joonis7-300x300.png 300w, https:\/\/sisu.ut.ee\/wp-content\/uploads\/sites\/528\/joonis7-150x150.png 150w\" sizes=\"auto, (max-width: 675px) 100vw, 675px\">\n<\/p>\n<p>\n\t<span lang=\"ET\"><span style=\"line-height:107%\"><span style=\",serif\">Toodetele m\u00e4\u00e4ratud m\u00fc\u00fcgihind s\u00f5ltub muutuv- ja p\u00fcsikuludest, investeeringute finantseerimiskuludest, amortisatsioonist, soovitud kasumiosast ja k\u00e4ibemaksust. Seega peavad k\u00f5ik ettev\u00f5tluse k\u00e4igus tekkivad kulud ja soovitud kasumiosa olema kajastatud toote v\u00f5i teenuse m\u00fc\u00fcgihinnas. <\/span><\/span><\/span>\n<\/p>\n<p>\n\t<span lang=\"ET\"><span style=\"line-height:107%\"><span style=\",serif\">Toote omahind on aga \u00fche toote tootmise kulu, mis leitakse, jagades tootmiskulu toodete arvuga. \u00dcldine valem toote omahinna arvutamiseks on j\u00e4rgmine:<\/span><\/span><\/span>\n<\/p>\n<p>\n\t<img loading=\"lazy\" decoding=\"async\" alt=\"uus\" data-file_info=\"%7B%22fid%22:65947,%22view_mode%22:%22default%22,%22type%22:%22media%22%7D\" height=\"32\" src=\"https:\/\/sisu.ut.ee\/wp-content\/uploads\/sites\/528\/uued_moisted.png\" title=\"\" width=\"32\">\u00a0<b><span lang=\"ET\"><span style=\"line-height:107%\"><span style=\",serif\">TOOTE OMAHIND=(MUUTUVAD TOOTMISKULUD + P\u00dcSIVAD TOOTMISKULUD)\/TOODETUD TOODETE ARV<\/span><\/span><\/span><\/b>\n<\/p>\n<hr>\n<p>\n\t<img loading=\"lazy\" decoding=\"async\" alt=\"test\" data-file_info=\"%7B%22fid%22:65955,%22view_mode%22:%22default%22,%22type%22:%22media%22%7D\" height=\"32\" src=\"https:\/\/sisu.ut.ee\/wp-content\/uploads\/sites\/528\/test.png\" title=\"\" width=\"32\"><strong>\u00a0<span style=\"color:#e31c79\">\u00dclesanne 4.1<\/span><\/strong>\n<\/p>\n<p>\n\n\n<\/p><div class=\"h5p-iframe-wrapper\"><div class=\"video-placeholder-wrapper video-placeholder-wrapper--fixed\" style=\"height: 366px;\">\n\t\t\t    <div class=\"video-placeholder d-flex justify-content-center align-items-center\">\n\t\t\t        <div class=\"overlay text-white p-2 w-100 text-center d-block justify-content-center align-items-center\">\n\t\t\t            <div>Kolmandate osapoolte sisu n\u00e4gemiseks palun n\u00f5ustu k\u00fcpsistega.<\/div>\n\t\t\t            <button class=\"btn btn-secondary btn-sm mt-1 consent-change\">Muuda n\u00f5usolekut<\/button>\n\t\t\t        <\/div>\n\t\t\t    <\/div>\n\t\t\t<\/div>\n<\/div>\n\n\n<hr>\n<p style=\"text-align: right;\">\u00a0<\/p>","protected":false},"excerpt":{"rendered":"<p>HINNAKUJUNDUS \u00a0Hinnakujundus on keeruline v\u00e4ljakutse, kuna liiga madala hinnaga j\u00e4\u00e4b ettev\u00f5te kahjumisse, liialt k\u00f5rge hinnaga ei osta klient tooteid v\u00f5i ei tarbi teenuseid, tuues taas kaasa kahjumi. Oma tootele v\u00f5i teenusele tuleb leida optimaalne hind, mis v\u00f5tab arvesse nii konkurentsihindu, &#8230;<\/p>\n","protected":false},"author":263,"featured_media":0,"parent":0,"menu_order":0,"comment_status":"closed","ping_status":"closed","template":"","meta":{"_acf_changed":false,"inline_featured_image":false,"footnotes":""},"class_list":["post-9","page","type-page","status-publish","hentry"],"acf":[],"_links":{"self":[{"href":"https:\/\/sisu.ut.ee\/edujategu4\/wp-json\/wp\/v2\/pages\/9","targetHints":{"allow":["GET"]}}],"collection":[{"href":"https:\/\/sisu.ut.ee\/edujategu4\/wp-json\/wp\/v2\/pages"}],"about":[{"href":"https:\/\/sisu.ut.ee\/edujategu4\/wp-json\/wp\/v2\/types\/page"}],"author":[{"embeddable":true,"href":"https:\/\/sisu.ut.ee\/edujategu4\/wp-json\/wp\/v2\/users\/263"}],"replies":[{"embeddable":true,"href":"https:\/\/sisu.ut.ee\/edujategu4\/wp-json\/wp\/v2\/comments?post=9"}],"version-history":[{"count":6,"href":"https:\/\/sisu.ut.ee\/edujategu4\/wp-json\/wp\/v2\/pages\/9\/revisions"}],"predecessor-version":[{"id":197,"href":"https:\/\/sisu.ut.ee\/edujategu4\/wp-json\/wp\/v2\/pages\/9\/revisions\/197"}],"wp:attachment":[{"href":"https:\/\/sisu.ut.ee\/edujategu4\/wp-json\/wp\/v2\/media?parent=9"}],"curies":[{"name":"wp","href":"https:\/\/api.w.org\/{rel}","templated":true}]}}