{"id":7,"date":"2024-04-04T07:34:19","date_gmt":"2024-04-04T04:34:19","guid":{"rendered":"https:\/\/sisu.ut.ee\/edujategu4\/kulud\/"},"modified":"2024-04-17T16:15:22","modified_gmt":"2024-04-17T13:15:22","slug":"kulud","status":"publish","type":"page","link":"https:\/\/sisu.ut.ee\/edujategu4\/kulud\/","title":{"rendered":"KULUD"},"content":{"rendered":"<p>\u00a0<\/p>\n<p>\u00c4riidee elluviimine toob kaasa erinevaid kulutusi. Varasemalt on k\u00e4sitletud k\u00e4ivituskulude teket. Ettev\u00f5tlusega kaasnevate kulude struktuuri k\u00e4sitleb joonis 3.<\/p>\n<p>\u00a0<\/p>\n<p style=\"margin-left: 80px;\"><img loading=\"lazy\" decoding=\"async\" width=\"1194\" height=\"642\" class=\"alignnone wp-image-40\" style=\"width: 753px; height: 405px;\" title=\"Joonis 3. Ettev\u00f5tluskulude struktuur\" src=\"https:\/\/sisu.ut.ee\/wp-content\/uploads\/sites\/528\/screenshot_2021-11-30_at_07.07.37.png\" alt=\"joonis3\" srcset=\"https:\/\/sisu.ut.ee\/wp-content\/uploads\/sites\/528\/screenshot_2021-11-30_at_07.07.37.png 1194w, https:\/\/sisu.ut.ee\/wp-content\/uploads\/sites\/528\/screenshot_2021-11-30_at_07.07.37-300x161.png 300w, https:\/\/sisu.ut.ee\/wp-content\/uploads\/sites\/528\/screenshot_2021-11-30_at_07.07.37-1024x551.png 1024w, https:\/\/sisu.ut.ee\/wp-content\/uploads\/sites\/528\/screenshot_2021-11-30_at_07.07.37-768x413.png 768w\" sizes=\"auto, (max-width: 1194px) 100vw, 1194px\"><\/p>\n<hr>\n<p><strong><img loading=\"lazy\" decoding=\"async\" class=\"alignnone wp-image-30\" title=\"uued_moisted.png\" src=\"https:\/\/sisu.ut.ee\/wp-content\/uploads\/sites\/528\/uued_moisted.png\" alt=\"uus\" width=\"40\" height=\"40\" srcset=\"https:\/\/sisu.ut.ee\/wp-content\/uploads\/sites\/528\/uued_moisted.png 1080w, https:\/\/sisu.ut.ee\/wp-content\/uploads\/sites\/528\/uued_moisted-300x300.png 300w, https:\/\/sisu.ut.ee\/wp-content\/uploads\/sites\/528\/uued_moisted-1024x1024.png 1024w, https:\/\/sisu.ut.ee\/wp-content\/uploads\/sites\/528\/uued_moisted-150x150.png 150w, https:\/\/sisu.ut.ee\/wp-content\/uploads\/sites\/528\/uued_moisted-768x768.png 768w\" sizes=\"auto, (max-width: 40px) 100vw, 40px\"><span style=\"color: #e1cd00;\">\u00a0Investeeringud<\/span><\/strong><\/p>\n<p style=\"text-align: justify;\"><b><span lang=\"ET\"><span style=\"background: white;\"><span style=\"line-height: 107%;\"><span style=\"color: #333333;\">Investeering<\/span><\/span><\/span><\/span><\/b><span lang=\"ET\"><span style=\"background: white;\"><span style=\"line-height: 107%;\"><span style=\"color: #333333;\"> on kasu saamise eesm\u00e4rgil tehtud (eelk\u00f5ige) pikaajaline kapitalimahutus varadesse v\u00f5i \u00f5igustesse. Majanduslikus m\u00f5ttes v\u00f5ib investeeringut k\u00e4sitada selliste kaupade v\u00f5i \u00f5iguste ostmisena, mida ei tarbita \u00e4ra, vaid mida kasutatakse tulevikus rikkuse kasvatamiseks (vt. lisaks <\/span><\/span><\/span><\/span><a href=\"https:\/\/www.rahandus.ee\/et\/investeerimine\"><span style=\"background: white;\"><span style=\"line-height: 107%;\">https:\/\/www.rahandus.ee\/et\/investeerimine<\/span><\/span><\/a><span lang=\"ET\"><span style=\"background: white;\"><span style=\"line-height: 107%;\"><span style=\"color: #333333;\">). <\/span><\/span><\/span><\/span><span lang=\"ET\"><span style=\"line-height: 107%;\">Lihtsustatult on investeerimine rahaliste vahendite paigaldamine eesm\u00e4rgiga teenida tulu investeeringu v\u00e4\u00e4rtuse kasvust v\u00f5i regulaarsetest v\u00e4ljamaksetest.<\/span><\/span><\/p>\n<p><b><span lang=\"ET\"><span style=\"line-height: 107%;\">Otsesed ehk reaalinvesteeringud<\/span><\/span><\/b><span lang=\"ET\"><span style=\"line-height: 107%;\"> on investeeringud on rahapaigutused reaalsesse varasse nt. kinnisvara, tootmisseadmed jm. <\/span><\/span><\/p>\n<p><b><span lang=\"ET\"><span style=\"line-height: 107%;\">Kaudsed ehk finantsinvesteeringud<\/span><\/span><\/b><span lang=\"ET\"><span style=\"line-height: 107%;\"> on rahapaigutused finantsvaradesse ehk v\u00e4\u00e4rtpaberitesse. <\/span><\/span><\/p>\n<hr>\n<p><strong><img loading=\"lazy\" decoding=\"async\" class=\"alignnone wp-image-33\" title=\"test.png\" src=\"https:\/\/sisu.ut.ee\/wp-content\/uploads\/sites\/528\/test.png\" alt=\"test\" width=\"40\" height=\"40\" srcset=\"https:\/\/sisu.ut.ee\/wp-content\/uploads\/sites\/528\/test.png 1080w, https:\/\/sisu.ut.ee\/wp-content\/uploads\/sites\/528\/test-300x300.png 300w, https:\/\/sisu.ut.ee\/wp-content\/uploads\/sites\/528\/test-1024x1024.png 1024w, https:\/\/sisu.ut.ee\/wp-content\/uploads\/sites\/528\/test-150x150.png 150w, https:\/\/sisu.ut.ee\/wp-content\/uploads\/sites\/528\/test-768x768.png 768w\" sizes=\"auto, (max-width: 40px) 100vw, 40px\">\u00a0<span style=\"color: #e31c79;\">\u00dclesanne 3.1<\/span><\/strong><\/p>\n<p>\u00a0<\/p>\n\n\n<div class=\"h5p-iframe-wrapper\"><div class=\"video-placeholder-wrapper video-placeholder-wrapper--fixed\" style=\"height: 366px;\">\n\t\t\t    <div class=\"video-placeholder d-flex justify-content-center align-items-center\">\n\t\t\t        <div class=\"overlay text-white p-2 w-100 text-center d-block justify-content-center align-items-center\">\n\t\t\t            <div>Kolmandate osapoolte sisu n\u00e4gemiseks palun n\u00f5ustu k\u00fcpsistega.<\/div>\n\t\t\t            <button class=\"btn btn-secondary btn-sm mt-1 consent-change\">Muuda n\u00f5usolekut<\/button>\n\t\t\t        <\/div>\n\t\t\t    <\/div>\n\t\t\t<\/div>\n<\/div>\n\n\n<hr>\n<p><img loading=\"lazy\" decoding=\"async\" title=\"\" src=\"https:\/\/sisu.ut.ee\/wp-content\/uploads\/sites\/528\/ulesanne.png\" alt=\"ylesanne\" width=\"32\" height=\"32\" data-file_info=\"%7B%22fid%22:65948,%22view_mode%22:%22default%22,%22type%22:%22media%22%7D\"><strong><span style=\"color: #e31c79;\">\u00a0<\/span><a title=\"\" href=\"https:\/\/sisu.ut.ee\/edujategu4\/n%C3%A4idisjuhtumi-4-osa\" data-url=\"https:\/\/sisu.ut.ee\/edujategu4\/n%C3%A4idisjuhtumi-4-osa\"><span style=\"color: #e31c79;\">Vaata naidisjuhtumi 4. osa ja lahenda harjutus\u00fclesanne!<\/span><\/a><\/strong><\/p>\n<hr>\n<p><img loading=\"lazy\" decoding=\"async\" class=\"alignnone wp-image-30\" title=\"uued_moisted.png\" src=\"https:\/\/sisu.ut.ee\/wp-content\/uploads\/sites\/528\/uued_moisted.png\" alt=\"uus\" width=\"40\" height=\"40\" srcset=\"https:\/\/sisu.ut.ee\/wp-content\/uploads\/sites\/528\/uued_moisted.png 1080w, https:\/\/sisu.ut.ee\/wp-content\/uploads\/sites\/528\/uued_moisted-300x300.png 300w, https:\/\/sisu.ut.ee\/wp-content\/uploads\/sites\/528\/uued_moisted-1024x1024.png 1024w, https:\/\/sisu.ut.ee\/wp-content\/uploads\/sites\/528\/uued_moisted-150x150.png 150w, https:\/\/sisu.ut.ee\/wp-content\/uploads\/sites\/528\/uued_moisted-768x768.png 768w\" sizes=\"auto, (max-width: 40px) 100vw, 40px\">\u00a0<strong><span style=\"color: #e1cd00;\">Tegevuskulud<\/span><\/strong><\/p>\n<p><span lang=\"ET\"><span style=\"line-height: 107%;\">Tegevuskulud jagunevad:<\/span><\/span><\/p>\n<ul style=\"margin-left: 40px;\">\n<li><span lang=\"ET\"><span style=\"line-height: 107%;\">muutuvkulud, ja<\/span><\/span><\/li>\n<li><span lang=\"ET\"><span style=\"line-height: 107%;\">p\u00fcsikulud.<\/span><\/span><\/li>\n<\/ul>\n<p><img loading=\"lazy\" decoding=\"async\" class=\"alignnone wp-image-30\" title=\"uued_moisted.png\" src=\"https:\/\/sisu.ut.ee\/wp-content\/uploads\/sites\/528\/uued_moisted.png\" alt=\"uus\" width=\"40\" height=\"40\" srcset=\"https:\/\/sisu.ut.ee\/wp-content\/uploads\/sites\/528\/uued_moisted.png 1080w, https:\/\/sisu.ut.ee\/wp-content\/uploads\/sites\/528\/uued_moisted-300x300.png 300w, https:\/\/sisu.ut.ee\/wp-content\/uploads\/sites\/528\/uued_moisted-1024x1024.png 1024w, https:\/\/sisu.ut.ee\/wp-content\/uploads\/sites\/528\/uued_moisted-150x150.png 150w, https:\/\/sisu.ut.ee\/wp-content\/uploads\/sites\/528\/uued_moisted-768x768.png 768w\" sizes=\"auto, (max-width: 40px) 100vw, 40px\"><span style=\"color: #e1cd00;\">\u00a0<b><span lang=\"ET\"><span style=\"line-height: 107%;\">3.1 Muutuvkulu <\/span><\/span><\/b><span lang=\"ET\"><span style=\"line-height: 107%;\">on ettev\u00f5tte kulu, mis s\u00f5ltub otseselt toodangu mahust.\u00a0<\/span><\/span><\/span><\/p>\n<p><span lang=\"ET\"><span style=\"line-height: 107%;\">Muutuvkulu on n\u00e4iteks tootmisettev\u00f5ttes:<\/span><\/span><\/p>\n<ul>\n<li><span lang=\"ET\"><span style=\"line-height: 107%;\">T\u00f6\u00f6liste palgakulu;<\/span><\/span><\/li>\n<li><span lang=\"ET\"><span style=\"line-height: 107%;\">P\u00f5himaterjalid;<\/span><\/span><\/li>\n<li><span lang=\"ET\"><span style=\"line-height: 107%;\">Turunduskulu;<\/span><\/span><\/li>\n<li><span lang=\"ET\"><span style=\"line-height: 107%;\">Tehnoloogiline k\u00fctus, energia ja gaas;<\/span><\/span><\/li>\n<li><span lang=\"ET\"><span style=\"line-height: 107%;\">Transpordikulu kauba transportimiseks;<\/span><\/span><\/li>\n<li><span lang=\"ET\"><span style=\"line-height: 107%;\">Pakendamiskulud;<\/span><\/span><\/li>\n<li><span lang=\"ET\"><span style=\"line-height: 107%;\">Vahendustasu;<\/span><\/span><\/li>\n<li><span lang=\"ET\"><span style=\"line-height: 107%;\">Litsentsitasu, frantsiis.<\/span><\/span><\/li>\n<\/ul>\n<hr>\n<p><strong><img loading=\"lazy\" decoding=\"async\" title=\"\" src=\"https:\/\/sisu.ut.ee\/wp-content\/uploads\/sites\/528\/ulesanne.png\" alt=\"ylesanne\" width=\"32\" height=\"32\" data-file_info=\"%7B%22fid%22:65948,%22view_mode%22:%22default%22,%22type%22:%22media%22%7D\"><span style=\"color: #e31c79;\">\u00a0<\/span><a title=\"\" href=\"https:\/\/sisu.ut.ee\/edujategu4\/n%C3%A4idisjuhtumi-5-osa\" data-url=\"https:\/\/sisu.ut.ee\/edujategu4\/n%C3%A4idisjuhtumi-5-osa\"><span style=\"color: #e31c79;\">Vaata naidisjuhtumi 5. osa<\/span><\/a><\/strong><\/p>\n<hr>\n<p><span style=\"color: #e1cd00;\"><img loading=\"lazy\" decoding=\"async\" class=\"alignnone wp-image-30\" title=\"uued_moisted.png\" src=\"https:\/\/sisu.ut.ee\/wp-content\/uploads\/sites\/528\/uued_moisted.png\" alt=\"uus\" width=\"40\" height=\"40\" srcset=\"https:\/\/sisu.ut.ee\/wp-content\/uploads\/sites\/528\/uued_moisted.png 1080w, https:\/\/sisu.ut.ee\/wp-content\/uploads\/sites\/528\/uued_moisted-300x300.png 300w, https:\/\/sisu.ut.ee\/wp-content\/uploads\/sites\/528\/uued_moisted-1024x1024.png 1024w, https:\/\/sisu.ut.ee\/wp-content\/uploads\/sites\/528\/uued_moisted-150x150.png 150w, https:\/\/sisu.ut.ee\/wp-content\/uploads\/sites\/528\/uued_moisted-768x768.png 768w\" sizes=\"auto, (max-width: 40px) 100vw, 40px\">\u00a0<b><span lang=\"ET\"><span style=\"line-height: 107%;\">3.2 P\u00fcsikulu <\/span><\/span><\/b><\/span><span lang=\"ET\"><span style=\"line-height: 107%;\"><span style=\"color: #e1cd00;\">suurus ei s\u00f5ltu toodetud ja m\u00fc\u00fcdud toodangu kogusest. Neid on vaja teatavas summas, olenemata sellest, kas ettev\u00f5te \u00fcldse midagi toodab v\u00f5i mitte.<\/span> <\/span><\/span><\/p>\n<p><span lang=\"ET\"><span style=\"line-height: 107%;\">P\u00fcsikuludeks on:<\/span><\/span><\/p>\n<ul style=\"margin-left: 40px;\">\n<li><span lang=\"ET\"><span style=\"line-height: 107%;\">juhtkonna t\u00f6\u00f6tasu;<\/span><\/span><\/li>\n<li><span lang=\"ET\"><span style=\"line-height: 107%;\">amortisatsioon;<\/span><\/span><\/li>\n<li><span lang=\"ET\"><span style=\"line-height: 107%;\">kindlustusmaksed;<\/span><\/span><\/li>\n<li><span lang=\"ET\"><span style=\"line-height: 107%;\">regulaarsed reklaamikulud;<\/span><\/span><\/li>\n<li><span lang=\"ET\"><span style=\"line-height: 107%;\">omandimaksud;<\/span><\/span><\/li>\n<li><span lang=\"ET\"><span style=\"line-height: 107%;\">rendikulud.<\/span><\/span><\/li>\n<li><span lang=\"ET\"><span style=\"line-height: 107%;\">Investeeringud \u2013 hooned, masinad ja sisseseade, patendid ja teised \u00f5igused, ettev\u00f5tte v\u00e4\u00e4rtus;<\/span><\/span><\/li>\n<li><span lang=\"ET\"><span style=\"line-height: 107%;\">Personalikulud \u2013 palgad (sh. omaniku palk), sotsiaalkindlustus, sotsiaalmaks, kingitused t\u00f6\u00f6tajatele ja partneritele, lisatasud, reisikulude kompenseerimine (s\u00f5idukompensatsioon, l\u00e4hetustasud), v\u00e4lja\u00f5ppe- ja koolituskulud;<\/span><\/span><\/li>\n<li><span lang=\"ET\"><span style=\"line-height: 107%;\">Tootmine ja haldamine \u2013 \u00fc\u00fcr ja rent, ruumide remont, liising, k\u00fctus ja energia, v\u00e4ikevahendid, lisamaterjalid, kontoritarbed, seadmete remont, raamatupidamine, kommunikatsioonid, liikmemaksud, ettev\u00f5tte auto kulud;<\/span><\/span><\/li>\n<li><span lang=\"ET\"><span style=\"line-height: 107%;\">Laenuintressid;<\/span><\/span><\/li>\n<li><span lang=\"ET\"><span style=\"line-height: 107%;\">Pankade teeninduskulud.<\/span><\/span><\/li>\n<\/ul>\n<hr>\n<p style=\"text-align: justify;\"><strong><img loading=\"lazy\" decoding=\"async\" title=\"\" src=\"https:\/\/sisu.ut.ee\/wp-content\/uploads\/sites\/528\/ulesanne.png\" alt=\"ylesanne\" width=\"32\" height=\"32\" data-file_info=\"%7B%22fid%22:65948,%22view_mode%22:%22default%22,%22type%22:%22media%22%7D\"><span style=\"color: #e31c79;\">\u00a0<\/span><a title=\"\" href=\"https:\/\/sisu.ut.ee\/edujategu4\/n%C3%A4idisjuhtumi-6-osa\" data-url=\"https:\/\/sisu.ut.ee\/edujategu4\/n%C3%A4idisjuhtumi-6-osa\"><span style=\"color: #e31c79;\">Vaata naidisjuhtumi 6. osa<\/span><\/a><\/strong><\/p>\n<hr>\n<p style=\"text-align: justify;\"><img loading=\"lazy\" decoding=\"async\" class=\"alignnone wp-image-30\" title=\"uued_moisted.png\" src=\"https:\/\/sisu.ut.ee\/wp-content\/uploads\/sites\/528\/uued_moisted.png\" alt=\"uus\" width=\"40\" height=\"40\" srcset=\"https:\/\/sisu.ut.ee\/wp-content\/uploads\/sites\/528\/uued_moisted.png 1080w, https:\/\/sisu.ut.ee\/wp-content\/uploads\/sites\/528\/uued_moisted-300x300.png 300w, https:\/\/sisu.ut.ee\/wp-content\/uploads\/sites\/528\/uued_moisted-1024x1024.png 1024w, https:\/\/sisu.ut.ee\/wp-content\/uploads\/sites\/528\/uued_moisted-150x150.png 150w, https:\/\/sisu.ut.ee\/wp-content\/uploads\/sites\/528\/uued_moisted-768x768.png 768w\" sizes=\"auto, (max-width: 40px) 100vw, 40px\"><span style=\"color: #e1cd00;\">\u00a0<b><i><span lang=\"ET\"><span style=\"line-height: 107%;\">Olulised valemid<\/span><\/span><\/i><\/b><\/span><\/p>\n<p style=\"text-align: justify;\"><b><i><span lang=\"ET\"><span style=\"line-height: 107%;\">KOGUKULUD= P\u00dcSIKULUD + MUUTUVKULUD<\/span><\/span><\/i><\/b><\/p>\n<p style=\"text-align: justify;\"><b><i><span lang=\"ET\"><span style=\"line-height: 107%;\">V\u00f5ttes arvesse aga asjaolu, et muutuvkulud on s\u00f5ltuvuses toodetava kogusega, siis<\/span><\/span><\/i><\/b><\/p>\n<p style=\"text-align: justify;\"><b><i><span lang=\"ET\"><span style=\"line-height: 107%;\">KOGUKULUD = P\u00dcSIKULUD + MUUTUVKULUD TOOTELE <\/span><\/span><\/i><\/b><b><i><span lang=\"ET\"><span style=\"line-height: 107%;\">X<\/span><\/span><\/i><\/b><b><i><span lang=\"ET\"><span style=\"line-height: 107%;\"> KOGUS<\/span><\/span><\/i><\/b><\/p>\n<hr>\n<p style=\"text-align: justify;\"><img loading=\"lazy\" decoding=\"async\" class=\"alignnone wp-image-33\" title=\"test.png\" src=\"https:\/\/sisu.ut.ee\/wp-content\/uploads\/sites\/528\/test.png\" alt=\"test\" width=\"40\" height=\"40\" srcset=\"https:\/\/sisu.ut.ee\/wp-content\/uploads\/sites\/528\/test.png 1080w, https:\/\/sisu.ut.ee\/wp-content\/uploads\/sites\/528\/test-300x300.png 300w, https:\/\/sisu.ut.ee\/wp-content\/uploads\/sites\/528\/test-1024x1024.png 1024w, https:\/\/sisu.ut.ee\/wp-content\/uploads\/sites\/528\/test-150x150.png 150w, https:\/\/sisu.ut.ee\/wp-content\/uploads\/sites\/528\/test-768x768.png 768w\" sizes=\"auto, (max-width: 40px) 100vw, 40px\"><strong>\u00a0<span style=\"color: #e31c79;\">\u00dclesanne 3.2<\/span><\/strong><\/p>\n<p style=\"text-align: justify;\">\u00a0<\/p>\n\n\n<div class=\"h5p-iframe-wrapper\"><div class=\"video-placeholder-wrapper video-placeholder-wrapper--fixed\" style=\"height: 366px;\">\n\t\t\t    <div class=\"video-placeholder d-flex justify-content-center align-items-center\">\n\t\t\t        <div class=\"overlay text-white p-2 w-100 text-center d-block justify-content-center align-items-center\">\n\t\t\t            <div>Kolmandate osapoolte sisu n\u00e4gemiseks palun n\u00f5ustu k\u00fcpsistega.<\/div>\n\t\t\t            <button class=\"btn btn-secondary btn-sm mt-1 consent-change\">Muuda n\u00f5usolekut<\/button>\n\t\t\t        <\/div>\n\t\t\t    <\/div>\n\t\t\t<\/div>\n<\/div>\n\n\n\n<hr>\n<p style=\"text-align:justify\">\n\t\u00a0\n<\/p>\n<p style=\"text-align: right\">\n\t<span style=\"font-size:11px\"><a data-url=\"https:\/\/sisu.ut.ee\/edujategu4\/ettev%C3%B5tte-k%C3%A4ivitus-ja-tegevusperiood\" href=\"https:\/\/sisu.ut.ee\/edujategu4\/ettev%C3%B5tte-k%C3%A4ivitus-ja-tegevusperiood\" title=\"\">EELMINE<\/a>\/\/<a data-url=\"https:\/\/sisu.ut.ee\/edujategu4\/4-hinnakujundus\" href=\"https:\/\/sisu.ut.ee\/edujategu4\/4-hinnakujundus\" title=\"\">J\u00c4RGMINE<\/a><\/span>\n<\/p>","protected":false},"excerpt":{"rendered":"<p>\u00a0 \u00c4riidee elluviimine toob kaasa erinevaid kulutusi. Varasemalt on k\u00e4sitletud k\u00e4ivituskulude teket. Ettev\u00f5tlusega kaasnevate kulude struktuuri k\u00e4sitleb joonis 3. \u00a0 \u00a0Investeeringud Investeering on kasu saamise eesm\u00e4rgil tehtud (eelk\u00f5ige) pikaajaline kapitalimahutus varadesse v\u00f5i \u00f5igustesse. Majanduslikus m\u00f5ttes v\u00f5ib investeeringut k\u00e4sitada selliste kaupade &#8230;<\/p>\n","protected":false},"author":263,"featured_media":0,"parent":0,"menu_order":0,"comment_status":"closed","ping_status":"closed","template":"","meta":{"_acf_changed":false,"inline_featured_image":false,"footnotes":""},"class_list":["post-7","page","type-page","status-publish","hentry"],"acf":[],"_links":{"self":[{"href":"https:\/\/sisu.ut.ee\/edujategu4\/wp-json\/wp\/v2\/pages\/7","targetHints":{"allow":["GET"]}}],"collection":[{"href":"https:\/\/sisu.ut.ee\/edujategu4\/wp-json\/wp\/v2\/pages"}],"about":[{"href":"https:\/\/sisu.ut.ee\/edujategu4\/wp-json\/wp\/v2\/types\/page"}],"author":[{"embeddable":true,"href":"https:\/\/sisu.ut.ee\/edujategu4\/wp-json\/wp\/v2\/users\/263"}],"replies":[{"embeddable":true,"href":"https:\/\/sisu.ut.ee\/edujategu4\/wp-json\/wp\/v2\/comments?post=7"}],"version-history":[{"count":7,"href":"https:\/\/sisu.ut.ee\/edujategu4\/wp-json\/wp\/v2\/pages\/7\/revisions"}],"predecessor-version":[{"id":200,"href":"https:\/\/sisu.ut.ee\/edujategu4\/wp-json\/wp\/v2\/pages\/7\/revisions\/200"}],"wp:attachment":[{"href":"https:\/\/sisu.ut.ee\/edujategu4\/wp-json\/wp\/v2\/media?parent=7"}],"curies":[{"name":"wp","href":"https:\/\/api.w.org\/{rel}","templated":true}]}}