{"id":6,"date":"2024-04-04T07:34:19","date_gmt":"2024-04-04T04:34:19","guid":{"rendered":"https:\/\/sisu.ut.ee\/edujategu4\/naidisjuhtum\/"},"modified":"2024-04-17T15:36:02","modified_gmt":"2024-04-17T12:36:02","slug":"naidisjuhtum","status":"publish","type":"page","link":"https:\/\/sisu.ut.ee\/edujategu4\/naidisjuhtum\/","title":{"rendered":"N\u00e4idisjuhtumi 1. osa"},"content":{"rendered":"<h2><img loading=\"lazy\" decoding=\"async\" class=\"alignnone wp-image-31\" title=\"ulesanne.png\" src=\"https:\/\/sisu.ut.ee\/wp-content\/uploads\/sites\/528\/ulesanne.png\" alt=\"ylesanne\" width=\"40\" height=\"40\" srcset=\"https:\/\/sisu.ut.ee\/wp-content\/uploads\/sites\/528\/ulesanne.png 1080w, https:\/\/sisu.ut.ee\/wp-content\/uploads\/sites\/528\/ulesanne-300x300.png 300w, https:\/\/sisu.ut.ee\/wp-content\/uploads\/sites\/528\/ulesanne-1024x1024.png 1024w, https:\/\/sisu.ut.ee\/wp-content\/uploads\/sites\/528\/ulesanne-150x150.png 150w, https:\/\/sisu.ut.ee\/wp-content\/uploads\/sites\/528\/ulesanne-768x768.png 768w\" sizes=\"auto, (max-width: 40px) 100vw, 40px\"><strong>\u00a0<span style=\"color: #e31c79;\">N\u00e4idisjuhtumi 1. osa<\/span><\/strong><\/h2>\n<p>Taskur O\u00dc on alustav ettev\u00f5tte, mille on asutanud disainer Karl, turundusspetsialist Mari ja konstruktor-modelleerija Mark. Nad planeerivad rajada ettev\u00f5tte, mille toodeteks on erineva disaini ja funktsionaalsusega s\u00fclearvutitaskud n\u00f5udlikule kliendile.<\/p>\n<p>Ettev\u00f5tte k\u00e4ivitamisel on planeeritud luua ja sisustada v\u00e4ikene \u00f5mblust\u00f6\u00f6koda, kus valmivad nii disainid kui ka kotid. Disainimise ja \u00f5mblust\u00f6\u00f6 eest vastutavad Karl ja Mark. Turundus- ja m\u00fc\u00fcgitegevus j\u00e4\u00e4b Mari korraldada ning esmaseks m\u00fc\u00fcgikohaks on planeeritud ettev\u00f5tte veebipood, hiljem ka kontoritarvete poed.<\/p>\n<p>K\u00e4ivitamisperioodil on vajalikud tegevused j\u00e4rgmised:<\/p>\n<ul style=\"margin-left: 40px;\">\n<li>\u00e4riplaani koostamine koos aja- ja tegevuskavaga ning eelarvega;<\/li>\n<li>esmase turu-uuringu koostamine turun\u00f5udluse kindlaks tegemiseks;<\/li>\n<li>aja- ja tegevuskava koostamine, kus on planeeritud vajalikud tegevused ja vahendid, nende ajaline j\u00e4rjestus, kestus ning nendega kaasnevad kulud;<\/li>\n<li>kapitalivajaduse kaardistamine: rent, seadmed (arvuti, vajadusel \u00f5mblusmasinad, \u00e4\u00e4ristajad, tikkimismasinad jne), m\u00f6\u00f6bel (laud, toolid), kontoritehnika (printer, telefonid jm) ja muud v\u00e4ikevahendid;<\/li>\n<li>materjalid: kangas, kinnitusvahendid, niidid, logoga m\u00e4rgid ja sildid, hooldusjuhised);<\/li>\n<li>muud kulud.<\/li>\n<\/ul>\n<hr>\n<p><span style=\"font-size: 14px;\"><strong>Tabel 1.<\/strong> Taskur O\u00dc k\u00e4ivituskulud<\/span><\/p>\n<table class=\"table table-hover\" border=\"1\">\n<tbody>\n<tr>\n<td>\n<table class=\"table table-hover\" style=\"width: 1000px;\" border=\"1\" align=\"center\">\n<tbody>\n<tr>\n<td><\/td>\n<td><span style=\"font-size: 14px;\"><strong>Kogus<\/strong><\/span><\/td>\n<td><span style=\"font-size: 14px;\"><strong>Jaanuar <\/strong><\/span>\n<p><span style=\"font-size: 14px;\"><strong>2022<\/strong><\/span><\/p><\/td>\n<td><span style=\"font-size: 14px;\"><strong>Veebruar <\/strong><\/span>\n<p><span style=\"font-size: 14px;\"><strong>2022<\/strong><\/span><\/p><\/td>\n<td><span style=\"font-size: 14px;\"><strong>M\u00e4rts <\/strong><\/span>\n<p><span style=\"font-size: 14px;\"><strong>2022<\/strong><\/span><\/p><\/td>\n<td><span style=\"font-size: 14px;\"><strong>Kokku<\/strong><\/span><\/td>\n<\/tr>\n<tr>\n<td><span style=\"font-size: 14px;\">Ruumide rent<\/span>\n<p><span style=\"font-size: 14px;\">(jaanuaris tasutakse 3 kuu rent ettemaksuna)<\/span><\/p><\/td>\n<td><span style=\"font-size: 14px;\">5<\/span><\/td>\n<td><span style=\"font-size: 14px;\">1800<\/span><\/td>\n<td><span style=\"font-size: 14px;\">600<\/span><\/td>\n<td><span style=\"font-size: 14px;\">600<\/span><\/td>\n<td><span style=\"font-size: 14px;\"><strong>3000<\/strong><\/span><\/td>\n<\/tr>\n<tr>\n<td><span style=\"font-size: 14px;\">\u00d5mblusmasinad<\/span><\/td>\n<td><span style=\"font-size: 14px;\">2<\/span><\/td>\n<td><span style=\"font-size: 14px;\">850<\/span><\/td>\n<td><span style=\"font-size: 14px;\">850<\/span><\/td>\n<td><\/td>\n<td><span style=\"font-size: 14px;\"><strong>1700<\/strong><\/span><\/td>\n<\/tr>\n<tr>\n<td><span style=\"font-size: 14px;\">Overlock<\/span><\/td>\n<td><span style=\"font-size: 14px;\">1<\/span><\/td>\n<td><span style=\"font-size: 14px;\">1350<\/span><\/td>\n<td><\/td>\n<td><\/td>\n<td><span style=\"font-size: 14px;\"><strong>1350<\/strong><\/span><\/td>\n<\/tr>\n<tr>\n<td><span style=\"font-size: 14px;\">V\u00e4ikeseadmed (trukkide k\u00e4sipressid, triikrauad jm)<\/span><\/td>\n<td><span style=\"font-size: 14px;\">Kmpl<\/span><\/td>\n<td><span style=\"font-size: 14px;\">250<\/span><\/td>\n<td><span style=\"font-size: 14px;\">400<\/span><\/td>\n<td><span style=\"font-size: 14px;\">150<\/span><\/td>\n<td><span style=\"font-size: 14px;\"><strong>800<\/strong><\/span><\/td>\n<\/tr>\n<tr>\n<td><span style=\"font-size: 14px;\">T\u00f6\u00f6toolid<\/span><\/td>\n<td><span style=\"font-size: 14px;\">2<\/span><\/td>\n<td><span style=\"font-size: 14px;\">350<\/span><\/td>\n<td><\/td>\n<td><\/td>\n<td><span style=\"font-size: 14px;\"><strong>350<\/strong><\/span><\/td>\n<\/tr>\n<tr>\n<td><span style=\"font-size: 14px;\">T\u00f6\u00f6koja m\u00f6\u00f6bel (riiulid, laud, triiklaud)<\/span><\/td>\n<td><span style=\"font-size: 14px;\">Kmpl<\/span><\/td>\n<td><span style=\"font-size: 14px;\">800<\/span><\/td>\n<td><span style=\"font-size: 14px;\">400<\/span><\/td>\n<td><span style=\"font-size: 14px;\">300<\/span><\/td>\n<td><span style=\"font-size: 14px;\"><strong>1500<\/strong><\/span><\/td>\n<\/tr>\n<tr>\n<td><span style=\"font-size: 14px;\">Kontorim\u00f6\u00f6bel (laud, tool, 2 klienditooli, riiul, sahtliboks, printerilaud)<\/span><\/td>\n<td><span style=\"font-size: 14px;\">Kmpl<\/span><\/td>\n<td><span style=\"font-size: 14px;\">200<\/span><\/td>\n<td><span style=\"font-size: 14px;\">450<\/span><\/td>\n<td><span style=\"font-size: 14px;\">350<\/span><\/td>\n<td><span style=\"font-size: 14px;\"><strong>1000<\/strong><\/span><\/td>\n<\/tr>\n<tr>\n<td><span style=\"font-size: 14px;\">V\u00e4ikevahendid (n\u00f5elad jm)<\/span><\/td>\n<td><span style=\"font-size: 14px;\">Kmpl<\/span><\/td>\n<td><span style=\"font-size: 14px;\">150<\/span><\/td>\n<td><span style=\"font-size: 14px;\">100<\/span><\/td>\n<td><span style=\"font-size: 14px;\">250<\/span><\/td>\n<td><span style=\"font-size: 14px;\"><strong>500<\/strong><\/span><\/td>\n<\/tr>\n<tr>\n<td><span style=\"font-size: 14px;\">Materjalid (kangas, trukid, takjapael, n\u00f6\u00f6bid, logom\u00e4rgid jm)<\/span><\/td>\n<td><span style=\"font-size: 14px;\">Kmpl<\/span><\/td>\n<td><span style=\"font-size: 14px;\">500<\/span><\/td>\n<td><span style=\"font-size: 14px;\">750<\/span><\/td>\n<td><\/td>\n<td><span style=\"font-size: 14px;\"><strong>1250<\/strong><\/span><\/td>\n<\/tr>\n<tr>\n<td><span style=\"font-size: 14px;\">Printer, telefon<\/span><\/td>\n<td><span style=\"font-size: 14px;\">2<\/span><\/td>\n<td><span style=\"font-size: 14px;\">400<\/span><\/td>\n<td><span style=\"font-size: 14px;\">150<\/span><\/td>\n<td><\/td>\n<td><span style=\"font-size: 14px;\"><strong>550<\/strong><\/span><\/td>\n<\/tr>\n<tr>\n<td><span style=\"font-size: 14px;\">Arvuti koos tarkvaraga<\/span><\/td>\n<td><span style=\"font-size: 14px;\">1<\/span><\/td>\n<td><span style=\"font-size: 14px;\">1250<\/span><\/td>\n<td><\/td>\n<td><\/td>\n<td><span style=\"font-size: 14px;\"><strong>1250<\/strong><\/span><\/td>\n<\/tr>\n<tr>\n<td><span style=\"font-size: 14px;\"><strong>KOKKU<\/strong><\/span><\/td>\n<td><\/td>\n<td><span style=\"font-size: 14px;\"><strong>7900<\/strong><\/span><\/td>\n<td><span style=\"font-size: 14px;\"><strong>3700<\/strong><\/span><\/td>\n<td><span style=\"font-size: 14px;\"><strong>1650<\/strong><\/span><\/td>\n<td><span style=\"font-size: 14px;\"><strong>13250<\/strong><\/span><\/td>\n<\/tr>\n<\/tbody>\n<\/table>\n<\/td>\n<\/tr>\n<\/tbody>\n<\/table>\n<p>Vastavalt tabelis 2. toodud Taskur O\u00dc k\u00e4ivituskuludele toimub ettev\u00f5tte ettevalmistusperiood kolm kuud, tuues kaasa kulusid 13 250\u20ac ulatuses.<\/p>\n<hr>\n","protected":false},"excerpt":{"rendered":"<p>\u00a0N\u00e4idisjuhtumi 1. osa Taskur O\u00dc on alustav ettev\u00f5tte, mille on asutanud disainer Karl, turundusspetsialist Mari ja konstruktor-modelleerija Mark. Nad planeerivad rajada ettev\u00f5tte, mille toodeteks on erineva disaini ja funktsionaalsusega s\u00fclearvutitaskud n\u00f5udlikule kliendile. Ettev\u00f5tte k\u00e4ivitamisel on planeeritud luua ja sisustada v\u00e4ikene &#8230;<\/p>\n","protected":false},"author":263,"featured_media":0,"parent":0,"menu_order":0,"comment_status":"closed","ping_status":"closed","template":"","meta":{"_acf_changed":false,"inline_featured_image":false,"footnotes":""},"class_list":["post-6","page","type-page","status-publish","hentry"],"acf":[],"_links":{"self":[{"href":"https:\/\/sisu.ut.ee\/edujategu4\/wp-json\/wp\/v2\/pages\/6","targetHints":{"allow":["GET"]}}],"collection":[{"href":"https:\/\/sisu.ut.ee\/edujategu4\/wp-json\/wp\/v2\/pages"}],"about":[{"href":"https:\/\/sisu.ut.ee\/edujategu4\/wp-json\/wp\/v2\/types\/page"}],"author":[{"embeddable":true,"href":"https:\/\/sisu.ut.ee\/edujategu4\/wp-json\/wp\/v2\/users\/263"}],"replies":[{"embeddable":true,"href":"https:\/\/sisu.ut.ee\/edujategu4\/wp-json\/wp\/v2\/comments?post=6"}],"version-history":[{"count":4,"href":"https:\/\/sisu.ut.ee\/edujategu4\/wp-json\/wp\/v2\/pages\/6\/revisions"}],"predecessor-version":[{"id":154,"href":"https:\/\/sisu.ut.ee\/edujategu4\/wp-json\/wp\/v2\/pages\/6\/revisions\/154"}],"wp:attachment":[{"href":"https:\/\/sisu.ut.ee\/edujategu4\/wp-json\/wp\/v2\/media?parent=6"}],"curies":[{"name":"wp","href":"https:\/\/api.w.org\/{rel}","templated":true}]}}