{"id":5,"date":"2024-04-04T07:34:19","date_gmt":"2024-04-04T04:34:19","guid":{"rendered":"https:\/\/sisu.ut.ee\/edujategu4\/ettevotte-kaivitus-ja-tegevusperiood\/"},"modified":"2024-04-17T15:48:14","modified_gmt":"2024-04-17T12:48:14","slug":"ettevotte-kaivitus-ja-tegevusperiood","status":"publish","type":"page","link":"https:\/\/sisu.ut.ee\/edujategu4\/ettevotte-kaivitus-ja-tegevusperiood\/","title":{"rendered":"ETTEV\u00d5TTE K\u00c4IVITUS- JA TEGEVUSPERIOOD"},"content":{"rendered":"<h1 class=\"wp-block-heading\"><img loading=\"lazy\" decoding=\"async\" title=\"sissejuhatus_01.png\" width=\"40\" height=\"40\" class=\"alignnone wp-image-21\" src=\"https:\/\/sisu.ut.ee\/wp-content\/uploads\/sites\/507\/sissejuhatus_01.png\" alt=\"sissejuhatus\"> <span style=\"color: #28aae1;\">ETTEV\u00d5TTE K\u00c4IVITUS- JA TEGEVUSPERIOOD<\/span><\/h1>\n\n<p><img loading=\"lazy\" decoding=\"async\" class=\"alignnone wp-image-30\" title=\"uued_moisted.png\" src=\"https:\/\/sisu.ut.ee\/wp-content\/uploads\/sites\/528\/uued_moisted.png\" alt=\"uus\" width=\"40\" height=\"40\" srcset=\"https:\/\/sisu.ut.ee\/wp-content\/uploads\/sites\/528\/uued_moisted.png 1080w, https:\/\/sisu.ut.ee\/wp-content\/uploads\/sites\/528\/uued_moisted-300x300.png 300w, https:\/\/sisu.ut.ee\/wp-content\/uploads\/sites\/528\/uued_moisted-1024x1024.png 1024w, https:\/\/sisu.ut.ee\/wp-content\/uploads\/sites\/528\/uued_moisted-150x150.png 150w, https:\/\/sisu.ut.ee\/wp-content\/uploads\/sites\/528\/uued_moisted-768x768.png 768w\" sizes=\"auto, (max-width: 40px) 100vw, 40px\"><span style=\"color: #e1cd00;\">\u00a0<span lang=\"ET\"><span style=\"line-height: 107%;\">Ettev\u00f5tte tegevuses v\u00f5ib eristada kahte perioodi:<\/span><\/span><\/span><\/p>\n<ul style=\"margin-left: 40px;\">\n<li><span lang=\"ET\"><span style=\"line-height: 107%;\">k\u00e4ivitamisperiood, mis algab ettev\u00f5tte registreerimisest ja h\u00f5lmad toodete ja teenuste m\u00fc\u00fcgiks ettevalmistavaid tegevusi \u2013 ruumide rent ja ettevalmistamine, seadmete hankimine, turundustegevusi, t\u00f6\u00f6tajate v\u00e4rbamist jms;<\/span><\/span><\/li>\n<li><span lang=\"ET\"><span style=\"line-height: 107%;\">tegevusperiood, mis algab toodete ja teenuste m\u00fc\u00fcgiga. Ettev\u00f5tte kulud on n\u00fc\u00fcd seotud toodete tootmise v\u00f5i teenuste pakkumisega ning ettev\u00f5tte k\u00e4igus hoidmisega. <\/span><\/span><\/li>\n<\/ul>\n<p><img loading=\"lazy\" decoding=\"async\" width=\"1261\" height=\"403\" class=\"alignnone wp-image-32\" style=\"width: 1261px; height: 403px;\" title=\"Joonis 2. Ettev\u00f5tte k\u00e4ivitamis- ja tegevusperiood \" src=\"https:\/\/sisu.ut.ee\/wp-content\/uploads\/sites\/528\/joonis2.png\" alt=\"JOONIS2\" srcset=\"https:\/\/sisu.ut.ee\/wp-content\/uploads\/sites\/528\/joonis2.png 1261w, https:\/\/sisu.ut.ee\/wp-content\/uploads\/sites\/528\/joonis2-300x96.png 300w, https:\/\/sisu.ut.ee\/wp-content\/uploads\/sites\/528\/joonis2-1024x327.png 1024w, https:\/\/sisu.ut.ee\/wp-content\/uploads\/sites\/528\/joonis2-768x245.png 768w\" sizes=\"auto, (max-width: 1261px) 100vw, 1261px\"><\/p>\n<p><img loading=\"lazy\" decoding=\"async\" class=\"alignnone wp-image-30\" title=\"uued_moisted.png\" src=\"https:\/\/sisu.ut.ee\/wp-content\/uploads\/sites\/528\/uued_moisted.png\" alt=\"uus\" width=\"40\" height=\"40\" srcset=\"https:\/\/sisu.ut.ee\/wp-content\/uploads\/sites\/528\/uued_moisted.png 1080w, https:\/\/sisu.ut.ee\/wp-content\/uploads\/sites\/528\/uued_moisted-300x300.png 300w, https:\/\/sisu.ut.ee\/wp-content\/uploads\/sites\/528\/uued_moisted-1024x1024.png 1024w, https:\/\/sisu.ut.ee\/wp-content\/uploads\/sites\/528\/uued_moisted-150x150.png 150w, https:\/\/sisu.ut.ee\/wp-content\/uploads\/sites\/528\/uued_moisted-768x768.png 768w\" sizes=\"auto, (max-width: 40px) 100vw, 40px\">\u00a0<span style=\"color: #e1cd00;\"><b><span lang=\"ET\"><span style=\"line-height: 107%;\">2.1 K\u00e4ivitamisperiood<\/span><\/span><\/b><\/span><\/p>\n<p><span lang=\"ET\"><span style=\"line-height: 107%;\">Nagu eelnevalt toodud, toimub k\u00e4ivitamisperioodil ettev\u00f5tte tegevuse ettevalmistamine. K\u00e4ivitamisperioodil on ettev\u00f5ttel kulud, mis kaetakse ettev\u00f5tte rajajate isiklike s\u00e4\u00e4stude, ettev\u00f5tlustoetuste, laenuraha v\u00f5i muude rahastusallikate arvelt.<\/span><\/span><\/p>\n<p><span lang=\"ET\"><span style=\"line-height: 107%;\">K\u00e4ivitusperioodi kestus oleneb ettev\u00f5tlustegevuse ajalisest kestuses. Ettev\u00f5tja huvidest l\u00e4htuvalt peab see olema v\u00f5imalikult l\u00fchikene. Sel perioodil ei ole ettev\u00f5ttel sissetulekuid, kuid on kulud. <\/span><\/span><\/p>\n<p><span lang=\"ET\"><span style=\"line-height: 107%;\">K\u00e4ivitusperiood vajab hoolikat planeerimist, v\u00f5ttes arvesse:<\/span><\/span><\/p>\n<ul style=\"margin-left: 40px;\">\n<li><span lang=\"ET\"><span style=\"line-height: 107%;\">teostamist vajavad tegevused;<\/span><\/span><\/li>\n<li><span lang=\"ET\"><span style=\"line-height: 107%;\">tegevuste ajakulu;<\/span><\/span><\/li>\n<li><span lang=\"ET\"><span style=\"line-height: 107%;\">vajalike investeeringute hulk ja rahaline kulu. <\/span><\/span><\/li>\n<\/ul>\n<hr>\n<p><img loading=\"lazy\" decoding=\"async\" class=\"alignnone wp-image-31\" title=\"ulesanne.png\" src=\"https:\/\/sisu.ut.ee\/wp-content\/uploads\/sites\/528\/ulesanne.png\" alt=\"ylesanne\" width=\"40\" height=\"40\" srcset=\"https:\/\/sisu.ut.ee\/wp-content\/uploads\/sites\/528\/ulesanne.png 1080w, https:\/\/sisu.ut.ee\/wp-content\/uploads\/sites\/528\/ulesanne-300x300.png 300w, https:\/\/sisu.ut.ee\/wp-content\/uploads\/sites\/528\/ulesanne-1024x1024.png 1024w, https:\/\/sisu.ut.ee\/wp-content\/uploads\/sites\/528\/ulesanne-150x150.png 150w, https:\/\/sisu.ut.ee\/wp-content\/uploads\/sites\/528\/ulesanne-768x768.png 768w\" sizes=\"auto, (max-width: 40px) 100vw, 40px\"><strong><a title=\"\" href=\"https:\/\/sisu.ut.ee\/edujategu4\/n%C3%A4idisjuhtum\" data-url=\"https:\/\/sisu.ut.ee\/edujategu4\/n%C3%A4idisjuhtum\"><span style=\"color: #e31c79;\">\u00a0 Vaata naidisjuhtumi 1. osa<\/span><\/a><\/strong><\/p>\n<hr>\n<p><span lang=\"ET\"><span style=\"line-height: 107%;\">Enne finantsiliste kulutuste tegemist on vaja ettev\u00f5te registreerida Ettev\u00f5tjaportaalis (<\/span><\/span><a title=\"\" href=\"http:\/\/www.rik.ee\/\" target=\"_blank\" rel=\"noopener\" data-url=\"http:\/\/www.rik.ee\/\">www.rik.ee<\/a><span lang=\"ET\"><span style=\"line-height: 107%;\">). Lisaks on v\u00f5imalik ettev\u00f5tet luua notaris (<\/span><\/span><a title=\"\" href=\"https:\/\/www.eesti.ee\/et\/ettevotlus\/ettevotte-loomine\/osauehingu-asutamine\" target=\"_blank\" rel=\"noopener\" data-url=\"https:\/\/www.eesti.ee\/et\/ettevotlus\/ettevotte-loomine\/osauehingu-asutamine\">https:\/\/www.eesti.ee\/et\/ettevotlus\/ettevotte-loomine\/osauehingu-asutamine<\/a><span lang=\"ET\"><span style=\"line-height: 107%;\">). <\/span><\/span><\/p>\n<p><span lang=\"ET\"><span style=\"line-height: 107%;\">Ettev\u00f5tte registreerimisel tuleb arvestada riigil\u00f5ivuga (seisuga 1.11.2021 190\u20ac) ja O\u00dc puhul minimaalse osakapitaliga summas 2500\u20ac. Ettev\u00f5tet saab asutada ka sissemakset tegemata, kuid see ei vabasta sissemakse tegemata j\u00e4tmisest!<\/span><\/span><\/p>\n<p><span lang=\"ET\"><span style=\"line-height: 107%;\">K\u00e4ivitusperioodi kulud kaetakse tavaliselt:<\/span><\/span><\/p>\n<ul style=\"margin-left: 40px;\">\n<li>Ettev\u00f5tja(te) isiklikud vahendid \u2013 s\u00e4\u00e4stud, p\u00e4randus, vara m\u00fc\u00fck jne;<\/li>\n<li>Ettev\u00f5tja(te) sugulaste, s\u00f5prade ja tuttavate vahendid (ingl. k. founders, family, friends; levinumalt family, friends and fools ehk FFF);<\/li>\n<li>Liisingu korral ostab liisinguettev\u00f5te kliendi poolt valitud vara ja rendib selle talle.<\/li>\n<li>Pangalaen \u2013 nii pika- kui l\u00fchiajalise kestvusega;<\/li>\n<li>Tarnijate poolt antav krediit \u2013 ettev\u00f5te, kellelt ostetakse kaupa v\u00f5i teenuseid ei n\u00f5ua nende tasumist kohe ja t\u00e4ies ulatuses, vaid annavad v\u00f5imaluse maksta osaliselt v\u00f5i t\u00e4ielikult teatava makset\u00e4htaja jooksul;<\/li>\n<li>\u00c4riinglid (business angels) \u2013 \u00fcksikisikust investor;<\/li>\n<li>Vt. Eesti \u00c4riinglite Assotsiatsioon <a href=\"https:\/\/estban.ee\/\">https:\/\/estban.ee\/<\/a><\/li>\n<li>\u00dchisrahastusplatvormid (growd funding);<\/li>\n<li>Klientide ettemaksed \u2013 klient teeb tootele\/teenusele ettemakse ja seel\u00e4bi toetab ettev\u00f5tluse alustamist;<\/li>\n<li>Faktooring \u2013 ettev\u00f5tja loovutab n\u00f5uded (arved jm) faktooringuettev\u00f5ttele, saades vastu kohese n\u00f5uete finantseerimise (nt. arve makstakse kinni) ja haldusteenuse n\u00f5uete efektiivsemaks kogumiseks;<\/li>\n<li>Vt. lisainfot Faktooring \u2013 mis see on ja kuidas see t\u00f6\u00f6tab?\u00a0 <a href=\"https:\/\/financer.com\/ee\/laenud\/arilaen\/faktooring\/\">https:\/\/financer.com\/ee\/laenud\/arilaen\/faktooring\/<\/a><\/li>\n<li>Muud lahendused nagu nt. laenu-hoiu\u00fchistud, v\u00e4ikelaenugrupid, eraisikute laenud jne;<\/li>\n<li>Toetused ettev\u00f5tluse alustamiseks (nt. Starditoetus (RIK), Ettev\u00f5tluse alustamise toetus (T\u00f6\u00f6tukassa), Innovatsiooniosak (EAS)).<\/li>\n<\/ul>\n<hr>\n<p><img loading=\"lazy\" decoding=\"async\" class=\"alignnone wp-image-31\" title=\"ulesanne.png\" src=\"https:\/\/sisu.ut.ee\/wp-content\/uploads\/sites\/528\/ulesanne.png\" alt=\"ylesanne\" width=\"40\" height=\"40\" srcset=\"https:\/\/sisu.ut.ee\/wp-content\/uploads\/sites\/528\/ulesanne.png 1080w, https:\/\/sisu.ut.ee\/wp-content\/uploads\/sites\/528\/ulesanne-300x300.png 300w, https:\/\/sisu.ut.ee\/wp-content\/uploads\/sites\/528\/ulesanne-1024x1024.png 1024w, https:\/\/sisu.ut.ee\/wp-content\/uploads\/sites\/528\/ulesanne-150x150.png 150w, https:\/\/sisu.ut.ee\/wp-content\/uploads\/sites\/528\/ulesanne-768x768.png 768w\" sizes=\"auto, (max-width: 40px) 100vw, 40px\">\u00a0<strong><span style=\"color: #e31c79;\">2.1 \u00dclesanne<\/span><\/strong><\/p>\n<p>\u00a0<\/p>\n\n\n<div class=\"h5p-iframe-wrapper\"><div class=\"video-placeholder-wrapper video-placeholder-wrapper--fixed\" style=\"height: 366px;\">\n\t\t\t    <div class=\"video-placeholder d-flex justify-content-center align-items-center\">\n\t\t\t        <div class=\"overlay text-white p-2 w-100 text-center d-block justify-content-center align-items-center\">\n\t\t\t            <div>Kolmandate osapoolte sisu n\u00e4gemiseks palun n\u00f5ustu k\u00fcpsistega.<\/div>\n\t\t\t            <button class=\"btn btn-secondary btn-sm mt-1 consent-change\">Muuda n\u00f5usolekut<\/button>\n\t\t\t        <\/div>\n\t\t\t    <\/div>\n\t\t\t<\/div>\n<\/div>\n\n\n<hr>\n<p><img loading=\"lazy\" decoding=\"async\" class=\"alignnone wp-image-31\" title=\"ulesanne.png\" src=\"https:\/\/sisu.ut.ee\/wp-content\/uploads\/sites\/528\/ulesanne.png\" alt=\"ylesanne\" width=\"40\" height=\"40\" srcset=\"https:\/\/sisu.ut.ee\/wp-content\/uploads\/sites\/528\/ulesanne.png 1080w, https:\/\/sisu.ut.ee\/wp-content\/uploads\/sites\/528\/ulesanne-300x300.png 300w, https:\/\/sisu.ut.ee\/wp-content\/uploads\/sites\/528\/ulesanne-1024x1024.png 1024w, https:\/\/sisu.ut.ee\/wp-content\/uploads\/sites\/528\/ulesanne-150x150.png 150w, https:\/\/sisu.ut.ee\/wp-content\/uploads\/sites\/528\/ulesanne-768x768.png 768w\" sizes=\"auto, (max-width: 40px) 100vw, 40px\"><strong><a title=\"\" href=\"https:\/\/sisu.ut.ee\/edujategu4\/n%C3%A4idisjuhtumi-2-osa\" data-url=\"https:\/\/sisu.ut.ee\/edujategu4\/n%C3%A4idisjuhtumi-2-osa\"><span style=\"color: #e31c79;\">\u00a02.2\u00a0\u00dclesanne.\u00a0Vaata naidisjuhtumi 2. osa ja lahenda harjutus\u00fclesanne\u00a0<\/span><\/a><\/strong><\/p>\n<hr>\n<p><img loading=\"lazy\" decoding=\"async\" class=\"alignnone wp-image-30\" title=\"uued_moisted.png\" src=\"https:\/\/sisu.ut.ee\/wp-content\/uploads\/sites\/528\/uued_moisted.png\" alt=\"uus\" width=\"40\" height=\"40\" srcset=\"https:\/\/sisu.ut.ee\/wp-content\/uploads\/sites\/528\/uued_moisted.png 1080w, https:\/\/sisu.ut.ee\/wp-content\/uploads\/sites\/528\/uued_moisted-300x300.png 300w, https:\/\/sisu.ut.ee\/wp-content\/uploads\/sites\/528\/uued_moisted-1024x1024.png 1024w, https:\/\/sisu.ut.ee\/wp-content\/uploads\/sites\/528\/uued_moisted-150x150.png 150w, https:\/\/sisu.ut.ee\/wp-content\/uploads\/sites\/528\/uued_moisted-768x768.png 768w\" sizes=\"auto, (max-width: 40px) 100vw, 40px\"><strong><span style=\"color: #e1cd00;\">\u00a0<span lang=\"ET\"><span style=\"line-height: 107%;\">2.2 Tegevusperiood<\/span><\/span><\/span><\/strong><\/p>\n<p><span lang=\"ET\"><span style=\"line-height: 107%;\"><strong>Ettev\u00f5tte tegevusperiood<\/strong> algab toodete v\u00f5i teenuste m\u00fc\u00fcgiga. Ettev\u00f5tte kulud on n\u00fc\u00fcd seotud toodete valmistamisega v\u00f5i teenuste pakkumisega ning ettev\u00f5tte k\u00e4igus hoidmisega. <\/span><\/span><\/p>\n<p><span lang=\"ET\"><span style=\"line-height: 107%;\"><strong>Tulu <\/strong>saadakse toodete v\u00f5i teenuste m\u00fc\u00fcgist ja muudest \u00e4rituludest. <\/span><\/span><\/p>\n<p><span lang=\"ET\"><span style=\"line-height: 107%;\">Pikemas perspektiivis s\u00f5ltub ettev\u00f5tte tasuvus sellest, kas toodete m\u00fc\u00fcgist laekuva sissetuleku arvelt kaetakse k\u00f5ik toodete valmistamise ja ettev\u00f5tte \u00fclalpidamise kulud ning teenitakse kasumit. Samuti peab tegevusest saadud tuludest olema kaetud ettev\u00f5tte k\u00e4ivitusperioodi kulud.<\/span><\/span><\/p>\n<p><img loading=\"lazy\" decoding=\"async\" class=\"alignnone wp-image-31\" title=\"ulesanne.png\" src=\"https:\/\/sisu.ut.ee\/wp-content\/uploads\/sites\/528\/ulesanne.png\" alt=\"ylesanne\" width=\"40\" height=\"40\" srcset=\"https:\/\/sisu.ut.ee\/wp-content\/uploads\/sites\/528\/ulesanne.png 1080w, https:\/\/sisu.ut.ee\/wp-content\/uploads\/sites\/528\/ulesanne-300x300.png 300w, https:\/\/sisu.ut.ee\/wp-content\/uploads\/sites\/528\/ulesanne-1024x1024.png 1024w, https:\/\/sisu.ut.ee\/wp-content\/uploads\/sites\/528\/ulesanne-150x150.png 150w, https:\/\/sisu.ut.ee\/wp-content\/uploads\/sites\/528\/ulesanne-768x768.png 768w\" sizes=\"auto, (max-width: 40px) 100vw, 40px\"><strong>\u00a0\u00a0<span style=\"color: #e31c79;\">2.3\u00a0\u00dclesanne<\/span><\/strong><\/p>\n<p>\u00a0<\/p>\n\n\n<div class=\"h5p-iframe-wrapper\"><div class=\"video-placeholder-wrapper video-placeholder-wrapper--fixed\" style=\"height: 366px;\">\n\t\t\t    <div class=\"video-placeholder d-flex justify-content-center align-items-center\">\n\t\t\t        <div class=\"overlay text-white p-2 w-100 text-center d-block justify-content-center align-items-center\">\n\t\t\t            <div>Kolmandate osapoolte sisu n\u00e4gemiseks palun n\u00f5ustu k\u00fcpsistega.<\/div>\n\t\t\t            <button class=\"btn btn-secondary btn-sm mt-1 consent-change\">Muuda n\u00f5usolekut<\/button>\n\t\t\t        <\/div>\n\t\t\t    <\/div>\n\t\t\t<\/div>\n<\/div>\n\n\n<hr>\n<p><img loading=\"lazy\" decoding=\"async\" class=\"alignnone wp-image-31\" title=\"ulesanne.png\" src=\"https:\/\/sisu.ut.ee\/wp-content\/uploads\/sites\/528\/ulesanne.png\" alt=\"ylesanne\" width=\"40\" height=\"40\" srcset=\"https:\/\/sisu.ut.ee\/wp-content\/uploads\/sites\/528\/ulesanne.png 1080w, https:\/\/sisu.ut.ee\/wp-content\/uploads\/sites\/528\/ulesanne-300x300.png 300w, https:\/\/sisu.ut.ee\/wp-content\/uploads\/sites\/528\/ulesanne-1024x1024.png 1024w, https:\/\/sisu.ut.ee\/wp-content\/uploads\/sites\/528\/ulesanne-150x150.png 150w, https:\/\/sisu.ut.ee\/wp-content\/uploads\/sites\/528\/ulesanne-768x768.png 768w\" sizes=\"auto, (max-width: 40px) 100vw, 40px\"><strong><a title=\"\" href=\"https:\/\/sisu.ut.ee\/edujategu4\/n%C3%A4idisjuhtumi-3-osa\" data-url=\"https:\/\/sisu.ut.ee\/edujategu4\/n%C3%A4idisjuhtumi-3-osa\"><span style=\"color: #e31c79;\"> Vaata n\u00e4idisjuhtumi 3. osa ja lahenda harjutus\u00fclesanne\u00a0<\/span><\/a><\/strong><\/p>\n<hr>\n<p style=\"text-align: right;\">\u00a0<\/p>","protected":false},"excerpt":{"rendered":"<p>ETTEV\u00d5TTE K\u00c4IVITUS- JA TEGEVUSPERIOOD \u00a0Ettev\u00f5tte tegevuses v\u00f5ib eristada kahte perioodi: k\u00e4ivitamisperiood, mis algab ettev\u00f5tte registreerimisest ja h\u00f5lmad toodete ja teenuste m\u00fc\u00fcgiks ettevalmistavaid tegevusi \u2013 ruumide rent ja ettevalmistamine, seadmete hankimine, turundustegevusi, t\u00f6\u00f6tajate v\u00e4rbamist jms; tegevusperiood, mis algab toodete ja teenuste &#8230;<\/p>\n","protected":false},"author":263,"featured_media":0,"parent":0,"menu_order":0,"comment_status":"closed","ping_status":"closed","template":"","meta":{"_acf_changed":false,"inline_featured_image":false,"footnotes":""},"class_list":["post-5","page","type-page","status-publish","hentry"],"acf":[],"_links":{"self":[{"href":"https:\/\/sisu.ut.ee\/edujategu4\/wp-json\/wp\/v2\/pages\/5","targetHints":{"allow":["GET"]}}],"collection":[{"href":"https:\/\/sisu.ut.ee\/edujategu4\/wp-json\/wp\/v2\/pages"}],"about":[{"href":"https:\/\/sisu.ut.ee\/edujategu4\/wp-json\/wp\/v2\/types\/page"}],"author":[{"embeddable":true,"href":"https:\/\/sisu.ut.ee\/edujategu4\/wp-json\/wp\/v2\/users\/263"}],"replies":[{"embeddable":true,"href":"https:\/\/sisu.ut.ee\/edujategu4\/wp-json\/wp\/v2\/comments?post=5"}],"version-history":[{"count":7,"href":"https:\/\/sisu.ut.ee\/edujategu4\/wp-json\/wp\/v2\/pages\/5\/revisions"}],"predecessor-version":[{"id":173,"href":"https:\/\/sisu.ut.ee\/edujategu4\/wp-json\/wp\/v2\/pages\/5\/revisions\/173"}],"wp:attachment":[{"href":"https:\/\/sisu.ut.ee\/edujategu4\/wp-json\/wp\/v2\/media?parent=5"}],"curies":[{"name":"wp","href":"https:\/\/api.w.org\/{rel}","templated":true}]}}