{"id":24,"date":"2024-04-04T07:34:21","date_gmt":"2024-04-04T04:34:21","guid":{"rendered":"https:\/\/sisu.ut.ee\/edujategu4\/naidisjuhtum-0\/"},"modified":"2024-04-17T15:52:54","modified_gmt":"2024-04-17T12:52:54","slug":"naidisjuhtum-0","status":"publish","type":"page","link":"https:\/\/sisu.ut.ee\/edujategu4\/naidisjuhtum-0\/","title":{"rendered":"N\u00c4IDISJUHTUM"},"content":{"rendered":"<h1 class=\"wp-block-heading\"><img loading=\"lazy\" decoding=\"async\" title=\"sissejuhatus_01.png\" width=\"40\" height=\"40\" class=\"alignnone wp-image-21\" src=\"https:\/\/sisu.ut.ee\/wp-content\/uploads\/sites\/507\/sissejuhatus_01.png\" alt=\"sissejuhatus\"> <span style=\"color: #28aae1;\">N\u00c4IDISJUHTUM<\/span><\/h1>\n\n<ul>\n\t<li>\n\t\t<a href=\"https:\/\/sisu.ut.ee\/edujategu4\/naidisjuhtum\" title=\"\">N\u00c4IDISJUHTUMi 1. OSA<\/a>\n\t<\/li>\n\t<li>\n\t\t<a href=\"https:\/\/sisu.ut.ee\/edujategu4\/naidisjuhtumi-2-osa\" title=\"\">N\u00c4IDISJUHTUMI 2. OSA<\/a>\n\t<\/li>\n\t<li>\n\t\t<a href=\"https:\/\/sisu.ut.ee\/edujategu4\/naidisjuhtumi-3-osa\" title=\"\">N\u00c4IDISJUHTUMI 3. OSA<\/a>\n\t<\/li>\n\t<li>\n\t\t<a href=\"https:\/\/sisu.ut.ee\/edujategu4\/naidisjuhtumi-4-osa\" title=\"\">N\u00c4IDISJUHTUMI 4. OSA<\/a>\n\t<\/li>\n\t<li>\n\t\t<a href=\"https:\/\/sisu.ut.ee\/edujategu4\/na4idisjuhtumi-5-osa\" title=\"\">N\u00c4IDISJUHTUMI 5. OSA<\/a>\n\t<\/li>\n\t<li>\n\t\t<a href=\"https:\/\/sisu.ut.ee\/edujategu4\/naidisjuhtumi-6-osa\" title=\"\">N\u00c4IDISJUHTUMI 6. OSA<\/a>\n\t<\/li>\n\t<li>\n\t\t<a href=\"https:\/\/sisu.ut.ee\/edujategu4\/naidisjuhtumi-7-osa\" title=\"\">N\u00c4IDISJUHTUMI 7. OSA<\/a>\n\t<\/li>\n\t<li>\n\t\t<a href=\"https:\/\/sisu.ut.ee\/edujategu4\/naidisjuhtumi-8-osa\" title=\"\">N\u00c4IDISJUHTUMI 8. OSA<\/a>\n\t<\/li>\n<\/ul>\n","protected":false},"excerpt":{"rendered":"<p>N\u00c4IDISJUHTUM N\u00c4IDISJUHTUMi 1. OSA N\u00c4IDISJUHTUMI 2. OSA N\u00c4IDISJUHTUMI 3. OSA N\u00c4IDISJUHTUMI 4. OSA N\u00c4IDISJUHTUMI 5. OSA N\u00c4IDISJUHTUMI 6. OSA N\u00c4IDISJUHTUMI 7. OSA N\u00c4IDISJUHTUMI 8. OSA<\/p>\n","protected":false},"author":263,"featured_media":0,"parent":0,"menu_order":0,"comment_status":"closed","ping_status":"closed","template":"","meta":{"_acf_changed":false,"inline_featured_image":false,"footnotes":""},"class_list":["post-24","page","type-page","status-publish","hentry"],"acf":[],"_links":{"self":[{"href":"https:\/\/sisu.ut.ee\/edujategu4\/wp-json\/wp\/v2\/pages\/24","targetHints":{"allow":["GET"]}}],"collection":[{"href":"https:\/\/sisu.ut.ee\/edujategu4\/wp-json\/wp\/v2\/pages"}],"about":[{"href":"https:\/\/sisu.ut.ee\/edujategu4\/wp-json\/wp\/v2\/types\/page"}],"author":[{"embeddable":true,"href":"https:\/\/sisu.ut.ee\/edujategu4\/wp-json\/wp\/v2\/users\/263"}],"replies":[{"embeddable":true,"href":"https:\/\/sisu.ut.ee\/edujategu4\/wp-json\/wp\/v2\/comments?post=24"}],"version-history":[{"count":3,"href":"https:\/\/sisu.ut.ee\/edujategu4\/wp-json\/wp\/v2\/pages\/24\/revisions"}],"predecessor-version":[{"id":181,"href":"https:\/\/sisu.ut.ee\/edujategu4\/wp-json\/wp\/v2\/pages\/24\/revisions\/181"}],"wp:attachment":[{"href":"https:\/\/sisu.ut.ee\/edujategu4\/wp-json\/wp\/v2\/media?parent=24"}],"curies":[{"name":"wp","href":"https:\/\/api.w.org\/{rel}","templated":true}]}}