{"id":22,"date":"2024-04-04T07:34:21","date_gmt":"2024-04-04T04:34:21","guid":{"rendered":"https:\/\/sisu.ut.ee\/edujategu4\/naidisjuhtumi-7-osa\/"},"modified":"2024-04-17T15:38:50","modified_gmt":"2024-04-17T12:38:50","slug":"naidisjuhtumi-7-osa","status":"publish","type":"page","link":"https:\/\/sisu.ut.ee\/edujategu4\/naidisjuhtumi-7-osa\/","title":{"rendered":"N\u00e4idisjuhtumi 7. osa"},"content":{"rendered":"<h2>\n\t<strong><img loading=\"lazy\" decoding=\"async\" alt=\"ylesanne\" class=\"\" data-file_info=\"%7B%22fid%22:65948,%22view_mode%22:%22default%22,%22type%22:%22media%22%7D\" height=\"32\" src=\"https:\/\/sisu.ut.ee\/wp-content\/uploads\/sites\/528\/ulesanne.png\" title=\"\" width=\"32\">\u00a0<span style=\"color:#e31c79\">N\u00e4idisjuhtumi 7. osa<\/span><\/strong><br>\n<\/h2>\n<p>\n\tTaskuri meeskond on koostas oma esimese aasta m\u00fc\u00fcgiprognoosi, arvestades aluseks v\u00f5etud hindu. Hinnakujundusel on lisaks n\u00f5udluskesksele hinnakujundusele arvestatud ka seda, et k\u00e4ibemaksukohusluse tekkimisel ei oleks vaja hinda t\u00f5sta.\n<\/p>\n<p>\n\t<strong>Tabel 6.<\/strong> Taskur O\u00dc 1. tegevusaasta m\u00fc\u00fcgiprognoos ja tulud\n<\/p>\n<p>\n\t<img loading=\"lazy\" decoding=\"async\" alt=\"tulud\" data-file_info=\"%7B%22fid%22:%2266270%22,%22view_mode%22:%22default%22,%22type%22:%22media%22%7D\" height=\"566\" src=\"https:\/\/sisu.ut.ee\/wp-content\/uploads\/sites\/528\/tulud.png\" title=\"\" width=\"1340\">\n<\/p>\n<p>\n\t\u00a0\n<\/p>\n<p>\n\tL\u00e4htuvalt tabelis toodud m\u00fc\u00fcgi- ja tuluprognoosist on esimesel t\u00e4istegevusaastal planeeritud m\u00fc\u00fcgiprognoos 39 996\u20ac (erinevate mudelite m\u00fc\u00fck koos postikuluga). Sellele lisanduvad osakapitali sissemakse, toetused (antud juhul taotletud ja 4 osas v\u00e4ljamakstav Starditoetus), osanike sissemaksed investeeringute teostamiseks ning pikaajaline laen. Kokku on muud rahalised tulud aasta l\u00f5ikes v\u00e4\u00e4ringus 27 149\u20ac.\n<\/p>\n<p>\n\tAntud juhtumi korral v\u00f5ttis Taskur O\u00dc laenu t\u00e4htajaga 3 aastat, intressiga 12% aastas ja summas 9000\u20ac. Laenu v\u00f5tmisel tuleb arvesse v\u00f5tta, et laen on finantskohustus, millega kaasneb tagasimaksekohustus.<\/p>\n","protected":false},"excerpt":{"rendered":"<p>\u00a0N\u00e4idisjuhtumi 7. osa Taskuri meeskond on koostas oma esimese aasta m\u00fc\u00fcgiprognoosi, arvestades aluseks v\u00f5etud hindu. Hinnakujundusel on lisaks n\u00f5udluskesksele hinnakujundusele arvestatud ka seda, et k\u00e4ibemaksukohusluse tekkimisel ei oleks vaja hinda t\u00f5sta. Tabel 6. Taskur O\u00dc 1. tegevusaasta m\u00fc\u00fcgiprognoos ja tulud &#8230;<\/p>\n","protected":false},"author":263,"featured_media":0,"parent":0,"menu_order":0,"comment_status":"closed","ping_status":"closed","template":"","meta":{"_acf_changed":false,"inline_featured_image":false,"footnotes":""},"class_list":["post-22","page","type-page","status-publish","hentry"],"acf":[],"_links":{"self":[{"href":"https:\/\/sisu.ut.ee\/edujategu4\/wp-json\/wp\/v2\/pages\/22","targetHints":{"allow":["GET"]}}],"collection":[{"href":"https:\/\/sisu.ut.ee\/edujategu4\/wp-json\/wp\/v2\/pages"}],"about":[{"href":"https:\/\/sisu.ut.ee\/edujategu4\/wp-json\/wp\/v2\/types\/page"}],"author":[{"embeddable":true,"href":"https:\/\/sisu.ut.ee\/edujategu4\/wp-json\/wp\/v2\/users\/263"}],"replies":[{"embeddable":true,"href":"https:\/\/sisu.ut.ee\/edujategu4\/wp-json\/wp\/v2\/comments?post=22"}],"version-history":[{"count":2,"href":"https:\/\/sisu.ut.ee\/edujategu4\/wp-json\/wp\/v2\/pages\/22\/revisions"}],"predecessor-version":[{"id":161,"href":"https:\/\/sisu.ut.ee\/edujategu4\/wp-json\/wp\/v2\/pages\/22\/revisions\/161"}],"wp:attachment":[{"href":"https:\/\/sisu.ut.ee\/edujategu4\/wp-json\/wp\/v2\/media?parent=22"}],"curies":[{"name":"wp","href":"https:\/\/api.w.org\/{rel}","templated":true}]}}