{"id":19,"date":"2024-04-04T07:34:21","date_gmt":"2024-04-04T04:34:21","guid":{"rendered":"https:\/\/sisu.ut.ee\/edujategu4\/naidisjuhtumi-4-osa\/"},"modified":"2024-04-17T15:37:37","modified_gmt":"2024-04-17T12:37:37","slug":"naidisjuhtumi-4-osa","status":"publish","type":"page","link":"https:\/\/sisu.ut.ee\/edujategu4\/naidisjuhtumi-4-osa\/","title":{"rendered":"N\u00e4idisjuhtumi 4. osa"},"content":{"rendered":"<h2>\r\n\t<img loading=\"lazy\" decoding=\"async\" alt=\"ylesanne\" data-file_info=\"%7B%22fid%22:65948,%22view_mode%22:%22default%22,%22type%22:%22media%22%7D\" height=\"32\" src=\"https:\/\/sisu.ut.ee\/wp-content\/uploads\/sites\/528\/ulesanne.png\" title=\"\" width=\"32\">\u00a0<strong><span style=\"color:#e31c79\">N\u00e4idisjuhtumi 4. osa<\/span><\/strong>\r\n<\/h2>\r\n\r\n<p>\r\n\tTaskur O\u00dc on varasemalt v\u00e4lja arvestanud k\u00e4ivituskulude suuruse ja alustavad eelarve t\u00e4itmist vajalike k\u00e4ivituskulude sisse kandmisega. K\u00e4ivituskulud on toodud tabelis 2. Kuna Taskuri meeskond taotles Starditoetust, siis on Tabelis 2. toodust on maha arvestatud rent, kangad\u00a0ja muud materjali- ning v\u00e4ikevahendite kulu. Nimetatud kulud on toodud kas p\u00fcsikuluna (rent) v\u00f5i muutuvkuludena (kangad ja muud materjali- ning v\u00e4ikevahendid).\r\n<\/p>\r\n\r\n<p>\r\n\tTabel 2. Taskur O\u00dc investeeringukulud\r\n<\/p>\r\n\r\n<table class=\"table table-hover\" align=\"center\" border=\"1\">\r\n\t<thead>\r\n\t\t<tr>\r\n\t\t\t<th scope=\"col\">\r\n\t\t\t\t<p>\r\n\t\t\t\t\t\u00a0\r\n\t\t\t\t<\/p>\r\n\t\t\t<\/th>\r\n\t\t\t<th scope=\"col\">\r\n\t\t\t\t<p>\r\n\t\t\t\t\tKogus\r\n\t\t\t\t<\/p>\r\n\t\t\t<\/th>\r\n\t\t\t<th scope=\"col\">\r\n\t\t\t\t<p>\r\n\t\t\t\t\tJaanuar\r\n\t\t\t\t<\/p>\r\n\r\n\t\t\t\t<p>\r\n\t\t\t\t\t2022\r\n\t\t\t\t<\/p>\r\n\t\t\t<\/th>\r\n\t\t\t<th scope=\"col\">\r\n\t\t\t\t<p>\r\n\t\t\t\t\tVeebruar\r\n\t\t\t\t<\/p>\r\n\r\n\t\t\t\t<p>\r\n\t\t\t\t\t2022\r\n\t\t\t\t<\/p>\r\n\t\t\t<\/th>\r\n\t\t\t<th scope=\"col\">\r\n\t\t\t\t<p>\r\n\t\t\t\t\tM\u00e4rts\r\n\t\t\t\t<\/p>\r\n\r\n\t\t\t\t<p>\r\n\t\t\t\t\t2022\r\n\t\t\t\t<\/p>\r\n\t\t\t<\/th>\r\n\t\t\t<th scope=\"col\">\r\n\t\t\t\t<p>\r\n\t\t\t\t\tKokku\r\n\t\t\t\t<\/p>\r\n\t\t\t<\/th>\r\n\t\t<\/tr>\r\n\t<\/thead>\r\n\t<tbody>\r\n\t\t<tr>\r\n\t\t\t<td>\r\n\t\t\t\t<p>\r\n\t\t\t\t\t\u00d5mblusmasinad\r\n\t\t\t\t<\/p>\r\n\t\t\t<\/td>\r\n\t\t\t<td>\r\n\t\t\t\t<p>\r\n\t\t\t\t\t2\r\n\t\t\t\t<\/p>\r\n\t\t\t<\/td>\r\n\t\t\t<td>\r\n\t\t\t\t<p>\r\n\t\t\t\t\t850\r\n\t\t\t\t<\/p>\r\n\t\t\t<\/td>\r\n\t\t\t<td>\r\n\t\t\t\t<p>\r\n\t\t\t\t\t850\r\n\t\t\t\t<\/p>\r\n\t\t\t<\/td>\r\n\t\t\t<td>\r\n\t\t\t\t<p>\r\n\t\t\t\t\t\u00a0\r\n\t\t\t\t<\/p>\r\n\t\t\t<\/td>\r\n\t\t\t<td>\r\n\t\t\t\t<p>\r\n\t\t\t\t\t1700\r\n\t\t\t\t<\/p>\r\n\t\t\t<\/td>\r\n\t\t<\/tr>\r\n\t\t<tr>\r\n\t\t\t<td>\r\n\t\t\t\t<p>\r\n\t\t\t\t\tOverlock\r\n\t\t\t\t<\/p>\r\n\t\t\t<\/td>\r\n\t\t\t<td>\r\n\t\t\t\t<p>\r\n\t\t\t\t\t1\r\n\t\t\t\t<\/p>\r\n\t\t\t<\/td>\r\n\t\t\t<td>\r\n\t\t\t\t<p>\r\n\t\t\t\t\t1350\r\n\t\t\t\t<\/p>\r\n\t\t\t<\/td>\r\n\t\t\t<td>\r\n\t\t\t\t<p>\r\n\t\t\t\t\t\u00a0\r\n\t\t\t\t<\/p>\r\n\t\t\t<\/td>\r\n\t\t\t<td>\r\n\t\t\t\t<p>\r\n\t\t\t\t\t\u00a0\r\n\t\t\t\t<\/p>\r\n\t\t\t<\/td>\r\n\t\t\t<td>\r\n\t\t\t\t<p>\r\n\t\t\t\t\t1350\r\n\t\t\t\t<\/p>\r\n\t\t\t<\/td>\r\n\t\t<\/tr>\r\n\t\t<tr>\r\n\t\t\t<td>\r\n\t\t\t\t<p>\r\n\t\t\t\t\tV\u00e4ikeseadmed (trukkide k\u00e4sipressid, triikrauad jm)\r\n\t\t\t\t<\/p>\r\n\t\t\t<\/td>\r\n\t\t\t<td>\r\n\t\t\t\t<p>\r\n\t\t\t\t\tKmpl\r\n\t\t\t\t<\/p>\r\n\t\t\t<\/td>\r\n\t\t\t<td>\r\n\t\t\t\t<p>\r\n\t\t\t\t\t250\r\n\t\t\t\t<\/p>\r\n\t\t\t<\/td>\r\n\t\t\t<td>\r\n\t\t\t\t<p>\r\n\t\t\t\t\t400\r\n\t\t\t\t<\/p>\r\n\t\t\t<\/td>\r\n\t\t\t<td>\r\n\t\t\t\t<p>\r\n\t\t\t\t\t150\r\n\t\t\t\t<\/p>\r\n\t\t\t<\/td>\r\n\t\t\t<td>\r\n\t\t\t\t<p>\r\n\t\t\t\t\t800\r\n\t\t\t\t<\/p>\r\n\t\t\t<\/td>\r\n\t\t<\/tr>\r\n\t\t<tr>\r\n\t\t\t<td>\r\n\t\t\t\t<p>\r\n\t\t\t\t\tT\u00f6\u00f6toolid\r\n\t\t\t\t<\/p>\r\n\t\t\t<\/td>\r\n\t\t\t<td>\r\n\t\t\t\t<p>\r\n\t\t\t\t\t2\r\n\t\t\t\t<\/p>\r\n\t\t\t<\/td>\r\n\t\t\t<td>\r\n\t\t\t\t<p>\r\n\t\t\t\t\t350\r\n\t\t\t\t<\/p>\r\n\t\t\t<\/td>\r\n\t\t\t<td>\r\n\t\t\t\t<p>\r\n\t\t\t\t\t\u00a0\r\n\t\t\t\t<\/p>\r\n\t\t\t<\/td>\r\n\t\t\t<td>\r\n\t\t\t\t<p>\r\n\t\t\t\t\t\u00a0\r\n\t\t\t\t<\/p>\r\n\t\t\t<\/td>\r\n\t\t\t<td>\r\n\t\t\t\t<p>\r\n\t\t\t\t\t350\r\n\t\t\t\t<\/p>\r\n\t\t\t<\/td>\r\n\t\t<\/tr>\r\n\t\t<tr>\r\n\t\t\t<td>\r\n\t\t\t\t<p>\r\n\t\t\t\t\tT\u00f6\u00f6koja m\u00f6\u00f6bel (riiulid, laud, triiklaud)\r\n\t\t\t\t<\/p>\r\n\t\t\t<\/td>\r\n\t\t\t<td>\r\n\t\t\t\t<p>\r\n\t\t\t\t\tKmpl\r\n\t\t\t\t<\/p>\r\n\t\t\t<\/td>\r\n\t\t\t<td>\r\n\t\t\t\t<p>\r\n\t\t\t\t\t800\r\n\t\t\t\t<\/p>\r\n\t\t\t<\/td>\r\n\t\t\t<td>\r\n\t\t\t\t<p>\r\n\t\t\t\t\t400\r\n\t\t\t\t<\/p>\r\n\t\t\t<\/td>\r\n\t\t\t<td>\r\n\t\t\t\t<p>\r\n\t\t\t\t\t300\r\n\t\t\t\t<\/p>\r\n\t\t\t<\/td>\r\n\t\t\t<td>\r\n\t\t\t\t<p>\r\n\t\t\t\t\t1500\r\n\t\t\t\t<\/p>\r\n\t\t\t<\/td>\r\n\t\t<\/tr>\r\n\t\t<tr>\r\n\t\t\t<td>\r\n\t\t\t\t<p>\r\n\t\t\t\t\tKontorim\u00f6\u00f6bel (laud, tool, 2 klienditooli, riiul, sahtliboks, printerilaud)\r\n\t\t\t\t<\/p>\r\n\t\t\t<\/td>\r\n\t\t\t<td>\r\n\t\t\t\t<p>\r\n\t\t\t\t\tKmpl\r\n\t\t\t\t<\/p>\r\n\t\t\t<\/td>\r\n\t\t\t<td>\r\n\t\t\t\t<p>\r\n\t\t\t\t\t200\r\n\t\t\t\t<\/p>\r\n\t\t\t<\/td>\r\n\t\t\t<td>\r\n\t\t\t\t<p>\r\n\t\t\t\t\t450\r\n\t\t\t\t<\/p>\r\n\t\t\t<\/td>\r\n\t\t\t<td>\r\n\t\t\t\t<p>\r\n\t\t\t\t\t350\r\n\t\t\t\t<\/p>\r\n\t\t\t<\/td>\r\n\t\t\t<td>\r\n\t\t\t\t<p>\r\n\t\t\t\t\t1000\r\n\t\t\t\t<\/p>\r\n\t\t\t<\/td>\r\n\t\t<\/tr>\r\n\t\t<tr>\r\n\t\t\t<td>\r\n\t\t\t\t<p>\r\n\t\t\t\t\tPrinter, telefon\r\n\t\t\t\t<\/p>\r\n\t\t\t<\/td>\r\n\t\t\t<td>\r\n\t\t\t\t<p>\r\n\t\t\t\t\t2\r\n\t\t\t\t<\/p>\r\n\t\t\t<\/td>\r\n\t\t\t<td>\r\n\t\t\t\t<p>\r\n\t\t\t\t\t400\r\n\t\t\t\t<\/p>\r\n\t\t\t<\/td>\r\n\t\t\t<td>\r\n\t\t\t\t<p>\r\n\t\t\t\t\t150\r\n\t\t\t\t<\/p>\r\n\t\t\t<\/td>\r\n\t\t\t<td>\r\n\t\t\t\t<p>\r\n\t\t\t\t\t\u00a0\r\n\t\t\t\t<\/p>\r\n\t\t\t<\/td>\r\n\t\t\t<td>\r\n\t\t\t\t<p>\r\n\t\t\t\t\t550\r\n\t\t\t\t<\/p>\r\n\t\t\t<\/td>\r\n\t\t<\/tr>\r\n\t\t<tr>\r\n\t\t\t<td>\r\n\t\t\t\t<p>\r\n\t\t\t\t\tArvuti koos tarkvaraga\r\n\t\t\t\t<\/p>\r\n\t\t\t<\/td>\r\n\t\t\t<td>\r\n\t\t\t\t<p>\r\n\t\t\t\t\t1\r\n\t\t\t\t<\/p>\r\n\t\t\t<\/td>\r\n\t\t\t<td>\r\n\t\t\t\t<p>\r\n\t\t\t\t\t1250\r\n\t\t\t\t<\/p>\r\n\t\t\t<\/td>\r\n\t\t\t<td>\r\n\t\t\t\t<p>\r\n\t\t\t\t\t\u00a0\r\n\t\t\t\t<\/p>\r\n\t\t\t<\/td>\r\n\t\t\t<td>\r\n\t\t\t\t<p>\r\n\t\t\t\t\t\u00a0\r\n\t\t\t\t<\/p>\r\n\t\t\t<\/td>\r\n\t\t\t<td>\r\n\t\t\t\t<p>\r\n\t\t\t\t\t1250\r\n\t\t\t\t<\/p>\r\n\t\t\t<\/td>\r\n\t\t<\/tr>\r\n\t\t<tr>\r\n\t\t\t<td>\r\n\t\t\t\t<p>\r\n\t\t\t\t\tTurunduskulud\r\n\t\t\t\t<\/p>\r\n\t\t\t<\/td>\r\n\t\t\t<td>\r\n\t\t\t\t<p>\r\n\t\t\t\t\t1\r\n\t\t\t\t<\/p>\r\n\t\t\t<\/td>\r\n\t\t\t<td>\r\n\t\t\t\t<p>\r\n\t\t\t\t\t\u00a0\r\n\t\t\t\t<\/p>\r\n\t\t\t<\/td>\r\n\t\t\t<td>\r\n\t\t\t\t<p>\r\n\t\t\t\t\t\u00a0\r\n\t\t\t\t<\/p>\r\n\t\t\t<\/td>\r\n\t\t\t<td>\r\n\t\t\t\t<p>\r\n\t\t\t\t\t1500\r\n\t\t\t\t<\/p>\r\n\t\t\t<\/td>\r\n\t\t\t<td>\r\n\t\t\t\t<p>\r\n\t\t\t\t\t1500\r\n\t\t\t\t<\/p>\r\n\t\t\t<\/td>\r\n\t\t<\/tr>\r\n\t\t<tr>\r\n\t\t\t<td>\r\n\t\t\t\t<p>\r\n\t\t\t\t\tKOKKU\r\n\t\t\t\t<\/p>\r\n\t\t\t<\/td>\r\n\t\t\t<td>\r\n\t\t\t\t<p>\r\n\t\t\t\t\t\u00a0\r\n\t\t\t\t<\/p>\r\n\t\t\t<\/td>\r\n\t\t\t<td>\r\n\t\t\t\t<p>\r\n\t\t\t\t\t5450\r\n\t\t\t\t<\/p>\r\n\t\t\t<\/td>\r\n\t\t\t<td>\r\n\t\t\t\t<p>\r\n\t\t\t\t\t3100\r\n\t\t\t\t<\/p>\r\n\t\t\t<\/td>\r\n\t\t\t<td>\r\n\t\t\t\t<p>\r\n\t\t\t\t\t1050\r\n\t\t\t\t<\/p>\r\n\t\t\t<\/td>\r\n\t\t\t<td>\r\n\t\t\t\t<p>\r\n\t\t\t\t\t10000\r\n\t\t\t\t<\/p>\r\n\t\t\t<\/td>\r\n\t\t<\/tr>\r\n\t<\/tbody>\r\n<\/table>\r\n\r\n<p>\r\n\tTabelis 3. toodud investeeringud kantakse Investeeringute alla reale Seadmed ja m\u00f6\u00f6bel.\r\n<\/p>\r\n\r\n<p>\r\n\tKuna meeskond planeerib s\u00fclearvutitaskute m\u00fc\u00fcgiga esialgu ise tegeleda, siis on teise kuluna toodud kodulehe ja veebipoe loomise kulu, mis tellitakse t\u00f6\u00f6na sisse vastavalt ettev\u00f5ttelt.\r\n<\/p>\r\n\r\n<p>\r\n\tTabel 3. Taskur O\u00dc eelarves kajastatud investeeringud\r\n<\/p>\r\n\r\n<p>\r\n\t<img loading=\"lazy\" decoding=\"async\" alt=\"joonis10\" data-file_info=\"%7B%22fid%22:%2266259%22,%22view_mode%22:%22default%22,%22type%22:%22media%22%7D\" height=\"95\" src=\"https:\/\/sisu.ut.ee\/wp-content\/uploads\/sites\/528\/joonis10.png\" title=\"\" width=\"1151\">Kokku on investeeringukulusid 10 600\u20ac eest.\r\n<\/p>\r\n\r\n<hr>\r\n<p>\r\n\t<img loading=\"lazy\" decoding=\"async\" alt=\"ylesanne\" data-file_info=\"%7B%22fid%22:65948,%22view_mode%22:%22default%22,%22type%22:%22media%22%7D\" height=\"32\" src=\"https:\/\/sisu.ut.ee\/wp-content\/uploads\/sites\/528\/ulesanne.png\" title=\"\" width=\"32\"><span style=\"color:#e31c79\">\u00a0<strong>Harjutus\u00fclesanne<\/strong><\/span>\r\n<\/p>\r\n\r\n<div class=\"h5p-iframe-wrapper\"><div class=\"video-placeholder-wrapper video-placeholder-wrapper--fixed\" style=\"height: 366px;\">\n\t\t\t    <div class=\"video-placeholder d-flex justify-content-center align-items-center\">\n\t\t\t        <div class=\"overlay text-white p-2 w-100 text-center d-block justify-content-center align-items-center\">\n\t\t\t            <div>Kolmandate osapoolte sisu n\u00e4gemiseks palun n\u00f5ustu k\u00fcpsistega.<\/div>\n\t\t\t            <button class=\"btn btn-secondary btn-sm mt-1 consent-change\">Muuda n\u00f5usolekut<\/button>\n\t\t\t        <\/div>\n\t\t\t    <\/div>\n\t\t\t<\/div>\n<\/div>\r\n","protected":false},"excerpt":{"rendered":"<p>\u00a0N\u00e4idisjuhtumi 4. osa Taskur O\u00dc on varasemalt v\u00e4lja arvestanud k\u00e4ivituskulude suuruse ja alustavad eelarve t\u00e4itmist vajalike k\u00e4ivituskulude sisse kandmisega. K\u00e4ivituskulud on toodud tabelis 2. Kuna Taskuri meeskond taotles Starditoetust, siis on Tabelis 2. toodust on maha arvestatud rent, kangad\u00a0ja muud &#8230;<\/p>\n","protected":false},"author":263,"featured_media":0,"parent":0,"menu_order":0,"comment_status":"closed","ping_status":"closed","template":"","meta":{"_acf_changed":false,"inline_featured_image":false,"footnotes":""},"class_list":["post-19","page","type-page","status-publish","hentry"],"acf":[],"_links":{"self":[{"href":"https:\/\/sisu.ut.ee\/edujategu4\/wp-json\/wp\/v2\/pages\/19","targetHints":{"allow":["GET"]}}],"collection":[{"href":"https:\/\/sisu.ut.ee\/edujategu4\/wp-json\/wp\/v2\/pages"}],"about":[{"href":"https:\/\/sisu.ut.ee\/edujategu4\/wp-json\/wp\/v2\/types\/page"}],"author":[{"embeddable":true,"href":"https:\/\/sisu.ut.ee\/edujategu4\/wp-json\/wp\/v2\/users\/263"}],"replies":[{"embeddable":true,"href":"https:\/\/sisu.ut.ee\/edujategu4\/wp-json\/wp\/v2\/comments?post=19"}],"version-history":[{"count":4,"href":"https:\/\/sisu.ut.ee\/edujategu4\/wp-json\/wp\/v2\/pages\/19\/revisions"}],"predecessor-version":[{"id":158,"href":"https:\/\/sisu.ut.ee\/edujategu4\/wp-json\/wp\/v2\/pages\/19\/revisions\/158"}],"wp:attachment":[{"href":"https:\/\/sisu.ut.ee\/edujategu4\/wp-json\/wp\/v2\/media?parent=19"}],"curies":[{"name":"wp","href":"https:\/\/api.w.org\/{rel}","templated":true}]}}