{"id":18,"date":"2024-04-04T07:34:21","date_gmt":"2024-04-04T04:34:21","guid":{"rendered":"https:\/\/sisu.ut.ee\/edujategu4\/naidisjuhtumi-3-osa\/"},"modified":"2024-04-17T15:37:17","modified_gmt":"2024-04-17T12:37:17","slug":"naidisjuhtumi-3-osa","status":"publish","type":"page","link":"https:\/\/sisu.ut.ee\/edujategu4\/naidisjuhtumi-3-osa\/","title":{"rendered":"N\u00e4idisjuhtumi 3. osa"},"content":{"rendered":"<h2>\r\n\t<img loading=\"lazy\" decoding=\"async\" alt=\"ylesanne\" data-file_info=\"%7B%22fid%22:65948,%22view_mode%22:%22default%22,%22type%22:%22media%22%7D\" height=\"32\" src=\"https:\/\/sisu.ut.ee\/wp-content\/uploads\/sites\/528\/ulesanne.png\" title=\"\" width=\"32\">\u00a0<span style=\"color:#e31c79\">N\u00e4idisjuhtumi 3. osa<\/span>\r\n<\/h2>\r\n\r\n<p>\r\n\tTaskuri meeskond on registreerinud ettev\u00f5tte ja soetanud t\u00f6\u00f6ks vajalikud vahendid vastavalt koostatud aja- ja tegevuskavale. Alates veebruari l\u00f5pust 2022 on toimunud tootmistegevus: valminud on 4 erinevat disaini, iga\u00fchel 4 peamist v\u00e4rvivalikut. Tooted olid planeeritud m\u00fc\u00fcgile tuua m\u00e4rtsi l\u00f5pust, mil on l\u00f5petatud k\u00f5ik k\u00e4ivitusperioodi tegevused ja kohale j\u00f5udnud viimased m\u00f6\u00f6bel, seadmed ja vahendid. Veebipoe tegevuses leiti aga tehniline t\u00f5rge, mille k\u00f5rvaldamisega tegeleti 2. aprillini 2022 ning 3. aprillil 2022 teostati esimesed m\u00fc\u00fcgitehingud.\r\n<\/p>\r\n\r\n<p>\r\n\tEttev\u00f5tte tulud laekuvad s\u00fclearvuti taskute m\u00fc\u00fcgist. Saadav tulu peab \u00e4ra katma tekkivad kulud ning \u00fcheks oluliseks kriteeriumiks on toodete hind.\r\n<\/p>\r\n\r\n<hr>\r\n<p>\r\n\t<strong><span style=\"color:#e31c79\"><img loading=\"lazy\" decoding=\"async\" alt=\"test\" class=\"\" data-file_info=\"%7B%22fid%22:65955,%22view_mode%22:%22default%22,%22type%22:%22media%22%7D\" height=\"32\" src=\"https:\/\/sisu.ut.ee\/wp-content\/uploads\/sites\/528\/test.png\" title=\"\" width=\"32\">\u00a0\u00dclesanne<\/span><\/strong>\r\n<\/p>\r\n\r\n<div class=\"h5p-iframe-wrapper\"><div class=\"video-placeholder-wrapper video-placeholder-wrapper--fixed\" style=\"height: 366px;\">\n\t\t\t    <div class=\"video-placeholder d-flex justify-content-center align-items-center\">\n\t\t\t        <div class=\"overlay text-white p-2 w-100 text-center d-block justify-content-center align-items-center\">\n\t\t\t            <div>Kolmandate osapoolte sisu n\u00e4gemiseks palun n\u00f5ustu k\u00fcpsistega.<\/div>\n\t\t\t            <button class=\"btn btn-secondary btn-sm mt-1 consent-change\">Muuda n\u00f5usolekut<\/button>\n\t\t\t        <\/div>\n\t\t\t    <\/div>\n\t\t\t<\/div>\n<\/div>\r\n\r\n\r\n","protected":false},"excerpt":{"rendered":"<p>\u00a0N\u00e4idisjuhtumi 3. osa Taskuri meeskond on registreerinud ettev\u00f5tte ja soetanud t\u00f6\u00f6ks vajalikud vahendid vastavalt koostatud aja- ja tegevuskavale. Alates veebruari l\u00f5pust 2022 on toimunud tootmistegevus: valminud on 4 erinevat disaini, iga\u00fchel 4 peamist v\u00e4rvivalikut. Tooted olid planeeritud m\u00fc\u00fcgile tuua m\u00e4rtsi &#8230;<\/p>\n","protected":false},"author":263,"featured_media":0,"parent":0,"menu_order":0,"comment_status":"closed","ping_status":"closed","template":"","meta":{"_acf_changed":false,"inline_featured_image":false,"footnotes":""},"class_list":["post-18","page","type-page","status-publish","hentry"],"acf":[],"_links":{"self":[{"href":"https:\/\/sisu.ut.ee\/edujategu4\/wp-json\/wp\/v2\/pages\/18","targetHints":{"allow":["GET"]}}],"collection":[{"href":"https:\/\/sisu.ut.ee\/edujategu4\/wp-json\/wp\/v2\/pages"}],"about":[{"href":"https:\/\/sisu.ut.ee\/edujategu4\/wp-json\/wp\/v2\/types\/page"}],"author":[{"embeddable":true,"href":"https:\/\/sisu.ut.ee\/edujategu4\/wp-json\/wp\/v2\/users\/263"}],"replies":[{"embeddable":true,"href":"https:\/\/sisu.ut.ee\/edujategu4\/wp-json\/wp\/v2\/comments?post=18"}],"version-history":[{"count":4,"href":"https:\/\/sisu.ut.ee\/edujategu4\/wp-json\/wp\/v2\/pages\/18\/revisions"}],"predecessor-version":[{"id":157,"href":"https:\/\/sisu.ut.ee\/edujategu4\/wp-json\/wp\/v2\/pages\/18\/revisions\/157"}],"wp:attachment":[{"href":"https:\/\/sisu.ut.ee\/edujategu4\/wp-json\/wp\/v2\/media?parent=18"}],"curies":[{"name":"wp","href":"https:\/\/api.w.org\/{rel}","templated":true}]}}