{"id":17,"date":"2024-04-04T07:34:20","date_gmt":"2024-04-04T04:34:20","guid":{"rendered":"https:\/\/sisu.ut.ee\/edujategu4\/naidisjuhtumi-2-osa\/"},"modified":"2024-04-17T15:36:57","modified_gmt":"2024-04-17T12:36:57","slug":"naidisjuhtumi-2-osa","status":"publish","type":"page","link":"https:\/\/sisu.ut.ee\/edujategu4\/naidisjuhtumi-2-osa\/","title":{"rendered":"N\u00e4idisjuhtumi 2. osa"},"content":{"rendered":"<h2>\r\n\t<span style=\"color:#e31c79\"><img loading=\"lazy\" decoding=\"async\" alt=\"ylesanne\" data-file_info=\"%7B%22fid%22:65948,%22view_mode%22:%22default%22,%22type%22:%22media%22%7D\" height=\"32\" src=\"https:\/\/sisu.ut.ee\/wp-content\/uploads\/sites\/528\/ulesanne.png\" title=\"\" width=\"32\">\u00a0<strong>N\u00e4idisjuhtumi 2. osa<\/strong><\/span>\r\n<\/h2>\r\n\r\n<p>\r\n\tTaskuri meeskond otsustab peale esmase aja- ja tegevuskava valmimist vaadelda <a data-url=\"https:\/\/www.eesti.ee\/et\/ettevotlus\/rahastamine\/toetused-alustavale-ettevotjale\" href=\"https:\/\/www.eesti.ee\/et\/ettevotlus\/rahastamine\/toetused-alustavale-ettevotjale\" target=\"_blank\" title=\"\" rel=\"noopener\">eesti.ee veebilehelt<\/a> saadavalolevaid toetuseid. Vaatluse alla j\u00e4id j\u00e4rgnevad toetusv\u00f5imalused:\r\n<\/p>\r\n\r\n<ul>\r\n\t<li>\r\n\t\t<b>Starditoetus <\/b>(RIK), mis on m\u00f5eldud alustavale ettev\u00f5ttele, mis on alla 24 kuu vana.\r\n\t<\/li>\r\n<\/ul>\r\n\r\n<p>\r\n\tLink: <a data-url=\"https:\/\/www.rtk.ee\/toetused\/toetuste-rakendamine\/ettevotluskeskkond\/starditoetus\" href=\"https:\/\/www.rtk.ee\/toetused\/toetuste-rakendamine\/ettevotluskeskkond\/starditoetus\" target=\"_blank\" title=\"\" rel=\"noopener\">https:\/\/www.rtk.ee\/toetused\/toetuste-rakendamine\/ettevotluskeskkond\/starditoetus<\/a>\r\n<\/p>\r\n\r\n<p>\r\n\tMaksimaalne toetussumma kuni 15 000 eurot, minimaalne omaosalus 20%.\r\n<\/p>\r\n\r\n<ul>\r\n\t<li>\r\n\t\t<b>Ettev\u00f5tluse alustamise toetus<\/b> (Eesti T\u00f6\u00f6tukassa), mis on suunatud t\u00f6\u00f6tule ettev\u00f5tlusega alustamiseks.\r\n\t<\/li>\r\n<\/ul>\r\n\r\n<p>\r\n\tLink: <a data-url=\"https:\/\/www.tootukassa.ee\/content\/teenused\/ettevotluse-alustamise-toetus\" href=\"https:\/\/www.tootukassa.ee\/content\/teenused\/ettevotluse-alustamise-toetus\" target=\"_blank\" title=\"\" rel=\"noopener\">https:\/\/www.tootukassa.ee\/content\/teenused\/ettevotluse-alustamise-toetus<\/a>\r\n<\/p>\r\n\r\n<p>\r\n\tMaksimaalne toetussumma kuni 6000 eurot, omaosaluse kohustus puudub.\r\n<\/p>\r\n\r\n<ul>\r\n\t<li>\r\n\t\t<b>Leader meetme raames jaotatav toetus <\/b>(PRIA), mis on suunatud eelk\u00f5ige maapiirkonnas tegutsevatele ettev\u00f5tjatele\r\n\t<\/li>\r\n<\/ul>\r\n\r\n<p>\r\n\tLink: <a data-url=\"https:\/\/www.pria.ee\/toetused\/leader-meetme-raames-antav-projektitoetus\" href=\"https:\/\/www.pria.ee\/toetused\/leader-meetme-raames-antav-projektitoetus\" target=\"_blank\" title=\"\" rel=\"noopener\">https:\/\/www.pria.ee\/toetused\/leader-meetme-raames-antav-projektitoetus<\/a>\r\n<\/p>\r\n\r\n<p>\r\n\tMaksimaalne toetussumma kuni 200 000 eurot, minimaalne omaosalus ettev\u00f5tjale 40%.\r\n<\/p>\r\n\r\n<p>\r\n\tTaskuri meeskonnale on sobivaim toetusmeede Starditoetus. Kuigi Mark on antud hetkel t\u00f6\u00f6tu ja T\u00f6\u00f6tukassas t\u00f6\u00f6tuna arvel, on ettev\u00f5te juba loodud ja sellega ei vastata enam meetme tingimustele. Leader meede on k\u00fcll avatud, kuid tegevuspaigaks valitakse v\u00e4lja Tartu linn, mis ei ole aga maapiirkond.\r\n<\/p>\r\n\r\n<hr>\r\n<p>\r\n\tIga meetme puhul on oluline vaadelda ka toetavaid tegevusi ja n\u00f5udeid, mis sellega kaasnevad. N\u00e4iteks Starditoetuse puhul toetatakse:\r\n<\/p>\r\n\r\n<p>\r\n\t\u2013 materiaalse p\u00f5hivara soetamist (soetushind v\u00e4hemalt 100 eurot ja kasutusiga min. 3 aastat);\r\n<\/p>\r\n\r\n<p>\r\n\t\u2013 transport, seadistamine ja paigaldus;\r\n<\/p>\r\n\r\n<p>\r\n\t\u2013 turundus (korraldatud turundusteenuste pakkuja poolt);\r\n<\/p>\r\n\r\n<p>\r\n\t\u2013 rakendustarkvara soetamine ja arendamine;\r\n<\/p>\r\n\r\n<p>\r\n\t\u2013 personalikulu (lepinguline t\u00f6\u00f6j\u00f5ukulu maksimaalselt 50% taotluse rahuldamise otsusega m\u00e4\u00e4ratud toetusest).\r\n<\/p>\r\n\r\n<p>\r\n\tSeega ei ole k\u00e4ivituskulude all toodud k\u00f5ik kulud abik\u00f5lblikud (nt. ruumide rent ja remont, v\u00e4ikevahendid ja kangad). Abik\u00f5lblikud kulud on \u00f5mblusmasinate (1700\u20ac), overlocki (1350\u20ac), v\u00e4ikeseadmete (800\u20ac), t\u00f6\u00f6toolide (350\u20ac), t\u00f6\u00f6koja ja kontori m\u00f6\u00f6bli (1500\u20ac+1000\u20ac), printeri ja telefoni (550\u20ac) ning arvuti koos tarkvaraga (1250\u20ac) soetamise kulud. Seega kokku kulusid 8400\u20ac v\u00e4\u00e4ringus. Meeskond avastas, et nad ei ole veel m\u00f5elnud turundus- ja palgakuludele. Turunduskulude osas otsustati tellida turundusettev\u00f5ttelt turunduskampaania, t\u00f6\u00f6j\u00f5ukulude osas aga siduda osakoormusega t\u00f6\u00f6lepingu Margiga, kellel esimestel kuudel on v\u00e4ga pingeline t\u00f6\u00f6. Nad lisasid taotlusesse j\u00e4rgmised kulud:\r\n<\/p>\r\n\r\n<ul>\r\n\t<li>\r\n\t\tturunduskampaania korraldus (tellitud juriidiliselt ettev\u00f5ttelt) 1500\u20ac\r\n\t<\/li>\r\n\t<li>\r\n\t\tMargi esimese kuue kuu t\u00f6\u00f6tasu (koormus 0,5) alates juulist 2022 (6 x 969\u20ac, st. 724\u20ac brutotasuna).\r\n\t<\/li>\r\n<\/ul>\r\n\r\n<p>\r\n\tSeega on l\u00f5plik summa 15 812\u20ac, mida saab kirjutada taotlusesse 12 649\u20ac.\r\n<\/p>\r\n\r\n<hr>\r\n<p>\r\n\t<span style=\"color:#e31c79\"><img loading=\"lazy\" decoding=\"async\" alt=\"test\" data-file_info=\"%7B%22fid%22:65955,%22view_mode%22:%22default%22,%22type%22:%22media%22%7D\" height=\"32\" src=\"https:\/\/sisu.ut.ee\/wp-content\/uploads\/sites\/528\/test.png\" title=\"\" width=\"32\">\u00a0\u00dclesanne<\/span>\r\n<\/p>\r\n\r\n<p>\r\n\tTaskur O\u00dc meeskond on ettev\u00f5tt k\u00e4ivitamiseks planeerinud taotleda Starditoetust (https:\/\/www.rtk.ee\/toetused\/toetuste-rakendamine\/ettevotluskeskkond\/starditoetus) k\u00e4ivituskulude katmiseks summas 16062 eurot. Vaadeldes meetme l\u00fchikirjeldust ja toodud linki koos teadmisega, et meetme raames toetatakse kuni 80% abik\u00f5lbulikest kuludest ja omaosaluse suurus on minimaalselt 20%.\r\n<\/p>\r\n\r\n<div class=\"h5p-iframe-wrapper\"><div class=\"video-placeholder-wrapper video-placeholder-wrapper--fixed\" style=\"height: 366px;\">\n\t\t\t    <div class=\"video-placeholder d-flex justify-content-center align-items-center\">\n\t\t\t        <div class=\"overlay text-white p-2 w-100 text-center d-block justify-content-center align-items-center\">\n\t\t\t            <div>Kolmandate osapoolte sisu n\u00e4gemiseks palun n\u00f5ustu k\u00fcpsistega.<\/div>\n\t\t\t            <button class=\"btn btn-secondary btn-sm mt-1 consent-change\">Muuda n\u00f5usolekut<\/button>\n\t\t\t        <\/div>\n\t\t\t    <\/div>\n\t\t\t<\/div>\n<\/div>\r\n","protected":false},"excerpt":{"rendered":"<p>\u00a0N\u00e4idisjuhtumi 2. osa Taskuri meeskond otsustab peale esmase aja- ja tegevuskava valmimist vaadelda eesti.ee veebilehelt saadavalolevaid toetuseid. Vaatluse alla j\u00e4id j\u00e4rgnevad toetusv\u00f5imalused: Starditoetus (RIK), mis on m\u00f5eldud alustavale ettev\u00f5ttele, mis on alla 24 kuu vana. Link: https:\/\/www.rtk.ee\/toetused\/toetuste-rakendamine\/ettevotluskeskkond\/starditoetus Maksimaalne toetussumma kuni &#8230;<\/p>\n","protected":false},"author":263,"featured_media":0,"parent":0,"menu_order":0,"comment_status":"closed","ping_status":"closed","template":"","meta":{"_acf_changed":false,"inline_featured_image":false,"footnotes":""},"class_list":["post-17","page","type-page","status-publish","hentry"],"acf":[],"_links":{"self":[{"href":"https:\/\/sisu.ut.ee\/edujategu4\/wp-json\/wp\/v2\/pages\/17","targetHints":{"allow":["GET"]}}],"collection":[{"href":"https:\/\/sisu.ut.ee\/edujategu4\/wp-json\/wp\/v2\/pages"}],"about":[{"href":"https:\/\/sisu.ut.ee\/edujategu4\/wp-json\/wp\/v2\/types\/page"}],"author":[{"embeddable":true,"href":"https:\/\/sisu.ut.ee\/edujategu4\/wp-json\/wp\/v2\/users\/263"}],"replies":[{"embeddable":true,"href":"https:\/\/sisu.ut.ee\/edujategu4\/wp-json\/wp\/v2\/comments?post=17"}],"version-history":[{"count":4,"href":"https:\/\/sisu.ut.ee\/edujategu4\/wp-json\/wp\/v2\/pages\/17\/revisions"}],"predecessor-version":[{"id":156,"href":"https:\/\/sisu.ut.ee\/edujategu4\/wp-json\/wp\/v2\/pages\/17\/revisions\/156"}],"wp:attachment":[{"href":"https:\/\/sisu.ut.ee\/edujategu4\/wp-json\/wp\/v2\/media?parent=17"}],"curies":[{"name":"wp","href":"https:\/\/api.w.org\/{rel}","templated":true}]}}