{"id":16,"date":"2024-04-04T07:34:20","date_gmt":"2024-04-04T04:34:20","guid":{"rendered":"https:\/\/sisu.ut.ee\/edujategu4\/32-kulud-2\/"},"modified":"2024-04-17T15:50:08","modified_gmt":"2024-04-17T12:50:08","slug":"32-kulud-2","status":"publish","type":"page","link":"https:\/\/sisu.ut.ee\/edujategu4\/32-kulud-2\/","title":{"rendered":"3.2 KULUD (2)"},"content":{"rendered":"<h1 class=\"wp-block-heading\"><img loading=\"lazy\" decoding=\"async\" title=\"sissejuhatus_01.png\" width=\"40\" height=\"40\" class=\"alignnone wp-image-21\" src=\"https:\/\/sisu.ut.ee\/wp-content\/uploads\/sites\/507\/sissejuhatus_01.png\" alt=\"sissejuhatus\"> <span style=\"color: #28aae1;\">KULUD (2)<\/span><\/h1>\n\n<p>\n\t<span style=\"color:#e1cd00\"><img loading=\"lazy\" decoding=\"async\" alt=\"uus\" data-file_info=\"%7B%22fid%22:65947,%22view_mode%22:%22default%22,%22type%22:%22media%22%7D\" height=\"32\" src=\"https:\/\/sisu.ut.ee\/wp-content\/uploads\/sites\/528\/uued_moisted.png\" title=\"\" width=\"32\">\u00a0<b>3.3\u00a0Palk<\/b><\/span>\n<\/p>\n\n<p>\n\tT\u00f6\u00f6j\u00f5ukulu olulisema osa moodustab palgakulu. T\u00f6\u00f6andja kehtestab T\u00f6\u00f6lepingu seadusest (<a href=\"https:\/\/www.riigiteataja.ee\/akt\/13120899\">https:\/\/www.riigiteataja.ee\/akt\/13120899<\/a>) ja Palgaseadusest (<a href=\"https:\/\/www.riigiteataja.ee\/akt\/13100033\">https:\/\/www.riigiteataja.ee\/akt\/13100033<\/a>) tulenevalt:\n<\/p>\n\n<ul>\n\t<li>\n\t\tPalga koosnemise p\u00f5hipalgast, lisatasudest, preemiatest ja juuremaksetest;\n\t<\/li>\n\t<li>\n\t\tPalga kujunemise vastavalt kindlaks m\u00e4\u00e4ratud tunni-, p\u00e4eva-, n\u00e4dala- v\u00f5i kuupalgam\u00e4\u00e4ra alusel arvutatud palgale.\n\t<\/li>\n<\/ul>\n\n<p>\n\t<b>Palk<\/b> on tasu, mida t\u00f6\u00f6andja maksab t\u00f6\u00f6tajale t\u00f6\u00f6 eest vastavalt t\u00f6\u00f6lepingule v\u00f5i \u00f5igusaktile, samuti muudel \u00f5igusakti, kollektiiv- v\u00f5i t\u00f6\u00f6lepinguga etten\u00e4htud juhtudel.\n<\/p>\n\n<p>\n\tPalga arvutamisel on l\u00e4htutakse seadusest tulenevatest maksudest ja maksetest.\n<\/p>\n\n<hr>\n<p>\n\tT\u00f6\u00f6tajaga s\u00f5lmitavasse t\u00f6\u00f6lepingusse lisatakse summa <b>1000 eurot\/kuus brutotasuna<\/b>, mis t\u00e4hendab, et ettev\u00f5tjal tuleb juurde maksta:\n<\/p>\n\n<p align=\"center\">\n\tsotsiaalmaksu <b>(33%)<\/b>, antud juhul <b>330,00 eurot<\/b>; ja\n<\/p>\n\n<p align=\"center\">\n\tt\u00f6\u00f6andja t\u00f6\u00f6tuskindlustusmakse <b>(0,8%)<\/b> ehk <b>8,00 eurot<\/b>.\n<\/p>\n\n<p>\n\tBrutosummalt (1000 eurolt) tuleb kinni pidada:\n<\/p>\n\n<p align=\"center\">\n\tpensionikindlustusmakse <b>2%<\/b> brutosummalt ehk antud juhul <b>20<\/b> eurot;\n<\/p>\n\n<p align=\"center\">\n\tt\u00f6\u00f6taja t\u00f6\u00f6tuskindlustusmakse <b>1,6%<\/b> brutosummalt, antud juhul <b>16 eurot<\/b>;\n<\/p>\n\n<p align=\"center\">\n\ttulumaks <b>20%<\/b> peale lubatud mahaarvamisi\n<\/p>\n\n<p align=\"center\">\n\tVALEM: <b>(brutosumma \u2013 pensionikindlustusmakse \u2013 t\u00f6\u00f6taja t\u00f6\u00f6tuskindlustusmakse \u2013 tulumaksuvaba miinimum) *20%<\/b>\n<\/p>\n\n<p>\n\tTulumaksuvaba miinimum on kuni 6000 eurot\/aastas ehk kuni 500 eurot\/kuus.\n<\/p>\n\n<p>\n\tSeega, v\u00f5ttes arvesse eelnevalt v\u00e4lja toodud arvestust on Karli netotasuks:\n<\/p>\n\n<p align=\"center\">\n\t1000 \u2013 20 (pensionikindlustusmakse) \u2013 16 (t\u00f6\u00f6tuskindlustusmakse) \u2013 92,80 (tulumaks) = <b>871,20 <\/b>eurot.\n<\/p>\n\n<p>\n\tEttev\u00f5te peab riigile tasuma 10. kuup\u00e4evaks:\n<\/p>\n\n<ul>\n\t<li>\n\t\tSotsiaalmaksu (33% ehk 330,00 eurot);\n\t<\/li>\n\t<li>\n\t\tT\u00f6\u00f6tuskindlustusmakse (0,8% +1,6 % ehk 24 eurot);\n\t<\/li>\n\t<li>\n\t\tPensionikindlustusmakse (2 % ehk 20 eurot);\n\t<\/li>\n\t<li>\n\t\tTulumaksu (20 % ehk 92,80 eurot)\n\t<\/li>\n<\/ul>\n\n<p>\n\tKokku tuleb maksta EMTA-le: <b>466,80<\/b> eurot\n<\/p>\n\n<p>\n\tKulu t\u00f6\u00f6andjale on 1000 eurose brutopalga juures\n<\/p>\n\n<p align=\"center\">\n\t<b>871,20 (netopalk)+466,80 (maksud) =1338,00 eurot<\/b>.\n<\/p>\n\n<p>\n\tAlates jaanuarist 2021 j\u00f5ustus Eestis pensionireform, mis muutis pensionikindlustusmakse tegemise korda. Enne palgaarvestust tuleb sellega arvestada! Vaata l\u00e4hemat informatsiooni: <a href=\"https:\/\/www.pensionikeskus.ee\/pensionireform-2021\/\">https:\/\/www.pensionikeskus.ee\/pensionireform-2021\/<\/a>\n<\/p>\n\n<p>\n\tEttev\u00f5tte eelarvesse lisatakse palk t\u00f6\u00f6andja kuluna!\n<\/p>\n\n<hr>\n<p>\n\t<img loading=\"lazy\" decoding=\"async\" alt=\"test\" data-file_info=\"%7B%22fid%22:65955,%22view_mode%22:%22default%22,%22type%22:%22media%22%7D\" height=\"32\" src=\"https:\/\/sisu.ut.ee\/wp-content\/uploads\/sites\/528\/test.png\" title=\"\" width=\"32\"><span style=\"color:#e31c79\">\u00a0\u00dclesanne 3.3<\/span>\n<\/p>\n\n<div class=\"h5p-iframe-wrapper\"><div class=\"video-placeholder-wrapper video-placeholder-wrapper--fixed\" style=\"height: 366px;\">\n\t\t\t    <div class=\"video-placeholder d-flex justify-content-center align-items-center\">\n\t\t\t        <div class=\"overlay text-white p-2 w-100 text-center d-block justify-content-center align-items-center\">\n\t\t\t            <div>Kolmandate osapoolte sisu n\u00e4gemiseks palun n\u00f5ustu k\u00fcpsistega.<\/div>\n\t\t\t            <button class=\"btn btn-secondary btn-sm mt-1 consent-change\">Muuda n\u00f5usolekut<\/button>\n\t\t\t        <\/div>\n\t\t\t    <\/div>\n\t\t\t<\/div>\n<\/div>\n\n<hr>\n<p>\n\t<img loading=\"lazy\" decoding=\"async\" alt=\"uus\" data-file_info=\"%7B%22fid%22:65947,%22view_mode%22:%22default%22,%22type%22:%22media%22%7D\" height=\"32\" src=\"https:\/\/sisu.ut.ee\/wp-content\/uploads\/sites\/528\/uued_moisted.png\" title=\"\" width=\"32\">\u00a0<span style=\"color:#e1cd00\"><b>3.4 Amortisatsioon<\/b> ehk <b>amortiseerimine<\/b><\/span> on p\u00f5hivahendite (tootmishooned, seadmed ja masinad) <a href=\"https:\/\/et.wikipedia.org\/wiki\/V%C3%A4%C3%A4rtus\" title=\"V\u00e4\u00e4rtus\">v\u00e4\u00e4rtuse<\/a> j\u00e4rkj\u00e4rguline kandmine nende abil valmistatud <a href=\"https:\/\/et.wikipedia.org\/wiki\/Toodang\" title=\"Toodang\">toodangu<\/a> v\u00e4\u00e4rtusse.\n<\/p>\n\n<p>\n\t<b>Amortiseerumine<\/b> on rajatiste, <a href=\"https:\/\/et.wikipedia.org\/wiki\/Tehnika\" title=\"Tehnika\">tehniliste seadmete<\/a> ja muude t\u00f6\u00f6vahendite kulumine, mist\u00f5ttu nende v\u00e4\u00e4rtus aja jooksul langeb. Amortisatsiooni tuleb arvestada nagu k\u00f5iki kulusid ettev\u00f5tluses, olgugi, et rahalisi tehinguid ei toimu.\n<\/p>\n\n<p>\n\tAmortisatsiooni arvestatakse amortisatsiooninormide alusel, mis j\u00e4\u00e4b keskmiselt 8-20% vahele aastas, t\u00e4psemalt:\n<\/p>\n\n<ul>\n\t<li>\n\t\tHooned (1,5 \u2013 3%)\n\t<\/li>\n\t<li>\n\t\tElektrimootorid ( 4-10%)\n\t<\/li>\n\t<li>\n\t\tT\u00f6\u00f6stus- ja majandusinventar (5-30%)\n\t<\/li>\n\t<li>\n\t\tKaubanduse ja toitlustuse seadmed (10-20%)\n\t<\/li>\n\t<li>\n\t\tSidetehnika (5-20%)\n\t<\/li>\n\t<li>\n\t\tArvutitehnika (4-20%)\n\t<\/li>\n\t<li>\n\t\tAutod ja haagised (10-20%)\n\t<\/li>\n<\/ul>\n\n<hr>\n<p>\n\t<span style=\"color:#e1cd00\"><img loading=\"lazy\" decoding=\"async\" alt=\"uus\" data-file_info=\"%7B%22fid%22:65947,%22view_mode%22:%22default%22,%22type%22:%22media%22%7D\" height=\"32\" src=\"https:\/\/sisu.ut.ee\/wp-content\/uploads\/sites\/528\/uued_moisted.png\" title=\"\" width=\"32\">\u00a0<b>3.5 K\u00e4ibemaks<\/b><\/span>\n<\/p>\n\n<p>\n\tK\u00e4ibemaksuga maksustatakse ettev\u00f5tluse k\u00e4igus m\u00fc\u00fcdavaid kaupu ja teenuseid, kauba importi riikidest v\u00e4ljaspool Euroopa Liitu ja kaupade soetamist Euroopa Liidu riikidest ning teenuste saamist v\u00e4lisriigi ettev\u00f5tjatelt.\n<\/p>\n\n<p>\n\tK\u00e4ibemaks on lisandunud v\u00e4\u00e4rtuse maks ja selle tasub l\u00f5pptarbija.\n<\/p>\n\n<p>\n\t<b>K\u00e4ibemaksukohustuslaseks registreerimine<\/b>\n<\/p>\n\n<p>\n\tKui ettev\u00f5tte maksustatav aastak\u00e4ive kalendriaasta algusest arvates \u00fcletab 40 000 eurot aastas, tuleb ettev\u00f5te registreerida maksu- ja tolliametis k\u00e4ibemaksukohustuslasena. Kui k\u00e4ive on v\u00e4iksem, pole registreerimine kohustuslik.\n<\/p>\n\n<p>\n\t<b>K\u00e4ibemaksum\u00e4\u00e4rad<\/b>\n<\/p>\n\n<p>\n\t0% kehtib mitmetele kaupadele ja teenustele, sh. eksporditavale kaubale, teise ELi liikmesriigi maksukohustuslasele osutatavale konsultatsiooniteenusele, rahvusvahelises liikluses kasutatavatele vee- ja \u00f5hus\u00f5idukitele.\n<\/p>\n\n<p>\n\t9% m\u00e4\u00e4raga maksustatakse tr\u00fckitud raamatud ja \u00f5ppet\u00f6\u00f6ks kasutatavad t\u00f6\u00f6vihikud, tr\u00fckitud perioodilised v\u00e4ljaanded, majutusteenused ning sotsiaalministeeriumi poolt m\u00e4\u00e4ratud ravimid, sanitaar- ja h\u00fcgieenitooted ning puudega isikutele isiklikuks tarbeks m\u00f5eldud meditsiiniseadmed.\n<\/p>\n\n<p>\n\t20% on k\u00e4ibemaksu \u00fcldine m\u00e4\u00e4r kauba v\u00f5i teenuse maksustatavast v\u00e4\u00e4rtusest.\n<\/p>\n\n<p>\n\tEestis reguleerib k\u00e4ibemaksu K\u00e4ibemaksuseadus <a href=\"https:\/\/www.riigiteataja.ee\/akt\/123022021004\">K\u00e4ibemaksuseadus\u2013Riigi Teataja<\/a>\n<\/p>\n\n<hr>\n<p>\n\t<img loading=\"lazy\" decoding=\"async\" alt=\"test\" data-file_info=\"%7B%22fid%22:65955,%22view_mode%22:%22default%22,%22type%22:%22media%22%7D\" height=\"32\" src=\"https:\/\/sisu.ut.ee\/wp-content\/uploads\/sites\/528\/test.png\" title=\"\" width=\"32\">\u00a0<span style=\"color:#e31c79\">\u00dclesanne 3.3<\/span>\n<\/p>\n\n<div class=\"h5p-iframe-wrapper\"><div class=\"video-placeholder-wrapper video-placeholder-wrapper--fixed\" style=\"height: 366px;\">\n\t\t\t    <div class=\"video-placeholder d-flex justify-content-center align-items-center\">\n\t\t\t        <div class=\"overlay text-white p-2 w-100 text-center d-block justify-content-center align-items-center\">\n\t\t\t            <div>Kolmandate osapoolte sisu n\u00e4gemiseks palun n\u00f5ustu k\u00fcpsistega.<\/div>\n\t\t\t            <button class=\"btn btn-secondary btn-sm mt-1 consent-change\">Muuda n\u00f5usolekut<\/button>\n\t\t\t        <\/div>\n\t\t\t    <\/div>\n\t\t\t<\/div>\n<\/div>\n\n<hr>\n","protected":false},"excerpt":{"rendered":"<p>KULUD (2) \u00a03.3\u00a0Palk T\u00f6\u00f6j\u00f5ukulu olulisema osa moodustab palgakulu. T\u00f6\u00f6andja kehtestab T\u00f6\u00f6lepingu seadusest (https:\/\/www.riigiteataja.ee\/akt\/13120899) ja Palgaseadusest (https:\/\/www.riigiteataja.ee\/akt\/13100033) tulenevalt: Palga koosnemise p\u00f5hipalgast, lisatasudest, preemiatest ja juuremaksetest; Palga kujunemise vastavalt kindlaks m\u00e4\u00e4ratud tunni-, p\u00e4eva-, n\u00e4dala- v\u00f5i kuupalgam\u00e4\u00e4ra alusel arvutatud palgale. Palk on tasu, &#8230;<\/p>\n","protected":false},"author":263,"featured_media":0,"parent":0,"menu_order":0,"comment_status":"closed","ping_status":"closed","template":"","meta":{"_acf_changed":false,"inline_featured_image":false,"footnotes":""},"class_list":["post-16","page","type-page","status-publish","hentry"],"acf":[],"_links":{"self":[{"href":"https:\/\/sisu.ut.ee\/edujategu4\/wp-json\/wp\/v2\/pages\/16","targetHints":{"allow":["GET"]}}],"collection":[{"href":"https:\/\/sisu.ut.ee\/edujategu4\/wp-json\/wp\/v2\/pages"}],"about":[{"href":"https:\/\/sisu.ut.ee\/edujategu4\/wp-json\/wp\/v2\/types\/page"}],"author":[{"embeddable":true,"href":"https:\/\/sisu.ut.ee\/edujategu4\/wp-json\/wp\/v2\/users\/263"}],"replies":[{"embeddable":true,"href":"https:\/\/sisu.ut.ee\/edujategu4\/wp-json\/wp\/v2\/comments?post=16"}],"version-history":[{"count":7,"href":"https:\/\/sisu.ut.ee\/edujategu4\/wp-json\/wp\/v2\/pages\/16\/revisions"}],"predecessor-version":[{"id":177,"href":"https:\/\/sisu.ut.ee\/edujategu4\/wp-json\/wp\/v2\/pages\/16\/revisions\/177"}],"wp:attachment":[{"href":"https:\/\/sisu.ut.ee\/edujategu4\/wp-json\/wp\/v2\/media?parent=16"}],"curies":[{"name":"wp","href":"https:\/\/api.w.org\/{rel}","templated":true}]}}