{"id":15,"date":"2024-04-04T07:34:20","date_gmt":"2024-04-04T04:34:20","guid":{"rendered":"https:\/\/sisu.ut.ee\/edujategu4\/ettevotluse-tugiorganisatsioonid\/"},"modified":"2024-04-17T15:36:33","modified_gmt":"2024-04-17T12:36:33","slug":"ettevotluse-tugiorganisatsioonid","status":"publish","type":"page","link":"https:\/\/sisu.ut.ee\/edujategu4\/ettevotluse-tugiorganisatsioonid\/","title":{"rendered":"Ettev\u00f5tluse tugiorganisatsioonid"},"content":{"rendered":"<p><b><span lang=\"ET\"><span style=\"line-height: 107%;\">Ettev\u00f5tluse tugiorganisatsioonid <\/span><\/span><\/b><span lang=\"ET\"><span style=\"line-height: 107%;\">ehk kust saab tuge ettev\u00f5tlusega alustamisel<\/span><\/span><\/p>\n<p><b><span lang=\"ET\"><span style=\"line-height: 107%;\">Riiklikud organisatsioonid:<\/span><\/span><\/b><\/p>\n<p><span lang=\"ET\"><span style=\"line-height: 107%;\">Riigi Tugiteenuste Keskus <\/span><\/span><a href=\"http:\/\/www.rtk.ee\"><span style=\"line-height: 107%;\">www.rtk.ee<\/span><\/a><\/p>\n<p><span lang=\"ET\"><span style=\"line-height: 107%;\">Ettev\u00f5tluse Arendamise Sihtasutus (EAS) <\/span><\/span><a href=\"http:\/\/www.eas.ee\"><span style=\"line-height: 107%;\">www.eas.ee<\/span><\/a><\/p>\n<p><span lang=\"ET\"><span style=\"line-height: 107%;\">P\u00f5llumajanduse Registrite ja Informatsiooni Amet (PRIA) <\/span><\/span><a href=\"http:\/\/www.pria.ee\"><span style=\"line-height: 107%;\">www.pria.ee<\/span><\/a><\/p>\n<p><span lang=\"ET\"><span style=\"line-height: 107%;\">Maaelu Edendamise Sihtasutus (MES) <\/span><\/span><a href=\"http:\/\/www.mes.ee\"><span style=\"line-height: 107%;\">www.mes.ee<\/span><\/a><\/p>\n<p><span lang=\"ET\"><span style=\"line-height: 107%;\">Keskkonnainvesteeringute Keskus (KIK) <\/span><\/span><a href=\"http:\/\/www.kik.ee\"><span style=\"line-height: 107%;\">www.kik.ee<\/span><\/a><\/p>\n<p><span lang=\"ET\"><span style=\"line-height: 107%;\">T\u00f6\u00f6tukassa <\/span><\/span><a href=\"http:\/\/www.tootukassa.ee\"><span style=\"line-height: 107%;\">www.tootukassa.ee<\/span><\/a><\/p>\n<p><span lang=\"ET\"><span style=\"line-height: 107%;\">KredEx <\/span><\/span><a href=\"http:\/\/www.kredex.ee\"><span style=\"line-height: 107%;\">www.kredex.ee<\/span><\/a><span lang=\"ET\"><span style=\"line-height: 107%;\"> <b>\u00a0<\/b><\/span><\/span><\/p>\n<hr>\n<p><b><span lang=\"ET\"><span style=\"line-height: 107%;\"><span style=\"color: #262626;\">\u00c4rialane n\u00f5ustamine ja \u00fchiskondlikud organisatsioonid<\/span><\/span><\/span><\/b><\/p>\n<p><span lang=\"ET\"><span style=\"line-height: 107%;\">Eesti V\u00e4ike- ja Keskmiste Ettev\u00f5tjate Assotsiatsioon (EVEA) <\/span><\/span><a href=\"http:\/\/www.evea.ee\"><span style=\"line-height: 107%;\">www.evea.ee<\/span><\/a><\/p>\n<p><span lang=\"ET\"><span style=\"line-height: 107%;\">Eesti Kaubandus-T\u00f6\u00f6stuskoda <\/span><\/span><a href=\"http:\/\/www.koda.ee\"><span style=\"line-height: 107%;\">www.koda.ee<\/span><\/a><\/p>\n<p><span lang=\"ET\"><span style=\"line-height: 107%;\">\u00c4rin\u00f5uandlad: Tartu \u00c4rin\u00f5uandla <\/span><\/span><a href=\"http:\/\/www.arinouandla.ee\"><span style=\"line-height: 107%;\">www.arinouandla.ee<\/span><\/a><\/p>\n<p><span lang=\"ET\"><span style=\"line-height: 107%;\">Eelinkubatsioon: Tartu \u00dclikooli sTARTUp Lab <\/span><\/span><a href=\"https:\/\/startuplab.ut.ee\"><span style=\"line-height: 107%;\">https:\/\/startuplab.ut.ee<\/span><\/a><\/p>\n<hr>\n<p><b><span lang=\"ET\"><span style=\"line-height: 107%;\">Inkubaatorid ja kiirendid (vastavalt tegevusvaldkonnale) \u00a0\u00a0\u00a0\u00a0\u00a0\u00a0\u00a0\u00a0 <\/span><\/span><\/b><\/p>\n<p><span lang=\"ET\"><span style=\"line-height: 107%;\">Tartu Teaduspark (kosmosetehnoloogia) <\/span><\/span><a href=\"https:\/\/teaduspark.ee\/\"><span style=\"line-height: 107%;\">https:\/\/teaduspark.ee\/<\/span><\/a><span lang=\"ET\"><span style=\"line-height: 107%;\">, \u00a0<\/span><\/span><\/p>\n<p><span lang=\"ET\"><span style=\"line-height: 107%;\">Tartu Loomemajanduskeskus (loomemajandus)<\/span><\/span> <a href=\"https:\/\/loovtartu.ee\/\"><span style=\"line-height: 107%;\">https:\/\/loovtartu.ee\/<\/span><\/a><span lang=\"ET\"><span style=\"line-height: 107%;\">, \u00a0<\/span><\/span><\/p>\n<p><span lang=\"ET\"><span style=\"line-height: 107%;\">Tartu Biotehnoloogia Park (biotehnoloogia) <\/span><\/span><a href=\"http:\/\/www.biopark.ee\"><span style=\"line-height: 107%;\">www.biopark.ee<\/span><\/a><span lang=\"ET\"><span style=\"line-height: 107%;\">, \u00a0<\/span><\/span><\/p>\n<p><span lang=\"ET\"><span style=\"line-height: 107%;\">Tehnopol (rohemajandus, IT) <\/span><\/span><a href=\"https:\/\/www.tehnopol.ee\/\"><span style=\"line-height: 107%;\">https:\/\/www.tehnopol.ee\/<\/span><\/a><span lang=\"ET\"><span style=\"line-height: 107%;\">, \u00a0<\/span><\/span><\/p>\n<p><span lang=\"ET\"><span style=\"line-height: 107%;\">BuildIT (tehnoloogia)<\/span><\/span> <a href=\"https:\/\/buildit.ee\/\"><span style=\"line-height: 107%;\">https:\/\/buildit.ee\/<\/span><\/a><span lang=\"ET\"><span style=\"line-height: 107%;\"> jne;<\/span><\/span><\/p>\n<p><span lang=\"ET\"><span style=\"line-height: 107%;\">Eriala-, kutseala- ja ametialaliidud, harukondlikud ettev\u00f5tjate liidud;<\/span><\/span><\/p>\n<p><span lang=\"ET\"><span style=\"line-height: 107%;\">\u00c4rialaseid teenuseid osutavad eraettev\u00f5tted ja \u2013algatused.<\/span><\/span><\/p>\n","protected":false},"excerpt":{"rendered":"<p>Ettev\u00f5tluse tugiorganisatsioonid ehk kust saab tuge ettev\u00f5tlusega alustamisel Riiklikud organisatsioonid: Riigi Tugiteenuste Keskus www.rtk.ee Ettev\u00f5tluse Arendamise Sihtasutus (EAS) www.eas.ee P\u00f5llumajanduse Registrite ja Informatsiooni Amet (PRIA) www.pria.ee Maaelu Edendamise Sihtasutus (MES) www.mes.ee Keskkonnainvesteeringute Keskus (KIK) www.kik.ee T\u00f6\u00f6tukassa www.tootukassa.ee KredEx www.kredex.ee \u00a0 &#8230;<\/p>\n","protected":false},"author":263,"featured_media":0,"parent":0,"menu_order":0,"comment_status":"closed","ping_status":"closed","template":"","meta":{"_acf_changed":false,"inline_featured_image":false,"footnotes":""},"class_list":["post-15","page","type-page","status-publish","hentry"],"acf":[],"_links":{"self":[{"href":"https:\/\/sisu.ut.ee\/edujategu4\/wp-json\/wp\/v2\/pages\/15","targetHints":{"allow":["GET"]}}],"collection":[{"href":"https:\/\/sisu.ut.ee\/edujategu4\/wp-json\/wp\/v2\/pages"}],"about":[{"href":"https:\/\/sisu.ut.ee\/edujategu4\/wp-json\/wp\/v2\/types\/page"}],"author":[{"embeddable":true,"href":"https:\/\/sisu.ut.ee\/edujategu4\/wp-json\/wp\/v2\/users\/263"}],"replies":[{"embeddable":true,"href":"https:\/\/sisu.ut.ee\/edujategu4\/wp-json\/wp\/v2\/comments?post=15"}],"version-history":[{"count":2,"href":"https:\/\/sisu.ut.ee\/edujategu4\/wp-json\/wp\/v2\/pages\/15\/revisions"}],"predecessor-version":[{"id":155,"href":"https:\/\/sisu.ut.ee\/edujategu4\/wp-json\/wp\/v2\/pages\/15\/revisions\/155"}],"wp:attachment":[{"href":"https:\/\/sisu.ut.ee\/edujategu4\/wp-json\/wp\/v2\/media?parent=15"}],"curies":[{"name":"wp","href":"https:\/\/api.w.org\/{rel}","templated":true}]}}