{"id":13,"date":"2024-04-04T07:34:20","date_gmt":"2024-04-04T04:34:20","guid":{"rendered":"https:\/\/sisu.ut.ee\/edujategu4\/soovituslik-kirjandus\/"},"modified":"2024-04-17T15:53:23","modified_gmt":"2024-04-17T12:53:23","slug":"soovituslik-kirjandus","status":"publish","type":"page","link":"https:\/\/sisu.ut.ee\/edujategu4\/soovituslik-kirjandus\/","title":{"rendered":"SOOVITUSLIK KIRJANDUS"},"content":{"rendered":"<h1 class=\"wp-block-heading\"><img loading=\"lazy\" decoding=\"async\" title=\"sissejuhatus_01.png\" width=\"40\" height=\"40\" class=\"alignnone wp-image-21\" src=\"https:\/\/sisu.ut.ee\/wp-content\/uploads\/sites\/507\/sissejuhatus_01.png\" alt=\"sissejuhatus\"> <span style=\"color: #28aae1;\">SOOVITUSLIK KIRJANDUS<\/span><\/h1>\n\n<h2>\n\t<i><span lang=\"ET\"><span style=\"line-height:107%\"><span style=\",serif\">Ettev\u00f5tte registreerimine<\/span><\/span><\/span><\/i>\n<\/h2>\n\n<p>\n\t<span lang=\"ET\"><span style=\"line-height:107%\"><span style=\",serif\">Ettev\u00f5tjaportaal <\/span><\/span><\/span><a href=\"https:\/\/www.rik.ee\/et\/ettevotjaportaal\"><span><span style=\"line-height:107%\"><span style=\",serif\">https:\/\/www.rik.ee\/et\/ettevotjaportaal<\/span><\/span><\/span><\/a>\n<\/p>\n\n<p>\n\t<span lang=\"ET\"><span style=\"line-height:107%\"><span style=\",serif\">e-\u00e4riregister <\/span><\/span><\/span><a href=\"https:\/\/ariregister.rik.ee\/est\"><span><span style=\"line-height:107%\"><span style=\",serif\">https:\/\/ariregister.rik.ee\/est<\/span><\/span><\/span><\/a>\n<\/p>\n\n<p>\n\t<span lang=\"ET\"><span style=\"line-height:107%\"><span style=\",serif\">Suunised ettev\u00f5tte notariaalseks asutamiseks <\/span><\/span><\/span><a href=\"https:\/\/www.eesti.ee\/et\/ettevotlus\/ettevotte-loomine\/osauehingu-asutamine\"><span><span style=\"line-height:107%\"><span style=\",serif\">https:\/\/www.eesti.ee\/et\/ettevotlus\/ettevotte-loomine\/osauehingu-asutamine<\/span><\/span><\/span><\/a>\n<\/p>\n\n<p>\n\t\u00a0\n<\/p>\n\n<h2>\n\t<i><span lang=\"ET\"><span style=\"line-height:107%\"><span style=\",serif\">Eelarve koostamine<\/span><\/span><\/span><\/i>\n<\/h2>\n\n<p>\n\t<span lang=\"ET\"><span style=\"line-height:107%\"><span style=\",serif\">Mallid eelarvete koostamiseks <\/span><\/span><\/span><a href=\"https:\/\/templates.office.com\/et-ee\/eelarved\"><span><span style=\"line-height:107%\"><span style=\",serif\">https:\/\/templates.office.com\/et-ee\/eelarved<\/span><\/span><\/span><\/a>\n<\/p>\n\n<p>\n\t\u00a0\n<\/p>\n\n<h2>\n\t<i><span lang=\"ET\"><span style=\"line-height:107%\"><span style=\",serif\">K\u00e4ibemaks<\/span><\/span><\/span><\/i>\n<\/h2>\n\n<p>\n\t<span lang=\"ET\"><span style=\"line-height:107%\"><span style=\",serif\">K\u00e4ibemaksuseadus: <\/span><\/span><\/span><a href=\"https:\/\/www.riigiteataja.ee\/akt\/125102012017\"><span><span style=\"line-height:107%\"><span style=\",serif\">https:\/\/www.riigiteataja.ee\/akt\/125102012017<\/span><\/span><\/span><\/a>\n<\/p>\n\n<p>\n\t<span lang=\"ET\"><span style=\"line-height:107%\"><span style=\",serif\">K\u00e4ibemaks. Eesti Maksu ja Tolliamet (EMTA) <\/span><\/span><\/span><a href=\"https:\/\/www.emta.ee\/ariklient\/maksud-ja-tasumine\/kaibemaks\"><span><span style=\"line-height:107%\"><span style=\",serif\">https:\/\/www.emta.ee\/ariklient\/maksud-ja-tasumine\/kaibemaks<\/span><\/span><\/span><\/a>\n<\/p>\n\n<p>\n\t<span lang=\"ET\"><span style=\"line-height:107%\"><span style=\",serif\">Ettev\u00f5tlus: Ole tehingupartneri valikul t\u00e4helepanelik. Maksu- ja Tolliamet <\/span><\/span><\/span><a href=\"https:\/\/www.youtube.com\/watch?v=UluKSMqHJM0\"><span><span style=\"line-height:107%\"><span style=\",serif\">https:\/\/www.youtube.com\/watch?v=UluKSMqHJM0<\/span><\/span><\/span><\/a>\n<\/p>\n\n<p>\n\t\u00a0\n<\/p>\n\n<h2>\n\t<i><span lang=\"ET\"><span style=\"line-height:107%\"><span style=\",serif\">Rahastamine<\/span><\/span><\/span><\/i>\n<\/h2>\n\n<p>\n\t<span lang=\"ET\"><span style=\"line-height:107%\"><span style=\",serif\">Elenurm, T., Lassur, S., Tafel-Viia, K., Joller, L., Hansen, K., M\u00fchlberg, M., (2017). \u00c4riinglite ja \u00fchisrahastuse v\u00f5imalused alustavale ettev\u00f5tjale <\/span><\/span><\/span><a href=\"https:\/\/moodle.ut.ee\/pluginfile.php\/1967417\/mod_resource\/content\/2\/Raport_ariinglite-ja-yhisrahastus_19.05.2017.pdf\"><span><span style=\"line-height:107%\"><span style=\",serif\">https:\/\/moodle.ut.ee\/pluginfile.php\/1967417\/mod_resource\/content\/2\/Raport_ariinglite-ja-yhisrahastus_19.05.2017.pdf<\/span><\/span><\/span><\/a>\n<\/p>\n\n<p style=\"margin-bottom:.0001pt\">\n\t<span style=\"line-height:normal\"><span lang=\"ET\"><span style=\",serif\">Toetused alustavale ettev\u00f5ttele <\/span><\/span><a href=\"https:\/\/www.eesti.ee\/et\/ettevotlus\/rahastamine\/toetused-alustavale-ettevotjale\"><span><span style=\",serif\">https:\/\/www.eesti.ee\/et\/ettevotlus\/rahastamine\/toetused-alustavale-ettevotjale<\/span><\/span><\/a> <\/span>\n<\/p>\n\n<p style=\"margin-bottom:.0001pt\">\n\t\u00a0\n<\/p>\n\n<p style=\"margin-bottom:.0001pt\">\n\t<span style=\"line-height:normal\"><span lang=\"ET\"><span style=\",serif\">Faktooring \u2013 mis see on ja kuidas see t\u00f6\u00f6tab?\u00a0 <\/span><\/span><a href=\"https:\/\/financer.com\/ee\/laenud\/arilaen\/faktooring\/\"><span><span style=\",serif\">https:\/\/financer.com\/ee\/laenud\/arilaen\/faktooring\/<\/span><\/span><\/a> <\/span>\n<\/p>\n\n<p style=\"margin-bottom:.0001pt\">\n\t\u00a0\n<\/p>\n\n<p style=\"margin-bottom:.0001pt\">\n\t<span style=\"line-height:normal\"><span lang=\"ET\"><span style=\",serif\">Mille poolest erineb ingelinvestor teistest investoritest? <\/span><\/span><\/span>\n<\/p>\n\n<p style=\"margin-bottom:.0001pt\">\n\t<span style=\"line-height:normal\"><a href=\"https:\/\/eakadeemia.seb.ee\/mille-poolest-erineb-ingelinvestor-teistest-investoritest-0\"><span><span style=\",serif\">https:\/\/eakadeemia.seb.ee\/mille-poolest-erineb-ingelinvestor-teistest-investoritest-0<\/span><\/span><\/a> <\/span>\n<\/p>\n\n<p style=\"margin-bottom:.0001pt\">\n\t\u00a0\n<\/p>\n\n<p style=\"margin-bottom:.0001pt\">\n\t<span style=\"line-height:normal\"><span lang=\"ET\"><span style=\",serif\">EstBAN: Estonian Business Angels Network <\/span><\/span><a href=\"https:\/\/estban.ee\/\"><span><span style=\",serif\">https:\/\/estban.ee\/<\/span><\/span><\/a><span lang=\"ET\"><span style=\",serif\"> <\/span><\/span><\/span>\n<\/p>\n\n<p style=\"margin-bottom:.0001pt\">\n\t\u00a0\n<\/p>\n\n<p>\n\t\u00a0\n<\/p>\n\n<p style=\"margin-bottom:.0001pt\">\n\t\u00a0\n<\/p>\n","protected":false},"excerpt":{"rendered":"<p>SOOVITUSLIK KIRJANDUS Ettev\u00f5tte registreerimine Ettev\u00f5tjaportaal https:\/\/www.rik.ee\/et\/ettevotjaportaal e-\u00e4riregister https:\/\/ariregister.rik.ee\/est Suunised ettev\u00f5tte notariaalseks asutamiseks https:\/\/www.eesti.ee\/et\/ettevotlus\/ettevotte-loomine\/osauehingu-asutamine \u00a0 Eelarve koostamine Mallid eelarvete koostamiseks https:\/\/templates.office.com\/et-ee\/eelarved \u00a0 K\u00e4ibemaks K\u00e4ibemaksuseadus: https:\/\/www.riigiteataja.ee\/akt\/125102012017 K\u00e4ibemaks. Eesti Maksu ja Tolliamet (EMTA) https:\/\/www.emta.ee\/ariklient\/maksud-ja-tasumine\/kaibemaks Ettev\u00f5tlus: Ole tehingupartneri valikul t\u00e4helepanelik. Maksu- ja Tolliamet https:\/\/www.youtube.com\/watch?v=UluKSMqHJM0 &#8230;<\/p>\n","protected":false},"author":263,"featured_media":0,"parent":0,"menu_order":0,"comment_status":"closed","ping_status":"closed","template":"","meta":{"_acf_changed":false,"inline_featured_image":false,"footnotes":""},"class_list":["post-13","page","type-page","status-publish","hentry"],"acf":[],"_links":{"self":[{"href":"https:\/\/sisu.ut.ee\/edujategu4\/wp-json\/wp\/v2\/pages\/13","targetHints":{"allow":["GET"]}}],"collection":[{"href":"https:\/\/sisu.ut.ee\/edujategu4\/wp-json\/wp\/v2\/pages"}],"about":[{"href":"https:\/\/sisu.ut.ee\/edujategu4\/wp-json\/wp\/v2\/types\/page"}],"author":[{"embeddable":true,"href":"https:\/\/sisu.ut.ee\/edujategu4\/wp-json\/wp\/v2\/users\/263"}],"replies":[{"embeddable":true,"href":"https:\/\/sisu.ut.ee\/edujategu4\/wp-json\/wp\/v2\/comments?post=13"}],"version-history":[{"count":2,"href":"https:\/\/sisu.ut.ee\/edujategu4\/wp-json\/wp\/v2\/pages\/13\/revisions"}],"predecessor-version":[{"id":182,"href":"https:\/\/sisu.ut.ee\/edujategu4\/wp-json\/wp\/v2\/pages\/13\/revisions\/182"}],"wp:attachment":[{"href":"https:\/\/sisu.ut.ee\/edujategu4\/wp-json\/wp\/v2\/media?parent=13"}],"curies":[{"name":"wp","href":"https:\/\/api.w.org\/{rel}","templated":true}]}}