{"id":12,"date":"2024-04-04T07:34:20","date_gmt":"2024-04-04T04:34:20","guid":{"rendered":"https:\/\/sisu.ut.ee\/edujategu4\/kokkuvote\/"},"modified":"2024-04-17T15:49:15","modified_gmt":"2024-04-17T12:49:15","slug":"kokkuvote","status":"publish","type":"page","link":"https:\/\/sisu.ut.ee\/edujategu4\/kokkuvote\/","title":{"rendered":"KOKKUV\u00d5TE"},"content":{"rendered":"<h1 class=\"wp-block-heading\"><img loading=\"lazy\" decoding=\"async\" title=\"sissejuhatus_01.png\" width=\"40\" height=\"40\" class=\"alignnone wp-image-21\" src=\"https:\/\/sisu.ut.ee\/wp-content\/uploads\/sites\/507\/sissejuhatus_01.png\" alt=\"sissejuhatus\"> <span style=\"color: #28aae1;\">KOKKUV\u00d5TE<\/span><\/h1>\n\n<p>\n\t<strong><span lang=\"ET\"><span style=\"line-height:107%\"><span style=\",serif\">Soovitused, mida eelarve koostamisel meeles pidada:<\/span><\/span><\/span><\/strong>\n<\/p>\n\n<ul>\n\t<li>\n\t\t<span lang=\"ET\"><span style=\"line-height:107%\"><span style=\",serif\">Esimesel tegevusaastal ei pruugi ettev\u00f5te k\u00f5iki kulusid tagasi teenida ja v\u00f5ibki j\u00e4\u00e4da negatiivne tulem. Seet\u00f5ttu on oluline l\u00e4bi m\u00f5elda, kust on v\u00f5imalik saada lisanduvat raha tegevuse k\u00e4igus hoidmiseks v\u00f5i milliste l\u00fchikrediitidega on v\u00f5imalik arvete tasumist hajutada (nt. toiduainetega varustaja esitab arve, mille tasumist\u00e4htaeg on 14-30 p\u00e4eva);<\/span><\/span><\/span>\n\t<\/li>\n\t<li>\n\t\t<span lang=\"ET\"><span style=\"line-height:107%\"><span style=\",serif\">Oluline on l\u00e4bi m\u00f5elda ja teha ka pikemaajaline eelarve (3-5 aastat), et aru saada, millal ettev\u00f5ttesse tehtud investeeringud ennast \u00e4ra tasuvad ja ettev\u00f5te kasumit teenima hakkab;<\/span><\/span><\/span>\n\t<\/li>\n\t<li>\n\t\t<span lang=\"ET\"><span style=\"line-height:107%\"><span style=\",serif\">T\u00f6\u00f6j\u00f5u palkamine on vaja korralikult l\u00e4bi m\u00f5elda, kuna tegemist on suure kulutusega ja p\u00fcsivama vastutusega. Kui Taskur O\u00dc puhul on oluline p\u00fcsivate oskust\u00f6\u00f6tajate palkamine, et tagada pikemaajaline ja stabiilne t\u00f6\u00f6 ja kvaliteet, siis l\u00fchiajaliste t\u00f6\u00f6de puhul (nt. kodulehe kujundamine v\u00f5i rakenduse v\u00e4lja t\u00f6\u00f6tamine) on m\u00f5istlik teenus hoopis sisse osta (ei vaja f\u00fc\u00fcsilise t\u00f6\u00f6koha loomist ning inimeste juhtimist jne).<\/span><\/span><\/span>\n\t<\/li>\n\t<li>\n\t\t<span lang=\"ET\"><span style=\"line-height:107%\"><span style=\",serif\">Oluline on meeles pidada, et alates 40000\u20ac k\u00e4ibe saavutamisest on ettev\u00f5ttel kohustus tasuda k\u00e4ibemaksu. Juhul kui ettev\u00f5tte aastane tulu j\u00e4\u00e4b alla 40000\u20ac, ei ole vajalik k\u00e4ibemaksukohustuslaseks v\u00f5tmine v\u00f5i k\u00e4ibemaksu tasumine.<\/span><\/span><\/span>\n\t<\/li>\n\t<li>\n\t\t<span lang=\"ET\"><span style=\"line-height:107%\"><span style=\",serif\">Eelarvet koostades arvestage kindlasti suuremate ja olulisemate masinate ja seadmete ning hoonete ja nende sisutuse amortisatsiooniga. <\/span><\/span><\/span>\n\t<\/li>\n\t<li>\n\t\t<span lang=\"ET\"><span style=\"line-height:107%\"><span style=\",serif\">Oluline on arvestada tulude ja kulude muutlikkust tulenevalt kas hooajalisusest v\u00f5i siis suurenenud tootmise\/teenuse osutamisega perioodidel. Taskur O\u00dc poolt pakutavad s\u00fclearvutitaskud on v\u00e4hemal m\u00e4\u00e4ral hooajalisusest m\u00f5jutatud (nt. v\u00f5ib nende m\u00fc\u00fck olla suurem enne kooliaasta algust ja v\u00e4iksem suvekuudel), kuid kindlasti on tegevusalasid, kus on see suuremal m\u00e4\u00e4ral m\u00f5jutav. Nt. j\u00e4\u00e4tise m\u00fc\u00fck, pulmade korraldamisega seotud teenused v\u00f5ivad suvekuudel olla mitmeid kordi suuremad kui talvekuudel. Siinkohal on abiks nt. p\u00e4ringud Statistikaameti andmebaasidesse. <\/span><\/span><\/span>\n\t<\/li>\n<\/ul>\n\n<p>\n\t\u00a0\n<\/p>\n\n<p>\n\t<b><span lang=\"ET\"><span style=\"line-height:107%\"><span style=\",serif\">Veaohtlikud kohad eelarve koostamisel:<\/span><\/span><\/span><\/b>\n<\/p>\n\n<ul>\n\t<li>\n\t\t<span lang=\"ET\"><span style=\"line-height:107%\"><span style=\",serif\">Liialt positiivne m\u00fc\u00fcgimahtude prognoosimine. Kindlasti on teie poolt toodetud toode v\u00f5i osutatud teenus eriline ja turuosaliste poolt n\u00f5utud, kuid tasub siiski j\u00e4\u00e4da realistlikuks ja koostada konservatiivne eelarve;<\/span><\/span><\/span>\n\t<\/li>\n\t<li>\n\t\t<span lang=\"ET\"><span style=\"line-height:107%\"><span style=\",serif\">Ei arvestata k\u00e4ibemaksuga. Ettev\u00f5tlusega alustamisel ei pruugita ennast k\u00e4ibemaksukohustuslasena arvele v\u00f5tta, kuid see ei v\u00e4lista vajadust seda teha nt. aasta keskel. Sellisel juhul peaks hind olema m\u00e4\u00e4ratud juba selline, et kliendi jaoks ei toimuks suurt ja ebameeldivat hinnat\u00f5usu.<\/span><\/span><\/span>\n\t<\/li>\n\t<li>\n\t\t<span lang=\"ET\"><span style=\"line-height:107%\"><span style=\",serif\">Eelarves ei ole kajastatud turundustegevuse kulusid ja turundustegevuste plaanis toodu ei vasta eelarvelistele v\u00f5imalustele. Turundustegevus on aja- ja ressursikulukas tegevus, selleks peab olema planeeritud nii ajalist kui ka rahalist kulu!<\/span><\/span><\/span>\n\t<\/li>\n\t<li>\n\t\t<span lang=\"ET\"><span style=\"line-height:107%\"><span style=\",serif\">Eelarves ei ole toodud k\u00fctte-, vee-, ja elektrikulusid v\u00f5i on need toodud \u00fchtlase kuluna. Kuigi elektriettev\u00f5tted v\u00f5imaldavad kindla maksumusega pakette, ei ole ettev\u00f5tluse kontekstis need alati m\u00f5istlikud, lisaks on elektrienergia tarbimine suveperioodil v\u00e4hesem (rohkem valget aega, v\u00e4henenud kulutused elektrilisele k\u00fcttele jne) v\u00f5i olla m\u00f5jutatud hooajalisusest. <\/span><\/span><\/span>\n\t<\/li>\n\t<li>\n\t\t<span lang=\"ET\"><span style=\"line-height:107%\"><span style=\",serif\">Palgakulu arvestamisel tuleb kindlasti arvesse v\u00f5tta palk koos k\u00f5ikide t\u00f6\u00f6andaja maksudega! Tihti eksitakse siinjuures sellega, et sisestatakse bruto- v\u00f5i netopalk. Nt. 1000\u20ac suuruse brutopalgale lisandub 338\u20ac t\u00f6\u00f6andaja poolt makstavaid makse (palja kulu t\u00f6\u00f6andjale on antud juhul 1338\u20ac) ning aastases l\u00f5ikes t\u00e4hendaks brutopalga ekslik sisestamine eelarves 4056\u20ac suurust planeerimata kulu. <\/span><\/span><\/span>\n\t<\/li>\n\t<li>\n\t\t<span lang=\"ET\"><span style=\"line-height:107%\"><span style=\",serif\">Ei arvestata, et testrid, tasuta tooted jm. materiaalsed jaotusmaterjalid on ettev\u00f5tja otsene rahaline kulu.<\/span><\/span><\/span>\n\t<\/li>\n\t<li>\n\t\t<span lang=\"ET\"><span style=\"line-height:107%\"><span style=\",serif\">Alahinnatakse tr\u00fckiste, visiitkaartide, pastakate ja muu jaotusmaterjalide maksumust.<\/span><\/span><\/span>\n\t<\/li>\n\t<li>\n\t\t<span lang=\"ET\"><span style=\"line-height:107%\"><span style=\",serif\">Ei m\u00f5elda l\u00e4bi, kas ettev\u00f5te vajab algusj\u00e4rgus teenust v\u00f5i vajab uue t\u00f6\u00f6koha juurde loomist. <\/span><\/span><\/span>\n\t<\/li>\n\t<li>\n\t\t<span lang=\"ET\"><span style=\"line-height:107%\"><span style=\",serif\">Ei m\u00f5elda l\u00e4bi, kuidas on teostatud nt. raamatupidamine (nt. kas on vaja pidevat v\u00f5i projektip\u00f5hist (nt. majandusaasta aruande koostamine) raamatupidamist).<\/span><\/span><\/span>\n\t<\/li>\n\t<li>\n\t\t<span lang=\"ET\"><span style=\"line-height:107%\"><span style=\",serif\">Samuti ei arvestata kulusid juristide, koolituste, transpordi- ja postiteenuste peale.<\/span><\/span><\/span>\n\t<\/li>\n<\/ul>\n\n<p>\n\t\u00a0\n<\/p>\n","protected":false},"excerpt":{"rendered":"<p>KOKKUV\u00d5TE Soovitused, mida eelarve koostamisel meeles pidada: Esimesel tegevusaastal ei pruugi ettev\u00f5te k\u00f5iki kulusid tagasi teenida ja v\u00f5ibki j\u00e4\u00e4da negatiivne tulem. Seet\u00f5ttu on oluline l\u00e4bi m\u00f5elda, kust on v\u00f5imalik saada lisanduvat raha tegevuse k\u00e4igus hoidmiseks v\u00f5i milliste l\u00fchikrediitidega on v\u00f5imalik &#8230;<\/p>\n","protected":false},"author":263,"featured_media":0,"parent":0,"menu_order":0,"comment_status":"closed","ping_status":"closed","template":"","meta":{"_acf_changed":false,"inline_featured_image":false,"footnotes":""},"class_list":["post-12","page","type-page","status-publish","hentry"],"acf":[],"_links":{"self":[{"href":"https:\/\/sisu.ut.ee\/edujategu4\/wp-json\/wp\/v2\/pages\/12","targetHints":{"allow":["GET"]}}],"collection":[{"href":"https:\/\/sisu.ut.ee\/edujategu4\/wp-json\/wp\/v2\/pages"}],"about":[{"href":"https:\/\/sisu.ut.ee\/edujategu4\/wp-json\/wp\/v2\/types\/page"}],"author":[{"embeddable":true,"href":"https:\/\/sisu.ut.ee\/edujategu4\/wp-json\/wp\/v2\/users\/263"}],"replies":[{"embeddable":true,"href":"https:\/\/sisu.ut.ee\/edujategu4\/wp-json\/wp\/v2\/comments?post=12"}],"version-history":[{"count":2,"href":"https:\/\/sisu.ut.ee\/edujategu4\/wp-json\/wp\/v2\/pages\/12\/revisions"}],"predecessor-version":[{"id":175,"href":"https:\/\/sisu.ut.ee\/edujategu4\/wp-json\/wp\/v2\/pages\/12\/revisions\/175"}],"wp:attachment":[{"href":"https:\/\/sisu.ut.ee\/edujategu4\/wp-json\/wp\/v2\/media?parent=12"}],"curies":[{"name":"wp","href":"https:\/\/api.w.org\/{rel}","templated":true}]}}