{"id":10,"date":"2024-04-04T07:34:20","date_gmt":"2024-04-04T04:34:20","guid":{"rendered":"https:\/\/sisu.ut.ee\/edujategu4\/5-tulud\/"},"modified":"2024-04-17T16:06:45","modified_gmt":"2024-04-17T13:06:45","slug":"5-tulud","status":"publish","type":"page","link":"https:\/\/sisu.ut.ee\/edujategu4\/5-tulud\/","title":{"rendered":"5. TULUD"},"content":{"rendered":"<h1 class=\"wp-block-heading\"><img loading=\"lazy\" decoding=\"async\" title=\"sissejuhatus_01.png\" width=\"40\" height=\"40\" class=\"alignnone wp-image-21\" src=\"https:\/\/sisu.ut.ee\/wp-content\/uploads\/sites\/507\/sissejuhatus_01.png\" alt=\"sissejuhatus\"> <span style=\"color: #28aae1;\">TULUD<\/span><\/h1>\n\n<p><img loading=\"lazy\" decoding=\"async\" title=\"\" src=\"https:\/\/sisu.ut.ee\/wp-content\/uploads\/sites\/528\/uued_moisted.png\" alt=\"uus\" width=\"32\" height=\"32\" data-file_info=\"%7B%22fid%22:65947,%22view_mode%22:%22default%22,%22type%22:%22media%22%7D\">\u00a0<span style=\"color: #e1cd00;\"><b><span lang=\"ET\"><span style=\"line-height: 107%;\">Ettev\u00f5tlustulu<\/span><\/span><\/b><\/span><span lang=\"ET\"><span style=\"line-height: 107%;\"> tekib toodete v\u00f5i teenuste m\u00fc\u00fcgist (m\u00fc\u00fcgitulu) ja\/v\u00f5i muudest tuludest. Toodete ja teenuste m\u00fc\u00fcki prognoositakse tavapraktikas kuude kaupa 1-3 aastase perioodi v\u00e4ltel.<\/span><\/span><\/p>\n<p><span lang=\"ET\"><span style=\"line-height: 107%;\">\u00c4rimudel v\u00f5ib sisaldada kahte liiki tuluvoogusid:<\/span><\/span><\/p>\n<ul style=\"margin-left: 40px;\">\n<li><span lang=\"ET\"><span style=\"line-height: 107%;\">Tehingutulud \u2013 tulenevalt klientide \u00fchekordsetest maksetest;<\/span><\/span><\/li>\n<li><span lang=\"ET\"><span style=\"line-height: 107%;\">Korduvtulud \u2013 tulenevad pidevatest maksetest selle eest, et ettev\u00f5te teeb kliendile j\u00e4tkuvalt v\u00e4\u00e4rtuspakkumisi v\u00f5i pakub ostuj\u00e4rgset tuge.<\/span><\/span><\/li>\n<\/ul>\n<p><span lang=\"ET\"><span style=\"line-height: 107%;\">Tuluvoogude tekitamise viisid:<\/span><\/span><\/p>\n<ul style=\"margin-left: 40px;\">\n<li><span lang=\"ET\"><span style=\"line-height: 107%;\">Esemete m\u00fc\u00fck \u2013 tuluvoog tekib f\u00fc\u00fcsiliste esemete m\u00fc\u00fcgist;<\/span><\/span><\/li>\n<li><span lang=\"ET\"><span style=\"line-height: 107%;\">Kasutustasu \u2013 tuluvoog tekib teatud teenuse kasutamisest;<\/span><\/span><\/li>\n<li><span lang=\"ET\"><span style=\"line-height: 107%;\">Ettetellimistasu \u2013\u00a0 tuluvoog tekib, kui m\u00fc\u00fcakse pidevat k\u00e4ttesaadavust m\u00f5nele teenusele;<\/span><\/span><\/li>\n<li><span lang=\"ET\"><span style=\"line-height: 107%;\">V\u00e4lja\u00fc\u00fcrimine \u2013 rentimine, liisimine;<\/span><\/span><\/li>\n<li><span lang=\"ET\"><span style=\"line-height: 107%;\">Litsentsitasu \u2013 luba kasutada \u00f5igustega kaitstud intellektuaalomandit;<\/span><\/span><\/li>\n<li><span lang=\"ET\"><span style=\"line-height: 107%;\">Struktuurfondide projektidest laekuv tasu \u2013 tegemist on ettev\u00f5ttesisese tuluga..<\/span><\/span><\/li>\n<\/ul>\n<p><span lang=\"ET\"><span style=\"line-height: 107%;\">Toodetele m\u00e4\u00e4ratud hinna ja prognoositava m\u00fc\u00fcgikoguse korrutamisel saame eeldatava sissetuleku toodete kaupa. Antud avaldis v\u00f5imaldab leida m\u00fc\u00fcgitulu \u00fches kuus ja aasta\/aastate kaupa. <\/span><\/span><\/p>\n<p><span lang=\"ET\"><span style=\"line-height: 107%;\">Investeeringud ettev\u00f5ttesse, saadavad toetused jm. sissetulekud, mis suurendavad varade hulka v\u00f5i v\u00e4hendavad olemasolevaid kohustusi on kajastatavad tuludena. <\/span><\/span><\/p>\n<p><span lang=\"ET\"><span style=\"line-height: 107%;\">Tulud kantakse eelarvesse tavaliselt:<\/span><\/span><\/p>\n<p><span lang=\"ET\"><span style=\"line-height: 107%;\">TULUD = HIND x KOGUS<\/span><\/span><\/p>\n<p><span lang=\"ET\"><span style=\"line-height: 107%;\">N\u00e4iteks aprillis m\u00fc\u00fcakse toodet hinnaga 10\u20ac 1245 t\u00fckki, seega tulud arvutatakse 10\u20ac x 1245= 12 450\u20ac.<\/span><\/span><\/p>\n<hr>\n<p><strong><span style=\"color: #e31c79;\"><img loading=\"lazy\" decoding=\"async\" class=\"alignnone wp-image-33\" title=\"test.png\" src=\"https:\/\/sisu.ut.ee\/wp-content\/uploads\/sites\/528\/test.png\" alt=\"test\" width=\"40\" height=\"40\" srcset=\"https:\/\/sisu.ut.ee\/wp-content\/uploads\/sites\/528\/test.png 1080w, https:\/\/sisu.ut.ee\/wp-content\/uploads\/sites\/528\/test-300x300.png 300w, https:\/\/sisu.ut.ee\/wp-content\/uploads\/sites\/528\/test-1024x1024.png 1024w, https:\/\/sisu.ut.ee\/wp-content\/uploads\/sites\/528\/test-150x150.png 150w, https:\/\/sisu.ut.ee\/wp-content\/uploads\/sites\/528\/test-768x768.png 768w\" sizes=\"auto, (max-width: 40px) 100vw, 40px\">\u00a05.1 \u00fclesanne<\/span><\/strong><\/p>\n<p>Taskur O\u00dc planeerib turule tulles pakkuda 4 erinevat disaini s\u00fclearvutitele m\u00f5eldud taskutega, mille tootmiskulud koos kasumimarginaaliga on j\u00e4rgnevad:<\/p>\n<p>Viltor (viltmaterjalist rahvuslikus stiilis tasku) hinnaga 21.- (ilma k\u00e4ibemaksuta);<\/p>\n<p>Vihmor (vetth\u00fclgavast materjalist soliidne tasku) hinnaga 32.- (ilma k\u00e4ibemaksuta);<\/p>\n<p>Kontor (nahast s\u00fclearvutitasku) hinnaga 66.- (ilma k\u00e4ibemaksuta);<\/p>\n<p>Nator (eridisainiga looduslikest materjalidest tasku) hinnaga 48.- (ilma k\u00e4ibemaksuta).<\/p>\n<p>\u00a0<\/p>\n\n\n<div class=\"h5p-iframe-wrapper\"><div class=\"video-placeholder-wrapper video-placeholder-wrapper--fixed\" style=\"height: 366px;\">\n\t\t\t    <div class=\"video-placeholder d-flex justify-content-center align-items-center\">\n\t\t\t        <div class=\"overlay text-white p-2 w-100 text-center d-block justify-content-center align-items-center\">\n\t\t\t            <div>Kolmandate osapoolte sisu n\u00e4gemiseks palun n\u00f5ustu k\u00fcpsistega.<\/div>\n\t\t\t            <button class=\"btn btn-secondary btn-sm mt-1 consent-change\">Muuda n\u00f5usolekut<\/button>\n\t\t\t        <\/div>\n\t\t\t    <\/div>\n\t\t\t<\/div>\n<\/div>\n\n\n<p><img loading=\"lazy\" decoding=\"async\" title=\"\" src=\"https:\/\/sisu.ut.ee\/wp-content\/uploads\/sites\/528\/ulesanne.png\" alt=\"ylesanne\" width=\"32\" height=\"32\" data-file_info=\"%7B%22fid%22:65948,%22view_mode%22:%22default%22,%22type%22:%22media%22%7D\">\u00a0<a title=\"\" href=\"https:\/\/sisu.ut.ee\/edujategu4\/n%C3%A4idisjuhtumi-7-osa\" data-url=\"https:\/\/sisu.ut.ee\/edujategu4\/n%C3%A4idisjuhtumi-7-osa\"><span style=\"color: #e31c79;\">Vaata n\u00e4idisjuhtumi 7. osa<\/span><\/a><\/p>","protected":false},"excerpt":{"rendered":"<p>TULUD \u00a0Ettev\u00f5tlustulu tekib toodete v\u00f5i teenuste m\u00fc\u00fcgist (m\u00fc\u00fcgitulu) ja\/v\u00f5i muudest tuludest. Toodete ja teenuste m\u00fc\u00fcki prognoositakse tavapraktikas kuude kaupa 1-3 aastase perioodi v\u00e4ltel. \u00c4rimudel v\u00f5ib sisaldada kahte liiki tuluvoogusid: Tehingutulud \u2013 tulenevalt klientide \u00fchekordsetest maksetest; Korduvtulud \u2013 tulenevad pidevatest maksetest &#8230;<\/p>\n","protected":false},"author":263,"featured_media":0,"parent":0,"menu_order":0,"comment_status":"closed","ping_status":"closed","template":"","meta":{"_acf_changed":false,"inline_featured_image":false,"footnotes":""},"class_list":["post-10","page","type-page","status-publish","hentry"],"acf":[],"_links":{"self":[{"href":"https:\/\/sisu.ut.ee\/edujategu4\/wp-json\/wp\/v2\/pages\/10","targetHints":{"allow":["GET"]}}],"collection":[{"href":"https:\/\/sisu.ut.ee\/edujategu4\/wp-json\/wp\/v2\/pages"}],"about":[{"href":"https:\/\/sisu.ut.ee\/edujategu4\/wp-json\/wp\/v2\/types\/page"}],"author":[{"embeddable":true,"href":"https:\/\/sisu.ut.ee\/edujategu4\/wp-json\/wp\/v2\/users\/263"}],"replies":[{"embeddable":true,"href":"https:\/\/sisu.ut.ee\/edujategu4\/wp-json\/wp\/v2\/comments?post=10"}],"version-history":[{"count":6,"href":"https:\/\/sisu.ut.ee\/edujategu4\/wp-json\/wp\/v2\/pages\/10\/revisions"}],"predecessor-version":[{"id":198,"href":"https:\/\/sisu.ut.ee\/edujategu4\/wp-json\/wp\/v2\/pages\/10\/revisions\/198"}],"wp:attachment":[{"href":"https:\/\/sisu.ut.ee\/edujategu4\/wp-json\/wp\/v2\/media?parent=10"}],"curies":[{"name":"wp","href":"https:\/\/api.w.org\/{rel}","templated":true}]}}