{"id":9,"date":"2024-04-04T07:34:04","date_gmt":"2024-04-04T04:34:04","guid":{"rendered":"https:\/\/sisu.ut.ee\/edujategu3\/kusimused-0\/"},"modified":"2024-04-09T15:41:09","modified_gmt":"2024-04-09T12:41:09","slug":"kusimused-0","status":"publish","type":"page","link":"https:\/\/sisu.ut.ee\/edujategu3\/kusimused-0\/","title":{"rendered":"K\u00fcsimused"},"content":{"rendered":"<h1 class=\"wp-block-heading\"><img loading=\"lazy\" decoding=\"async\" title=\"sissejuhatus_01.png\" width=\"40\" height=\"40\" class=\"alignnone wp-image-21\" src=\"https:\/\/sisu.ut.ee\/wp-content\/uploads\/sites\/527\/motlemiseks.png\" alt=\"sissejuhatus\" srcset=\"https:\/\/sisu.ut.ee\/wp-content\/uploads\/sites\/527\/motlemiseks.png 1080w, https:\/\/sisu.ut.ee\/wp-content\/uploads\/sites\/527\/motlemiseks-300x300.png 300w, https:\/\/sisu.ut.ee\/wp-content\/uploads\/sites\/527\/motlemiseks-1024x1024.png 1024w, https:\/\/sisu.ut.ee\/wp-content\/uploads\/sites\/527\/motlemiseks-150x150.png 150w, https:\/\/sisu.ut.ee\/wp-content\/uploads\/sites\/527\/motlemiseks-768x768.png 768w\" sizes=\"auto, (max-width: 40px) 100vw, 40px\"> <span style=\"color: #28aae1;\">K\u00dcSIMUSED<\/span><\/h1>\n\n<p>\nMis on ettev\u00f5tlik motteviis?\n<\/p>\n\n<p>\n\tMillised r\u00f5huasetusi esineb erinevate autorite ettev\u00f5tliku motteviisi m\u00f5iste avamisel?\n<\/p>\n\n<p>\n\tMiks on ettev\u00f5tlik motteviis oluline?\n<\/p>\n\n<p>\n\tKuidas on erinevad autorid ettev\u00f5tlikkus motteviisi m\u00e4\u00e4ratlenud\/defineerinud?\n<\/p>\n\n<p>\n\tMilliseid tunnuseid h\u00f5lmab ettev\u00f5tlik motteviis?\n<\/p>\n\n<p>\n\tMillised on ettev\u00f5tliku motteviisi komponendid?\n<\/p>\n\n<p>\n\tKuidas on lahti m\u00f5testatud v\u00e4\u00e4rtuste loomine?\n<\/p>\n\n<p>\n\tMida m\u00f5eldakse uudishimu kui ettev\u00f5tliku motteviisi komponendi all?\n<\/p>\n\n<p>\n\tKuidas v\u00e4ljendub uudishimu ettev\u00f5tliku motteviisiga inimese k\u00e4itumises?\n<\/p>\n\n<p>\n\tKuidas v\u00e4ljendub v\u00e4\u00e4rtuste loomine ettev\u00f5tliku motteviisiga inimese k\u00e4itumises?\n<\/p>\n\n<p>\n\tKuidas v\u00e4ljendub seostamine ettev\u00f5tliku motteviisiga inimese k\u00e4itumises?\n<\/p>\n\n<p>\n\tMilline on ettev\u00f5tliku motteviisiga inimese profiil?\n<\/p>\n\n<p>\n\tKuidas selgitada lahti kognitiivne h\u00e4\u00e4lestamine ja eesm\u00e4rgile orienteeritud motteviis?\n<\/p>\n\n<p>\n\tMis on arutlemisel p\u00f5hinev otsustusloogika?\n<\/p>\n\n<p>\n\tMilles v\u00e4ljendub t\u00e4helepanelikkus v\u00f5imaluste n\u00e4gemisel?\n<\/p>\n\n<p>\n\tMis iseloomustab madala ettev\u00f5tliku motteviisi tasemega inimesi?\n<\/p>\n\n<p>\n\tMis iseloomustab m\u00f5\u00f5dukalt ettev\u00f5tliku motteviisiga inimesi?\u00a0\u00a0\n<\/p>\n\n<p>\n\tMis iseloomustab k\u00f5rge ettev\u00f5tliku motteviisi tasemega inimesi?\n<\/p>\n\n<hr>\n<p>\n\t<span style=\"color:#e31c79\"><strong><img loading=\"lazy\" decoding=\"async\" alt=\"m\u00f5tlemiseks\" class=\"\" data-file_info=\"%7B%22fid%22:66246,%22view_mode%22:%22default%22,%22type%22:%22media%22%7D\" height=\"32\" src=\"https:\/\/sisu.ut.ee\/wp-content\/uploads\/sites\/527\/motlemiseks.png\" title=\"\" width=\"32\">\u00a0Aruteluk\u00fcsimused<\/strong><\/span>\n<\/p>\n\n<p>\n\tArutle teksti p\u00f5hjal erinevate autorite ettev\u00f5tliku motteviisi definitsioonide \u00fcle. Milliseid sarnasusi ja erinevusi neist v\u00e4lja v\u00f5ib lugeda?\n<\/p>\n\n<p>\n\tArutle loetu p\u00f5hjal, millised omadused iseloomustavad ettev\u00f5tliku motteviisiga inimest. Koosta arutelu tulemusel loetelu peamistest omadustest.\n<\/p>\n\n<p>\n\tArutle, miks ettev\u00f5tlik motteviis on \u00f5petaja t\u00f6\u00f6s oluline. P\u00f5hjenda oma seisukohti.\n<\/p>\n\n<p>\n\tArutle, milliseid ettev\u00f5tliku motteviisi iseloomustavaid omadusi pead enda jaoks k\u00f5ige t\u00e4htsamateks. P\u00f5hjenda, miks on need Sinu jaoks olulised.\n<\/p>\n\n<hr>\n\n\n\n","protected":false},"excerpt":{"rendered":"<p>K\u00dcSIMUSED Mis on ettev\u00f5tlik motteviis? Millised r\u00f5huasetusi esineb erinevate autorite ettev\u00f5tliku motteviisi m\u00f5iste avamisel? Miks on ettev\u00f5tlik motteviis oluline? Kuidas on erinevad autorid ettev\u00f5tlikkus motteviisi m\u00e4\u00e4ratlenud\/defineerinud? Milliseid tunnuseid h\u00f5lmab ettev\u00f5tlik motteviis? Millised on ettev\u00f5tliku motteviisi komponendid? Kuidas on lahti m\u00f5testatud &#8230;<\/p>\n","protected":false},"author":263,"featured_media":0,"parent":0,"menu_order":0,"comment_status":"closed","ping_status":"closed","template":"","meta":{"_acf_changed":false,"inline_featured_image":false,"footnotes":""},"class_list":["post-9","page","type-page","status-publish","hentry"],"acf":[],"_links":{"self":[{"href":"https:\/\/sisu.ut.ee\/edujategu3\/wp-json\/wp\/v2\/pages\/9","targetHints":{"allow":["GET"]}}],"collection":[{"href":"https:\/\/sisu.ut.ee\/edujategu3\/wp-json\/wp\/v2\/pages"}],"about":[{"href":"https:\/\/sisu.ut.ee\/edujategu3\/wp-json\/wp\/v2\/types\/page"}],"author":[{"embeddable":true,"href":"https:\/\/sisu.ut.ee\/edujategu3\/wp-json\/wp\/v2\/users\/263"}],"replies":[{"embeddable":true,"href":"https:\/\/sisu.ut.ee\/edujategu3\/wp-json\/wp\/v2\/comments?post=9"}],"version-history":[{"count":7,"href":"https:\/\/sisu.ut.ee\/edujategu3\/wp-json\/wp\/v2\/pages\/9\/revisions"}],"predecessor-version":[{"id":117,"href":"https:\/\/sisu.ut.ee\/edujategu3\/wp-json\/wp\/v2\/pages\/9\/revisions\/117"}],"wp:attachment":[{"href":"https:\/\/sisu.ut.ee\/edujategu3\/wp-json\/wp\/v2\/media?parent=9"}],"curies":[{"name":"wp","href":"https:\/\/api.w.org\/{rel}","templated":true}]}}