{"id":6,"date":"2024-04-04T07:34:04","date_gmt":"2024-04-04T04:34:04","guid":{"rendered":"https:\/\/sisu.ut.ee\/edujategu3\/kaks-eristuvat-motteviisi\/"},"modified":"2024-04-09T15:00:46","modified_gmt":"2024-04-09T12:00:46","slug":"kaks-eristuvat-motteviisi","status":"publish","type":"page","link":"https:\/\/sisu.ut.ee\/edujategu3\/kaks-eristuvat-motteviisi\/","title":{"rendered":"KAKS ERISTUVAT M\u00d5TTEVIISI"},"content":{"rendered":"<h1 class=\"wp-block-heading\"><img loading=\"lazy\" decoding=\"async\" title=\"sissejuhatus_01.png\" width=\"40\" height=\"40\" class=\"alignnone wp-image-21\" src=\"https:\/\/sisu.ut.ee\/wp-content\/uploads\/sites\/507\/sissejuhatus_01.png\" alt=\"sissejuhatus\"> <span style=\"color: #28aae1;\">KAKS ERISTUVAT M\u00d5TTEVIISI<\/span><\/h1>\n\n\n<p>Dwek (2017) on kirjeldanud kaht vastanduvat motteviisi \u2013 kinnistunud (fixed mindset) ja arengule suunatud motteviisi (growth mindset). Eesti haridusteadlased on neid kirjeldanud ka kui j\u00e4\u00e4vususkumust v\u00f5i \u2013m\u00f5ttelaadi ja juurdekasvuuskumust ehk \u2013m\u00f5ttelaadi.<\/p>\n<p><strong><img loading=\"lazy\" decoding=\"async\" title=\"\" src=\"https:\/\/sisu.ut.ee\/wp-content\/uploads\/sites\/527\/uued_moisted.png\" alt=\"mosted\" width=\"32\" height=\"32\">\u00a0<span style=\"color: #e1cd00;\">Kinnistunud motteviis<\/span><\/strong><\/p>\n<p>Kinnistunud motteviisiga inimene usub, et tema anded ja oskused ning iseloomuomadused on muutumatud ja neid pole v\u00f5imalik elu jooksul arendada. Ta usub, et teatud anne tal kas on v\u00f5i seda pole. Ja kui seda pole, siis ei saa sinna ka midagi parata. Sageli arvab kinnistunud motteviisiga inimene, et kui teatud anne on olemas, siis pole vaja enam pingutada. Sellise motteviisiga inimene otsib oma ebaedu p\u00f5hjuseid mujalt ja s\u00fc\u00fcdistab selles teisi inimesi. Nii kordab ta samu vigu. Mingil m\u00e4\u00e4ral on sellist motteviisi k\u00f5igis inimestes, kuigi nad pole ehk veel \u00f5ppinud seda endas \u00e4ra tundma. Selle m\u00e4rkamine endas on aga esimene samm arengusse suunatud motteviisi arendamiseks.<\/p>\n<p><img loading=\"lazy\" decoding=\"async\" title=\"\" src=\"https:\/\/sisu.ut.ee\/wp-content\/uploads\/sites\/527\/uued_moisted.png\" alt=\"mosted\" width=\"32\" height=\"32\"><strong>\u00a0<span style=\"color: #e1cd00;\">Arengule suunatud motteviis ehk edenemismotteviis<\/span><\/strong><\/p>\n<p>Arengule suunatud motteviisiga inimest iseloomustab usk sellesse, et ta suudab enda andeid arendada, kui selleks pingutab. Selle motteviisi puhul on oluline pigem ande arendamise teekond kui selle l\u00f5pp-punkt ehk tulemus. Oluline on katsetada, proovida, sealjuures endast parim anda ja sellest midagi \u00f5ppida. Sellise motteviisiga inimene usub endasse ja on valmis pingutama ka siis ja eriti siis, kui parasjagu ei l\u00e4he v\u00e4ga h\u00e4sti. Selline motteviis aitab inimesel edu saavutada ka k\u00f5ige raskematel eluperioodidel elus ning toime tulla k\u00f5ige keerulisemate v\u00e4ljakutsetega. Nii v\u00f5imaldab see elada \u00f5nnelikumat ja v\u00e4hem stressirohket elu ning loob eeldused suuremale edule (vaata joonis 1).\u00a0 \u00a0\u00a0\u00a0\u00a0<\/p>\n<p>\u00a0 \u00a0\u00a0\u00a0 \u00a0 \u00a0 \u00a0 \u00a0 \u00a0 \u00a0\u00a0<img decoding=\"async\" class=\"aligncenter\" title=\"Joonis 1. Arengule suunatud ja kinnistunud motteviis (Dweck, s.a.). \u00a0\" src=\"https:\/\/sisu.ut.ee\/wp-content\/uploads\/sites\/527\/joonis1.jpg\" alt=\"JOONIS1\"><\/p>\n<p>Erinevused arengule suunatud ja kinnistunud ja motteviisiga inimese k\u00e4itumises on kokkuv\u00f5tlikult toodud tabelis 1.<\/p>\n<p>Tabel 1. Erinevused arengule suunatud ja kinnistunud motteviisiga inimese k\u00e4itumises.<\/p>\n<table class=\"table table-hover\" border=\"1\" align=\"center\">\n<tbody>\n<tr>\n<td>\n<p><strong>Arengule suunatud motteviisiga inimene<\/strong><\/p>\n<\/td>\n<td>\n<p><strong>Kinnistunud motteviisiga inimene<\/strong><\/p>\n<\/td>\n<\/tr>\n<tr>\n<td>\n<ul>\n<li>v\u00f5tab vastu v\u00e4ljakutseid<\/li>\n<li>ei anna kunagi alla<\/li>\n<li>on enese suhtes leplikum<\/li>\n<li>n\u00e4eb pingutusi kui teekonda<\/li>\n<li>\u00f5pib igast kriitikast<\/li>\n<li>innustub teiste edust<\/li>\n<li>aitab ja motiveerib teisi<\/li>\n<li>usub v\u00f5imalustesse<\/li>\n<\/ul>\n<\/td>\n<td>\n<ul>\n<li>v\u00e4ldib v\u00e4ljakutsete vastuv\u00f5tmist<\/li>\n<li>loobub, annab kergelt alla\u00a0<\/li>\n<li>on v\u00e4ga enesekriitiline<\/li>\n<li>n\u00e4eb pingutusi m\u00f5ttetutena<\/li>\n<li>eirab kriitikat<\/li>\n<li>paneb pahaks teiste edu<\/li>\n<li>kritiseerib ja m\u00f5istab teisi hukka\u00a0<\/li>\n<li>arutleb piirangute \u00fcle<\/li>\n<\/ul>\n<\/td>\n<\/tr>\n<\/tbody>\n<\/table>\n<p style=\"text-align: right;\">\u00a0<\/p>","protected":false},"excerpt":{"rendered":"<p>KAKS ERISTUVAT M\u00d5TTEVIISI Dwek (2017) on kirjeldanud kaht vastanduvat motteviisi \u2013 kinnistunud (fixed mindset) ja arengule suunatud motteviisi (growth mindset). Eesti haridusteadlased on neid kirjeldanud ka kui j\u00e4\u00e4vususkumust v\u00f5i \u2013m\u00f5ttelaadi ja juurdekasvuuskumust ehk \u2013m\u00f5ttelaadi. \u00a0Kinnistunud motteviis Kinnistunud motteviisiga inimene usub, &#8230;<\/p>\n","protected":false},"author":263,"featured_media":0,"parent":0,"menu_order":0,"comment_status":"closed","ping_status":"closed","template":"","meta":{"_acf_changed":false,"inline_featured_image":false,"footnotes":""},"class_list":["post-6","page","type-page","status-publish","hentry"],"acf":[],"_links":{"self":[{"href":"https:\/\/sisu.ut.ee\/edujategu3\/wp-json\/wp\/v2\/pages\/6","targetHints":{"allow":["GET"]}}],"collection":[{"href":"https:\/\/sisu.ut.ee\/edujategu3\/wp-json\/wp\/v2\/pages"}],"about":[{"href":"https:\/\/sisu.ut.ee\/edujategu3\/wp-json\/wp\/v2\/types\/page"}],"author":[{"embeddable":true,"href":"https:\/\/sisu.ut.ee\/edujategu3\/wp-json\/wp\/v2\/users\/263"}],"replies":[{"embeddable":true,"href":"https:\/\/sisu.ut.ee\/edujategu3\/wp-json\/wp\/v2\/comments?post=6"}],"version-history":[{"count":6,"href":"https:\/\/sisu.ut.ee\/edujategu3\/wp-json\/wp\/v2\/pages\/6\/revisions"}],"predecessor-version":[{"id":78,"href":"https:\/\/sisu.ut.ee\/edujategu3\/wp-json\/wp\/v2\/pages\/6\/revisions\/78"}],"wp:attachment":[{"href":"https:\/\/sisu.ut.ee\/edujategu3\/wp-json\/wp\/v2\/media?parent=6"}],"curies":[{"name":"wp","href":"https:\/\/api.w.org\/{rel}","templated":true}]}}