{"id":3,"date":"2024-04-04T07:34:03","date_gmt":"2024-04-04T04:34:03","guid":{"rendered":"https:\/\/sisu.ut.ee\/edujategu3\/ulesanded\/"},"modified":"2024-04-19T09:02:36","modified_gmt":"2024-04-19T06:02:36","slug":"ulesanded","status":"publish","type":"page","link":"https:\/\/sisu.ut.ee\/edujategu3\/ulesanded\/","title":{"rendered":"\u00dclesanded"},"content":{"rendered":"<h1 class=\"wp-block-heading\"><img loading=\"lazy\" decoding=\"async\" title=\"sissejuhatus_01.png\" width=\"40\" height=\"40\" class=\"alignnone wp-image-21\" src=\"https:\/\/sisu.ut.ee\/wp-content\/uploads\/sites\/507\/sissejuhatus_01.png\" alt=\"sissejuhatus\"> <span style=\"color: #28aae1;\">\u00dcLESANDED<\/span><\/h1>\n\n\n<p><img loading=\"lazy\" decoding=\"async\" class=\"alignnone wp-image-18\" title=\"ulesanne.png\" src=\"https:\/\/sisu.ut.ee\/wp-content\/uploads\/sites\/527\/ulesanne.png\" alt=\"ylesanne\" width=\"40\" height=\"40\" srcset=\"https:\/\/sisu.ut.ee\/wp-content\/uploads\/sites\/527\/ulesanne.png 1080w, https:\/\/sisu.ut.ee\/wp-content\/uploads\/sites\/527\/ulesanne-300x300.png 300w, https:\/\/sisu.ut.ee\/wp-content\/uploads\/sites\/527\/ulesanne-1024x1024.png 1024w, https:\/\/sisu.ut.ee\/wp-content\/uploads\/sites\/527\/ulesanne-150x150.png 150w, https:\/\/sisu.ut.ee\/wp-content\/uploads\/sites\/527\/ulesanne-768x768.png 768w\" sizes=\"auto, (max-width: 40px) 100vw, 40px\"><strong><span style=\"color: #e31c79;\">\u00a0<span style=\"background: white;\">Vaata videot: Kuidas uskumus meie v\u00f5imeid m\u00f5jutab (Katrin Poom-Valickis)<\/span><\/span><\/strong><\/p>\n<p style=\"margin-bottom: .0001pt;\"><\/p><div class=\"ratio ratio-16x9 mb-3\"><div class=\"video-placeholder-wrapper video-placeholder-wrapper--16x9\">\n\t\t\t    <div class=\"video-placeholder d-flex justify-content-center align-items-center\">\n\t\t\t        <div class=\"overlay text-white p-2 w-100 text-center d-block justify-content-center align-items-center\">\n\t\t\t            <div>Kolmandate osapoolte sisu n\u00e4gemiseks palun n\u00f5ustu k\u00fcpsistega.<\/div>\n\t\t\t            <button class=\"btn btn-secondary btn-sm mt-1 consent-change\">Muuda n\u00f5usolekut<\/button>\n\t\t\t        <\/div>\n\t\t\t    <\/div>\n\t\t\t<\/div>\n<\/div>\n<p><span style=\"background: white;\">P\u00fc\u00fca leida vastused j\u00e4rgmistele k\u00fcsimustele:<\/span><\/p>\n<ul style=\"margin-left: 40px;\">\n<li><span style=\"background: white;\">Milliseid uskumusi kirjeldatakse kui j\u00e4\u00e4vususkumusi?<\/span><\/li>\n<li><span style=\"background: white;\">Milliseid uskumusi kirjeldatakse kui\u00a0 juurdekasvuuskumusi?<\/span><\/li>\n<li><span style=\"background: white;\">Kuidas saab j\u00e4\u00e4vususkumusi muuta?<\/span><\/li>\n<li><span style=\"background: white;\">Kuidas saab \u00f5petaja toetada \u00f5ppijate juurdekasvu uskumusi?<\/span><\/li>\n<\/ul>\n<hr>\n<p style=\"margin-bottom: .0001pt;\"><img loading=\"lazy\" decoding=\"async\" class=\"alignnone wp-image-18\" title=\"ulesanne.png\" src=\"https:\/\/sisu.ut.ee\/wp-content\/uploads\/sites\/527\/ulesanne.png\" alt=\"ylesanne\" width=\"40\" height=\"40\" srcset=\"https:\/\/sisu.ut.ee\/wp-content\/uploads\/sites\/527\/ulesanne.png 1080w, https:\/\/sisu.ut.ee\/wp-content\/uploads\/sites\/527\/ulesanne-300x300.png 300w, https:\/\/sisu.ut.ee\/wp-content\/uploads\/sites\/527\/ulesanne-1024x1024.png 1024w, https:\/\/sisu.ut.ee\/wp-content\/uploads\/sites\/527\/ulesanne-150x150.png 150w, https:\/\/sisu.ut.ee\/wp-content\/uploads\/sites\/527\/ulesanne-768x768.png 768w\" sizes=\"auto, (max-width: 40px) 100vw, 40px\"><span style=\"color: #e31c79;\"><strong>\u00a0\u00a0<span style=\"background: white;\"><span style=\"line-height: 150%;\"><span lang=\"ET\">Kuidas selgitaksid \u00f5pilastele, mis on motteviis? <\/span><\/span><\/span><\/strong><\/span><\/p>\n<div style=\"margin-bottom: 0.0001pt;\"><span style=\"background: white;\"><span style=\"line-height: 150%;\"><span lang=\"ET\" style=\"color: #333333;\">Koosta loetu p\u00f5hjal l\u00fchike selgitus ja \u00fclesanne, testi neid \u00f5pilastega. <\/span><\/span><\/span><\/div>\n<div style=\"margin-bottom: 0.0001pt;\"><span style=\"background: white;\"><span style=\"line-height: 150%;\"><span lang=\"ET\" style=\"color: #333333;\">Peegelda (reflekteeri) tulemusi, kasutades n\u00e4iteks k\u00fcsimusi:<\/span><\/span><\/span><\/div>\n<ul>\n<li style=\"text-align: justify;\"><span style=\"background: white;\"><span style=\"line-height: 150%;\"><span lang=\"ET\" style=\"color: #333333;\">kuidas \u00f5pilased m\u00f5istet m\u00f5testasid?<\/span><\/span><\/span><\/li>\n<li style=\"text-align: justify;\"><span style=\"background: white;\"><span style=\"line-height: 150%;\"><span lang=\"ET\" style=\"color: #333333;\">kas \u00f5pilastele sai motteviisi m\u00f5iste selgeks?<\/span><\/span><\/span><\/li>\n<li style=\"text-align: justify;\"><span style=\"background: white;\"><span style=\"line-height: 150%;\"><span lang=\"ET\" style=\"color: #333333;\">kuidas Sa aru said, et \u00f5pilased m\u00f5istsid? <\/span><\/span><\/span><\/li>\n<\/ul>\n<hr>\n<p style=\"margin-bottom: .0001pt;\"><img loading=\"lazy\" decoding=\"async\" class=\"alignnone wp-image-18\" title=\"ulesanne.png\" src=\"https:\/\/sisu.ut.ee\/wp-content\/uploads\/sites\/527\/ulesanne.png\" alt=\"ylesanne\" width=\"40\" height=\"40\" srcset=\"https:\/\/sisu.ut.ee\/wp-content\/uploads\/sites\/527\/ulesanne.png 1080w, https:\/\/sisu.ut.ee\/wp-content\/uploads\/sites\/527\/ulesanne-300x300.png 300w, https:\/\/sisu.ut.ee\/wp-content\/uploads\/sites\/527\/ulesanne-1024x1024.png 1024w, https:\/\/sisu.ut.ee\/wp-content\/uploads\/sites\/527\/ulesanne-150x150.png 150w, https:\/\/sisu.ut.ee\/wp-content\/uploads\/sites\/527\/ulesanne-768x768.png 768w\" sizes=\"auto, (max-width: 40px) 100vw, 40px\"><span style=\"color: #e31c79;\"><strong>\u00a0<span style=\"background: white;\"><span style=\"line-height: 150%;\"><span lang=\"ET\">Anal\u00fc\u00fcsi enda motteviisi. P\u00fc\u00fca leida vastused k\u00fcsimustele:<\/span><\/span><\/span><\/strong><\/span><\/p>\n<ul>\n<li style=\"text-align: justify;\"><span style=\"background: white;\"><span style=\"line-height: 150%;\"><span lang=\"ET\" style=\"color: black;\">Kuidas v\u00f5tan vastu v\u00e4ljakutseid?<\/span><\/span><\/span><\/li>\n<li style=\"text-align: justify;\"><span style=\"background: white;\"><span style=\"line-height: 150%;\"><span lang=\"ET\" style=\"color: black;\">Kuidas suhtun takistustesse?<\/span><\/span><\/span><\/li>\n<li style=\"text-align: justify;\"><span style=\"background: white;\"><span style=\"line-height: 150%;\"><span lang=\"ET\" style=\"color: black;\">Kuidas suhtun j\u00f5upingutustesse?<\/span><\/span><\/span><\/li>\n<li style=\"text-align: justify;\"><span style=\"background: white;\"><span style=\"line-height: 150%;\"><span lang=\"ET\" style=\"color: black;\">Kuidas suhtun kriitikasse enda ja oma tegevuse suhtes?<\/span><\/span><\/span><\/li>\n<li style=\"text-align: justify;\"><span style=\"background: white;\"><span style=\"line-height: 150%;\"><span lang=\"ET\" style=\"color: black;\">Kuidas suhtun teiste edusammudesse?<\/span><\/span><\/span><\/li>\n<li style=\"text-align: justify;\"><span style=\"background: white;\"><span style=\"line-height: 150%;\"><span lang=\"ET\" style=\"color: black;\">Millise motteviisi ilminguid oma k\u00e4itumises rohkem n\u00e4en? <\/span><\/span><\/span><\/li>\n<\/ul>\n<p style=\"text-align: justify;\"><span style=\"background: white;\"><span style=\"line-height: 150%;\"><span lang=\"ET\" style=\"color: black;\">Tee anal\u00fc\u00fcsi p\u00f5hjal j\u00e4reldused.<\/span><\/span><\/span><\/p>\n<hr>\n<p style=\"text-align: justify;\"><img loading=\"lazy\" decoding=\"async\" class=\"alignnone wp-image-18\" title=\"ulesanne.png\" src=\"https:\/\/sisu.ut.ee\/wp-content\/uploads\/sites\/527\/ulesanne.png\" alt=\"ylesanne\" width=\"40\" height=\"40\" srcset=\"https:\/\/sisu.ut.ee\/wp-content\/uploads\/sites\/527\/ulesanne.png 1080w, https:\/\/sisu.ut.ee\/wp-content\/uploads\/sites\/527\/ulesanne-300x300.png 300w, https:\/\/sisu.ut.ee\/wp-content\/uploads\/sites\/527\/ulesanne-1024x1024.png 1024w, https:\/\/sisu.ut.ee\/wp-content\/uploads\/sites\/527\/ulesanne-150x150.png 150w, https:\/\/sisu.ut.ee\/wp-content\/uploads\/sites\/527\/ulesanne-768x768.png 768w\" sizes=\"auto, (max-width: 40px) 100vw, 40px\">\u00a0<span style=\"color: #e31c79;\"><strong>\u00a0<span style=\"background: white;\"><span style=\"line-height: 150%;\"><span lang=\"ET\">Loe l\u00e4bi iga v\u00e4ide ja otsusta, kas oled sellega pigem n\u00f5us v\u00f5i mitte:<\/span><\/span><\/span><\/strong><\/span><\/p>\n<ol>\n<li style=\"text-align: justify;\"><span style=\"background: white;\"><span style=\"line-height: 150%;\"><span lang=\"ET\" style=\"color: black;\">Sinu intelligentsus on sinu iseloomulik osa ning sa ei saa seda eriti muuta.<\/span><\/span><\/span><\/li>\n<li style=\"text-align: justify;\"><span lang=\"ET\" style=\"color: black;\">Sa v\u00f5id uusi asju juurde \u00f5ppida kuid ei saa tegelikult muuta seda, kui intelligentne sa oled.<\/span><\/li>\n<li style=\"text-align: justify;\"><span lang=\"ET\" style=\"color: black;\">\u00dcksk\u00f5ik kui k\u00f5rge on Sinu intelligentsuse tase, saad seda alati \u00fcsna palju muuta.<\/span><\/li>\n<li style=\"text-align: justify;\"><span lang=\"ET\" style=\"color: black;\">Sa saad alati oluliselt muuta seda, kui intelligentne sa oled.<\/span><\/li>\n<\/ol>\n<p style=\"margin-left: 18.0pt; text-align: justify;\"><\/p><div class=\"accordion mb-3\">\n        <div class=\"accordion-item accordion-item--white\">\n        <h2 class=\"accordion-header\" id=\"accordion-69e169035a6a1-heading\">\n            <button class=\"accordion-button collapsed\" type=\"button\" data-bs-toggle=\"collapse\" data-bs-target=\"#accordion-69e169035a6a1-collapse\" aria-expanded=\"true\" aria-controls=\"accordion-69e169035a6a1-collapse\">Selgitus<\/button>\n        <\/h2>\n        <div id=\"accordion-69e169035a6a1-collapse\" class=\"accordion-collapse collapse\" aria-labelledby=\"accordion-69e169035a6a1-heading\">\n            <div class=\"accordion-body\">V\u00e4ited 1 ja 2 iseloomustavad kinnistunud motteviisi. V\u00e4ited 3 ja 4 peegeldavad arengule suunatud motteviisi.<\/div>\n        <\/div>\n        <\/div>\n    <\/div>\n<p>\u00dclesande koostamisel on toetutud allikale Dwek, 2017.<\/p>\n<hr>\n<p style=\"text-align: justify;\"><img loading=\"lazy\" decoding=\"async\" class=\"alignnone wp-image-18\" title=\"ulesanne.png\" src=\"https:\/\/sisu.ut.ee\/wp-content\/uploads\/sites\/527\/ulesanne.png\" alt=\"ylesanne\" width=\"40\" height=\"40\" srcset=\"https:\/\/sisu.ut.ee\/wp-content\/uploads\/sites\/527\/ulesanne.png 1080w, https:\/\/sisu.ut.ee\/wp-content\/uploads\/sites\/527\/ulesanne-300x300.png 300w, https:\/\/sisu.ut.ee\/wp-content\/uploads\/sites\/527\/ulesanne-1024x1024.png 1024w, https:\/\/sisu.ut.ee\/wp-content\/uploads\/sites\/527\/ulesanne-150x150.png 150w, https:\/\/sisu.ut.ee\/wp-content\/uploads\/sites\/527\/ulesanne-768x768.png 768w\" sizes=\"auto, (max-width: 40px) 100vw, 40px\">\u00a0<span style=\"color: #e31c79;\"><strong><span style=\"background: white;\"><span style=\"line-height: 150%;\"><span lang=\"ET\">Loe \u00fckshaaval j\u00e4rgmisi v\u00e4iteid isiksuse ja iseloomu kohta ning otsusta, milliste v\u00e4idetega pigem n\u00f5ustud, millistega mitte.<\/span><\/span><\/span><\/strong><\/span><\/p>\n<ol>\n<li style=\"text-align: justify;\"><span style=\"background: white;\"><span style=\"line-height: 150%;\"><span lang=\"ET\" style=\"color: black;\">Sa oled teatavat t\u00fc\u00fcpi isiksus ja sa ei saa seda eriti midagi selle muutmiseks teha.<\/span><\/span><\/span><\/li>\n<li style=\"text-align: justify;\"><span lang=\"ET\" style=\"color: black;\">\u00dcksk\u00f5ik, mis t\u00fc\u00fcpi isiksus sa oled, saad seda alati oluliselt muuta.<\/span><\/li>\n<li style=\"text-align: justify;\"><span lang=\"ET\" style=\"color: black;\">Sa v\u00f5id teha asju teistmoodi, ent t\u00e4htsaid osasid oma olemusest sa tegelikult muuta ei saa.<\/span><\/li>\n<li style=\"text-align: justify;\"><span lang=\"ET\" style=\"color: black;\">Sa saad oma isiksuse t\u00fc\u00fcbis alati k\u00f5ige p\u00f5hilisemat muuta.<\/span><\/li>\n<\/ol>\n<p style=\"margin-left: 18.0pt; text-align: justify;\"><span style=\"background: white;\"><span style=\"line-height: 150%;\"><span lang=\"ET\" style=\"color: black;\"><div class=\"accordion mb-3\">\n        <div class=\"accordion-item accordion-item--white\">\n        <h2 class=\"accordion-header\" id=\"accordion-69e169035a6b8-heading\">\n            <button class=\"accordion-button collapsed\" type=\"button\" data-bs-toggle=\"collapse\" data-bs-target=\"#accordion-69e169035a6b8-collapse\" aria-expanded=\"true\" aria-controls=\"accordion-69e169035a6b8-collapse\">Selgitus<\/button>\n        <\/h2>\n        <div id=\"accordion-69e169035a6b8-collapse\" class=\"accordion-collapse collapse\" aria-labelledby=\"accordion-69e169035a6b8-heading\">\n            <div class=\"accordion-body\">Selgitus: V\u00e4ited 1 ja 3 iseloomustavd kinnistunud motteviisi ning 2 ja 4 arengule suunatud motteviisi.<\/div>\n        <\/div>\n        <\/div>\n    <\/div><\/span><\/span><\/span><\/p>\n<p style=\"margin-left: 18.0pt; text-align: justify;\">\u00dclesande koostamisel on toetutud allikale Dwek, 2017.<\/p>\n<hr>\n<p><img loading=\"lazy\" decoding=\"async\" class=\"alignnone wp-image-18\" title=\"ulesanne.png\" src=\"https:\/\/sisu.ut.ee\/wp-content\/uploads\/sites\/527\/ulesanne.png\" alt=\"ylesanne\" width=\"40\" height=\"40\" srcset=\"https:\/\/sisu.ut.ee\/wp-content\/uploads\/sites\/527\/ulesanne.png 1080w, https:\/\/sisu.ut.ee\/wp-content\/uploads\/sites\/527\/ulesanne-300x300.png 300w, https:\/\/sisu.ut.ee\/wp-content\/uploads\/sites\/527\/ulesanne-1024x1024.png 1024w, https:\/\/sisu.ut.ee\/wp-content\/uploads\/sites\/527\/ulesanne-150x150.png 150w, https:\/\/sisu.ut.ee\/wp-content\/uploads\/sites\/527\/ulesanne-768x768.png 768w\" sizes=\"auto, (max-width: 40px) 100vw, 40px\"><span style=\"color: #e31c79;\"><strong>\u00a0Vaata videot ja p\u00fc\u00fca leida vastused j\u00e4rgmistele k\u00fcsimustele:<\/strong><\/span><\/p>\n<ul>\n<li style=\"text-align: justify;\"><span lang=\"ET\"><span style=\"font-weight: normal;\">Milliseid uskumusi ettev\u00f5tja v\u00e4ljendab?<\/span><\/span><\/li>\n<li style=\"text-align: justify;\"><span lang=\"ET\"><span style=\"font-weight: normal;\">Kuidas uskumused m\u00f5jutasid ettev\u00f5tja tegutsemist?<\/span><\/span><\/li>\n<li style=\"text-align: justify;\"><span lang=\"ET\"><span style=\"font-weight: normal;\">Kuidas ettev\u00f5tja kirjeldab eba\u00f5nnestumist kui v\u00f5imalust, \u00f5ppimisv\u00f5imalust?<\/span><\/span><\/li>\n<\/ul>\n<p style=\"margin-bottom: .0001pt;\"><\/p><div class=\"ratio ratio-16x9 mb-3\"><div class=\"video-placeholder-wrapper video-placeholder-wrapper--16x9\">\n\t\t\t    <div class=\"video-placeholder d-flex justify-content-center align-items-center\">\n\t\t\t        <div class=\"overlay text-white p-2 w-100 text-center d-block justify-content-center align-items-center\">\n\t\t\t            <div>Kolmandate osapoolte sisu n\u00e4gemiseks palun n\u00f5ustu k\u00fcpsistega.<\/div>\n\t\t\t            <button class=\"btn btn-secondary btn-sm mt-1 consent-change\">Muuda n\u00f5usolekut<\/button>\n\t\t\t        <\/div>\n\t\t\t    <\/div>\n\t\t\t<\/div>\n<\/div>\n<hr>\n<p style=\"text-align: justify;\"><img loading=\"lazy\" decoding=\"async\" class=\"alignnone wp-image-18\" title=\"ulesanne.png\" src=\"https:\/\/sisu.ut.ee\/wp-content\/uploads\/sites\/527\/ulesanne.png\" alt=\"ylesanne\" width=\"40\" height=\"40\" srcset=\"https:\/\/sisu.ut.ee\/wp-content\/uploads\/sites\/527\/ulesanne.png 1080w, https:\/\/sisu.ut.ee\/wp-content\/uploads\/sites\/527\/ulesanne-300x300.png 300w, https:\/\/sisu.ut.ee\/wp-content\/uploads\/sites\/527\/ulesanne-1024x1024.png 1024w, https:\/\/sisu.ut.ee\/wp-content\/uploads\/sites\/527\/ulesanne-150x150.png 150w, https:\/\/sisu.ut.ee\/wp-content\/uploads\/sites\/527\/ulesanne-768x768.png 768w\" sizes=\"auto, (max-width: 40px) 100vw, 40px\">\u00a0<\/p>\n\n<div class=\"h5p-iframe-wrapper\"><div class=\"video-placeholder-wrapper video-placeholder-wrapper--fixed\" style=\"height: 366px;\">\n\t\t\t    <div class=\"video-placeholder d-flex justify-content-center align-items-center\">\n\t\t\t        <div class=\"overlay text-white p-2 w-100 text-center d-block justify-content-center align-items-center\">\n\t\t\t            <div>Kolmandate osapoolte sisu n\u00e4gemiseks palun n\u00f5ustu k\u00fcpsistega.<\/div>\n\t\t\t            <button class=\"btn btn-secondary btn-sm mt-1 consent-change\">Muuda n\u00f5usolekut<\/button>\n\t\t\t        <\/div>\n\t\t\t    <\/div>\n\t\t\t<\/div>\n<\/div>\n\n\n<hr>\n<p><img loading=\"lazy\" decoding=\"async\" class=\"alignnone wp-image-18\" title=\"ulesanne.png\" src=\"https:\/\/sisu.ut.ee\/wp-content\/uploads\/sites\/527\/ulesanne.png\" alt=\"ylesanne\" width=\"40\" height=\"40\" srcset=\"https:\/\/sisu.ut.ee\/wp-content\/uploads\/sites\/527\/ulesanne.png 1080w, https:\/\/sisu.ut.ee\/wp-content\/uploads\/sites\/527\/ulesanne-300x300.png 300w, https:\/\/sisu.ut.ee\/wp-content\/uploads\/sites\/527\/ulesanne-1024x1024.png 1024w, https:\/\/sisu.ut.ee\/wp-content\/uploads\/sites\/527\/ulesanne-150x150.png 150w, https:\/\/sisu.ut.ee\/wp-content\/uploads\/sites\/527\/ulesanne-768x768.png 768w\" sizes=\"auto, (max-width: 40px) 100vw, 40px\">\u00a0<\/p>\n\n<div class=\"h5p-iframe-wrapper\"><div class=\"video-placeholder-wrapper video-placeholder-wrapper--fixed\" style=\"height: 366px;\">\n\t\t\t    <div class=\"video-placeholder d-flex justify-content-center align-items-center\">\n\t\t\t        <div class=\"overlay text-white p-2 w-100 text-center d-block justify-content-center align-items-center\">\n\t\t\t            <div>Kolmandate osapoolte sisu n\u00e4gemiseks palun n\u00f5ustu k\u00fcpsistega.<\/div>\n\t\t\t            <button class=\"btn btn-secondary btn-sm mt-1 consent-change\">Muuda n\u00f5usolekut<\/button>\n\t\t\t        <\/div>\n\t\t\t    <\/div>\n\t\t\t<\/div>\n<\/div>\n\n\n<hr>\n<p><img loading=\"lazy\" decoding=\"async\" class=\"alignnone wp-image-19\" title=\"test.png\" src=\"https:\/\/sisu.ut.ee\/wp-content\/uploads\/sites\/527\/test.png\" alt=\"\" width=\"40\" height=\"40\" srcset=\"https:\/\/sisu.ut.ee\/wp-content\/uploads\/sites\/527\/test.png 1080w, https:\/\/sisu.ut.ee\/wp-content\/uploads\/sites\/527\/test-300x300.png 300w, https:\/\/sisu.ut.ee\/wp-content\/uploads\/sites\/527\/test-1024x1024.png 1024w, https:\/\/sisu.ut.ee\/wp-content\/uploads\/sites\/527\/test-150x150.png 150w, https:\/\/sisu.ut.ee\/wp-content\/uploads\/sites\/527\/test-768x768.png 768w\" sizes=\"auto, (max-width: 40px) 100vw, 40px\"><\/p>\n\n<div class=\"h5p-iframe-wrapper\"><div class=\"video-placeholder-wrapper video-placeholder-wrapper--fixed\" style=\"height: 366px;\">\n\t\t\t    <div class=\"video-placeholder d-flex justify-content-center align-items-center\">\n\t\t\t        <div class=\"overlay text-white p-2 w-100 text-center d-block justify-content-center align-items-center\">\n\t\t\t            <div>Kolmandate osapoolte sisu n\u00e4gemiseks palun n\u00f5ustu k\u00fcpsistega.<\/div>\n\t\t\t            <button class=\"btn btn-secondary btn-sm mt-1 consent-change\">Muuda n\u00f5usolekut<\/button>\n\t\t\t        <\/div>\n\t\t\t    <\/div>\n\t\t\t<\/div>\n<\/div>\n","protected":false},"excerpt":{"rendered":"<p>\u00dcLESANDED \u00a0Vaata videot: Kuidas uskumus meie v\u00f5imeid m\u00f5jutab (Katrin Poom-Valickis) Kolmandate osapoolte sisu n\u00e4gemiseks palun n\u00f5ustu k\u00fcpsistega. Muuda n\u00f5usolekut P\u00fc\u00fca leida vastused j\u00e4rgmistele k\u00fcsimustele: Milliseid uskumusi kirjeldatakse kui j\u00e4\u00e4vususkumusi? Milliseid uskumusi kirjeldatakse kui\u00a0 juurdekasvuuskumusi? Kuidas saab j\u00e4\u00e4vususkumusi muuta? Kuidas saab &#8230;<\/p>\n","protected":false},"author":263,"featured_media":0,"parent":0,"menu_order":0,"comment_status":"closed","ping_status":"closed","template":"","meta":{"_acf_changed":false,"inline_featured_image":false,"footnotes":""},"class_list":["post-3","page","type-page","status-publish","hentry"],"acf":[],"_links":{"self":[{"href":"https:\/\/sisu.ut.ee\/edujategu3\/wp-json\/wp\/v2\/pages\/3","targetHints":{"allow":["GET"]}}],"collection":[{"href":"https:\/\/sisu.ut.ee\/edujategu3\/wp-json\/wp\/v2\/pages"}],"about":[{"href":"https:\/\/sisu.ut.ee\/edujategu3\/wp-json\/wp\/v2\/types\/page"}],"author":[{"embeddable":true,"href":"https:\/\/sisu.ut.ee\/edujategu3\/wp-json\/wp\/v2\/users\/263"}],"replies":[{"embeddable":true,"href":"https:\/\/sisu.ut.ee\/edujategu3\/wp-json\/wp\/v2\/comments?post=3"}],"version-history":[{"count":15,"href":"https:\/\/sisu.ut.ee\/edujategu3\/wp-json\/wp\/v2\/pages\/3\/revisions"}],"predecessor-version":[{"id":157,"href":"https:\/\/sisu.ut.ee\/edujategu3\/wp-json\/wp\/v2\/pages\/3\/revisions\/157"}],"wp:attachment":[{"href":"https:\/\/sisu.ut.ee\/edujategu3\/wp-json\/wp\/v2\/media?parent=3"}],"curies":[{"name":"wp","href":"https:\/\/api.w.org\/{rel}","templated":true}]}}