{"id":12,"date":"2024-04-04T07:34:04","date_gmt":"2024-04-04T04:34:04","guid":{"rendered":"https:\/\/sisu.ut.ee\/edujategu3\/avaleht\/"},"modified":"2024-04-09T14:35:00","modified_gmt":"2024-04-09T11:35:00","slug":"avaleht","status":"publish","type":"page","link":"https:\/\/sisu.ut.ee\/edujategu3\/","title":{"rendered":"Avaleht"},"content":{"rendered":"<h4><img loading=\"lazy\" decoding=\"async\" width=\"1640\" height=\"924\" class=\"alignnone wp-image-24\" title=\"simple_frame_photography_studio_facebook_cover-5.png\" src=\"https:\/\/sisu.ut.ee\/wp-content\/uploads\/sites\/527\/simple_frame_photography_studio_facebook_cover-5.png\" alt=\"avaleht\" srcset=\"https:\/\/sisu.ut.ee\/wp-content\/uploads\/sites\/527\/simple_frame_photography_studio_facebook_cover-5.png 1640w, https:\/\/sisu.ut.ee\/wp-content\/uploads\/sites\/527\/simple_frame_photography_studio_facebook_cover-5-300x169.png 300w, https:\/\/sisu.ut.ee\/wp-content\/uploads\/sites\/527\/simple_frame_photography_studio_facebook_cover-5-1024x577.png 1024w, https:\/\/sisu.ut.ee\/wp-content\/uploads\/sites\/527\/simple_frame_photography_studio_facebook_cover-5-768x433.png 768w, https:\/\/sisu.ut.ee\/wp-content\/uploads\/sites\/527\/simple_frame_photography_studio_facebook_cover-5-1536x865.png 1536w\" sizes=\"auto, (max-width: 1640px) 100vw, 1640px\"><\/h4>\n<h4><strong>Hea \u00f5petaja, tere tulemast minikursusele<em> \u00f5petaja ettev\u00f5tlik m\u00f5tteviis<\/em>!<\/strong><\/h4>\n<p style=\"text-align: justify;\"><span style=\"background: white;\"><span style=\"vertical-align: top;\"><span lang=\"ET\" style=\"background: white;\">Minikursuse eesm\u00e4rk<\/span><span lang=\"ET\"> on toetada \u00f5petaja arusaama kujunemist ettev\u00f5tliku m\u00f5tteviisi olemusest.<\/span><\/span><\/span><\/p>\n<p style=\"text-align: justify;\"><span style=\"background: white;\"><span style=\"vertical-align: top;\"><span lang=\"ET\">Kursuse maht on 2 EAP<\/span><\/span><\/span><\/p>\n<p style=\"text-align: justify;\"><span style=\"line-height: 150%;\">Kui oled minikursuse l\u00e4binud, m\u00f5istad <span lang=\"ET\">ettev\u00f5tliku m\u00f5tteviisi olemust ja oled anal\u00fc\u00fcsinud \u00a0enda ettev\u00f5tliku m\u00f5tteviisi.\u00a0 <\/span><\/span><\/p>\n<p style=\"text-align: center;\"><span style=\"font-size: 11px;\"><span style=\"background: white;\"><span style=\"line-height: 150%;\"><b>\u00a0<\/b><a href=\"http:\/\/creativecommons.org\/licenses\/by-sa\/3.0\/ee\/\" target=\"_blank\" rel=\"noopener\"><span style=\"position: relative;\"><span style=\"top: 0pt;\">CC BY-SA litsents<\/span><\/span><\/a>: Materjal on litsenseeritud Creative Commonsi Autorile viitamine + Jagamine samadel tingimustel 3.0 Eesti litsentsi all.\u00a0<\/span><\/span><\/span><\/p>\n","protected":false},"excerpt":{"rendered":"<p>Hea \u00f5petaja, tere tulemast minikursusele \u00f5petaja ettev\u00f5tlik m\u00f5tteviis! Minikursuse eesm\u00e4rk on toetada \u00f5petaja arusaama kujunemist ettev\u00f5tliku m\u00f5tteviisi olemusest. Kursuse maht on 2 EAP Kui oled minikursuse l\u00e4binud, m\u00f5istad ettev\u00f5tliku m\u00f5tteviisi olemust ja oled anal\u00fc\u00fcsinud \u00a0enda ettev\u00f5tliku m\u00f5tteviisi.\u00a0 \u00a0CC BY-SA litsents: &#8230;<\/p>\n","protected":false},"author":263,"featured_media":0,"parent":0,"menu_order":0,"comment_status":"closed","ping_status":"closed","template":"","meta":{"_acf_changed":false,"inline_featured_image":false,"footnotes":""},"class_list":["post-12","page","type-page","status-publish","hentry"],"acf":[],"_links":{"self":[{"href":"https:\/\/sisu.ut.ee\/edujategu3\/wp-json\/wp\/v2\/pages\/12","targetHints":{"allow":["GET"]}}],"collection":[{"href":"https:\/\/sisu.ut.ee\/edujategu3\/wp-json\/wp\/v2\/pages"}],"about":[{"href":"https:\/\/sisu.ut.ee\/edujategu3\/wp-json\/wp\/v2\/types\/page"}],"author":[{"embeddable":true,"href":"https:\/\/sisu.ut.ee\/edujategu3\/wp-json\/wp\/v2\/users\/263"}],"replies":[{"embeddable":true,"href":"https:\/\/sisu.ut.ee\/edujategu3\/wp-json\/wp\/v2\/comments?post=12"}],"version-history":[{"count":5,"href":"https:\/\/sisu.ut.ee\/edujategu3\/wp-json\/wp\/v2\/pages\/12\/revisions"}],"predecessor-version":[{"id":67,"href":"https:\/\/sisu.ut.ee\/edujategu3\/wp-json\/wp\/v2\/pages\/12\/revisions\/67"}],"wp:attachment":[{"href":"https:\/\/sisu.ut.ee\/edujategu3\/wp-json\/wp\/v2\/media?parent=12"}],"curies":[{"name":"wp","href":"https:\/\/api.w.org\/{rel}","templated":true}]}}