{"id":10,"date":"2024-04-04T07:34:04","date_gmt":"2024-04-04T04:34:04","guid":{"rendered":"https:\/\/sisu.ut.ee\/edujategu3\/ulesanded-1\/"},"modified":"2024-04-09T16:21:39","modified_gmt":"2024-04-09T13:21:39","slug":"ulesanded-1","status":"publish","type":"page","link":"https:\/\/sisu.ut.ee\/edujategu3\/ulesanded-1\/","title":{"rendered":"\u00dclesanded"},"content":{"rendered":"<h1 class=\"wp-block-heading\"><img loading=\"lazy\" decoding=\"async\" title=\"sissejuhatus_01.png\" width=\"40\" height=\"40\" class=\"alignnone wp-image-21\" src=\"https:\/\/sisu.ut.ee\/wp-content\/uploads\/sites\/507\/sissejuhatus_01.png\" alt=\"sissejuhatus\"> <span style=\"color: #28aae1;\">\u00dcLESANDED<\/span><\/h1>\n\n\n<p><img loading=\"lazy\" decoding=\"async\" title=\"\" src=\"https:\/\/sisu.ut.ee\/wp-content\/uploads\/sites\/527\/ulesanne.png\" alt=\"ylesanne\" width=\"32\" height=\"32\" data-file_info=\"%7B%22fid%22:66246,%22view_mode%22:%22default%22,%22type%22:%22media%22%7D\"><strong><span style=\"color: #e31c79;\">\u00a0\u00dclesanne. Ettev\u00f5tliku motteviisi m\u00f5iste \u00a0<\/span><\/strong><\/p>\n<p>Kuidas selgitaksid \u00f5petajatele, oma kolleegidele, mis on ettev\u00f5tlik motteviis? Koosta loetu p\u00f5hjal l\u00fchike selgitus ja testi seda kolleegidega. Peegelda, kuid kolleegid seda m\u00f5istsid.<\/p>\n<hr>\n<p><img loading=\"lazy\" decoding=\"async\" title=\"\" src=\"https:\/\/sisu.ut.ee\/wp-content\/uploads\/sites\/527\/ulesanne.png\" alt=\"ylesanne\" width=\"32\" height=\"32\" data-file_info=\"%7B%22fid%22:66246,%22view_mode%22:%22default%22,%22type%22:%22media%22%7D\"><span style=\"color: #e31c79;\">\u00a0<strong>\u00dclesanne. Ettev\u00f5tliku motteviisi aspektid<\/strong><\/span><\/p>\n<p>Koosta m\u00f5istekaart erinevates ettev\u00f5tliku motteviisi definitsioonides r\u00f5hutatud aspektidest, kasutades sobivat m\u00f5istekaarti koostamise digitaalset t\u00f6\u00f6vahendit.<\/p>\n<p>Koosta m\u00f5istekaarti p\u00f5hjal oma ettev\u00f5tliku motteviisi definitsioon, mida saad kasutada koost\u00f6\u00f6s kolleegidega ja \u00f5pilastele m\u00f5iste selgitamiseks.\u00a0\u00a0<\/p>\n<hr>\n<p><strong><img loading=\"lazy\" decoding=\"async\" title=\"\" src=\"https:\/\/sisu.ut.ee\/wp-content\/uploads\/sites\/527\/ulesanne.png\" alt=\"ylesanne\" width=\"32\" height=\"32\" data-file_info=\"%7B%22fid%22:66246,%22view_mode%22:%22default%22,%22type%22:%22media%22%7D\">\u00a0<span style=\"color: #e31c79;\">\u00dclesanne. \u00d5petaja ettev\u00f5tliku motteviisi anal\u00fc\u00fcs<\/span><\/strong><\/p>\n<p>Anal\u00fc\u00fcsi, toetudes loetule, enda ettev\u00f5tlikku motteviisi, l\u00e4htudes ettev\u00f5tliku motteviisi komponentidest (uudishimu, v\u00e4\u00e4rtuste loomine, seostamine).\u00a0 Tee anal\u00fc\u00fcsi p\u00f5hjal j\u00e4reldused.<\/p>\n<hr>\n<p><strong><img loading=\"lazy\" decoding=\"async\" title=\"\" src=\"https:\/\/sisu.ut.ee\/wp-content\/uploads\/sites\/527\/ulesanne.png\" alt=\"ylesanne\" width=\"32\" height=\"32\" data-file_info=\"%7B%22fid%22:66246,%22view_mode%22:%22default%22,%22type%22:%22media%22%7D\"><span style=\"color: #e31c79;\">\u00a0\u00dclesanne. Mina ettev\u00f5tliku motteviisi teljel<\/span><\/strong><\/p>\n<p>P\u00fc\u00fca end paigutada ettev\u00f5tliku motteviisi teljele.<\/p>\n<p>Kui paigutasid end pigem telje vasakpoolsesse otsa (madal ettev\u00f5tliku umotteviisi tase) v\u00f5i keskmisse ossa (m\u00f5\u00f5dukas ettev\u00f5tliku motteviisi tase), arutle, mida saaksid teha ettev\u00f5tliku motteviisi arendamiseks.<\/p>\n<hr>\n<p><strong><img loading=\"lazy\" decoding=\"async\" title=\"\" src=\"https:\/\/sisu.ut.ee\/wp-content\/uploads\/sites\/527\/ulesanne.png\" alt=\"ylesanne\" width=\"32\" height=\"32\" data-file_info=\"%7B%22fid%22:66246,%22view_mode%22:%22default%22,%22type%22:%22media%22%7D\">\u00a0<span style=\"color: #e31c79;\">\u00dclesanne. Teadusartikli l\u00fchikokkuv\u00f5te<\/span><\/strong><\/p>\n<p>Leia teaduskirjanduse andmebaasist (nt Google Scholars) \u00f5petaja ettev\u00f5tlikku motteviisi k\u00e4sitlev artikkel. V\u00f5id otsida n\u00e4iteks m\u00e4rks\u00f5naga \u201eteacher entrepreneurial mindset\u201c<\/p>\n<p>Koosta l\u00fchikokkuv\u00f5te artikli olulistest aspektidest.<\/p>\n<hr>\n<p><img loading=\"lazy\" decoding=\"async\" title=\"\" src=\"https:\/\/sisu.ut.ee\/wp-content\/uploads\/sites\/527\/ulesanne.png\" alt=\"ylesanne\" width=\"32\" height=\"32\" data-file_info=\"%7B%22fid%22:66246,%22view_mode%22:%22default%22,%22type%22:%22media%22%7D\"><strong>\u00a0<span style=\"color: #e31c79;\">\u00dclesanne. Ettev\u00f5tlik motteviis<\/span><\/strong><\/p>\n<div>Vaata videot:\u00a0Bill Roche. <i>The Power of an Entrepreneurial Mindset<\/i>.\u00a0 \u00a0<\/div>\n<p><\/p><div class=\"ratio ratio-16x9 mb-3\"><div class=\"video-placeholder-wrapper video-placeholder-wrapper--16x9\">\n\t\t\t    <div class=\"video-placeholder d-flex justify-content-center align-items-center\">\n\t\t\t        <div class=\"overlay text-white p-2 w-100 text-center d-block justify-content-center align-items-center\">\n\t\t\t            <div>Kolmandate osapoolte sisu n\u00e4gemiseks palun n\u00f5ustu k\u00fcpsistega.<\/div>\n\t\t\t            <button class=\"btn btn-secondary btn-sm mt-1 consent-change\">Muuda n\u00f5usolekut<\/button>\n\t\t\t        <\/div>\n\t\t\t    <\/div>\n\t\t\t<\/div>\n<\/div>\n<p style=\"text-align: justify;\"><span style=\"background: white;\"><span style=\"line-height: 150%;\">P\u00fc\u00fca leida vastus k\u00fcsimustele: <\/span><\/span><\/p>\n<ul style=\"margin-left: 40px;\">\n<li style=\"text-align: justify;\"><span style=\"background: white;\"><span style=\"line-height: 150%;\">Kuidas Bill Roche selgitab ettev\u00f5tlikku m\u00f5tteviisi?<\/span><\/span><\/li>\n<li style=\"text-align: justify;\"><span style=\"background: white;\"><span style=\"line-height: 150%;\">Kuidas ta kirjeldab ettev\u00f5tliku m\u00f5tteviisi arendamise v\u00f5imalusi?<\/span><\/span><\/li>\n<li style=\"text-align: justify;\"><span style=\"background: white;\"><span style=\"line-height: 150%;\">Kuidas ta kirjeldab ettev\u00f5tliku m\u00f5tteviisi edendamise v\u00f5imalusi?<\/span><\/span><\/li>\n<\/ul>\n<hr>\n<p><strong><img loading=\"lazy\" decoding=\"async\" title=\"\" src=\"https:\/\/sisu.ut.ee\/wp-content\/uploads\/sites\/527\/ulesanne.png\" alt=\"ylesanne\" width=\"32\" height=\"32\" data-file_info=\"%7B%22fid%22:66246,%22view_mode%22:%22default%22,%22type%22:%22media%22%7D\">\u00a0<span style=\"color: #e31c79;\">\u00dclesanne. V\u00e4ited ettev\u00f5tliku m\u00f5tteviisi kohta.<\/span><\/strong><\/p>\n<p><span style=\"background: white;\"><span style=\"line-height: 150%;\"><span lang=\"ET\" style=\"color: #333333;\">Kaalu iga v\u00e4idet ja otsusta, kas see on \u00f5ige v\u00f5i vale.<\/span><\/span><\/span><\/p>\n<div class=\"h5p-iframe-wrapper\"><div class=\"video-placeholder-wrapper video-placeholder-wrapper--fixed\" style=\"height: 366px;\">\n\t\t\t    <div class=\"video-placeholder d-flex justify-content-center align-items-center\">\n\t\t\t        <div class=\"overlay text-white p-2 w-100 text-center d-block justify-content-center align-items-center\">\n\t\t\t            <div>Kolmandate osapoolte sisu n\u00e4gemiseks palun n\u00f5ustu k\u00fcpsistega.<\/div>\n\t\t\t            <button class=\"btn btn-secondary btn-sm mt-1 consent-change\">Muuda n\u00f5usolekut<\/button>\n\t\t\t        <\/div>\n\t\t\t    <\/div>\n\t\t\t<\/div>\n<\/div>\n\n<p>\u00a0<\/p>\n<hr>\n<p><strong><img loading=\"lazy\" decoding=\"async\" class=\"alignnone wp-image-19\" title=\"test.png\" src=\"https:\/\/sisu.ut.ee\/wp-content\/uploads\/sites\/527\/test.png\" alt=\"test\" width=\"40\" height=\"40\" srcset=\"https:\/\/sisu.ut.ee\/wp-content\/uploads\/sites\/527\/test.png 1080w, https:\/\/sisu.ut.ee\/wp-content\/uploads\/sites\/527\/test-300x300.png 300w, https:\/\/sisu.ut.ee\/wp-content\/uploads\/sites\/527\/test-1024x1024.png 1024w, https:\/\/sisu.ut.ee\/wp-content\/uploads\/sites\/527\/test-150x150.png 150w, https:\/\/sisu.ut.ee\/wp-content\/uploads\/sites\/527\/test-768x768.png 768w\" sizes=\"auto, (max-width: 40px) 100vw, 40px\">\u00a0<span style=\"color: #e31c79;\">Enesetest<\/span><\/strong><\/p>\n<div class=\"h5p-iframe-wrapper\"><div class=\"video-placeholder-wrapper video-placeholder-wrapper--fixed\" style=\"height: 366px;\">\n\t\t\t    <div class=\"video-placeholder d-flex justify-content-center align-items-center\">\n\t\t\t        <div class=\"overlay text-white p-2 w-100 text-center d-block justify-content-center align-items-center\">\n\t\t\t            <div>Kolmandate osapoolte sisu n\u00e4gemiseks palun n\u00f5ustu k\u00fcpsistega.<\/div>\n\t\t\t            <button class=\"btn btn-secondary btn-sm mt-1 consent-change\">Muuda n\u00f5usolekut<\/button>\n\t\t\t        <\/div>\n\t\t\t    <\/div>\n\t\t\t<\/div>\n<\/div>\n\n<p>\u00a0<\/p>","protected":false},"excerpt":{"rendered":"<p>\u00dcLESANDED \u00a0\u00dclesanne. Ettev\u00f5tliku motteviisi m\u00f5iste \u00a0 Kuidas selgitaksid \u00f5petajatele, oma kolleegidele, mis on ettev\u00f5tlik motteviis? Koosta loetu p\u00f5hjal l\u00fchike selgitus ja testi seda kolleegidega. Peegelda, kuid kolleegid seda m\u00f5istsid. \u00a0\u00dclesanne. Ettev\u00f5tliku motteviisi aspektid Koosta m\u00f5istekaart erinevates ettev\u00f5tliku motteviisi definitsioonides r\u00f5hutatud &#8230;<\/p>\n","protected":false},"author":263,"featured_media":0,"parent":0,"menu_order":0,"comment_status":"closed","ping_status":"closed","template":"","meta":{"_acf_changed":false,"inline_featured_image":false,"footnotes":""},"class_list":["post-10","page","type-page","status-publish","hentry"],"acf":[],"_links":{"self":[{"href":"https:\/\/sisu.ut.ee\/edujategu3\/wp-json\/wp\/v2\/pages\/10","targetHints":{"allow":["GET"]}}],"collection":[{"href":"https:\/\/sisu.ut.ee\/edujategu3\/wp-json\/wp\/v2\/pages"}],"about":[{"href":"https:\/\/sisu.ut.ee\/edujategu3\/wp-json\/wp\/v2\/types\/page"}],"author":[{"embeddable":true,"href":"https:\/\/sisu.ut.ee\/edujategu3\/wp-json\/wp\/v2\/users\/263"}],"replies":[{"embeddable":true,"href":"https:\/\/sisu.ut.ee\/edujategu3\/wp-json\/wp\/v2\/comments?post=10"}],"version-history":[{"count":14,"href":"https:\/\/sisu.ut.ee\/edujategu3\/wp-json\/wp\/v2\/pages\/10\/revisions"}],"predecessor-version":[{"id":139,"href":"https:\/\/sisu.ut.ee\/edujategu3\/wp-json\/wp\/v2\/pages\/10\/revisions\/139"}],"wp:attachment":[{"href":"https:\/\/sisu.ut.ee\/edujategu3\/wp-json\/wp\/v2\/media?parent=10"}],"curies":[{"name":"wp","href":"https:\/\/api.w.org\/{rel}","templated":true}]}}