{"id":9,"date":"2024-04-04T09:08:56","date_gmt":"2024-04-04T06:08:56","guid":{"rendered":"https:\/\/sisu.ut.ee\/edujategu24\/karjaariplaani-koostamine\/"},"modified":"2024-05-02T09:45:55","modified_gmt":"2024-05-02T06:45:55","slug":"karjaariplaani-koostamine","status":"publish","type":"page","link":"https:\/\/sisu.ut.ee\/edujategu24\/karjaariplaani-koostamine\/","title":{"rendered":"KARJ\u00c4\u00c4RIPLAANI KOOSTAMINE"},"content":{"rendered":"<h1 class=\"wp-block-heading\"><img loading=\"lazy\" decoding=\"async\" title=\"sissejuhatus_01.png\" width=\"40\" height=\"40\" class=\"alignnone wp-image-21\" src=\"https:\/\/sisu.ut.ee\/wp-content\/uploads\/sites\/507\/sissejuhatus_01.png\" alt=\"sissejuhatus\"> <span style=\"color: #28aae1;\">KARJ\u00c4\u00c4RIPLAANI KOOSTAMINE<\/span><\/h1>\n\n\n<p><img loading=\"lazy\" decoding=\"async\" class=\"alignnone wp-image-103\" src=\"https:\/\/sisu.ut.ee\/wp-content\/uploads\/sites\/662\/ulesanne-1024x1024.png\" alt=\"\" width=\"40\" height=\"40\" srcset=\"https:\/\/sisu.ut.ee\/wp-content\/uploads\/sites\/662\/ulesanne-1024x1024.png 1024w, https:\/\/sisu.ut.ee\/wp-content\/uploads\/sites\/662\/ulesanne-300x300.png 300w, https:\/\/sisu.ut.ee\/wp-content\/uploads\/sites\/662\/ulesanne-150x150.png 150w, https:\/\/sisu.ut.ee\/wp-content\/uploads\/sites\/662\/ulesanne-768x768.png 768w, https:\/\/sisu.ut.ee\/wp-content\/uploads\/sites\/662\/ulesanne.png 1080w\" sizes=\"auto, (max-width: 40px) 100vw, 40px\">\u00a0<b><span lang=\"ET\">Koosta enda pikaajaline ja l\u00fchiajaline karj\u00e4\u00e4riplaan!<\/span><\/b><\/p>\n<p><span style=\"background: white;\"><span style=\"line-height: 14.4pt;\"><span lang=\"ET\"><span style=\"color: black;\">Kasuta \u00f5pingute jooksul koostatud arengumappi ning selle \u00f5piobjekti l\u00e4bimisel kogutud infot enda ja v\u00f5imaluste kohta.\u00a0 <\/span><\/span><\/span><\/span><\/p>\n<p><span style=\"background: white;\"><span style=\"line-height: 14.4pt;\"><span lang=\"ET\"><span style=\"color: black;\">T\u00e4ida <\/span><\/span><span lang=\"ET\"><span style=\"color: #2f5496;\">t\u00f6\u00f6leht <\/span><\/span><\/span><\/span><a href=\"https:\/\/sisu.ut.ee\/wp-content\/uploads\/sites\/662\/tooleht_minu_karjaariplaan_1.pdf\" target=\"_blank\" rel=\"noopener\" data-fid=\"81928\">MINU KARJ\u00c4\u00c4RIPLAAN\u00a0<\/a><\/p>\n<p><img loading=\"lazy\" decoding=\"async\" class=\"alignnone wp-image-102\" src=\"https:\/\/sisu.ut.ee\/wp-content\/uploads\/sites\/662\/uued_moisted-1024x1024.png\" alt=\"\" width=\"40\" height=\"40\" srcset=\"https:\/\/sisu.ut.ee\/wp-content\/uploads\/sites\/662\/uued_moisted-1024x1024.png 1024w, https:\/\/sisu.ut.ee\/wp-content\/uploads\/sites\/662\/uued_moisted-300x300.png 300w, https:\/\/sisu.ut.ee\/wp-content\/uploads\/sites\/662\/uued_moisted-150x150.png 150w, https:\/\/sisu.ut.ee\/wp-content\/uploads\/sites\/662\/uued_moisted-768x768.png 768w, https:\/\/sisu.ut.ee\/wp-content\/uploads\/sites\/662\/uued_moisted.png 1080w\" sizes=\"auto, (max-width: 40px) 100vw, 40px\">\u00a0<strong>Kokkuv\u00f5tteks<\/strong><\/p>\n<p><span style=\"background: white;\"><span style=\"line-height: 106%;\"><span lang=\"ET\"><span style=\"color: black;\">T\u00f6\u00f6alase karj\u00e4\u00e4ri kujundamine h\u00f5lmab suure osa sinu elust. See on aastak\u00fcmnete pikkune \u00f5ppimise ja arenemise, muutustega kohanemise, planeerimise ja kavandatu ellu viimise protsess, mida saab kujutada Demingi ringina. Aeg-ajalt tuleb tehtud plaanid \u00fcle vaadata, hinnata, kuhu oled nende t\u00e4itmisel j\u00f5udnud. V\u00f5ib juhtuda, et pead ette v\u00f5tma senisest erinevaid tegevusi v\u00f5i t\u00e4psustama endale seatud eesm\u00e4rke ja planeerima nende t\u00e4itmist. <\/span><\/span><\/span><\/span><\/p>\n<p style=\"margin-left: 80px;\"><img loading=\"lazy\" decoding=\"async\" width=\"500\" height=\"500\" class=\"alignnone wp-image-17\" title=\"icon_3.png\" src=\"https:\/\/sisu.ut.ee\/wp-content\/uploads\/sites\/662\/icon_3.png\" alt=\"icon\" srcset=\"https:\/\/sisu.ut.ee\/wp-content\/uploads\/sites\/662\/icon_3.png 500w, https:\/\/sisu.ut.ee\/wp-content\/uploads\/sites\/662\/icon_3-300x300.png 300w, https:\/\/sisu.ut.ee\/wp-content\/uploads\/sites\/662\/icon_3-150x150.png 150w\" sizes=\"auto, (max-width: 500px) 100vw, 500px\"><\/p>\n<ul>\n<li><span style=\"background: white;\"><span style=\"line-height: 14.4pt;\"><span lang=\"ET\"><span style=\"color: black;\">Karj\u00e4\u00e4ri planeerimist peale kutse\u00f5ppeasutuse l\u00f5petamist toetavat infot leiad ka veebilehelt <\/span><\/span><\/span><\/span><\/li>\n<li><span style=\"background: white;\"><span style=\"line-height: 14.4pt;\"><span lang=\"ET\" style=\"color: black;\"><a href=\"https:\/\/minukarjaar.ee\/et\" target=\"_blank\" rel=\"noopener\">https:\/\/minukarjaar.ee\/et<\/a><\/span><\/span><\/span><\/li>\n<li><span style=\"background: white;\"><span style=\"line-height: 14.4pt;\"><span lang=\"ET\"><span style=\"color: black;\">Aruta enda karj\u00e4\u00e4riplaan l\u00e4bi karj\u00e4\u00e4rispetsialistiga;<\/span><\/span><\/span><\/span><\/li>\n<li><span style=\"background: white;\"><span style=\"line-height: 14.4pt;\"><span lang=\"ET\"><span style=\"color: black;\">Kavanda konkreetsed tegevused l\u00e4hiajaks;<\/span><\/span><\/span><\/span><\/li>\n<li><span style=\"background: white;\"><span style=\"line-height: 14.4pt;\"><span lang=\"ET\"><span style=\"color: black;\">Vii kavandatu ellu!<\/span><\/span><\/span><\/span><\/li>\n<li><span style=\"background: white;\"><span style=\"line-height: 14.4pt;\"><span lang=\"ET\"><span style=\"color: black;\">\u00c4ra unusta, et sul on alati toetajaid!<\/span><\/span><\/span><\/span><\/li>\n<\/ul>\n<p><img loading=\"lazy\" decoding=\"async\" class=\"alignnone wp-image-103\" src=\"https:\/\/sisu.ut.ee\/wp-content\/uploads\/sites\/662\/ulesanne-1024x1024.png\" alt=\"\" width=\"40\" height=\"40\" srcset=\"https:\/\/sisu.ut.ee\/wp-content\/uploads\/sites\/662\/ulesanne-1024x1024.png 1024w, https:\/\/sisu.ut.ee\/wp-content\/uploads\/sites\/662\/ulesanne-300x300.png 300w, https:\/\/sisu.ut.ee\/wp-content\/uploads\/sites\/662\/ulesanne-150x150.png 150w, https:\/\/sisu.ut.ee\/wp-content\/uploads\/sites\/662\/ulesanne-768x768.png 768w, https:\/\/sisu.ut.ee\/wp-content\/uploads\/sites\/662\/ulesanne.png 1080w\" sizes=\"auto, (max-width: 40px) 100vw, 40px\">\u00a0<span style=\"background: white;\"><span style=\"line-height: 14.4pt;\"><span lang=\"ET\"><span style=\"color: black;\"><b>Minu tugiv\u00f5rgustik<\/b><\/span><\/span><\/span><\/span><\/p>\n<p><img loading=\"lazy\" decoding=\"async\" class=\"alignnone wp-image-14\" title=\"edu_ja_tegu_avalehed_19.png\" src=\"https:\/\/sisu.ut.ee\/wp-content\/uploads\/sites\/662\/edu_ja_tegu_avalehed_19.png\" alt=\"joon\" width=\"544\" height=\"307\" srcset=\"https:\/\/sisu.ut.ee\/wp-content\/uploads\/sites\/662\/edu_ja_tegu_avalehed_19.png 1640w, https:\/\/sisu.ut.ee\/wp-content\/uploads\/sites\/662\/edu_ja_tegu_avalehed_19-300x169.png 300w, https:\/\/sisu.ut.ee\/wp-content\/uploads\/sites\/662\/edu_ja_tegu_avalehed_19-1024x577.png 1024w, https:\/\/sisu.ut.ee\/wp-content\/uploads\/sites\/662\/edu_ja_tegu_avalehed_19-768x433.png 768w, https:\/\/sisu.ut.ee\/wp-content\/uploads\/sites\/662\/edu_ja_tegu_avalehed_19-1536x865.png 1536w\" sizes=\"auto, (max-width: 544px) 100vw, 544px\"><\/p>","protected":false},"excerpt":{"rendered":"<p>KARJ\u00c4\u00c4RIPLAANI KOOSTAMINE \u00a0Koosta enda pikaajaline ja l\u00fchiajaline karj\u00e4\u00e4riplaan! Kasuta \u00f5pingute jooksul koostatud arengumappi ning selle \u00f5piobjekti l\u00e4bimisel kogutud infot enda ja v\u00f5imaluste kohta.\u00a0 T\u00e4ida t\u00f6\u00f6leht MINU KARJ\u00c4\u00c4RIPLAAN\u00a0 \u00a0Kokkuv\u00f5tteks T\u00f6\u00f6alase karj\u00e4\u00e4ri kujundamine h\u00f5lmab suure osa sinu elust. See on aastak\u00fcmnete pikkune &#8230;<\/p>\n","protected":false},"author":263,"featured_media":0,"parent":0,"menu_order":0,"comment_status":"closed","ping_status":"closed","template":"","meta":{"_acf_changed":false,"inline_featured_image":false,"footnotes":""},"class_list":["post-9","page","type-page","status-publish","hentry"],"acf":[],"_links":{"self":[{"href":"https:\/\/sisu.ut.ee\/edujategu24\/wp-json\/wp\/v2\/pages\/9","targetHints":{"allow":["GET"]}}],"collection":[{"href":"https:\/\/sisu.ut.ee\/edujategu24\/wp-json\/wp\/v2\/pages"}],"about":[{"href":"https:\/\/sisu.ut.ee\/edujategu24\/wp-json\/wp\/v2\/types\/page"}],"author":[{"embeddable":true,"href":"https:\/\/sisu.ut.ee\/edujategu24\/wp-json\/wp\/v2\/users\/263"}],"replies":[{"embeddable":true,"href":"https:\/\/sisu.ut.ee\/edujategu24\/wp-json\/wp\/v2\/comments?post=9"}],"version-history":[{"count":13,"href":"https:\/\/sisu.ut.ee\/edujategu24\/wp-json\/wp\/v2\/pages\/9\/revisions"}],"predecessor-version":[{"id":107,"href":"https:\/\/sisu.ut.ee\/edujategu24\/wp-json\/wp\/v2\/pages\/9\/revisions\/107"}],"wp:attachment":[{"href":"https:\/\/sisu.ut.ee\/edujategu24\/wp-json\/wp\/v2\/media?parent=9"}],"curies":[{"name":"wp","href":"https:\/\/api.w.org\/{rel}","templated":true}]}}