{"id":8,"date":"2024-04-04T09:08:55","date_gmt":"2024-04-04T06:08:55","guid":{"rendered":"https:\/\/sisu.ut.ee\/edujategu24\/voimaluste-analuus\/"},"modified":"2024-05-02T09:49:13","modified_gmt":"2024-05-02T06:49:13","slug":"voimaluste-analuus","status":"publish","type":"page","link":"https:\/\/sisu.ut.ee\/edujategu24\/voimaluste-analuus\/","title":{"rendered":"V\u00f5imaluste anal\u00fc\u00fcs"},"content":{"rendered":"<h1 class=\"wp-block-heading\"><img loading=\"lazy\" decoding=\"async\" title=\"sissejuhatus_01.png\" width=\"40\" height=\"40\" class=\"alignnone wp-image-21\" src=\"https:\/\/sisu.ut.ee\/wp-content\/uploads\/sites\/507\/sissejuhatus_01.png\" alt=\"sissejuhatus\"> <span style=\"color: #28aae1;\">V\u00d5IMALUSTE ANAL\u00dc\u00dcS<\/span><\/h1>\n\n\n<p><img loading=\"lazy\" decoding=\"async\" class=\"alignnone wp-image-102\" src=\"https:\/\/sisu.ut.ee\/wp-content\/uploads\/sites\/662\/uued_moisted-1024x1024.png\" alt=\"\" width=\"40\" height=\"40\" srcset=\"https:\/\/sisu.ut.ee\/wp-content\/uploads\/sites\/662\/uued_moisted-1024x1024.png 1024w, https:\/\/sisu.ut.ee\/wp-content\/uploads\/sites\/662\/uued_moisted-300x300.png 300w, https:\/\/sisu.ut.ee\/wp-content\/uploads\/sites\/662\/uued_moisted-150x150.png 150w, https:\/\/sisu.ut.ee\/wp-content\/uploads\/sites\/662\/uued_moisted-768x768.png 768w, https:\/\/sisu.ut.ee\/wp-content\/uploads\/sites\/662\/uued_moisted.png 1080w\" sizes=\"auto, (max-width: 40px) 100vw, 40px\">\u00a0<b><span lang=\"ET\">Eesm\u00e4rgi ja vajaduste selgitamine<\/span><\/b><\/p>\n<p style=\"margin-left: 40px;\"><span style=\"line-height: 106%;\"><span lang=\"ET\">K\u00f5igepealt selgita oma eesm\u00e4rk ja vajadused \u00a0(miks ja milliseid oskusi on sinul juurde vaja) ning valikute m\u00f5jutajad (millega pead arvestama eneset\u00e4iendamisel). \u00a0Eesm\u00e4rk v\u00f5ib olla n\u00e4iteks kutsealane areng:<b> <\/b>soovid t\u00f5usta valdkonna karj\u00e4\u00e4riredelil ja taotleda k\u00f5rgema taseme kutset v\u00f5i hoopis isiklik areng kaugemate eesm\u00e4rkide suunas liikumisel. <\/span><\/span><\/p>\n<p style=\"margin-left: 40px;\"><span style=\"line-height: 106%;\"><span lang=\"ET\">M\u00f5ned n\u00e4ited k\u00fcsimustest, millele tasuks m\u00f5elda.\u00a0<\/span><\/span><\/p>\n<p style=\"margin-left: 40px;\"><img loading=\"lazy\" decoding=\"async\" class=\"wp-image-13 aligncenter\" title=\"edu_ja_tegu_avalehed_18.png\" src=\"https:\/\/sisu.ut.ee\/wp-content\/uploads\/sites\/662\/edu_ja_tegu_avalehed_18.png\" alt=\"joonis\" width=\"981\" height=\"553\" srcset=\"https:\/\/sisu.ut.ee\/wp-content\/uploads\/sites\/662\/edu_ja_tegu_avalehed_18.png 1640w, https:\/\/sisu.ut.ee\/wp-content\/uploads\/sites\/662\/edu_ja_tegu_avalehed_18-300x169.png 300w, https:\/\/sisu.ut.ee\/wp-content\/uploads\/sites\/662\/edu_ja_tegu_avalehed_18-1024x577.png 1024w, https:\/\/sisu.ut.ee\/wp-content\/uploads\/sites\/662\/edu_ja_tegu_avalehed_18-768x433.png 768w, https:\/\/sisu.ut.ee\/wp-content\/uploads\/sites\/662\/edu_ja_tegu_avalehed_18-1536x865.png 1536w\" sizes=\"auto, (max-width: 981px) 100vw, 981px\"><\/p>\n<p style=\"margin-bottom: 5pt; text-align: justify;\"><img loading=\"lazy\" decoding=\"async\" class=\"alignnone wp-image-103\" src=\"https:\/\/sisu.ut.ee\/wp-content\/uploads\/sites\/662\/ulesanne-1024x1024.png\" alt=\"\" width=\"40\" height=\"40\" srcset=\"https:\/\/sisu.ut.ee\/wp-content\/uploads\/sites\/662\/ulesanne-1024x1024.png 1024w, https:\/\/sisu.ut.ee\/wp-content\/uploads\/sites\/662\/ulesanne-300x300.png 300w, https:\/\/sisu.ut.ee\/wp-content\/uploads\/sites\/662\/ulesanne-150x150.png 150w, https:\/\/sisu.ut.ee\/wp-content\/uploads\/sites\/662\/ulesanne-768x768.png 768w, https:\/\/sisu.ut.ee\/wp-content\/uploads\/sites\/662\/ulesanne.png 1080w\" sizes=\"auto, (max-width: 40px) 100vw, 40px\">\u00a0<b>Minu haridustee\u00a0\u00a0 <\/b><\/p>\n<ul style=\"margin-left: 40px;\">\n<li><span style=\"background: white;\"><span style=\"line-height: 14.4pt;\"><span lang=\"ET\">M\u00f5tle oma varasemate \u00f5pingute peale m\u00f6\u00f6dunud 10 a jooksul. Joonista ajatelg ja kujuta sellel t\u00e4htsamad etapid oma senisel haridusteel. Soovi korral kasuta ajatelje loomisel veebit\u00f6\u00f6riistu. Kui \u00f5ppimine on samal ajal toimunud erinevates vormides (nt \u00fcldhariduskoolis, huvikoolis ja sporditreeningutel, siis kujutagi ajateljel neid\u00a0 paralleelselt. Kui sellel teekonnal on olnud sinu jaoks olulisi s\u00fcndmusi, siis t\u00e4hista ka need.<\/span><\/span><\/span><\/li>\n<li><span style=\"background: white;\"><span style=\"line-height: 14.4pt;\"><span lang=\"ET\">Kujuta ette, kuidas v\u00f5iks sinu haridustee v\u00e4lja n\u00e4ha j\u00e4rgmise 10 aasta jooksul. M\u00e4rgi t\u00e4htsamad etapid ajateljele. Tuleta meelde endale seatud kutsealase arengu eesm\u00e4rke! M\u00f5tle ka karj\u00e4\u00e4rile kui oma elutervikule.<\/span><\/span><\/span><\/li>\n<\/ul>\n<hr>\n<p><img loading=\"lazy\" decoding=\"async\" class=\"alignnone wp-image-102\" src=\"https:\/\/sisu.ut.ee\/wp-content\/uploads\/sites\/662\/uued_moisted-1024x1024.png\" alt=\"\" width=\"40\" height=\"40\" srcset=\"https:\/\/sisu.ut.ee\/wp-content\/uploads\/sites\/662\/uued_moisted-1024x1024.png 1024w, https:\/\/sisu.ut.ee\/wp-content\/uploads\/sites\/662\/uued_moisted-300x300.png 300w, https:\/\/sisu.ut.ee\/wp-content\/uploads\/sites\/662\/uued_moisted-150x150.png 150w, https:\/\/sisu.ut.ee\/wp-content\/uploads\/sites\/662\/uued_moisted-768x768.png 768w, https:\/\/sisu.ut.ee\/wp-content\/uploads\/sites\/662\/uued_moisted.png 1080w\" sizes=\"auto, (max-width: 40px) 100vw, 40px\">\u00a0<span style=\"background: white;\"><span style=\"line-height: normal;\"><b><span lang=\"ET\">V\u00f5imalustega tutvumine<\/span><\/b><\/span><\/span><\/p>\n<p style=\"margin-bottom: 5.0pt; text-align: justify;\"><span style=\"line-height: normal;\"><span lang=\"ET\">Ennast arendada \u2013 saada uusi oskusi ja teadmisi, on v\u00f5imalik v\u00e4ga erineval moel. <\/span><\/span><\/p>\n<p style=\"text-align: justify; margin: 5.0pt 0cm 5.0pt 0cm;\"><span style=\"background: white;\"><span style=\"line-height: normal;\"><span lang=\"ET\">Peale kutsehariduse omandamist saab\u00a0 j\u00e4tkata haridusteed enda\u00a0 vajadustest ja haridustasemest l\u00e4htuvalt taseme\u00f5ppes<\/span><span lang=\"ET\"> kutse\u00f5ppeasutuses v\u00f5i k\u00f5rgkoolis (t\u00e4iendada olemasolevat v\u00f5i omandada hoopis uus kutse)<\/span><span lang=\"ET\">.\u00a0 <\/span><span lang=\"ET\">K\u00f5ige t\u00e4psemat informatsiooni saab \u00f5ppeasutustest kohapealt. <\/span><\/span><\/span><\/p>\n<p style=\"text-align: justify; margin: 5.0pt 0cm 5.0pt 0cm;\"><span style=\"background: white;\"><span style=\"line-height: normal;\"><span lang=\"ET\">Loe lisaks\u00a0 <\/span><\/span><\/span><a title=\"\" href=\"https:\/\/www.hm.ee\/kutse-ja-taiskasvanuharidus\/kutseharidus\/opingute-jatkamine\" target=\"_blank\" rel=\"noopener\" data-url=\" https:\/\/www.hm.ee\/kutse-ja-taiskasvanuharidus\/kutseharidus\/opingute-jatkamine\">SIIT<\/a><span style=\"background: white;\"><span style=\"line-height: normal;\">\u00a0 \u00a0\u00a0<\/span><\/span><\/p>\n<p style=\"margin-bottom: 5.0pt; text-align: justify;\"><span style=\"line-height: normal;\"><span lang=\"ET\">Paljud \u00f5ppeasutused ja koolitusettev\u00f5tted pakuvad paindlikke \u00f5ppevorme, mis sobivad h\u00e4sti ka t\u00f6\u00f6 k\u00f5rvalt \u00f5ppijatele. N\u00e4iteks iseseisvalt ja endale sobivas tempos l\u00e4bitavad e-kursused, veebiseminarid, \u00fclikoolide mikrokraadid,<\/span><span lang=\"ET\"> l\u00fchemad t\u00e4iend\u00f5ppekursused \u00fcksikute kompetentside arendamiseks <\/span><span lang=\"ET\">v\u00f5imaldavad\u00a0 oskusi ja teadmisi j\u00e4rk-j\u00e4rgult arendada, neid t\u00f6\u00f6alaselt vajalikuks tervikuks siduda. \u00a0\u00a0<\/span><\/span><\/p>\n<p style=\"margin-bottom: 5.0pt; text-align: justify;\"><span style=\"line-height: normal;\"><span lang=\"ET\">Varasemas haridus- ja\/v\u00f5i t\u00f6\u00f6elus \u00f5pitut saab kindlaks m\u00e4\u00e4ratud juhtudel kasutada uute \u00f5pingute alustamiseks, osana nende l\u00e4bimiseks, erialade vahetamiseks v\u00f5i n\u00e4iteks kutse taotlemisel. K\u00f5ige olulisem on varem \u00f5pitu sisuline sobivus \u00f5ppekava eesm\u00e4rkide ja \u00f5piv\u00e4ljunditega. V\u00d5TA kasutamise v\u00f5imaluste kohta saab infot \u00f5ppeasutusest. Varem \u00f5pitu hindamine on ajamahukas, n\u00f5uab sinult valmisolekut ja oskust oma kogemusi ning neist \u00f5pitut p\u00f5hjalikult anal\u00fc\u00fcsida.<\/span><\/span><\/p>\n<p style=\"margin-bottom: 5.0pt; text-align: justify;\"><span style=\"line-height: normal;\"><span lang=\"ET\">Varasemate \u00f5pingute ja t\u00f6\u00f6kogemuste arvestamise ehk V\u00d5TA v\u00f5imalusi tutvustatakse<\/span><span lang=\"ET\">\u00a0 videos. <\/span><\/span><\/p>\n<p style=\"margin-bottom: 5.0pt; text-align: justify;\"><\/p><div class=\"ratio ratio-16x9 mb-3\"><div class=\"video-placeholder-wrapper video-placeholder-wrapper--16x9\">\n\t\t\t    <div class=\"video-placeholder d-flex justify-content-center align-items-center\">\n\t\t\t        <div class=\"overlay text-white p-2 w-100 text-center d-block justify-content-center align-items-center\">\n\t\t\t            <div>Kolmandate osapoolte sisu n\u00e4gemiseks palun n\u00f5ustu k\u00fcpsistega.<\/div>\n\t\t\t            <button class=\"btn btn-secondary btn-sm mt-1 consent-change\">Muuda n\u00f5usolekut<\/button>\n\t\t\t        <\/div>\n\t\t\t    <\/div>\n\t\t\t<\/div>\n<\/div>\n<p style=\"margin-bottom: 5.0pt; text-align: justify;\"><span style=\"line-height: normal;\"><span lang=\"ET\">\u00dcheks eneset\u00e4iendamise v\u00f5imaluseks on <b>\u00f5pir\u00e4nne<\/b>, mille k\u00e4igus saab arendada nii kutsealaseid kui \u00fcldoskusi rahvusvahelises keskkonnas. Millised on \u00f5pir\u00e4ndes osalemise tingimused (sh toetused)\u00a0 saab lugeda <\/span><a href=\"https:\/\/eeagentuur.ee\/\" target=\"_blank\" rel=\"noopener\">https:\/\/eeagentuur.ee\/<\/a><span lang=\"ET\">. Samas on leitavad ka nende inimeste kontaktid, kes soovi korral annavad sulle head n\u00f5u ja vastavad k\u00fcsimustele.<\/span><\/span><\/p>\n<p style=\"margin-bottom: 5.0pt;\"><span style=\"line-height: normal;\"><span lang=\"ET\">Sobivaima\u00a0 \u00a0sisu ja \u00f5ppe korraldusega eneset\u00e4iendamise v\u00f5imaluse leidmisel on abiks <b>haridusinfo allikad<\/b>, nt <\/span><\/span><\/p>\n<ul>\n<li><span lang=\"ET\">Kutse\u00f5ppeasutuste veebilehed<\/span><\/li>\n<li><span lang=\"ET\">K\u00f5rgkoolide veebilehed<\/span><\/li>\n<li><span lang=\"ET\">Haridusportaal <\/span><a href=\"https:\/\/haridusportaal.edu.ee\/%C3%B5ppimine\" target=\"_blank\" rel=\"noopener\">https:\/\/haridusportaal.edu.ee\/%C3%B5ppimine<\/a><\/li>\n<li><a href=\"https:\/\/www.koolitused.ee\/\" target=\"_blank\" rel=\"noopener\">https:\/\/www.koolitused.ee\/<\/a><\/li>\n<li><a href=\"https:\/\/www.tark.ee\/\" target=\"_blank\" rel=\"noopener\">https:\/\/www.tark.ee\/<\/a><\/li>\n<li><a href=\"https:\/\/europa.eu\/europass\/et\" target=\"_blank\" rel=\"noopener\">https:\/\/europa.eu\/europass\/et<\/a><span lang=\"ET\">\u00a0 \u2013 \u00f5ppimis-ja t\u00f6\u00f6tamisv\u00f5imalused Euroopas<\/span><\/li>\n<li><span lang=\"ET\">Karj\u00e4\u00e4riinfo spetsialistid ja karj\u00e4\u00e4rin\u00f5ustajad<\/span><\/li>\n<\/ul>\n<p><img loading=\"lazy\" decoding=\"async\" class=\"alignnone wp-image-103\" src=\"https:\/\/sisu.ut.ee\/wp-content\/uploads\/sites\/662\/ulesanne-1024x1024.png\" alt=\"\" width=\"40\" height=\"40\" srcset=\"https:\/\/sisu.ut.ee\/wp-content\/uploads\/sites\/662\/ulesanne-1024x1024.png 1024w, https:\/\/sisu.ut.ee\/wp-content\/uploads\/sites\/662\/ulesanne-300x300.png 300w, https:\/\/sisu.ut.ee\/wp-content\/uploads\/sites\/662\/ulesanne-150x150.png 150w, https:\/\/sisu.ut.ee\/wp-content\/uploads\/sites\/662\/ulesanne-768x768.png 768w, https:\/\/sisu.ut.ee\/wp-content\/uploads\/sites\/662\/ulesanne.png 1080w\" sizes=\"auto, (max-width: 40px) 100vw, 40px\">\u00a0<span style=\"background: white;\"><span style=\"line-height: normal;\"><b><span lang=\"ET\">Tutvu \u00f5ppimisv\u00f5imalustega ja leia endale sobiv. <\/span><\/b><\/span><\/span><\/p>\n<p style=\"margin-bottom: 5.0pt;\"><span style=\"background: white;\"><span style=\"line-height: normal;\"><span lang=\"ET\">Kasuta<b> <\/b><\/span><span lang=\"ET\">t\u00f6\u00f6lehte <\/span><\/span><\/span><a href=\"https:\/\/sisu.ut.ee\/wp-content\/uploads\/sites\/662\/tooleht_koolitusvoimaluste_valimine_1.pdf\" target=\"_blank\" rel=\"noopener\" data-fid=\"81926\">KOOLITUSV\u00d5IMALUSTE VALIMINE<\/a><span style=\"background: white;\"><span style=\"line-height: normal;\"><span lang=\"ET\">\u00a0<\/span><\/span><\/span><\/p>\n<p style=\"margin-bottom: 5.0pt; text-align: justify;\">\u00a0<\/p>","protected":false},"excerpt":{"rendered":"<p>V\u00d5IMALUSTE ANAL\u00dc\u00dcS \u00a0Eesm\u00e4rgi ja vajaduste selgitamine K\u00f5igepealt selgita oma eesm\u00e4rk ja vajadused \u00a0(miks ja milliseid oskusi on sinul juurde vaja) ning valikute m\u00f5jutajad (millega pead arvestama eneset\u00e4iendamisel). \u00a0Eesm\u00e4rk v\u00f5ib olla n\u00e4iteks kutsealane areng: soovid t\u00f5usta valdkonna karj\u00e4\u00e4riredelil ja taotleda k\u00f5rgema &#8230;<\/p>\n","protected":false},"author":263,"featured_media":0,"parent":0,"menu_order":0,"comment_status":"closed","ping_status":"closed","template":"","meta":{"_acf_changed":false,"inline_featured_image":false,"footnotes":""},"class_list":["post-8","page","type-page","status-publish","hentry"],"acf":[],"_links":{"self":[{"href":"https:\/\/sisu.ut.ee\/edujategu24\/wp-json\/wp\/v2\/pages\/8","targetHints":{"allow":["GET"]}}],"collection":[{"href":"https:\/\/sisu.ut.ee\/edujategu24\/wp-json\/wp\/v2\/pages"}],"about":[{"href":"https:\/\/sisu.ut.ee\/edujategu24\/wp-json\/wp\/v2\/types\/page"}],"author":[{"embeddable":true,"href":"https:\/\/sisu.ut.ee\/edujategu24\/wp-json\/wp\/v2\/users\/263"}],"replies":[{"embeddable":true,"href":"https:\/\/sisu.ut.ee\/edujategu24\/wp-json\/wp\/v2\/comments?post=8"}],"version-history":[{"count":8,"href":"https:\/\/sisu.ut.ee\/edujategu24\/wp-json\/wp\/v2\/pages\/8\/revisions"}],"predecessor-version":[{"id":113,"href":"https:\/\/sisu.ut.ee\/edujategu24\/wp-json\/wp\/v2\/pages\/8\/revisions\/113"}],"wp:attachment":[{"href":"https:\/\/sisu.ut.ee\/edujategu24\/wp-json\/wp\/v2\/media?parent=8"}],"curies":[{"name":"wp","href":"https:\/\/api.w.org\/{rel}","templated":true}]}}