{"id":5,"date":"2024-04-04T09:08:55","date_gmt":"2024-04-04T06:08:55","guid":{"rendered":"https:\/\/sisu.ut.ee\/edujategu24\/karjaariplaan-tooalase-arengu-suunahoidjana\/"},"modified":"2024-04-16T13:24:06","modified_gmt":"2024-04-16T10:24:06","slug":"karjaariplaan-tooalase-arengu-suunahoidjana","status":"publish","type":"page","link":"https:\/\/sisu.ut.ee\/edujategu24\/karjaariplaan-tooalase-arengu-suunahoidjana\/","title":{"rendered":"KARJ\u00c4\u00c4RIPLAAN T\u00d6\u00d6ALASE ARENGU SUUNAHOIDJANA"},"content":{"rendered":"<h1 class=\"wp-block-heading\"><img loading=\"lazy\" decoding=\"async\" title=\"sissejuhatus_01.png\" width=\"40\" height=\"40\" class=\"alignnone wp-image-21\" src=\"https:\/\/sisu.ut.ee\/wp-content\/uploads\/sites\/507\/sissejuhatus_01.png\" alt=\"sissejuhatus\"> <span style=\"color: #28aae1;\">KARJ\u00c4\u00c4RIPLAAN T\u00d6\u00d6ALASE ARENGU SUUNAHOIDJANA<\/span><\/h1>\n\n\n<p><img loading=\"lazy\" decoding=\"async\" class=\"alignnone wp-image-20\" title=\"uued_moisted.png\" src=\"https:\/\/sisu.ut.ee\/wp-content\/uploads\/sites\/507\/uued_moisted.png\" alt=\"moiste\" width=\"40\" height=\"40\"> <b>Miks on vaja karj\u00e4\u00e4riplaani?<\/b><\/p>\n<p><span lang=\"ET\">Karj\u00e4\u00e4riplaan on kava oma unistuste ja eesm\u00e4rkide elluviimiseks. Plaan on suunahoidjaks ja teeviidaks kutse- ja t\u00f6\u00f6alase arengu teekonnal. <\/span><\/p>\n<p style=\"text-align: justify;\"><span lang=\"ET\">T\u00f6\u00f6alase karj\u00e4\u00e4ri plaani koostamine aitab sul l\u00e4bi m\u00f5elda, milliseid tegevusi pead tegema soovitud eesm\u00e4rgini j\u00f5udmiseks, kuidas planeerida aega ja leida endale sobivaid koolitusv\u00f5imalusi. \u00a0Praegused \u00f5pingud on ainult \u00fcks samm sinu karj\u00e4\u00e4riteel. <\/span><\/p>\n<p style=\"text-align: justify;\"><span lang=\"ET\">Karj\u00e4\u00e4riplaan sisaldab kaugemaid ja \u00fcldisemaid sihte, nt <\/span><\/p>\n<ul>\n<li style=\"text-align: justify;\"><span lang=\"ET\">millisest elust unistan? <\/span><\/li>\n<li style=\"text-align: justify;\"><span lang=\"ET\">millist t\u00f6\u00f6d tahan teha? <\/span><\/li>\n<li style=\"text-align: justify;\"><span lang=\"ET\">kuidas mina oma t\u00f6\u00f6ga saan luua v\u00e4\u00e4rtusi endale, teistele inimestele, kogu maailmale? Mida pean selleks tegema?<\/span><\/li>\n<\/ul>\n<p style=\"text-align: justify;\"><span lang=\"ET\">Kaugemate eesm\u00e4rkideni ja sihtideni aitavad liikuda juba \u00f5pitu ja kogetu ning l\u00e4hitulevikku kavandatud sammud. N\u00e4iteks kutsekoolis \u00f5pitud erialaste oskusi saab kasutada erinevalt. Karj\u00e4\u00e4riplaanis saab m\u00f5elda l\u00e4bi oma ootused ja n\u00f5udmised t\u00f6\u00f6kohale ning teadlikult t\u00f6\u00f6d otsida, samuti kavandada oskuste edasi arendamist ja t\u00f5endamist. <span style=\"text-decoration: none;\">See ei v\u00e4henda koolis \u00f5ppimise v\u00e4\u00e4rtust, vaid l\u00f5putunnistus ja kutseeksami sooritamist t\u00f5endav kutsetunnistus n\u00e4itavad, et oled saanud mingis valdkonnas s\u00fcsteemse ettevalmistuse ja sinu oskusi on hinnatud, sa ole t\u00f5estanud, et oskad.<\/span><\/span><\/p>\n<p style=\"margin-bottom: 5.0pt; text-align: justify;\"><span style=\"line-height: normal;\"><span lang=\"ET\">T\u00f6\u00f6maailm on pidevas muutumises. Olulisemate muutuste ja nende p\u00f5hjuste kohta saad lugeda <\/span><a href=\"https:\/\/oska.kutsekoda.ee\/\" target=\"_blank\" rel=\"noopener\">https:\/\/oska.kutsekoda.ee\/<\/a><span lang=\"ET\">.\u00a0 Ka karj\u00e4\u00e4riplaani tuleb aeg-ajalt \u00fcle vaadata, hinnata edasiminekut ja vajadusel teha t\u00e4psustusi tegevustes v\u00f5i korrigeerida eesm\u00e4rke.<\/span><\/span><\/p>\n<hr>\n<p><strong>Karj\u00e4\u00e4rieesm\u00e4rgi seadmine<\/strong><br>Karj\u00e4\u00e4ri planeerimiseks on oluline teada, kus oled oma kutse- v\u00f5i t\u00f6\u00f6alasel teekonnal praegu ja kuhu tahad v\u00e4lja j\u00f5uda. S\u00f5nasta oma t\u00f6\u00f6alase karj\u00e4\u00e4ri eesm\u00e4rk!<\/p>\n<p><img loading=\"lazy\" decoding=\"async\" class=\"alignnone wp-image-23\" title=\"ulesanne.png\" src=\"https:\/\/sisu.ut.ee\/wp-content\/uploads\/sites\/507\/ulesanne.png\" alt=\"ylesanne\" width=\"40\" height=\"40\"> <span style=\"line-height: 107%;\"><b><span lang=\"ET\">Kuhu tahad j\u00f5uda, mida saavutada oma erialal? <\/span><\/b><\/span><\/p>\n<ul style=\"margin-left: 40px;\">\n<li><span style=\"line-height: 107%;\"><span lang=\"ET\">Oled v\u00e4ga heade oskustega ja tunnustatud meister<\/span><\/span><\/li>\n<li><span style=\"line-height: 107%;\"><span lang=\"ET\">Oled oma ala ekspert<\/span><\/span><\/li>\n<li><span style=\"line-height: 107%;\"><span lang=\"ET\">\u00d5petad erialaseid oskusi teistele (oled \u00f5petaja v\u00f5i koolitaja)<\/span><\/span><\/li>\n<li><span style=\"line-height: 107%;\"><span lang=\"ET\">Oled v\u00e4ikeettev\u00f5tja<\/span><\/span><\/li>\n<li><span style=\"line-height: 107%;\"><span lang=\"ET\">Juhid ettev\u00f5tet<\/span><\/span><\/li>\n<li><span style=\"line-height: 107%;\"><span lang=\"ET\">T\u00f6\u00f6tad erialal v\u00e4lismaal<\/span><\/span><\/li>\n<li><span style=\"line-height: 107%;\"><span lang=\"ET\">P\u00fchendud ise teadusuuringutele v\u00f5i teed teadlastega koost\u00f6\u00f6d tootearenduses<\/span><\/span><\/li>\n<li><span style=\"line-height: 107%;\"><span lang=\"ET\">Lood uusi ja innovaatilisi lahendusi<\/span><\/span><\/li>\n<li><span style=\"line-height: 107%;\"><span lang=\"ET\">Kasutad teadmisi ja oskusi m\u00f5nes teises tegevusvaldkonnas<\/span><\/span><\/li>\n<li><span style=\"line-height: 107%;\"><span lang=\"ET\">\u2026<\/span><\/span><\/li>\n<\/ul>\n<p><img loading=\"lazy\" decoding=\"async\" class=\"\" title=\"\" src=\"https:\/\/sisu.ut.ee\/wp-content\/uploads\/sites\/507\/motlemiseks.png\" alt=\"motle\" width=\"40\" height=\"40\" data-file_info=\"%7B%22fid%22:65769,%22view_mode%22:%22default%22,%22type%22:%22media%22%7D\">\u00a0<b>Kui kaugel oled praegu oma eesm\u00e4rgist? \u00a0<\/b><\/p>\n<p style=\"margin-left: 120px;\"><img loading=\"lazy\" decoding=\"async\" class=\"alignnone wp-image-12\" title=\"icon_2.png\" src=\"https:\/\/sisu.ut.ee\/wp-content\/uploads\/sites\/662\/icon_2.png\" alt=\"trepp\" width=\"217\" height=\"217\" srcset=\"https:\/\/sisu.ut.ee\/wp-content\/uploads\/sites\/662\/icon_2.png 500w, https:\/\/sisu.ut.ee\/wp-content\/uploads\/sites\/662\/icon_2-300x300.png 300w, https:\/\/sisu.ut.ee\/wp-content\/uploads\/sites\/662\/icon_2-150x150.png 150w\" sizes=\"auto, (max-width: 217px) 100vw, 217px\"><\/p>\n<p><img loading=\"lazy\" decoding=\"async\" class=\"alignnone wp-image-23\" title=\"ulesanne.png\" src=\"https:\/\/sisu.ut.ee\/wp-content\/uploads\/sites\/507\/ulesanne.png\" alt=\"ylesanne\" width=\"40\" height=\"40\">\u00a0<strong>T\u00e4ida t\u00f6\u00f6leht <\/strong><a title=\"\" href=\"https:\/\/e-koolikott.ee\/et\/oppematerjal\/31384-Edu-ja-Tegu-ettevotlus-ja-karjaar-Opitee-ja-too-muutuvas-keskkonnas-Karjaari-ja-ettevotlusoppe-toolehed-kutsekoolidele\/291867#291880-TOOLEHT-Takistuste-vork\" target=\"_blank\" rel=\"noopener\" data-url=\"https:\/\/e-koolikott.ee\/et\/oppematerjal\/31384-Edu-ja-Tegu-ettevotlus-ja-karjaar-Opitee-ja-too-muutuvas-keskkonnas-Karjaari-ja-ettevotlusoppe-toolehed-kutsekoolidele\/291867#291880-TOOLEHT-Takistuste-vork\">TAKISTUSTE V\u00d5RK!\u00a0<\/a><\/p>\n<p><img loading=\"lazy\" decoding=\"async\" class=\"alignnone wp-image-20\" title=\"uued_moisted.png\" src=\"https:\/\/sisu.ut.ee\/wp-content\/uploads\/sites\/507\/uued_moisted.png\" alt=\"moiste\" width=\"40\" height=\"40\"> <strong>Pea meeles!<\/strong><\/p>\n<ul style=\"margin-left: 40px;\">\n<li>\u00a0 \u00a0 \u00d5ppida ja oma oskusi edasi arendada tuleb kogu elu, ainult nii s\u00e4ilib konkurentsiv\u00f5ime t\u00f6\u00f6turul.<\/li>\n<li>\u00a0 \u00a0 Alusta oma t\u00f6\u00f6alase karj\u00e4\u00e4ri planeerimist eesm\u00e4rgi p\u00fcstitamisest!<\/li>\n<li>\u00a0 \u00a0 Hea karj\u00e4\u00e4riplaan on parajalt paindlik \u00a0 ja v\u00f5imaldab vajadusel teha muutusi.<\/li>\n<\/ul>","protected":false},"excerpt":{"rendered":"<p>KARJ\u00c4\u00c4RIPLAAN T\u00d6\u00d6ALASE ARENGU SUUNAHOIDJANA Miks on vaja karj\u00e4\u00e4riplaani? Karj\u00e4\u00e4riplaan on kava oma unistuste ja eesm\u00e4rkide elluviimiseks. Plaan on suunahoidjaks ja teeviidaks kutse- ja t\u00f6\u00f6alase arengu teekonnal. T\u00f6\u00f6alase karj\u00e4\u00e4ri plaani koostamine aitab sul l\u00e4bi m\u00f5elda, milliseid tegevusi pead tegema soovitud eesm\u00e4rgini &#8230;<\/p>\n","protected":false},"author":263,"featured_media":0,"parent":0,"menu_order":0,"comment_status":"closed","ping_status":"closed","template":"","meta":{"_acf_changed":false,"inline_featured_image":false,"footnotes":""},"class_list":["post-5","page","type-page","status-publish","hentry"],"acf":[],"_links":{"self":[{"href":"https:\/\/sisu.ut.ee\/edujategu24\/wp-json\/wp\/v2\/pages\/5","targetHints":{"allow":["GET"]}}],"collection":[{"href":"https:\/\/sisu.ut.ee\/edujategu24\/wp-json\/wp\/v2\/pages"}],"about":[{"href":"https:\/\/sisu.ut.ee\/edujategu24\/wp-json\/wp\/v2\/types\/page"}],"author":[{"embeddable":true,"href":"https:\/\/sisu.ut.ee\/edujategu24\/wp-json\/wp\/v2\/users\/263"}],"replies":[{"embeddable":true,"href":"https:\/\/sisu.ut.ee\/edujategu24\/wp-json\/wp\/v2\/comments?post=5"}],"version-history":[{"count":7,"href":"https:\/\/sisu.ut.ee\/edujategu24\/wp-json\/wp\/v2\/pages\/5\/revisions"}],"predecessor-version":[{"id":97,"href":"https:\/\/sisu.ut.ee\/edujategu24\/wp-json\/wp\/v2\/pages\/5\/revisions\/97"}],"wp:attachment":[{"href":"https:\/\/sisu.ut.ee\/edujategu24\/wp-json\/wp\/v2\/media?parent=5"}],"curies":[{"name":"wp","href":"https:\/\/api.w.org\/{rel}","templated":true}]}}