{"id":4,"date":"2024-04-04T09:08:55","date_gmt":"2024-04-04T06:08:55","guid":{"rendered":"https:\/\/sisu.ut.ee\/edujategu24\/sissejuhatus\/"},"modified":"2024-04-15T09:26:23","modified_gmt":"2024-04-15T06:26:23","slug":"sissejuhatus","status":"publish","type":"page","link":"https:\/\/sisu.ut.ee\/edujategu24\/sissejuhatus\/","title":{"rendered":"SISSEJUHATUS"},"content":{"rendered":"<h1 class=\"wp-block-heading\"><img loading=\"lazy\" decoding=\"async\" title=\"sissejuhatus_01.png\" width=\"40\" height=\"40\" class=\"alignnone wp-image-21\" src=\"https:\/\/sisu.ut.ee\/wp-content\/uploads\/sites\/507\/sissejuhatus_01.png\" alt=\"sissejuhatus\"> <span style=\"color: #28aae1;\">SISSEJUHATUS<\/span><\/h1>\n\n\n<p>\n\tMeistriks ei s\u00fcnnita, meistriks saadakse \u00f5ppimise ja harjutamise kaudu.\n<\/p>\n\n<p>\n\tHaridustee ei l\u00f5pe eriala v\u00f5i akadeemilise kraadi omandamisega. Eriala \u00f5ppimise k\u00e4igus omandatud teadmised ja oskused on sellel teekonnal \u00fcks samm. Elukestev \u00f5pe\u00a0 t\u00e4hendab pidevat valmisolekut omandada uusi oskusi. See on eelduseks eneseteostusele ja t\u00f6\u00f6maailmas konkurentsiv\u00f5imelisena p\u00fcsimisele. T\u00e4iend- v\u00f5i \u00fcmber\u00f5ppe kavandamine on osa oma karj\u00e4\u00e4ri teadlikust kujundamisest ja juhtimisest.\n<\/p>\n\n<p>\n\tSoovin sulle edu oma t\u00f6\u00f6alase karj\u00e4\u00e4ri planeerimisel!\n<\/p>\n","protected":false},"excerpt":{"rendered":"<p>SISSEJUHATUS Meistriks ei s\u00fcnnita, meistriks saadakse \u00f5ppimise ja harjutamise kaudu. Haridustee ei l\u00f5pe eriala v\u00f5i akadeemilise kraadi omandamisega. Eriala \u00f5ppimise k\u00e4igus omandatud teadmised ja oskused on sellel teekonnal \u00fcks samm. Elukestev \u00f5pe\u00a0 t\u00e4hendab pidevat valmisolekut omandada uusi oskusi. See on &#8230;<\/p>\n","protected":false},"author":263,"featured_media":0,"parent":0,"menu_order":0,"comment_status":"closed","ping_status":"closed","template":"","meta":{"_acf_changed":false,"inline_featured_image":false,"footnotes":""},"class_list":["post-4","page","type-page","status-publish","hentry"],"acf":[],"_links":{"self":[{"href":"https:\/\/sisu.ut.ee\/edujategu24\/wp-json\/wp\/v2\/pages\/4","targetHints":{"allow":["GET"]}}],"collection":[{"href":"https:\/\/sisu.ut.ee\/edujategu24\/wp-json\/wp\/v2\/pages"}],"about":[{"href":"https:\/\/sisu.ut.ee\/edujategu24\/wp-json\/wp\/v2\/types\/page"}],"author":[{"embeddable":true,"href":"https:\/\/sisu.ut.ee\/edujategu24\/wp-json\/wp\/v2\/users\/263"}],"replies":[{"embeddable":true,"href":"https:\/\/sisu.ut.ee\/edujategu24\/wp-json\/wp\/v2\/comments?post=4"}],"version-history":[{"count":4,"href":"https:\/\/sisu.ut.ee\/edujategu24\/wp-json\/wp\/v2\/pages\/4\/revisions"}],"predecessor-version":[{"id":91,"href":"https:\/\/sisu.ut.ee\/edujategu24\/wp-json\/wp\/v2\/pages\/4\/revisions\/91"}],"wp:attachment":[{"href":"https:\/\/sisu.ut.ee\/edujategu24\/wp-json\/wp\/v2\/media?parent=4"}],"curies":[{"name":"wp","href":"https:\/\/api.w.org\/{rel}","templated":true}]}}