{"id":10,"date":"2024-04-04T09:08:56","date_gmt":"2024-04-04T06:08:56","guid":{"rendered":"https:\/\/sisu.ut.ee\/edujategu24\/kasutatud-allikad\/"},"modified":"2024-04-15T09:24:20","modified_gmt":"2024-04-15T06:24:20","slug":"kasutatud-allikad","status":"publish","type":"page","link":"https:\/\/sisu.ut.ee\/edujategu24\/kasutatud-allikad\/","title":{"rendered":"KASUTATUD ALLIKAD"},"content":{"rendered":"<h1 class=\"wp-block-heading\"><img loading=\"lazy\" decoding=\"async\" title=\"sissejuhatus_01.png\" width=\"40\" height=\"40\" class=\"alignnone wp-image-21\" src=\"https:\/\/sisu.ut.ee\/wp-content\/uploads\/sites\/507\/sissejuhatus_01.png\" alt=\"sissejuhatus\"> <span style=\"color: #28aae1;\">KASUTATUD ALLIKAD<\/span><\/h1>\n\n\n<ul>\n<li>Kallio, E.-M. (2022). Omalle uralle. Helsinki, Sanoma Pro<\/li>\n<li>Kinkar, V., P\u00f5ld, M. (2021) \u00d5pitee ja t\u00f6\u00f6 muutuvas keskkonnas. Valik t\u00f6\u00f6lehti kutse\u00f5ppeasutustele. Haridus- ja Noorteamet. <a title=\"\" href=\"https:\/\/e-koolikott.ee\/et\/oppematerjal\/31384-Edu-ja-Tegu-ettevotlus-ja-karjaar-Opitee-ja-too-muutuvas-keskkonnas-Karjaari-ja-ettevotlusoppe-toolehed-kutsekoolidele\" target=\"_blank\" rel=\"noopener\" data-url=\"https:\/\/e-koolikott.ee\/et\/oppematerjal\/31384-Edu-ja-Tegu-ettevotlus-ja-karjaar-Opitee-ja-too-muutuvas-keskkonnas-Karjaari-ja-ettevotlusoppe-toolehed-kutsekoolidele\">https:\/\/e-koolikott.ee\/et\/oppematerjal\/31384-Edu-ja-Tegu-ettevotlus-ja-karjaar-Opitee-ja-too-muutuvas-keskkonnas-Karjaari-ja-ettevotlusoppe-toolehed-kutsekoolidele<\/a><\/li>\n<li>Mooduli \u201e\u00d5pitee ja t\u00f6\u00f6 muutuvas keskkonnas\u201c rakendamise tugimaterjal (2020). Haridus- ja Noorteamet.<\/li>\n<li><a href=\"https:\/\/eeagentuur.ee\/\" target=\"_blank\" rel=\"noopener\">https:\/\/eeagentuur.ee\/<\/a><\/li>\n<li><a href=\"https:\/\/europa.eu\/europass\/et\" target=\"_blank\" rel=\"noopener\">https:\/\/europa.eu\/europass\/et<\/a><\/li>\n<li><a href=\"https:\/\/haridusportaal.edu.ee\/%C3%B5ppimine\" target=\"_blank\" rel=\"noopener\">https:\/\/haridusportaal.edu.ee\/%C3%B5ppimine<\/a><\/li>\n<li><a href=\"https:\/\/www.hm.ee\/\" target=\"_blank\" rel=\"noopener\">https:\/\/www.hm.ee\/<\/a><\/li>\n<li><a href=\"https:\/\/www.koolitused.ee\/\" target=\"_blank\" rel=\"noopener\">https:\/\/www.koolitused.ee\/<\/a><\/li>\n<li><a href=\"https:\/\/www.kutsekoda.ee\/wp-content\/uploads\/2019\/KS\/Uldised-kompetentsid.pdf\" target=\"_blank\" rel=\"noopener\">https:\/\/www.kutsekoda.ee\/wp-content\/uploads\/2019\/KS\/Uldised-kompetentsid.pdf<\/a><\/li>\n<li><a href=\"https:\/\/www.kutseregister.ee\/standardid\" target=\"_blank\" rel=\"noopener\">https:\/\/www.kutseregister.ee\/standardid<\/a><\/li>\n<li><a href=\"https:\/\/minukarjaar.ee\/et\" target=\"_blank\" rel=\"noopener\">https:\/\/minukarjaar.ee\/et<\/a><\/li>\n<li>Mis on kutses\u00fcsteem? <a href=\"https:\/\/www.youtube.com\/watch?v=eXRhSpIj2T8\" target=\"_blank\" rel=\"noopener\">https:\/\/www.youtube.com\/watch?v=eXRhSpIj2T8<\/a><\/li>\n<li>Mis on V\u00d5TA? (L\u00fchikokkuv\u00f5te). <a href=\"https:\/\/www.youtube.com\/watch?v=wu4LQd8DoKQ\" target=\"_blank\" rel=\"noopener\">https:\/\/www.youtube.com\/watch?v=wu4LQd8DoKQ<\/a><\/li>\n<li><a href=\"https:\/\/oska.kutsekoda.ee\/\" target=\"_blank\" rel=\"noopener\">https:\/\/oska.kutsekoda.ee\/<\/a><\/li>\n<li>Oskuste s\u00fcsteem <a href=\"https:\/\/www.youtube.com\/watch?v=uj6pDvVpo2I\" target=\"_blank\" rel=\"noopener\">https:\/\/www.youtube.com\/watch?v=uj6pDvVpo2I<\/a><\/li>\n<li><a href=\"https:\/\/www.tark.ee\/\" target=\"_blank\" rel=\"noopener\">https:\/\/www.tark.ee\/<\/a><\/li>\n<li><a href=\"https:\/\/www.tek.fi\/fi\/tyokirja\/01-urasuunnittelu\" target=\"_blank\" rel=\"noopener\">https:\/\/www.tek.fi\/fi\/tyokirja\/01-urasuunnittelu<\/a><\/li>\n<\/ul>","protected":false},"excerpt":{"rendered":"<p>KASUTATUD ALLIKAD Kallio, E.-M. (2022). Omalle uralle. Helsinki, Sanoma Pro Kinkar, V., P\u00f5ld, M. (2021) \u00d5pitee ja t\u00f6\u00f6 muutuvas keskkonnas. Valik t\u00f6\u00f6lehti kutse\u00f5ppeasutustele. Haridus- ja Noorteamet. https:\/\/e-koolikott.ee\/et\/oppematerjal\/31384-Edu-ja-Tegu-ettevotlus-ja-karjaar-Opitee-ja-too-muutuvas-keskkonnas-Karjaari-ja-ettevotlusoppe-toolehed-kutsekoolidele Mooduli \u201e\u00d5pitee ja t\u00f6\u00f6 muutuvas keskkonnas\u201c rakendamise tugimaterjal (2020). Haridus- ja Noorteamet. https:\/\/eeagentuur.ee\/ &#8230;<\/p>\n","protected":false},"author":263,"featured_media":0,"parent":0,"menu_order":0,"comment_status":"closed","ping_status":"closed","template":"","meta":{"_acf_changed":false,"inline_featured_image":false,"footnotes":""},"class_list":["post-10","page","type-page","status-publish","hentry"],"acf":[],"_links":{"self":[{"href":"https:\/\/sisu.ut.ee\/edujategu24\/wp-json\/wp\/v2\/pages\/10","targetHints":{"allow":["GET"]}}],"collection":[{"href":"https:\/\/sisu.ut.ee\/edujategu24\/wp-json\/wp\/v2\/pages"}],"about":[{"href":"https:\/\/sisu.ut.ee\/edujategu24\/wp-json\/wp\/v2\/types\/page"}],"author":[{"embeddable":true,"href":"https:\/\/sisu.ut.ee\/edujategu24\/wp-json\/wp\/v2\/users\/263"}],"replies":[{"embeddable":true,"href":"https:\/\/sisu.ut.ee\/edujategu24\/wp-json\/wp\/v2\/comments?post=10"}],"version-history":[{"count":5,"href":"https:\/\/sisu.ut.ee\/edujategu24\/wp-json\/wp\/v2\/pages\/10\/revisions"}],"predecessor-version":[{"id":85,"href":"https:\/\/sisu.ut.ee\/edujategu24\/wp-json\/wp\/v2\/pages\/10\/revisions\/85"}],"wp:attachment":[{"href":"https:\/\/sisu.ut.ee\/edujategu24\/wp-json\/wp\/v2\/media?parent=10"}],"curies":[{"name":"wp","href":"https:\/\/api.w.org\/{rel}","templated":true}]}}