{"id":8,"date":"2024-04-04T09:00:01","date_gmt":"2024-04-04T06:00:01","guid":{"rendered":"https:\/\/sisu.ut.ee\/edujategu23\/tooturul-noutud-oskused\/"},"modified":"2024-04-24T11:20:14","modified_gmt":"2024-04-24T08:20:14","slug":"tooturul-noutud-oskused","status":"publish","type":"page","link":"https:\/\/sisu.ut.ee\/edujategu23\/tooturul-noutud-oskused\/","title":{"rendered":"T\u00f6\u00f6turul n\u00f5utud oskused"},"content":{"rendered":"<h1 class=\"wp-block-heading\"><img loading=\"lazy\" decoding=\"async\" width=\"40\" height=\"40\" class=\"wp-image-178\" style=\"width: 40px;\" src=\"https:\/\/sisu.ut.ee\/wp-content\/uploads\/sites\/656\/sissejuhatus.png\" alt=\"\" srcset=\"https:\/\/sisu.ut.ee\/wp-content\/uploads\/sites\/656\/sissejuhatus.png 1080w, https:\/\/sisu.ut.ee\/wp-content\/uploads\/sites\/656\/sissejuhatus-300x300.png 300w, https:\/\/sisu.ut.ee\/wp-content\/uploads\/sites\/656\/sissejuhatus-1024x1024.png 1024w, https:\/\/sisu.ut.ee\/wp-content\/uploads\/sites\/656\/sissejuhatus-150x150.png 150w, https:\/\/sisu.ut.ee\/wp-content\/uploads\/sites\/656\/sissejuhatus-768x768.png 768w\" sizes=\"auto, (max-width: 40px) 100vw, 40px\"> <span style=\"color: #28aae1;\">T\u00d6\u00d6TURUL N\u00d5UTUD OSKUSED<\/span><\/h1>\n\n\n<p><img loading=\"lazy\" decoding=\"async\" class=\"alignnone wp-image-175\" src=\"https:\/\/sisu.ut.ee\/wp-content\/uploads\/sites\/656\/uued_moisted-1024x1024.png\" alt=\"\" width=\"40\" height=\"40\" srcset=\"https:\/\/sisu.ut.ee\/wp-content\/uploads\/sites\/656\/uued_moisted-1024x1024.png 1024w, https:\/\/sisu.ut.ee\/wp-content\/uploads\/sites\/656\/uued_moisted-300x300.png 300w, https:\/\/sisu.ut.ee\/wp-content\/uploads\/sites\/656\/uued_moisted-150x150.png 150w, https:\/\/sisu.ut.ee\/wp-content\/uploads\/sites\/656\/uued_moisted-768x768.png 768w, https:\/\/sisu.ut.ee\/wp-content\/uploads\/sites\/656\/uued_moisted.png 1080w\" sizes=\"auto, (max-width: 40px) 100vw, 40px\">\u00a0<strong>Muutunud ja muutuvad t\u00f6\u00f6tamise viisid ja t\u00f6\u00f6vormid n\u00f5uavad t\u00f6\u00f6tajatelt ka uusi oskusi.<\/strong> Lisaks headele erialastele oskustele on olulised \u00fcldoskused. Nt kaugt\u00f6\u00f6 eeldab head ajaplaneerimise oskust, projektip\u00f5hine t\u00f6\u00f6korraldus ehituses seab k\u00f5rgemad n\u00f5udmised t\u00f6\u00f6tajate suhtlemisoskustele. Rahvusvahelistes firmades, kus meeskonna liikmed suhtlevad eelk\u00f5ige IT abil, on v\u00e4ltimatult vajalik mitme v\u00f5\u00f5rkeele oskus, head infotehnoloogia kasutamise oskused ja kasuks tuleb kultuuriteadlikkus.<\/p>\n<p><strong>\u00dcldoskused on vajalikud, et oma erialaoskusi kasutada. <\/strong>\u00dcldoskused on sinu \u201eaardekirst\u201c, mis on sinuga alati kaasas ja mida saad erinevates olukordades kasutada. \u00dcldoskused seovad tervikuks eri haridustasemetel ja t\u00f6\u00f6 k\u00e4igus omandatud oskused.<\/p>\n<p>OSKA uuring toob v\u00e4lja 10 \u00fcldoskust, mida t\u00f6\u00f6andjad k\u00f5ige enam oluliseks peavad s\u00f5ltumata ametist v\u00f5i ametikohast.<\/p>\n<p><\/p><div class=\"accordion mb-3\">\n        <div class=\"accordion-item accordion-item--white\">\n        <h2 class=\"accordion-header\" id=\"accordion-69dfcd0c5c727-heading\">\n            <button class=\"accordion-button collapsed\" type=\"button\" data-bs-toggle=\"collapse\" data-bs-target=\"#accordion-69dfcd0c5c727-collapse\" aria-expanded=\"true\" aria-controls=\"accordion-69dfcd0c5c727-collapse\">1. \u00d5ppimisoskus <\/button>\n        <\/h2>\n        <div id=\"accordion-69dfcd0c5c727-collapse\" class=\"accordion-collapse collapse\" aria-labelledby=\"accordion-69dfcd0c5c727-heading\">\n            <div class=\"accordion-body\">\u00d5ppimisoskuse aluseks on uudishimu, mis k\u00e4ivitab soovi oma teadmisi pidevalt t\u00e4iendada. T\u00e4htis on ka oskus \u00f5pitut meelde j\u00e4tta ning \u00f5igel ajal meenutada ja kasutada, seostada teooriat praktikaga ja kasutada olemasolevaid teadmisi. <\/div>\n        <\/div>\n        <\/div>\n    <\/div>\n<p><\/p><div class=\"accordion mb-3\">\n        <div class=\"accordion-item accordion-item--white\">\n        <h2 class=\"accordion-header\" id=\"accordion-69dfcd0c5c73c-heading\">\n            <button class=\"accordion-button collapsed\" type=\"button\" data-bs-toggle=\"collapse\" data-bs-target=\"#accordion-69dfcd0c5c73c-collapse\" aria-expanded=\"true\" aria-controls=\"accordion-69dfcd0c5c73c-collapse\">2. Anal\u00fc\u00fcsioskus<\/button>\n        <\/h2>\n        <div id=\"accordion-69dfcd0c5c73c-collapse\" class=\"accordion-collapse collapse\" aria-labelledby=\"accordion-69dfcd0c5c73c-heading\">\n            <div class=\"accordion-body\">on \u00fcks m\u00f5tlemisoskustest. See v\u00f5imaldab teha \u00f5igeid j\u00e4reldusi, \u00a0lahendada \u00fclesandeid ja probleeme. Seda oskust on vaja ka tegevuste planeerimisel, et aru saada kuidas \u00fcksikud tegevused m\u00f5jutavad suurema v\u00f5i kaugema eesm\u00e4rgi t\u00e4itmist. <\/div>\n        <\/div>\n        <\/div>\n    <\/div>\n<p><\/p><div class=\"accordion mb-3\">\n        <div class=\"accordion-item accordion-item--white\">\n        <h2 class=\"accordion-header\" id=\"accordion-69dfcd0c5c73e-heading\">\n            <button class=\"accordion-button collapsed\" type=\"button\" data-bs-toggle=\"collapse\" data-bs-target=\"#accordion-69dfcd0c5c73e-collapse\" aria-expanded=\"true\" aria-controls=\"accordion-69dfcd0c5c73e-collapse\">3. Probleemilahendamise oskus <\/button>\n        <\/h2>\n        <div id=\"accordion-69dfcd0c5c73e-collapse\" class=\"accordion-collapse collapse\" aria-labelledby=\"accordion-69dfcd0c5c73e-heading\">\n            <div class=\"accordion-body\">v\u00f5imaldab m\u00e4rgata probleeme, koguda ja anal\u00fc\u00fcsida seotud teavet, s\u00f5nastada lahendamist vajav k\u00fcsimus, kavandada strateegiad probleemi lahendamiseks , neid hinnata, valida erinevatest lahendusviisidest v\u00e4lja k\u00f5ige asjakohasem ja see ka ellu viia.<\/div>\n        <\/div>\n        <\/div>\n    <\/div>\n<p><\/p><div class=\"accordion mb-3\">\n        <div class=\"accordion-item accordion-item--white\">\n        <h2 class=\"accordion-header\" id=\"accordion-69dfcd0c5c740-heading\">\n            <button class=\"accordion-button collapsed\" type=\"button\" data-bs-toggle=\"collapse\" data-bs-target=\"#accordion-69dfcd0c5c740-collapse\" aria-expanded=\"true\" aria-controls=\"accordion-69dfcd0c5c740-collapse\">4. Oskus tegutseda loovalt ja uuenduslikult <\/button>\n        <\/h2>\n        <div id=\"accordion-69dfcd0c5c740-collapse\" class=\"accordion-collapse collapse\" aria-labelledby=\"accordion-69dfcd0c5c740-heading\">\n            <div class=\"accordion-body\">See on oskus vaadelda asju v\u00f5i olukorda eri vaatenurkadest ja kombineerida t\u00e4helepanekuid tavap\u00e4rasest erinevateks uudseteks lahendusteks. Loova tegutsemise oskus v\u00f5imaldab kasutada, t\u00e4iustada v\u00f5i kokku sobitada varasemaid ja uudseid t\u00f6\u00f6viise v\u00f5i tooteid ning tuua sel moel organisatsioonile kasu. <\/div>\n        <\/div>\n        <\/div>\n    <\/div>\n<p><\/p><div class=\"accordion mb-3\">\n        <div class=\"accordion-item accordion-item--white\">\n        <h2 class=\"accordion-header\" id=\"accordion-69dfcd0c5c743-heading\">\n            <button class=\"accordion-button collapsed\" type=\"button\" data-bs-toggle=\"collapse\" data-bs-target=\"#accordion-69dfcd0c5c743-collapse\" aria-expanded=\"true\" aria-controls=\"accordion-69dfcd0c5c743-collapse\">5. Suhtlemis- ehk l\u00e4vimisoskuste <\/button>\n        <\/h2>\n        <div id=\"accordion-69dfcd0c5c743-collapse\" class=\"accordion-collapse collapse\" aria-labelledby=\"accordion-69dfcd0c5c743-heading\">\n            <div class=\"accordion-body\">hulka kuuluvad n\u00e4iteks oskused suhteid luua ja hoida, ennast selgelt v\u00e4ljendada, teisi kuulata, \u00a0olla teiste suhtes t\u00e4helepanelik , empaatiline ja abivalmis. L\u00e4vimisoskusi kasutatakse \u00a0inimestega koos t\u00f6\u00f6tamiseks, omavahel suhtlemiseks ja \u00fchiste eesm\u00e4rkide saavutamiseks.<\/div>\n        <\/div>\n        <\/div>\n    <\/div>\n<p><\/p><div class=\"accordion mb-3\">\n        <div class=\"accordion-item accordion-item--white\">\n        <h2 class=\"accordion-header\" id=\"accordion-69dfcd0c5c745-heading\">\n            <button class=\"accordion-button collapsed\" type=\"button\" data-bs-toggle=\"collapse\" data-bs-target=\"#accordion-69dfcd0c5c745-collapse\" aria-expanded=\"true\" aria-controls=\"accordion-69dfcd0c5c745-collapse\">6. Meeskonna- ja koost\u00f6\u00f6oskus on oskus <\/button>\n        <\/h2>\n        <div id=\"accordion-69dfcd0c5c745-collapse\" class=\"accordion-collapse collapse\" aria-labelledby=\"accordion-69dfcd0c5c745-heading\">\n            <div class=\"accordion-body\">arvestada t\u00f6\u00f6- v\u00f5i \u00f5pingukaaslaste vajaduste ning \u00fchise eesm\u00e4rgiga, t\u00e4ita \u00fclesandeid koos teistega.<\/div>\n        <\/div>\n        <\/div>\n    <\/div>\n<p><\/p><div class=\"accordion mb-3\">\n        <div class=\"accordion-item accordion-item--white\">\n        <h2 class=\"accordion-header\" id=\"accordion-69dfcd0c5c746-heading\">\n            <button class=\"accordion-button collapsed\" type=\"button\" data-bs-toggle=\"collapse\" data-bs-target=\"#accordion-69dfcd0c5c746-collapse\" aria-expanded=\"true\" aria-controls=\"accordion-69dfcd0c5c746-collapse\">7. Keeleoskuse <\/button>\n        <\/h2>\n        <div id=\"accordion-69dfcd0c5c746-collapse\" class=\"accordion-collapse collapse\" aria-labelledby=\"accordion-69dfcd0c5c746-heading\">\n            <div class=\"accordion-body\">all m\u00f5istetakse suutlikkust saada aru emakeelest v\u00f5i v\u00f5\u00f5rkeelest, emakeeles v\u00f5i v\u00f5\u00f5rkeeles suuliselt v\u00f5i kirjalikult ennast v\u00e4ljendada ja suhelda. <\/div>\n        <\/div>\n        <\/div>\n    <\/div>\n<p><\/p><div class=\"accordion mb-3\">\n        <div class=\"accordion-item accordion-item--white\">\n        <h2 class=\"accordion-header\" id=\"accordion-69dfcd0c5c748-heading\">\n            <button class=\"accordion-button collapsed\" type=\"button\" data-bs-toggle=\"collapse\" data-bs-target=\"#accordion-69dfcd0c5c748-collapse\" aria-expanded=\"true\" aria-controls=\"accordion-69dfcd0c5c748-collapse\">8. Kohanemisoskus \u00a0<\/button>\n        <\/h2>\n        <div id=\"accordion-69dfcd0c5c748-collapse\" class=\"accordion-collapse collapse\" aria-labelledby=\"accordion-69dfcd0c5c748-heading\">\n            <div class=\"accordion-body\">on oskus kiiresti reageerida ootamatutele olukordadele, tulla toime uute t\u00f6\u00f6\u00fclesannete ja muutuvate tingimustega.<\/div>\n        <\/div>\n        <\/div>\n    <\/div>\n<p><\/p><div class=\"accordion mb-3\">\n        <div class=\"accordion-item accordion-item--white\">\n        <h2 class=\"accordion-header\" id=\"accordion-69dfcd0c5c74a-heading\">\n            <button class=\"accordion-button collapsed\" type=\"button\" data-bs-toggle=\"collapse\" data-bs-target=\"#accordion-69dfcd0c5c74a-collapse\" aria-expanded=\"true\" aria-controls=\"accordion-69dfcd0c5c74a-collapse\">9. Eesm\u00e4rkide saavutamise oskus <\/button>\n        <\/h2>\n        <div id=\"accordion-69dfcd0c5c74a-collapse\" class=\"accordion-collapse collapse\" aria-labelledby=\"accordion-69dfcd0c5c74a-heading\">\n            <div class=\"accordion-body\">v\u00e4ljendub j\u00e4rjekindlas tegutsemises \u00fclesande t\u00e4itmisel v\u00f5i tegevuse l\u00f5pule viimisel. Oluline on ka suutlikkus teha eesm\u00e4rgi saavutamiseks kohaseid valikuid. <\/div>\n        <\/div>\n        <\/div>\n    <\/div>\n<p><\/p><div class=\"accordion mb-3\">\n        <div class=\"accordion-item accordion-item--white\">\n        <h2 class=\"accordion-header\" id=\"accordion-69dfcd0c5c74b-heading\">\n            <button class=\"accordion-button collapsed\" type=\"button\" data-bs-toggle=\"collapse\" data-bs-target=\"#accordion-69dfcd0c5c74b-collapse\" aria-expanded=\"true\" aria-controls=\"accordion-69dfcd0c5c74b-collapse\">10. Algatusv\u00f5ime <\/button>\n        <\/h2>\n        <div id=\"accordion-69dfcd0c5c74b-collapse\" class=\"accordion-collapse collapse\" aria-labelledby=\"accordion-69dfcd0c5c74b-heading\">\n            <div class=\"accordion-body\">t\u00e4hendab oskust tunda \u00e4ra v\u00f5imalused ja neid kasutada. See on ka uute ideede genereerimine, endale kohustuste v\u00f5tmine ja v\u00e4ljakutsetest kinni haaramine, pakkudes v\u00e4lja, tehes v\u00f5i korraldades midagi ise, ilma et teised teda selleks \u00e4rgitaksid. Algatusv\u00f5imega k\u00e4ib kaasas ka vastutuse v\u00f5tmine. <\/div>\n        <\/div>\n        <\/div>\n    <\/div>\n<p><span lang=\"ET\"><span style=\"line-height: 103%;\">Allikas: <\/span><\/span><a href=\"https:\/\/oska.kutsekoda.ee\/10-oskust-mida-eesti-tooandjad-enim-hindavad\/\" target=\"_blank\" rel=\"noopener\"><span style=\"line-height: 103%;\">https:\/\/oska.kutsekoda.ee\/10-oskust-mida-eesti-tooandjad-enim-hindavad\/<\/span><\/a><\/p>\n<p>\u00a0<\/p>\n<p><img loading=\"lazy\" decoding=\"async\" class=\"alignnone wp-image-191\" src=\"https:\/\/sisu.ut.ee\/wp-content\/uploads\/sites\/656\/motlemiseks-1024x1024.png\" alt=\"\" width=\"40\" height=\"40\" srcset=\"https:\/\/sisu.ut.ee\/wp-content\/uploads\/sites\/656\/motlemiseks-1024x1024.png 1024w, https:\/\/sisu.ut.ee\/wp-content\/uploads\/sites\/656\/motlemiseks-300x300.png 300w, https:\/\/sisu.ut.ee\/wp-content\/uploads\/sites\/656\/motlemiseks-150x150.png 150w, https:\/\/sisu.ut.ee\/wp-content\/uploads\/sites\/656\/motlemiseks-768x768.png 768w, https:\/\/sisu.ut.ee\/wp-content\/uploads\/sites\/656\/motlemiseks.png 1080w\" sizes=\"auto, (max-width: 40px) 100vw, 40px\">\u00a0<b>Too n\u00e4iteid, kuidas \u00fcldoskused on vajalikud sinu eriala juures!<\/b> \u00a0N\u00e4iteks kui oled \u00f5ppinud kokaks, siis kus ja milleks on vajalik meeskonnat\u00f6\u00f6oskus v\u00f5i algatusv\u00f5ime? Kuidas saad enda \u00fcldoskusi arendada?<\/p>\n<p><br><img loading=\"lazy\" decoding=\"async\" class=\"alignnone wp-image-176\" src=\"https:\/\/sisu.ut.ee\/wp-content\/uploads\/sites\/656\/ulesanne-1024x1024.png\" alt=\"\" width=\"40\" height=\"40\" srcset=\"https:\/\/sisu.ut.ee\/wp-content\/uploads\/sites\/656\/ulesanne-1024x1024.png 1024w, https:\/\/sisu.ut.ee\/wp-content\/uploads\/sites\/656\/ulesanne-300x300.png 300w, https:\/\/sisu.ut.ee\/wp-content\/uploads\/sites\/656\/ulesanne-150x150.png 150w, https:\/\/sisu.ut.ee\/wp-content\/uploads\/sites\/656\/ulesanne-768x768.png 768w, https:\/\/sisu.ut.ee\/wp-content\/uploads\/sites\/656\/ulesanne.png 1080w\" sizes=\"auto, (max-width: 40px) 100vw, 40px\">\u00a0<b>Kordamiseks\u00a0\u00a0\u00a0 <\/b><\/p>\n<ul style=\"margin-left: 40px;\">\n<li><span lang=\"ET\"><span style=\"line-height: 103%;\">Mida uut said teada t\u00f6\u00f6maailma arengute kohta?<\/span><\/span><\/li>\n<li><span lang=\"ET\"><span style=\"line-height: 103%;\">Kuidas saaksid seda infot oma t\u00f6\u00f6alast karj\u00e4\u00e4ri kavandades arvestada?<\/span><\/span><\/li>\n<\/ul>","protected":false},"excerpt":{"rendered":"<p>T\u00d6\u00d6TURUL N\u00d5UTUD OSKUSED \u00a0Muutunud ja muutuvad t\u00f6\u00f6tamise viisid ja t\u00f6\u00f6vormid n\u00f5uavad t\u00f6\u00f6tajatelt ka uusi oskusi. Lisaks headele erialastele oskustele on olulised \u00fcldoskused. Nt kaugt\u00f6\u00f6 eeldab head ajaplaneerimise oskust, projektip\u00f5hine t\u00f6\u00f6korraldus ehituses seab k\u00f5rgemad n\u00f5udmised t\u00f6\u00f6tajate suhtlemisoskustele. Rahvusvahelistes firmades, kus meeskonna &#8230;<\/p>\n","protected":false},"author":263,"featured_media":0,"parent":0,"menu_order":0,"comment_status":"closed","ping_status":"closed","template":"","meta":{"_acf_changed":false,"inline_featured_image":false,"footnotes":""},"class_list":["post-8","page","type-page","status-publish","hentry"],"acf":[],"_links":{"self":[{"href":"https:\/\/sisu.ut.ee\/edujategu23\/wp-json\/wp\/v2\/pages\/8","targetHints":{"allow":["GET"]}}],"collection":[{"href":"https:\/\/sisu.ut.ee\/edujategu23\/wp-json\/wp\/v2\/pages"}],"about":[{"href":"https:\/\/sisu.ut.ee\/edujategu23\/wp-json\/wp\/v2\/types\/page"}],"author":[{"embeddable":true,"href":"https:\/\/sisu.ut.ee\/edujategu23\/wp-json\/wp\/v2\/users\/263"}],"replies":[{"embeddable":true,"href":"https:\/\/sisu.ut.ee\/edujategu23\/wp-json\/wp\/v2\/comments?post=8"}],"version-history":[{"count":7,"href":"https:\/\/sisu.ut.ee\/edujategu23\/wp-json\/wp\/v2\/pages\/8\/revisions"}],"predecessor-version":[{"id":206,"href":"https:\/\/sisu.ut.ee\/edujategu23\/wp-json\/wp\/v2\/pages\/8\/revisions\/206"}],"wp:attachment":[{"href":"https:\/\/sisu.ut.ee\/edujategu23\/wp-json\/wp\/v2\/media?parent=8"}],"curies":[{"name":"wp","href":"https:\/\/api.w.org\/{rel}","templated":true}]}}