{"id":7,"date":"2024-04-04T09:00:01","date_gmt":"2024-04-04T06:00:01","guid":{"rendered":"https:\/\/sisu.ut.ee\/edujategu23\/uued-tootamise-vormid\/"},"modified":"2024-04-24T11:13:26","modified_gmt":"2024-04-24T08:13:26","slug":"uued-tootamise-vormid","status":"publish","type":"page","link":"https:\/\/sisu.ut.ee\/edujategu23\/uued-tootamise-vormid\/","title":{"rendered":"Uued t\u00f6\u00f6tamise vormid"},"content":{"rendered":"<h1 class=\"wp-block-heading\"><img loading=\"lazy\" decoding=\"async\" width=\"40\" height=\"40\" class=\"wp-image-178\" style=\"width: 40px;\" src=\"https:\/\/sisu.ut.ee\/wp-content\/uploads\/sites\/656\/sissejuhatus.png\" alt=\"\" srcset=\"https:\/\/sisu.ut.ee\/wp-content\/uploads\/sites\/656\/sissejuhatus.png 1080w, https:\/\/sisu.ut.ee\/wp-content\/uploads\/sites\/656\/sissejuhatus-300x300.png 300w, https:\/\/sisu.ut.ee\/wp-content\/uploads\/sites\/656\/sissejuhatus-1024x1024.png 1024w, https:\/\/sisu.ut.ee\/wp-content\/uploads\/sites\/656\/sissejuhatus-150x150.png 150w, https:\/\/sisu.ut.ee\/wp-content\/uploads\/sites\/656\/sissejuhatus-768x768.png 768w\" sizes=\"auto, (max-width: 40px) 100vw, 40px\"> <span style=\"color: #28aae1;\">UUED T\u00d6\u00d6TAMISE VORMID<\/span><\/h1>\n\n\n<p><img loading=\"lazy\" decoding=\"async\" class=\"alignnone wp-image-175\" src=\"https:\/\/sisu.ut.ee\/wp-content\/uploads\/sites\/656\/uued_moisted-1024x1024.png\" alt=\"\" width=\"40\" height=\"40\" srcset=\"https:\/\/sisu.ut.ee\/wp-content\/uploads\/sites\/656\/uued_moisted-1024x1024.png 1024w, https:\/\/sisu.ut.ee\/wp-content\/uploads\/sites\/656\/uued_moisted-300x300.png 300w, https:\/\/sisu.ut.ee\/wp-content\/uploads\/sites\/656\/uued_moisted-150x150.png 150w, https:\/\/sisu.ut.ee\/wp-content\/uploads\/sites\/656\/uued_moisted-768x768.png 768w, https:\/\/sisu.ut.ee\/wp-content\/uploads\/sites\/656\/uued_moisted.png 1080w\" sizes=\"auto, (max-width: 40px) 100vw, 40px\">\u00a0Traditsioonilise t\u00f6\u00f6 k\u00f5rvale on tekkinud mitmeid uusi t\u00f6\u00f6tamise vorme. Traditsioonilise t\u00f6\u00f6 all m\u00f5istetakse t\u00f6\u00f6lepingulist suhet, mille puhul on selgelt eristatud t\u00f6\u00f6andja ja t\u00f6\u00f6v\u00f5tja. Lepingus on kirjas kindel t\u00f6\u00f6tamise aeg ja koht. Leping v\u00f5ib olla nii t\u00e4htajaline (nt projektip\u00f5hise t\u00f6\u00f6 puhul) kui ka t\u00e4htajatu. Erinevates keskkondades (n\u00e4iteks majandus, ettev\u00f5tlus-, looduskeskkond) toimuvad muutused v\u00f5ivad tekitada olukorra, kus enam ei saa v\u00f5i ei ole m\u00f5istlik tavap\u00e4rasel viisil t\u00f6\u00f6tamine. Mitmetes tegevusvaldkondades tagab paindliku t\u00f6\u00f6turul osalemise iseendale t\u00f6\u00f6andjaks olemine ettev\u00f5tluse erinevates vormides.<\/p>\n<h4>M\u00f5ned n\u00e4ited uutest t\u00f6\u00f6tamise vormidest:<\/h4>\n<p><strong>IKT-p\u00f5hise mobiilse v\u00f5i kaugt\u00f6\u00f6 puhul<\/strong> t\u00e4idab t\u00f6\u00f6v\u00f5tja kokkulepitud \u00fclesandeid abil mobiilsete t\u00f6\u00f6vahendite abil ja temale sobival ajal. Kaugt\u00f6\u00f6 toimub paljudes organisatsioonides, kus t\u00f6\u00f6 iseloom lubab t\u00f6\u00f6tada v\u00e4ljaspool kontorit. T\u00f6\u00f6tajalt n\u00f5uab selline t\u00f6\u00f6vorm suuremat iseseisvust ja v\u00e4ga head aja planeerimise oskust.<\/p>\n<p><strong>T\u00f6\u00f6ampsud<\/strong> on\u00a0 l\u00fchikesed t\u00f6\u00f6otsad, mille vahendamine sageli toimub veebiplatvormidel.\u00a0 Eestis on \u00fcks tuntumaid t\u00f6\u00f6ampsude vahendajaid <a href=\"https:\/\/blog.goworkabit.com\/et\/\" target=\"_blank\" rel=\"noopener\">https:\/\/blog.goworkabit.com\/et\/<\/a>. Siit leiab osaajaga t\u00f6id, mida saab n\u00e4iteks \u00a0p\u00f5hit\u00f6\u00f6 v\u00f5i \u00f5pingute k\u00f5rvalt teha.<\/p>\n<p><strong>Platvormit\u00f6\u00f6<\/strong> puhul osutatakse teenuseid veebip\u00f5hise vahendaja osalusel. K\u00f5ige tuntumad platvormit\u00f6\u00f6d vahendavad digiplatvormid maailmas on n\u00e4iteks s\u00f5idujagamisteenust vahendav Uber, valmistoidu ja toidukaupade kojuvedu Wolt ja Bolt Food jt.<\/p>\n<p><strong>T\u00f6\u00f6taja jagamine<\/strong> t\u00e4hendab, et mitu t\u00f6\u00f6andjat palkavad \u00fchiselt t\u00f6\u00f6taja (n\u00e4iteks ei ole spetsialistile v\u00f5imalik \u00fches ettev\u00f5ttes t\u00e4ist\u00f6\u00f6ajaga t\u00f6\u00f6d tagada).&lt;\/P<\/p>\n<p><strong>T\u00f6\u00f6koha jagamine<\/strong> t\u00e4hendab, et\u00a0 \u00fche t\u00f6\u00f6\u00fclesande raames v\u00f5etakse t\u00f6\u00f6le kaks v\u00f5i enam t\u00f6\u00f6tajat.<\/p>\n<p><strong>L\u00fchiajaline t\u00f6\u00f6<\/strong> on tavaliselt t\u00e4htajaline. Enamlevinud l\u00fchiajalise t\u00f6\u00f6 vormid on hooajaline t\u00f6\u00f6, projektip\u00f5hine t\u00f6\u00f6 ja \u00f5pilaste t\u00f6\u00f6. Seda t\u00f6\u00f6vormi kasutatakse valdkondades, kus vajadus t\u00f6\u00f6j\u00f5u j\u00e4rele kasvab ajutiselt (n\u00e4iteks turism ja majutus, p\u00f5llumajanduses) v\u00f5i on vaja\u00a0 spetsiaalsete oskustega t\u00f6\u00f6tajaid kindla projekti jaoks.&lt;7p&gt;<\/p>\n<p><strong>T\u00f6\u00f6 v\u00e4ljakutsel<\/strong> erineb l\u00fchiajalisest t\u00f6\u00f6st selle poolest, et t\u00f6\u00f6tajaga s\u00f5lmitav leping v\u00f5ib luua pikaajalise t\u00f6\u00f6suhte t\u00f6\u00f6taja ja t\u00f6\u00f6andja vahel.<\/p>\n<p>Uute t\u00f6\u00f6vormide kohta saad t\u00e4psemalt lugeda SIIT\u00a0\u00a0 <a href=\"https:\/\/pare.ee\/uued-toovormid-kas-ja-milline-sobib-sulle-voi-sinu-organisatsioonile\/\" target=\"_blank\" rel=\"noopener\">https:\/\/pare.ee\/uued-toovormid-kas-ja-milline-sobib-sulle-voi-sinu-organisatsioonile\/<\/a><\/p>\n<p style=\"margin: 0cm 0cm 15.0pt 0cm;\"><img loading=\"lazy\" decoding=\"async\" class=\"alignnone wp-image-191\" src=\"https:\/\/sisu.ut.ee\/wp-content\/uploads\/sites\/656\/motlemiseks-1024x1024.png\" alt=\"\" width=\"40\" height=\"40\" srcset=\"https:\/\/sisu.ut.ee\/wp-content\/uploads\/sites\/656\/motlemiseks-1024x1024.png 1024w, https:\/\/sisu.ut.ee\/wp-content\/uploads\/sites\/656\/motlemiseks-300x300.png 300w, https:\/\/sisu.ut.ee\/wp-content\/uploads\/sites\/656\/motlemiseks-150x150.png 150w, https:\/\/sisu.ut.ee\/wp-content\/uploads\/sites\/656\/motlemiseks-768x768.png 768w, https:\/\/sisu.ut.ee\/wp-content\/uploads\/sites\/656\/motlemiseks.png 1080w\" sizes=\"auto, (max-width: 40px) 100vw, 40px\">\u00a0 <span style=\"line-height: 18.0pt;\"><span style=\"vertical-align: baseline;\"><span lang=\"ET\">Milliseid t\u00f6\u00f6tamise vorme oled t\u00e4hele pannud seoses oma erialaga? <\/span><\/span><\/span><\/p>","protected":false},"excerpt":{"rendered":"<p>UUED T\u00d6\u00d6TAMISE VORMID \u00a0Traditsioonilise t\u00f6\u00f6 k\u00f5rvale on tekkinud mitmeid uusi t\u00f6\u00f6tamise vorme. Traditsioonilise t\u00f6\u00f6 all m\u00f5istetakse t\u00f6\u00f6lepingulist suhet, mille puhul on selgelt eristatud t\u00f6\u00f6andja ja t\u00f6\u00f6v\u00f5tja. Lepingus on kirjas kindel t\u00f6\u00f6tamise aeg ja koht. Leping v\u00f5ib olla nii t\u00e4htajaline (nt &#8230;<\/p>\n","protected":false},"author":263,"featured_media":0,"parent":0,"menu_order":0,"comment_status":"closed","ping_status":"closed","template":"","meta":{"_acf_changed":false,"inline_featured_image":false,"footnotes":""},"class_list":["post-7","page","type-page","status-publish","hentry"],"acf":[],"_links":{"self":[{"href":"https:\/\/sisu.ut.ee\/edujategu23\/wp-json\/wp\/v2\/pages\/7","targetHints":{"allow":["GET"]}}],"collection":[{"href":"https:\/\/sisu.ut.ee\/edujategu23\/wp-json\/wp\/v2\/pages"}],"about":[{"href":"https:\/\/sisu.ut.ee\/edujategu23\/wp-json\/wp\/v2\/types\/page"}],"author":[{"embeddable":true,"href":"https:\/\/sisu.ut.ee\/edujategu23\/wp-json\/wp\/v2\/users\/263"}],"replies":[{"embeddable":true,"href":"https:\/\/sisu.ut.ee\/edujategu23\/wp-json\/wp\/v2\/comments?post=7"}],"version-history":[{"count":10,"href":"https:\/\/sisu.ut.ee\/edujategu23\/wp-json\/wp\/v2\/pages\/7\/revisions"}],"predecessor-version":[{"id":204,"href":"https:\/\/sisu.ut.ee\/edujategu23\/wp-json\/wp\/v2\/pages\/7\/revisions\/204"}],"wp:attachment":[{"href":"https:\/\/sisu.ut.ee\/edujategu23\/wp-json\/wp\/v2\/media?parent=7"}],"curies":[{"name":"wp","href":"https:\/\/api.w.org\/{rel}","templated":true}]}}