{"id":6,"date":"2024-04-04T09:00:01","date_gmt":"2024-04-04T06:00:01","guid":{"rendered":"https:\/\/sisu.ut.ee\/edujategu23\/trendid-ja-megatrendid\/"},"modified":"2024-04-24T11:12:05","modified_gmt":"2024-04-24T08:12:05","slug":"trendid-ja-megatrendid","status":"publish","type":"page","link":"https:\/\/sisu.ut.ee\/edujategu23\/trendid-ja-megatrendid\/","title":{"rendered":"Trendid ja megatrendid"},"content":{"rendered":"<h1 class=\"wp-block-heading\"><img loading=\"lazy\" decoding=\"async\" title=\"sissejuhatus_01.png\" width=\"40\" height=\"40\" class=\"alignnone wp-image-21\" src=\"https:\/\/sisu.ut.ee\/wp-content\/uploads\/sites\/507\/sissejuhatus_01.png\" alt=\"sissejuhatus\"> <span style=\"color: #28aae1;\">TRENDID JA MEGATRENDID<\/span><\/h1>\n\n\n<p><img loading=\"lazy\" decoding=\"async\" class=\"alignnone wp-image-176\" src=\"https:\/\/sisu.ut.ee\/wp-content\/uploads\/sites\/656\/ulesanne-1024x1024.png\" alt=\"\" width=\"40\" height=\"40\" srcset=\"https:\/\/sisu.ut.ee\/wp-content\/uploads\/sites\/656\/ulesanne-1024x1024.png 1024w, https:\/\/sisu.ut.ee\/wp-content\/uploads\/sites\/656\/ulesanne-300x300.png 300w, https:\/\/sisu.ut.ee\/wp-content\/uploads\/sites\/656\/ulesanne-150x150.png 150w, https:\/\/sisu.ut.ee\/wp-content\/uploads\/sites\/656\/ulesanne-768x768.png 768w, https:\/\/sisu.ut.ee\/wp-content\/uploads\/sites\/656\/ulesanne.png 1080w\" sizes=\"auto, (max-width: 40px) 100vw, 40px\">\u00a0 <b>Tutvu megatrendide ja nende m\u00f5juga t\u00f6\u00f6j\u00f5uvajadusele.\u00a0<\/b><\/p>\n<p>OSKA \u00fche minuti video<\/p>\n<p><\/p><div class=\"ratio ratio-16x9 mb-3\"><div class=\"video-placeholder-wrapper video-placeholder-wrapper--16x9\">\n\t\t\t    <div class=\"video-placeholder d-flex justify-content-center align-items-center\">\n\t\t\t        <div class=\"overlay text-white p-2 w-100 text-center d-block justify-content-center align-items-center\">\n\t\t\t            <div>Kolmandate osapoolte sisu n\u00e4gemiseks palun n\u00f5ustu k\u00fcpsistega.<\/div>\n\t\t\t            <button class=\"btn btn-secondary btn-sm mt-1 consent-change\">Muuda n\u00f5usolekut<\/button>\n\t\t\t        <\/div>\n\t\t\t    <\/div>\n\t\t\t<\/div>\n<\/div>\n<p><img loading=\"lazy\" decoding=\"async\" class=\"alignnone wp-image-176\" src=\"https:\/\/sisu.ut.ee\/wp-content\/uploads\/sites\/656\/ulesanne-1024x1024.png\" alt=\"\" width=\"40\" height=\"40\" srcset=\"https:\/\/sisu.ut.ee\/wp-content\/uploads\/sites\/656\/ulesanne-1024x1024.png 1024w, https:\/\/sisu.ut.ee\/wp-content\/uploads\/sites\/656\/ulesanne-300x300.png 300w, https:\/\/sisu.ut.ee\/wp-content\/uploads\/sites\/656\/ulesanne-150x150.png 150w, https:\/\/sisu.ut.ee\/wp-content\/uploads\/sites\/656\/ulesanne-768x768.png 768w, https:\/\/sisu.ut.ee\/wp-content\/uploads\/sites\/656\/ulesanne.png 1080w\" sizes=\"auto, (max-width: 40px) 100vw, 40px\">\u00a0 <b>M\u00f5tle, kuidas m\u00f5jutavad megatrendid sinu \u00f5pitavat eriala!\u00a0\u00a0 <\/b><\/p>\n<p style=\"margin-left: 120px;\"><img loading=\"lazy\" decoding=\"async\" class=\"\" title=\"\" src=\"https:\/\/sisu.ut.ee\/wp-content\/uploads\/sites\/656\/screenshot_2023-10-09_at_17.48.57.png\" alt=\"sdf\" width=\"699\" height=\"290\" data-file_info=\"%7B%22fid%22:%2279792%22,%22view_mode%22:%22default%22,%22type%22:%22media%22%7D\"><\/p>\n<ul>\n<li><b>T\u00e4ida t\u00f6\u00f6leht <\/b><a href=\"https:\/\/sisu.ut.ee\/wp-content\/uploads\/sites\/656\/keskkonna2bsc3a4c3a4stmine.pdf\" target=\"_blank\" rel=\"noopener\" data-fid=\"79793\">KESKKONNA S\u00c4\u00c4STMINE<\/a><\/li>\n<\/ul>\n<p><img loading=\"lazy\" decoding=\"async\" class=\"alignnone wp-image-176\" src=\"https:\/\/sisu.ut.ee\/wp-content\/uploads\/sites\/656\/ulesanne-1024x1024.png\" alt=\"\" width=\"40\" height=\"40\" srcset=\"https:\/\/sisu.ut.ee\/wp-content\/uploads\/sites\/656\/ulesanne-1024x1024.png 1024w, https:\/\/sisu.ut.ee\/wp-content\/uploads\/sites\/656\/ulesanne-300x300.png 300w, https:\/\/sisu.ut.ee\/wp-content\/uploads\/sites\/656\/ulesanne-150x150.png 150w, https:\/\/sisu.ut.ee\/wp-content\/uploads\/sites\/656\/ulesanne-768x768.png 768w, https:\/\/sisu.ut.ee\/wp-content\/uploads\/sites\/656\/ulesanne.png 1080w\" sizes=\"auto, (max-width: 40px) 100vw, 40px\">\u00a0<b>Tutvu Haridusportaalis<\/b> <a href=\"https:\/\/haridusportaal.edu.ee\/valdkonnad\" target=\"_blank\" rel=\"noopener\">https:\/\/haridusportaal.edu.ee\/valdkonnad<\/a> OSKA andmetel p\u00f5hineva <b>oma eriala v\u00f5i \u00f5pitava valdkonnaga seotud\u00a0 infoga<\/b>.<\/p>","protected":false},"excerpt":{"rendered":"<p>TRENDID JA MEGATRENDID \u00a0 Tutvu megatrendide ja nende m\u00f5juga t\u00f6\u00f6j\u00f5uvajadusele.\u00a0 OSKA \u00fche minuti video Kolmandate osapoolte sisu n\u00e4gemiseks palun n\u00f5ustu k\u00fcpsistega. Muuda n\u00f5usolekut \u00a0 M\u00f5tle, kuidas m\u00f5jutavad megatrendid sinu \u00f5pitavat eriala!\u00a0\u00a0 T\u00e4ida t\u00f6\u00f6leht KESKKONNA S\u00c4\u00c4STMINE \u00a0Tutvu Haridusportaalis https:\/\/haridusportaal.edu.ee\/valdkonnad OSKA andmetel &#8230;<\/p>\n","protected":false},"author":263,"featured_media":0,"parent":0,"menu_order":0,"comment_status":"closed","ping_status":"closed","template":"","meta":{"_acf_changed":false,"inline_featured_image":false,"footnotes":""},"class_list":["post-6","page","type-page","status-publish","hentry"],"acf":[],"_links":{"self":[{"href":"https:\/\/sisu.ut.ee\/edujategu23\/wp-json\/wp\/v2\/pages\/6","targetHints":{"allow":["GET"]}}],"collection":[{"href":"https:\/\/sisu.ut.ee\/edujategu23\/wp-json\/wp\/v2\/pages"}],"about":[{"href":"https:\/\/sisu.ut.ee\/edujategu23\/wp-json\/wp\/v2\/types\/page"}],"author":[{"embeddable":true,"href":"https:\/\/sisu.ut.ee\/edujategu23\/wp-json\/wp\/v2\/users\/263"}],"replies":[{"embeddable":true,"href":"https:\/\/sisu.ut.ee\/edujategu23\/wp-json\/wp\/v2\/comments?post=6"}],"version-history":[{"count":8,"href":"https:\/\/sisu.ut.ee\/edujategu23\/wp-json\/wp\/v2\/pages\/6\/revisions"}],"predecessor-version":[{"id":203,"href":"https:\/\/sisu.ut.ee\/edujategu23\/wp-json\/wp\/v2\/pages\/6\/revisions\/203"}],"wp:attachment":[{"href":"https:\/\/sisu.ut.ee\/edujategu23\/wp-json\/wp\/v2\/media?parent=6"}],"curies":[{"name":"wp","href":"https:\/\/api.w.org\/{rel}","templated":true}]}}