{"id":5,"date":"2024-04-04T09:00:01","date_gmt":"2024-04-04T06:00:01","guid":{"rendered":"https:\/\/sisu.ut.ee\/edujategu23\/muutuv-toomaailm\/"},"modified":"2024-04-24T11:09:28","modified_gmt":"2024-04-24T08:09:28","slug":"muutuv-toomaailm","status":"publish","type":"page","link":"https:\/\/sisu.ut.ee\/edujategu23\/muutuv-toomaailm\/","title":{"rendered":"Muutuv t\u00f6\u00f6maailm"},"content":{"rendered":"<h1 class=\"wp-block-heading\"><img loading=\"lazy\" decoding=\"async\" width=\"40\" height=\"40\" class=\"wp-image-178\" style=\"width: 40px;\" src=\"https:\/\/sisu.ut.ee\/wp-content\/uploads\/sites\/656\/sissejuhatus.png\" alt=\"\" srcset=\"https:\/\/sisu.ut.ee\/wp-content\/uploads\/sites\/656\/sissejuhatus.png 1080w, https:\/\/sisu.ut.ee\/wp-content\/uploads\/sites\/656\/sissejuhatus-300x300.png 300w, https:\/\/sisu.ut.ee\/wp-content\/uploads\/sites\/656\/sissejuhatus-1024x1024.png 1024w, https:\/\/sisu.ut.ee\/wp-content\/uploads\/sites\/656\/sissejuhatus-150x150.png 150w, https:\/\/sisu.ut.ee\/wp-content\/uploads\/sites\/656\/sissejuhatus-768x768.png 768w\" sizes=\"auto, (max-width: 40px) 100vw, 40px\"> <span style=\"color: #28aae1;\">MUUTUV T\u00d6\u00d6MAAILM<\/span><\/h1>\n\n\n<p style=\"margin-bottom: 5.0pt;\"><img loading=\"lazy\" decoding=\"async\" class=\"alignnone wp-image-175\" src=\"https:\/\/sisu.ut.ee\/wp-content\/uploads\/sites\/656\/uued_moisted-1024x1024.png\" alt=\"\" width=\"40\" height=\"40\" srcset=\"https:\/\/sisu.ut.ee\/wp-content\/uploads\/sites\/656\/uued_moisted-1024x1024.png 1024w, https:\/\/sisu.ut.ee\/wp-content\/uploads\/sites\/656\/uued_moisted-300x300.png 300w, https:\/\/sisu.ut.ee\/wp-content\/uploads\/sites\/656\/uued_moisted-150x150.png 150w, https:\/\/sisu.ut.ee\/wp-content\/uploads\/sites\/656\/uued_moisted-768x768.png 768w, https:\/\/sisu.ut.ee\/wp-content\/uploads\/sites\/656\/uued_moisted.png 1080w\" sizes=\"auto, (max-width: 40px) 100vw, 40px\">\u00a0<span style=\"line-height: normal;\"><b><span lang=\"ET\">Trendid ja megatrendid<\/span><\/b><\/span><\/p>\n<p style=\"margin-bottom: 5.0pt;\"><span lang=\"ET\"><span style=\"line-height: 103%;\">T\u00f6\u00f6maailm (t\u00f6\u00f6turg, t\u00f6\u00f6j\u00f5uturg, majandus- ja ettev\u00f5tluskeskkond) muutub j\u00e4rjest mitmekesisemaks. See toob juurde palju uusi v\u00f5imalusi (n\u00e4iteks erinevaid t\u00f6\u00f6tamise vorme ja uusi ameteid), aga teeb ka keerulisemaks endale k\u00f5ige sobivama t\u00f6\u00f6 v\u00f5i t\u00f6\u00f6koha valiku.\u00a0 <\/span><\/span><\/p>\n<p><span lang=\"ET\"><span style=\"line-height: 103%;\">Nii maailmas tervikuna kui meie l\u00e4hi\u00fcmbruses toimuvad muutused m\u00f5jutavad t\u00f6\u00f6maailma- t\u00f6\u00f6 sisu ja t\u00f6\u00f6vahendeid, t\u00f6\u00f6tamise vorme, t\u00f6\u00f6j\u00f5uvajadust, ootusi ja n\u00f5udmisi t\u00f6\u00f6 tegijatele. <\/span><\/span><\/p>\n<p><span lang=\"ET\"><span style=\"line-height: 103%;\">Pikema aja jooksul toimuvaid arenguid \u00fchiskonnas, majanduses, looduses\u00a0 on v\u00f5imalik ette n\u00e4ha. N\u00e4iteks kliimamuutusi planeedil Maa v\u00f5i tehnoloogiate arenguid on teadlased j\u00e4lginud ja kirjeldanud nende m\u00f5jusid. Selliste andmete p\u00f5hjal v\u00f5ib teha prognoose ka t\u00f6\u00f6maailma \u00fcldisemate vajaduste kohta. <\/span><\/span><b><span lang=\"ET\"><span style=\"line-height: 103%;\"><span style=\"color: #212529;\">Megatrendid on pikaajalised globaalsed trendid, mis m\u00e4rkimisv\u00e4\u00e4rselt muudavad\u00a0 seda, kuidas me elame ja t\u00f6\u00f6tame. <\/span><\/span><\/span><\/b><\/p>\n<p><strong><span lang=\"ET\"><span style=\"line-height: 103%;\"><span style=\"color: #212529;\">Megatrendideks on n\u00e4iteks: <\/span><\/span><\/span><\/strong><\/p>\n<ul style=\"margin-left: 40px;\">\n<li style=\"margin-bottom: 0cm;\"><span style=\"background: white;\"><span style=\"line-height: normal;\"><span lang=\"ET\"><span style=\"color: black;\">Keskkonnas\u00e4\u00e4stlikkus saab normiks.<\/span><\/span><\/span><\/span><\/li>\n<li style=\"margin-bottom: 0cm;\"><span style=\"background: white;\"><span style=\"line-height: normal;\"><span lang=\"ET\"><span style=\"color: black;\">Digitehnoloogia ulatub k\u00f5ikjale.<\/span><\/span><\/span><\/span><\/li>\n<li style=\"margin-bottom: 0cm;\"><span style=\"background: white;\"><span style=\"line-height: normal;\"><span lang=\"ET\"><span style=\"color: black;\">\u00dcleilmastumine (globaliseerumine) suurendab riske.<\/span><\/span><\/span><\/span><\/li>\n<li style=\"margin-bottom: 0cm;\"><span style=\"background: white;\"><span style=\"line-height: normal;\"><span lang=\"ET\"><span style=\"color: black;\">Rahvastikumuutused (nt rahvastiku vananemine; linnastumine) suunavad arengut.<\/span><\/span><\/span><\/span><\/li>\n<li style=\"margin-bottom: 0cm;\"><span style=\"background: white;\"><span style=\"line-height: normal;\"><span lang=\"ET\"><span style=\"color: black;\">V\u00e4\u00e4rtusmaailm teiseneb.<\/span><\/span><\/span><\/span><\/li>\n<\/ul>\n<p style=\"margin-bottom: 0cm;\"><span style=\"background: white;\"><span style=\"line-height: normal;\"><span lang=\"ET\"><span style=\"color: black;\">Megatrendide p\u00f5hjalikumat tutvustust saad lugeda\u00a0 SIIT\u00a0 <\/span><\/span><span lang=\"ET\" style=\"color: black;\"><a href=\"https:\/\/oska.kutsekoda.ee\/trendid\/\" target=\"_blank\" rel=\"noopener\">https:\/\/oska.kutsekoda.ee\/trendid\/<\/a><\/span>\u00a0 <\/span><\/span><\/p>","protected":false},"excerpt":{"rendered":"<p>MUUTUV T\u00d6\u00d6MAAILM \u00a0Trendid ja megatrendid T\u00f6\u00f6maailm (t\u00f6\u00f6turg, t\u00f6\u00f6j\u00f5uturg, majandus- ja ettev\u00f5tluskeskkond) muutub j\u00e4rjest mitmekesisemaks. See toob juurde palju uusi v\u00f5imalusi (n\u00e4iteks erinevaid t\u00f6\u00f6tamise vorme ja uusi ameteid), aga teeb ka keerulisemaks endale k\u00f5ige sobivama t\u00f6\u00f6 v\u00f5i t\u00f6\u00f6koha valiku.\u00a0 Nii maailmas &#8230;<\/p>\n","protected":false},"author":263,"featured_media":0,"parent":0,"menu_order":0,"comment_status":"closed","ping_status":"closed","template":"","meta":{"_acf_changed":false,"inline_featured_image":false,"footnotes":""},"class_list":["post-5","page","type-page","status-publish","hentry"],"acf":[],"_links":{"self":[{"href":"https:\/\/sisu.ut.ee\/edujategu23\/wp-json\/wp\/v2\/pages\/5","targetHints":{"allow":["GET"]}}],"collection":[{"href":"https:\/\/sisu.ut.ee\/edujategu23\/wp-json\/wp\/v2\/pages"}],"about":[{"href":"https:\/\/sisu.ut.ee\/edujategu23\/wp-json\/wp\/v2\/types\/page"}],"author":[{"embeddable":true,"href":"https:\/\/sisu.ut.ee\/edujategu23\/wp-json\/wp\/v2\/users\/263"}],"replies":[{"embeddable":true,"href":"https:\/\/sisu.ut.ee\/edujategu23\/wp-json\/wp\/v2\/comments?post=5"}],"version-history":[{"count":10,"href":"https:\/\/sisu.ut.ee\/edujategu23\/wp-json\/wp\/v2\/pages\/5\/revisions"}],"predecessor-version":[{"id":200,"href":"https:\/\/sisu.ut.ee\/edujategu23\/wp-json\/wp\/v2\/pages\/5\/revisions\/200"}],"wp:attachment":[{"href":"https:\/\/sisu.ut.ee\/edujategu23\/wp-json\/wp\/v2\/media?parent=5"}],"curies":[{"name":"wp","href":"https:\/\/api.w.org\/{rel}","templated":true}]}}