{"id":4,"date":"2024-04-04T09:00:01","date_gmt":"2024-04-04T06:00:01","guid":{"rendered":"https:\/\/sisu.ut.ee\/edujategu23\/sissejuhatus\/"},"modified":"2024-04-15T10:04:28","modified_gmt":"2024-04-15T07:04:28","slug":"sissejuhatus","status":"publish","type":"page","link":"https:\/\/sisu.ut.ee\/edujategu23\/sissejuhatus\/","title":{"rendered":"Sissejuhatus"},"content":{"rendered":"<h1 class=\"wp-block-heading\"><img loading=\"lazy\" decoding=\"async\" title=\"sissejuhatus_01.png\" width=\"40\" height=\"40\" class=\"alignnone wp-image-21\" src=\"https:\/\/sisu.ut.ee\/wp-content\/uploads\/sites\/507\/sissejuhatus_01.png\" alt=\"sissejuhatus\"> <span style=\"color: #28aae1;\">SISSEJUHATUS<\/span><\/h1>\n\n<p style=\"margin-bottom:5.0pt\">\n\t<span style=\"line-height:normal\"><span lang=\"ET\">\u00d5piobjekt on loodud selleks, et toetada kutse\u00f5ppeasutuse \u00f5pilaste j\u00f5udmist endale rahuldust pakkuva ja v\u00e4\u00e4rtust loova ameti ning praktika- v\u00f5i t\u00f6\u00f6kohani. <\/span><\/span>\n<\/p>\n\n<p style=\"margin-bottom:5.0pt\">\n\t<span style=\"line-height:normal\"><span lang=\"ET\">T\u00f6\u00f6alase karj\u00e4\u00e4ri kavandamiseks ja juhtimiseks on vaja karj\u00e4\u00e4ri kujundamise oskusi. \u00d5ppematerjal keskendubki nendele oskustele ja seotud hoiakutele. \u00a0Enda jaoks parimate valikute tegemine eeldab t\u00f6\u00f6maailma arengusuundade ja n\u00f5udmiste tundmist ning eneseteadlikkust. Kutseoskusi saab kasutada erinevates ametites ja ettev\u00f5tetes nii t\u00f6\u00f6v\u00f5tja kui t\u00f6\u00f6andjana. Soovitud t\u00f6\u00f6koha saamisel on oluline enda oskuste ja n\u00f5utud isiksuseomaduste t\u00f5endamine ja esitlemine t\u00f6\u00f6andjale. \u00d5pitegevused aitavad leida vastuseid k\u00fcsimustele<\/span><\/span>\n<\/p>\n\n<ul>\n\t<li style=\"margin-bottom:5.0pt\">\n\t\t<span style=\"line-height:normal\"><span lang=\"ET\">Millised on sinu v\u00f5imalused nii oma t\u00f6\u00f6alase arengu kui teiste elurollide juhtimisel? Milliseid oskusi selleks vaja on?<\/span><\/span>\n\t<\/li>\n\t<li style=\"margin-bottom:5.0pt\">\n\t\t<span style=\"line-height:normal\"><span lang=\"ET\">Millises suunas liigub t\u00f6\u00f6maailm? Mida t\u00e4hendavad megatrendid?<\/span><\/span>\n\t<\/li>\n\t<li style=\"margin-bottom:5.0pt\">\n\t\t<span style=\"line-height:normal\"><span lang=\"ET\">Milliseid oskusi ootab t\u00f6\u00f6andja lisaks erialastele?<\/span><\/span>\n\t<\/li>\n\t<li style=\"margin-bottom:5.0pt\">\n\t\t<span style=\"line-height:normal\"><span lang=\"ET\">Mille alusel valida v\u00f5imalused \u00f5pitud oskuste rakendamiseks?<\/span><\/span>\n\t<\/li>\n\t<li style=\"margin-bottom:5.0pt\">\n\t\t<span style=\"line-height:normal\"><span lang=\"ET\">Kuidas oma oskusi esitleda?<\/span><\/span>\n\t<\/li>\n<\/ul>\n\n<p style=\"margin-bottom:5.0pt\">\n\t\u00a0\n<\/p>\n\n<p style=\"margin-bottom:5.0pt\">\n\t<span style=\"line-height:normal\"><span lang=\"ET\">Head \u00f5ppimist!<\/span><\/span>\n<\/p>\n","protected":false},"excerpt":{"rendered":"<p>SISSEJUHATUS \u00d5piobjekt on loodud selleks, et toetada kutse\u00f5ppeasutuse \u00f5pilaste j\u00f5udmist endale rahuldust pakkuva ja v\u00e4\u00e4rtust loova ameti ning praktika- v\u00f5i t\u00f6\u00f6kohani. T\u00f6\u00f6alase karj\u00e4\u00e4ri kavandamiseks ja juhtimiseks on vaja karj\u00e4\u00e4ri kujundamise oskusi. \u00d5ppematerjal keskendubki nendele oskustele ja seotud hoiakutele. \u00a0Enda jaoks &#8230;<\/p>\n","protected":false},"author":263,"featured_media":0,"parent":0,"menu_order":0,"comment_status":"closed","ping_status":"closed","template":"","meta":{"_acf_changed":false,"inline_featured_image":false,"footnotes":""},"class_list":["post-4","page","type-page","status-publish","hentry"],"acf":[],"_links":{"self":[{"href":"https:\/\/sisu.ut.ee\/edujategu23\/wp-json\/wp\/v2\/pages\/4","targetHints":{"allow":["GET"]}}],"collection":[{"href":"https:\/\/sisu.ut.ee\/edujategu23\/wp-json\/wp\/v2\/pages"}],"about":[{"href":"https:\/\/sisu.ut.ee\/edujategu23\/wp-json\/wp\/v2\/types\/page"}],"author":[{"embeddable":true,"href":"https:\/\/sisu.ut.ee\/edujategu23\/wp-json\/wp\/v2\/users\/263"}],"replies":[{"embeddable":true,"href":"https:\/\/sisu.ut.ee\/edujategu23\/wp-json\/wp\/v2\/comments?post=4"}],"version-history":[{"count":3,"href":"https:\/\/sisu.ut.ee\/edujategu23\/wp-json\/wp\/v2\/pages\/4\/revisions"}],"predecessor-version":[{"id":134,"href":"https:\/\/sisu.ut.ee\/edujategu23\/wp-json\/wp\/v2\/pages\/4\/revisions\/134"}],"wp:attachment":[{"href":"https:\/\/sisu.ut.ee\/edujategu23\/wp-json\/wp\/v2\/media?parent=4"}],"curies":[{"name":"wp","href":"https:\/\/api.w.org\/{rel}","templated":true}]}}