{"id":18,"date":"2024-04-04T09:00:02","date_gmt":"2024-04-04T06:00:02","guid":{"rendered":"https:\/\/sisu.ut.ee\/edujategu23\/isikliku-andmebaasi-koostamine\/"},"modified":"2024-04-24T10:51:58","modified_gmt":"2024-04-24T07:51:58","slug":"isikliku-andmebaasi-koostamine","status":"publish","type":"page","link":"https:\/\/sisu.ut.ee\/edujategu23\/isikliku-andmebaasi-koostamine\/","title":{"rendered":"Isikliku andmebaasi koostamine"},"content":{"rendered":"<h1 class=\"wp-block-heading\"><img loading=\"lazy\" decoding=\"async\" width=\"40\" height=\"40\" class=\"wp-image-178\" style=\"width: 40px;\" src=\"https:\/\/sisu.ut.ee\/wp-content\/uploads\/sites\/656\/sissejuhatus.png\" alt=\"\" srcset=\"https:\/\/sisu.ut.ee\/wp-content\/uploads\/sites\/656\/sissejuhatus.png 1080w, https:\/\/sisu.ut.ee\/wp-content\/uploads\/sites\/656\/sissejuhatus-300x300.png 300w, https:\/\/sisu.ut.ee\/wp-content\/uploads\/sites\/656\/sissejuhatus-1024x1024.png 1024w, https:\/\/sisu.ut.ee\/wp-content\/uploads\/sites\/656\/sissejuhatus-150x150.png 150w, https:\/\/sisu.ut.ee\/wp-content\/uploads\/sites\/656\/sissejuhatus-768x768.png 768w\" sizes=\"auto, (max-width: 40px) 100vw, 40px\"> <span style=\"color: #28aae1;\">ISIKLIKU ANDMEBAASI KOOSTAMINE<\/span><\/h1>\n\n\n<p><span style=\"line-height: 107%;\"><span lang=\"ET\"><span style=\"line-height: 107%;\"><span style=\"letter-spacing: -.1pt;\"><img loading=\"lazy\" decoding=\"async\" class=\"alignnone wp-image-175\" src=\"https:\/\/sisu.ut.ee\/wp-content\/uploads\/sites\/656\/uued_moisted-1024x1024.png\" alt=\"\" width=\"40\" height=\"40\" srcset=\"https:\/\/sisu.ut.ee\/wp-content\/uploads\/sites\/656\/uued_moisted-1024x1024.png 1024w, https:\/\/sisu.ut.ee\/wp-content\/uploads\/sites\/656\/uued_moisted-300x300.png 300w, https:\/\/sisu.ut.ee\/wp-content\/uploads\/sites\/656\/uued_moisted-150x150.png 150w, https:\/\/sisu.ut.ee\/wp-content\/uploads\/sites\/656\/uued_moisted-768x768.png 768w, https:\/\/sisu.ut.ee\/wp-content\/uploads\/sites\/656\/uued_moisted.png 1080w\" sizes=\"auto, (max-width: 40px) 100vw, 40px\">\u00a0Koosta enda isiklik andmebaas, kuhu on kogutud ja s\u00fcsteemselt kirja pandud need andmed sinu kohta, mida enamasti t\u00f6\u00f6le kandideerimisel k\u00fcsitakse. N\u00e4iteks varasem t\u00f6\u00f6kogemus, info hariduse ja t\u00e4ienduskoolituse kohta, digioskused jne. Konkreetsele t\u00f6\u00f6kohale kandideerimisel saad sellest andmebaasist v\u00e4lja v\u00f5tta n\u00f5utud andmed ja kandideerimisdokumendid kiiremini ja t\u00e4psemalt vormistada. Selleks v\u00f5id kasutada \u00a0oma e-portfoliot (arengumappi), blogi jne. Enda oskuste, kogemuste ja kvalifikatsiooni kohta saad luua isikliku profiili ka Europassi keskkonnas.\u00a0\u00a0 <\/span>Europass on \u00fcks tuntumaid CV vorme Euroopas<\/span><\/span><span lang=\"ET\"><span style=\"background: white;\"><span style=\"line-height: 107%;\"><span style=\"color: black;\"> ja selle kasutamine on tasuta.<\/span><\/span><\/span><\/span> <span lang=\"ET\"><span style=\"background: white;\"><span style=\"line-height: 107%;\"><span style=\"color: black;\">Kasutajad saavad registreeruda ja luua profiili \u00fches v\u00f5i mitmes keeles ja salvestada k\u00f5ik dokumendid ja failid \u00fchte turvalisse kohta. Registreeritud kasutajatel on t\u00e4ielik kontroll oma andmete \u00fcle ning nad otsustavad ise, kellega ja kui kaua soovivad andmeid jagada. <\/span><\/span><\/span><\/span><span lang=\"ET\"><span style=\"line-height: 107%;\">Europassi keskkonna v\u00f5imalustega oskuste hindamisel ja dokumentide hoidmisel saad tutvuda <\/span><\/span><\/span><a title=\"\" href=\"https:\/\/europa.eu\/europass\/et\/europassi-vahendid\/europassi-profiil\" target=\"_blank\" rel=\"noopener\" data-url=\"https:\/\/europa.eu\/europass\/et\/europassi-vahendid\/europassi-profiil\">SIIN<\/a><span style=\"line-height: 107%;\"><span lang=\"ET\"><span style=\"line-height: 107%;\">\u00a0<\/span><\/span><\/span><\/p>\n<p><span style=\"line-height: 107%;\"><b><span lang=\"ET\"><span style=\"line-height: 107%;\"><span style=\"color: #3b3b4e;\"><span style=\"letter-spacing: -.1pt;\"><div class=\"accordion mb-3\">\n        <div class=\"accordion-item accordion-item--white\">\n        <h2 class=\"accordion-header\" id=\"accordion-69e2793744821-heading\">\n            <button class=\"accordion-button collapsed\" type=\"button\" data-bs-toggle=\"collapse\" data-bs-target=\"#accordion-69e2793744821-collapse\" aria-expanded=\"true\" aria-controls=\"accordion-69e2793744821-collapse\">\u00a0<b>Loo endale Europassi profiil ja CV\u00a0<\/b><span style=\"line-height: 107%;\"><b><span lang=\"ET\"><span style=\"line-height: 107%;\"><span style=\"color: #3b3b4e;\"><span style=\"letter-spacing: -.1pt;\"><\/span><\/span><\/span><\/span><\/b><\/span><\/button>\n        <\/h2>\n        <div id=\"accordion-69e2793744821-collapse\" class=\"accordion-collapse collapse\" aria-labelledby=\"accordion-69e2793744821-heading\">\n            <div class=\"accordion-body\"><img loading=\"lazy\" decoding=\"async\" class=\"alignnone wp-image-176\" src=\"https:\/\/sisu.ut.ee\/wp-content\/uploads\/sites\/656\/ulesanne-1024x1024.png\" alt=\"\" width=\"40\" height=\"40\" srcset=\"https:\/\/sisu.ut.ee\/wp-content\/uploads\/sites\/656\/ulesanne-1024x1024.png 1024w, https:\/\/sisu.ut.ee\/wp-content\/uploads\/sites\/656\/ulesanne-300x300.png 300w, https:\/\/sisu.ut.ee\/wp-content\/uploads\/sites\/656\/ulesanne-150x150.png 150w, https:\/\/sisu.ut.ee\/wp-content\/uploads\/sites\/656\/ulesanne-768x768.png 768w, https:\/\/sisu.ut.ee\/wp-content\/uploads\/sites\/656\/ulesanne.png 1080w\" sizes=\"auto, (max-width: 40px) 100vw, 40px\">\u00a0<a href=\"https:\/\/europa.eu\/europass\/et\/europassi-vahendid\/europassi-profiil\" target=\"_blank\" rel=\"noopener\">https:\/\/europa.eu\/europass\/et\/europassi-vahendid\/europassi-profiil<\/a>\u00a0<span style=\"line-height: 107%;\"><b><span lang=\"ET\"><span style=\"line-height: 107%;\"><span style=\"color: #3b3b4e;\"><span style=\"letter-spacing: -.1pt;\"><\/span><\/span><\/span><\/span><\/b><\/span><\/div>\n        <\/div>\n        <\/div>\n    <\/div><\/span><\/span><\/span><\/span><\/b><\/span><\/p>\n<p><span style=\"line-height: 107%;\"><b><span lang=\"ET\"><span style=\"line-height: 107%;\"><span style=\"color: #3b3b4e;\"><span style=\"letter-spacing: -.1pt;\"><div class=\"accordion mb-3\">\n        <div class=\"accordion-item accordion-item--white\">\n        <h2 class=\"accordion-header\" id=\"accordion-69e279374483a-heading\">\n            <button class=\"accordion-button collapsed\" type=\"button\" data-bs-toggle=\"collapse\" data-bs-target=\"#accordion-69e279374483a-collapse\" aria-expanded=\"true\" aria-controls=\"accordion-69e279374483a-collapse\"><img loading=\"lazy\" decoding=\"async\" class=\"alignnone wp-image-176\" src=\"https:\/\/sisu.ut.ee\/wp-content\/uploads\/sites\/656\/ulesanne-1024x1024.png\" alt=\"\" width=\"40\" height=\"40\" srcset=\"https:\/\/sisu.ut.ee\/wp-content\/uploads\/sites\/656\/ulesanne-1024x1024.png 1024w, https:\/\/sisu.ut.ee\/wp-content\/uploads\/sites\/656\/ulesanne-300x300.png 300w, https:\/\/sisu.ut.ee\/wp-content\/uploads\/sites\/656\/ulesanne-150x150.png 150w, https:\/\/sisu.ut.ee\/wp-content\/uploads\/sites\/656\/ulesanne-768x768.png 768w, https:\/\/sisu.ut.ee\/wp-content\/uploads\/sites\/656\/ulesanne.png 1080w\" sizes=\"auto, (max-width: 40px) 100vw, 40px\">\u00a0<span style=\"line-height: 107%;\"><b><span lang=\"ET\"><span style=\"line-height: 107%;\"><span style=\"color: #3b3b4e;\"><span style=\"letter-spacing: -.1pt;\">Kasuta karj\u00e4\u00e4rispetsialistide abi!<\/span><\/span><\/span><\/span><\/b><\/span><\/button>\n        <\/h2>\n        <div id=\"accordion-69e279374483a-collapse\" class=\"accordion-collapse collapse\" aria-labelledby=\"accordion-69e279374483a-heading\">\n            <div class=\"accordion-body\">\n<ul style=\"margin-left: 40px;\">\n<li><span style=\"line-height: 107%;\"><span lang=\"ET\"><span style=\"line-height: 107%;\"><span style=\"color: #3b3b4e;\"><span style=\"letter-spacing: -.1pt;\">P\u00f6\u00f6rdu julgelt <b>karj\u00e4\u00e4rin\u00f5ustaja <\/b>poole, kui vajad abi enda isiksuse anal\u00fc\u00fcsimisel, huvi pakkuva t\u00f6\u00f6koha sobivuse hindamisel v\u00f5i CV koostamisel. <\/span><\/span><\/span><\/span><\/span><\/li>\n<li><span style=\"line-height: 107%;\"><b><span lang=\"ET\"><span style=\"line-height: 107%;\"><span style=\"color: #3b3b4e;\"><span style=\"letter-spacing: -.1pt;\">Karj\u00e4\u00e4riinfo spetsialist<\/span><\/span><\/span><\/span><\/b><span lang=\"ET\"><span style=\"line-height: 107%;\"><span style=\"color: #3b3b4e;\"><span style=\"letter-spacing: -.1pt;\"> juhendab t\u00f6\u00f6- ja \u00f5ppimisega seotud info otsimist.<\/span><\/span><\/span><\/span><\/span><\/li>\n<li><b><span lang=\"ET\"><span style=\"line-height: 103%;\"><span style=\"color: #3b3b4e;\"><span style=\"letter-spacing: -.1pt;\">Internetist<\/span><\/span><\/span><\/span><\/b><span lang=\"ET\"><span style=\"line-height: 103%;\"><span style=\"color: #3b3b4e;\"><span style=\"letter-spacing: -.1pt;\"> leiab arvukalt juhiseid kandideerimisdokumentide koostamise ja t\u00f6\u00f6vestluseks valmistumise kohta, nende seas on nii mahukamaid \u00f5ppematerjale kui l\u00fchivideosid. M\u00f5ned inspireerivad n\u00e4ited: <\/span><\/span><\/span><\/span>\n<ul style=\"margin-left: 40px;\">\n<li><a title=\"\" href=\"https:\/\/sisu.ut.ee\/edujategu20\/avaleht\" target=\"_blank\" rel=\"noopener\" data-url=\"https:\/\/sisu.ut.ee\/edujategu20\/avaleht\u00a0\u00a0\">Abiks kandideerimisdokumentide t\u00e4itmisel. \u00a0<\/a><\/li>\n<li><a title=\"\" href=\"https:\/\/minukarjaar.ee\/et\/sisu\/toole-kandideerimine?searchTerm=kaNDIDEERIMINE&amp;isNewsArticle=false\" target=\"_blank\" rel=\"noopener\" data-url=\"https:\/\/minukarjaar.ee\/et\/sisu\/toole-kandideerimine?searchTerm=kaNDIDEERIMINE&amp;isNewsArticle=false\">Kandideerimine.\u00a0<\/a><\/li>\n<li><a title=\"\" href=\"https:\/\/www.youtube.com\/watch?v=8uiKTIcGbBM&amp;t=207s\" target=\"_blank\" rel=\"noopener\" data-url=\"https:\/\/www.youtube.com\/watch?v=8uiKTIcGbBM&amp;t=207s\">Kuidas koostada CV-d ja motivatsioonikirja?<\/a><\/li>\n<li><a title=\"\" href=\"https:\/\/www.youtube.com\/watch?v=LNtdPEhFQho\" target=\"_blank\" rel=\"noopener\" data-url=\"https:\/\/www.youtube.com\/watch?v=LNtdPEhFQho\">Kuidas luua eristuv CV ja LinkedIn\u2019i profiil?<\/a><\/li>\n<li><a title=\"\" href=\"https:\/\/www.youtube.com\/watch?v=X_8OVvyy8P4&amp;t=61s\" target=\"_blank\" rel=\"noopener\" data-url=\"https:\/\/www.youtube.com\/watch?v=X_8OVvyy8P4&amp;t=61s\">Kuidas teha korralik video CV?<\/a><\/li>\n<li><a title=\"\" href=\"https:\/\/tooelublogi.ee\/2018\/02\/04\/kuidas-teha-tulemuslikku-ja-silmapaistvat-video-cv-d-siin-7-kuldreeglit\/\" target=\"_blank\" rel=\"noopener\" data-url=\"https:\/\/tooelublogi.ee\/2018\/02\/04\/kuidas-teha-tulemuslikku-ja-silmapaistvat-video-cv-d-siin-7-kuldreeglit\/\">Kuidas teha tulemuslikku ja silmapaistvat video-cv-d? Siin on 7 kuldreeglit!<\/a><\/li>\n<li style=\"margin-top: 0cm; margin-right: 0cm; margin-bottom: .0001pt;\"><a title=\"\" href=\"https:\/\/www.youtube.com\/watch?v=-2jREyQjcGk\" target=\"_blank\" rel=\"noopener\" data-url=\"https:\/\/www.youtube.com\/watch?v=-2jREyQjcGk\">Kuidas t\u00f6\u00f6vestluseks valmistuda? | CV.ee<\/a>\u00a0<span style=\"line-height: 107%;\"><b><span lang=\"ET\"><span style=\"line-height: 107%;\"><span style=\"color: #3b3b4e;\"><span style=\"letter-spacing: -.1pt;\"><\/span><\/span><\/span><\/span><\/b><\/span><\/li><\/ul><\/li><\/ul><\/div>\n        <\/div>\n        <\/div>\n    <\/div><\/span><\/span><\/span><\/span><\/b><\/span>\n\n\n\n<\/p><p style=\"margin-top: 0cm; margin-right: 0cm; margin-bottom: .0001pt;\"><b><div class=\"accordion mb-3\">\n        <div class=\"accordion-item accordion-item--white\">\n        <h2 class=\"accordion-header\" id=\"accordion-69e279374484a-heading\">\n            <button class=\"accordion-button collapsed\" type=\"button\" data-bs-toggle=\"collapse\" data-bs-target=\"#accordion-69e279374484a-collapse\" aria-expanded=\"true\" aria-controls=\"accordion-69e279374484a-collapse\"><img loading=\"lazy\" decoding=\"async\" class=\"alignnone wp-image-176\" src=\"https:\/\/sisu.ut.ee\/wp-content\/uploads\/sites\/656\/ulesanne-1024x1024.png\" alt=\"\" width=\"40\" height=\"40\" srcset=\"https:\/\/sisu.ut.ee\/wp-content\/uploads\/sites\/656\/ulesanne-1024x1024.png 1024w, https:\/\/sisu.ut.ee\/wp-content\/uploads\/sites\/656\/ulesanne-300x300.png 300w, https:\/\/sisu.ut.ee\/wp-content\/uploads\/sites\/656\/ulesanne-150x150.png 150w, https:\/\/sisu.ut.ee\/wp-content\/uploads\/sites\/656\/ulesanne-768x768.png 768w, https:\/\/sisu.ut.ee\/wp-content\/uploads\/sites\/656\/ulesanne.png 1080w\" sizes=\"auto, (max-width: 40px) 100vw, 40px\">\u00a0<b>Hindamis\u00fclesanne: \u00a0kandideerimisdokumentide koostamine<\/b><\/button>\n        <\/h2>\n        <div id=\"accordion-69e279374484a-collapse\" class=\"accordion-collapse collapse\" aria-labelledby=\"accordion-69e279374484a-heading\">\n            <div class=\"accordion-body\">\n<ul>\n<li style=\"list-style-type: none;\"><span style=\"line-height: 107%;\"><b><span lang=\"ET\"><span style=\"line-height: 107%;\">Tutvu kandideerimisega seotud juhistega <\/span><\/span><\/b><span lang=\"ET\"><span style=\"line-height: 107%;\">(kandideerimisdokumentide koostamine, t\u00f6\u00f6vestluseks valmistumine). <\/span><\/span><\/span><\/li>\n<li style=\"list-style-type: none;\"><span style=\"line-height: 107%;\"><b><span lang=\"ET\"><span style=\"line-height: 107%;\">Leia 3 erinevat t\u00f6\u00f6kuulutust:<\/span><\/span><\/b><\/span>\n<ul>\n<li><span style=\"line-height: 107%;\"><span lang=\"ET\"><span style=\"line-height: 107%;\">Osalise t\u00f6\u00f6ajaga t\u00f6\u00f6 v\u00f5i t\u00f6\u00f6amps, mis v\u00f5imaldaks sul \u00f5pingute k\u00f5rvalt oma sissetulekuid t\u00e4iendada;<\/span><\/span><\/span><\/li>\n<li style=\"margin-bottom: 0cm; margin-top: 0cm;\"><span style=\"line-height: 107%;\"><span lang=\"ET\"><span style=\"line-height: 107%;\">Praktikakoht v\u00f5i ajutine t\u00f6\u00f6koht, kus saaksid omandatud erialaoskusi kasutada ja edasi arendada;<\/span><\/span><\/span><\/li>\n<li style=\"margin-bottom: 0cm; margin-top: 0cm;\"><span style=\"line-height: 107%;\"><span lang=\"ET\"><span style=\"line-height: 107%;\">T\u00f6\u00f6koht, mida ka tegelikult sooviksid peale \u00f5pingute l\u00f5petamist.<\/span><\/span><\/span><\/li>\n<\/ul>\n<\/li>\n<\/ul>\n<ul>\n<li><span style=\"line-height: 107%;\"><b><span lang=\"ET\"><span style=\"line-height: 107%;\">Koosta k\u00f5igile kolmele t\u00f6\u00f6kohale kandideerimiseks n\u00f5utud dokumendid (CV, motivatsioonikiri, videotutvustus, portfolio vms). <\/span><\/span><\/b><\/span>\n<ul>\n<li><span style=\"line-height: 107%;\"><span lang=\"ET\"><span style=\"line-height: 107%;\">L\u00e4htu konkreetsetest n\u00f5uetest- need on erinevate t\u00f6\u00f6pakkumiste puhul erinevad; <\/span><\/span><\/span><\/li>\n<li style=\"margin-bottom: 0cm; margin-top: 0cm;\"><span style=\"line-height: 107%;\"><span lang=\"ET\"><span style=\"line-height: 107%;\">M\u00f5tle puuduvate v\u00f5i v\u00e4heste oskuste juurde, kas oled n\u00f5us neid omandama v\u00f5i edasi arendama. N\u00e4iteks kui n\u00f5ue on prantsuse keele oskus, aga sul ei ole huvi seda keelt \u00f5ppida, siis m\u00e4rgi see enda jaoks \u00e4ra. Kui n\u00f5utakse mingi veebikeskkonna kasutamise oskust, sul on selle vastu huvi ja\u00a0 koolis on v\u00f5imalik valikmoodulis v\u00f5i -aines seda \u00f5ppida, oled avastanud uue v\u00f5imaluse enda karj\u00e4\u00e4rivalikute avardamiseks.<\/span><\/span><\/span><\/li>\n<\/ul>\n<\/li>\n<\/ul>\n<p><strong>Kuidas kandideerimisdokumentide koostamine \u00f5nnestus? Mis oli raske v\u00f5i v\u00f5ttis rohkem aega, kui arvasid? Millisele t\u00f6\u00f6pakkumisele CV-koostamine oli sinu jaoks k\u00f5ige lihtsam? Milles oli peamine erinevus?\u00a0<\/strong><b><\/b><\/p><\/div>\n        <\/div>\n        <\/div>\n    <\/div><\/b><\/p>\n<p style=\"margin-top: 0cm; margin-right: 0cm; margin-bottom: .0001pt;\"><span style=\"line-height: 107%;\"><b><span lang=\"ET\"><span style=\"line-height: 107%;\"><span style=\"color: #3b3b4e;\"><span style=\"letter-spacing: -.1pt;\"><div class=\"accordion mb-3\">\n        <div class=\"accordion-item accordion-item--white\">\n        <h2 class=\"accordion-header\" id=\"accordion-69e279374484e-heading\">\n            <button class=\"accordion-button collapsed\" type=\"button\" data-bs-toggle=\"collapse\" data-bs-target=\"#accordion-69e279374484e-collapse\" aria-expanded=\"true\" aria-controls=\"accordion-69e279374484e-collapse\"><img loading=\"lazy\" decoding=\"async\" class=\"alignnone wp-image-176\" src=\"https:\/\/sisu.ut.ee\/wp-content\/uploads\/sites\/656\/ulesanne-1024x1024.png\" alt=\"\" width=\"40\" height=\"40\" srcset=\"https:\/\/sisu.ut.ee\/wp-content\/uploads\/sites\/656\/ulesanne-1024x1024.png 1024w, https:\/\/sisu.ut.ee\/wp-content\/uploads\/sites\/656\/ulesanne-300x300.png 300w, https:\/\/sisu.ut.ee\/wp-content\/uploads\/sites\/656\/ulesanne-150x150.png 150w, https:\/\/sisu.ut.ee\/wp-content\/uploads\/sites\/656\/ulesanne-768x768.png 768w, https:\/\/sisu.ut.ee\/wp-content\/uploads\/sites\/656\/ulesanne.png 1080w\" sizes=\"auto, (max-width: 40px) 100vw, 40px\">\u00a0<b>Kokkuv\u00f5tteks\u00a0<\/b><\/button>\n        <\/h2>\n        <div id=\"accordion-69e279374484e-collapse\" class=\"accordion-collapse collapse\" aria-labelledby=\"accordion-69e279374484e-heading\">\n            <div class=\"accordion-body\">\n<ul style=\"margin-left: 40px;\">\n<li><span style=\"line-height: 107%;\"><span lang=\"ET\"><span style=\"line-height: 107%;\">Mida uut said enda kohta teada kandideerimisdokumente t\u00e4ites?<\/span><\/span><\/span><\/li>\n<li><span style=\"line-height: 107%;\"><span lang=\"ET\"><span style=\"line-height: 107%;\">Mida \u00f5ppisid seda \u00fclesannet t\u00e4ites?<\/span><\/span><\/span><\/li>\n<li><span style=\"line-height: 107%;\"><span lang=\"ET\"><span style=\"line-height: 107%;\">V\u00f5imalusel vaata koostatud dokumendid \u00fcle koos karj\u00e4\u00e4rispetsialistiga.\u00a0<\/span><\/span><b><span lang=\"ET\"><span style=\"line-height: 107%;\"><span style=\"color: #3b3b4e;\"><span style=\"letter-spacing: -.1pt;\"><\/span><\/span><\/span><\/span><\/b><\/span><\/li><\/ul><\/div>\n        <\/div>\n        <\/div>\n    <\/div><\/span><\/span><\/span><\/span><\/b><\/span>\n\n<\/p><p><span style=\"line-height: 107%;\"><b><span lang=\"ET\"><span style=\"line-height: 107%;\"><span style=\"color: #3b3b4e;\"><span style=\"letter-spacing: -.1pt;\"><div class=\"accordion mb-3\">\n        <div class=\"accordion-item accordion-item--white\">\n        <h2 class=\"accordion-header\" id=\"accordion-69e2793744853-heading\">\n            <button class=\"accordion-button collapsed\" type=\"button\" data-bs-toggle=\"collapse\" data-bs-target=\"#accordion-69e2793744853-collapse\" aria-expanded=\"true\" aria-controls=\"accordion-69e2793744853-collapse\"><img loading=\"lazy\" decoding=\"async\" class=\"alignnone wp-image-176\" src=\"https:\/\/sisu.ut.ee\/wp-content\/uploads\/sites\/656\/ulesanne-1024x1024.png\" alt=\"\" width=\"40\" height=\"40\" srcset=\"https:\/\/sisu.ut.ee\/wp-content\/uploads\/sites\/656\/ulesanne-1024x1024.png 1024w, https:\/\/sisu.ut.ee\/wp-content\/uploads\/sites\/656\/ulesanne-300x300.png 300w, https:\/\/sisu.ut.ee\/wp-content\/uploads\/sites\/656\/ulesanne-150x150.png 150w, https:\/\/sisu.ut.ee\/wp-content\/uploads\/sites\/656\/ulesanne-768x768.png 768w, https:\/\/sisu.ut.ee\/wp-content\/uploads\/sites\/656\/ulesanne.png 1080w\" sizes=\"auto, (max-width: 40px) 100vw, 40px\">\u00a0<span style=\"line-height: 107%;\"><b><span lang=\"ET\"><span style=\"line-height: 107%;\">Hinda enda karj\u00e4\u00e4ri kujundamise oskusi.\u00a0<\/span><\/span><\/b><\/span><b><\/b><\/button>\n        <\/h2>\n        <div id=\"accordion-69e2793744853-collapse\" class=\"accordion-collapse collapse\" aria-labelledby=\"accordion-69e2793744853-heading\">\n            <div class=\"accordion-body\">\n<p><span style=\"line-height: 107%;\"><span lang=\"ET\"><span style=\"line-height: 107%;\">T\u00e4ida vastaval t\u00f6\u00f6lehel veerg \u201ePeale \u00f5piobjekti l\u00e4bimist\u201c. \u00a0V\u00f5rdle tulemusi. Mida m\u00e4rkad seoses oma oskustega?\u00a0<\/span><\/span><b><span lang=\"ET\"><span style=\"line-height: 107%;\"><span style=\"color: #3b3b4e;\"><span style=\"letter-spacing: -.1pt;\"><\/span><\/span><\/span><\/span><\/b><\/span><\/p><\/div>\n        <\/div>\n        <\/div>\n    <\/div><\/span><\/span><\/span><\/span><\/b><\/span><\/p>","protected":false},"excerpt":{"rendered":"<p>ISIKLIKU ANDMEBAASI KOOSTAMINE \u00a0Koosta enda isiklik andmebaas, kuhu on kogutud ja s\u00fcsteemselt kirja pandud need andmed sinu kohta, mida enamasti t\u00f6\u00f6le kandideerimisel k\u00fcsitakse. N\u00e4iteks varasem t\u00f6\u00f6kogemus, info hariduse ja t\u00e4ienduskoolituse kohta, digioskused jne. Konkreetsele t\u00f6\u00f6kohale kandideerimisel saad sellest andmebaasist v\u00e4lja &#8230;<\/p>\n","protected":false},"author":263,"featured_media":0,"parent":0,"menu_order":0,"comment_status":"closed","ping_status":"closed","template":"","meta":{"_acf_changed":false,"inline_featured_image":false,"footnotes":""},"class_list":["post-18","page","type-page","status-publish","hentry"],"acf":[],"_links":{"self":[{"href":"https:\/\/sisu.ut.ee\/edujategu23\/wp-json\/wp\/v2\/pages\/18","targetHints":{"allow":["GET"]}}],"collection":[{"href":"https:\/\/sisu.ut.ee\/edujategu23\/wp-json\/wp\/v2\/pages"}],"about":[{"href":"https:\/\/sisu.ut.ee\/edujategu23\/wp-json\/wp\/v2\/types\/page"}],"author":[{"embeddable":true,"href":"https:\/\/sisu.ut.ee\/edujategu23\/wp-json\/wp\/v2\/users\/263"}],"replies":[{"embeddable":true,"href":"https:\/\/sisu.ut.ee\/edujategu23\/wp-json\/wp\/v2\/comments?post=18"}],"version-history":[{"count":25,"href":"https:\/\/sisu.ut.ee\/edujategu23\/wp-json\/wp\/v2\/pages\/18\/revisions"}],"predecessor-version":[{"id":185,"href":"https:\/\/sisu.ut.ee\/edujategu23\/wp-json\/wp\/v2\/pages\/18\/revisions\/185"}],"wp:attachment":[{"href":"https:\/\/sisu.ut.ee\/edujategu23\/wp-json\/wp\/v2\/media?parent=18"}],"curies":[{"name":"wp","href":"https:\/\/api.w.org\/{rel}","templated":true}]}}