{"id":16,"date":"2024-04-04T09:00:02","date_gmt":"2024-04-04T06:00:02","guid":{"rendered":"https:\/\/sisu.ut.ee\/edujategu23\/kandideerimine-teekond-unistuste-tookohale\/"},"modified":"2024-04-24T10:53:38","modified_gmt":"2024-04-24T07:53:38","slug":"kandideerimine-teekond-unistuste-tookohale","status":"publish","type":"page","link":"https:\/\/sisu.ut.ee\/edujategu23\/kandideerimine-teekond-unistuste-tookohale\/","title":{"rendered":"Kandideerimine \u2013 teekond unistuste t\u00f6\u00f6kohale"},"content":{"rendered":"<h1 class=\"wp-block-heading\"><img loading=\"lazy\" decoding=\"async\" width=\"40\" height=\"40\" class=\"wp-image-178\" style=\"width: 40px;\" src=\"https:\/\/sisu.ut.ee\/wp-content\/uploads\/sites\/656\/sissejuhatus.png\" alt=\"\" srcset=\"https:\/\/sisu.ut.ee\/wp-content\/uploads\/sites\/656\/sissejuhatus.png 1080w, https:\/\/sisu.ut.ee\/wp-content\/uploads\/sites\/656\/sissejuhatus-300x300.png 300w, https:\/\/sisu.ut.ee\/wp-content\/uploads\/sites\/656\/sissejuhatus-1024x1024.png 1024w, https:\/\/sisu.ut.ee\/wp-content\/uploads\/sites\/656\/sissejuhatus-150x150.png 150w, https:\/\/sisu.ut.ee\/wp-content\/uploads\/sites\/656\/sissejuhatus-768x768.png 768w\" sizes=\"auto, (max-width: 40px) 100vw, 40px\"> <span style=\"color: #28aae1;\">KANDIDEERIMINE \u2013 TEEKOND UNISTUSTE T\u00d6\u00d6KOHALE<\/span><\/h1>\n\n\n<p><img loading=\"lazy\" decoding=\"async\" class=\"alignnone wp-image-175\" src=\"https:\/\/sisu.ut.ee\/wp-content\/uploads\/sites\/656\/uued_moisted-1024x1024.png\" alt=\"\" width=\"40\" height=\"40\" srcset=\"https:\/\/sisu.ut.ee\/wp-content\/uploads\/sites\/656\/uued_moisted-1024x1024.png 1024w, https:\/\/sisu.ut.ee\/wp-content\/uploads\/sites\/656\/uued_moisted-300x300.png 300w, https:\/\/sisu.ut.ee\/wp-content\/uploads\/sites\/656\/uued_moisted-150x150.png 150w, https:\/\/sisu.ut.ee\/wp-content\/uploads\/sites\/656\/uued_moisted-768x768.png 768w, https:\/\/sisu.ut.ee\/wp-content\/uploads\/sites\/656\/uued_moisted.png 1080w\" sizes=\"auto, (max-width: 40px) 100vw, 40px\">\u00a0<span style=\"line-height: 107%;\"><span lang=\"ET\"><span style=\"line-height: 107%;\"><span style=\"letter-spacing: -.1pt;\">Kandideerimine t\u00e4hendab v\u00f5rdlemist kirjeldatud ootuste v\u00f5i n\u00f5udmistega. Kutse andmisel v\u00f5rreldakse kutse taotleja oskusi ja isikuomadustega kutsestandardis kirjeldatuga. T\u00f6\u00f6le kandideerimisel v\u00f5rdleb t\u00f6\u00f6koha soovija enda vastavust t\u00f6\u00f6andja poolt esitatud n\u00f5udmistele ja t\u00f5endab enda sobivust. <\/span><\/span><\/span><\/span><\/p>\n<p><span style=\"line-height: 107%;\"><span lang=\"ET\"><span style=\"line-height: 107%;\"><span style=\"letter-spacing: -.1pt;\">Kandideerimisdokumendid (sagedamini CV ja motivatsioonikiri) annavad t\u00f6\u00f6andjale esmase \u00fclevaate sinu oskustest ja eeldusest soovitud ametikohale.\u00a0 Nende p\u00f5hjal otsustatakse, keda kutsutakse j\u00e4rgmisesse etappi kandideerimisprotsessis (n\u00e4iteks t\u00f6\u00f6vestlusele v\u00f5i proovit\u00f6\u00f6le). Erinevad t\u00f6\u00f6andjad v\u00f5ivad n\u00f5uda erinevaid kandideerimisdokumente. Mitmed t\u00f6\u00f6andjad ootavad t\u00f6\u00f6le kandideerijalt tavap\u00e4rase CV ja kaaskirja asemel hoopis enesetutvustusega videot v\u00f5i ametiga seotud portfooliot. <\/span><\/span><\/span><\/span><\/p>","protected":false},"excerpt":{"rendered":"<p>KANDIDEERIMINE \u2013 TEEKOND UNISTUSTE T\u00d6\u00d6KOHALE \u00a0Kandideerimine t\u00e4hendab v\u00f5rdlemist kirjeldatud ootuste v\u00f5i n\u00f5udmistega. Kutse andmisel v\u00f5rreldakse kutse taotleja oskusi ja isikuomadustega kutsestandardis kirjeldatuga. T\u00f6\u00f6le kandideerimisel v\u00f5rdleb t\u00f6\u00f6koha soovija enda vastavust t\u00f6\u00f6andja poolt esitatud n\u00f5udmistele ja t\u00f5endab enda sobivust. Kandideerimisdokumendid (sagedamini CV &#8230;<\/p>\n","protected":false},"author":263,"featured_media":0,"parent":0,"menu_order":0,"comment_status":"closed","ping_status":"closed","template":"","meta":{"_acf_changed":false,"inline_featured_image":false,"footnotes":""},"class_list":["post-16","page","type-page","status-publish","hentry"],"acf":[],"_links":{"self":[{"href":"https:\/\/sisu.ut.ee\/edujategu23\/wp-json\/wp\/v2\/pages\/16","targetHints":{"allow":["GET"]}}],"collection":[{"href":"https:\/\/sisu.ut.ee\/edujategu23\/wp-json\/wp\/v2\/pages"}],"about":[{"href":"https:\/\/sisu.ut.ee\/edujategu23\/wp-json\/wp\/v2\/types\/page"}],"author":[{"embeddable":true,"href":"https:\/\/sisu.ut.ee\/edujategu23\/wp-json\/wp\/v2\/users\/263"}],"replies":[{"embeddable":true,"href":"https:\/\/sisu.ut.ee\/edujategu23\/wp-json\/wp\/v2\/comments?post=16"}],"version-history":[{"count":6,"href":"https:\/\/sisu.ut.ee\/edujategu23\/wp-json\/wp\/v2\/pages\/16\/revisions"}],"predecessor-version":[{"id":187,"href":"https:\/\/sisu.ut.ee\/edujategu23\/wp-json\/wp\/v2\/pages\/16\/revisions\/187"}],"wp:attachment":[{"href":"https:\/\/sisu.ut.ee\/edujategu23\/wp-json\/wp\/v2\/media?parent=16"}],"curies":[{"name":"wp","href":"https:\/\/api.w.org\/{rel}","templated":true}]}}