{"id":15,"date":"2024-04-04T09:00:02","date_gmt":"2024-04-04T06:00:02","guid":{"rendered":"https:\/\/sisu.ut.ee\/edujategu23\/tooandja-ootused-tootajale\/"},"modified":"2024-04-24T11:25:48","modified_gmt":"2024-04-24T08:25:48","slug":"tooandja-ootused-tootajale","status":"publish","type":"page","link":"https:\/\/sisu.ut.ee\/edujategu23\/tooandja-ootused-tootajale\/","title":{"rendered":"T\u00f6\u00f6andja ootused t\u00f6\u00f6tajale"},"content":{"rendered":"<h1 class=\"wp-block-heading\"><img loading=\"lazy\" decoding=\"async\" width=\"40\" height=\"40\" class=\"wp-image-178\" style=\"width: 40px;\" src=\"https:\/\/sisu.ut.ee\/wp-content\/uploads\/sites\/656\/sissejuhatus.png\" alt=\"\" srcset=\"https:\/\/sisu.ut.ee\/wp-content\/uploads\/sites\/656\/sissejuhatus.png 1080w, https:\/\/sisu.ut.ee\/wp-content\/uploads\/sites\/656\/sissejuhatus-300x300.png 300w, https:\/\/sisu.ut.ee\/wp-content\/uploads\/sites\/656\/sissejuhatus-1024x1024.png 1024w, https:\/\/sisu.ut.ee\/wp-content\/uploads\/sites\/656\/sissejuhatus-150x150.png 150w, https:\/\/sisu.ut.ee\/wp-content\/uploads\/sites\/656\/sissejuhatus-768x768.png 768w\" sizes=\"auto, (max-width: 40px) 100vw, 40px\"> <span style=\"color: #28aae1;\">T\u00d6\u00d6ANDJA OOTUSED T\u00d6\u00d6TAJALE<\/span><\/h1>\n\n\n<p><img loading=\"lazy\" decoding=\"async\" class=\"alignnone wp-image-175\" src=\"https:\/\/sisu.ut.ee\/wp-content\/uploads\/sites\/656\/uued_moisted-1024x1024.png\" alt=\"\" width=\"40\" height=\"40\" srcset=\"https:\/\/sisu.ut.ee\/wp-content\/uploads\/sites\/656\/uued_moisted-1024x1024.png 1024w, https:\/\/sisu.ut.ee\/wp-content\/uploads\/sites\/656\/uued_moisted-300x300.png 300w, https:\/\/sisu.ut.ee\/wp-content\/uploads\/sites\/656\/uued_moisted-150x150.png 150w, https:\/\/sisu.ut.ee\/wp-content\/uploads\/sites\/656\/uued_moisted-768x768.png 768w, https:\/\/sisu.ut.ee\/wp-content\/uploads\/sites\/656\/uued_moisted.png 1080w\" sizes=\"auto, (max-width: 40px) 100vw, 40px\">\u00a0<span style=\"line-height: 107%;\"><b><span lang=\"ET\"><span style=\"line-height: 107%;\">T\u00f6\u00f6andja ootab v\u00e4\u00e4rtuste loojat<\/span><\/span><\/b><\/span><\/p>\n<p><span style=\"line-height: 107%;\"><span lang=\"ET\"><span style=\"line-height: 107%;\">Inimesed loovad oma t\u00f6\u00f6ga ja vabatahtliku tegevusega v\u00e4\u00e4rtusi. Tegevuse tulemus muutub v\u00e4\u00e4rtuseks, kui see muudab midagi paremaks, lahendab kellegi probleeme v\u00f5i vajadusi. Loodud v\u00e4\u00e4rtused lisaks majanduslikule kasule ka sotsiaalsed v\u00f5i kultuurilised. <\/span><\/span><\/span><\/p>\n<p><span style=\"line-height: 107%;\"><span lang=\"ET\"><span style=\"line-height: 107%;\">T\u00f6\u00f6andja v\u00e4rbab endale inimesi, kes aitavad ellu viia tema ettev\u00f5tte eesm\u00e4rke. N\u00e4iteks sotsiaalse ettev\u00f5tluse eesm\u00e4rk on otsene panustamine inimeste toimetulekusse ja heaolusse, tootmisettev\u00f5ttel v\u00f5ib see olla hoopis turuosa suurendamine ja seel\u00e4bi kasumi kasv jne. Loodav v\u00e4\u00e4rtus v\u00f5ib olla ka kultuuriline, kui ettev\u00f5tte tegevus aitab elus hoida traditsioone v\u00f5i tuua inimeste ellu r\u00f5\u00f5mu loomingu tulemusena. T\u00f6\u00f6andja on huvitatud selliste t\u00f6\u00f6tajate leidmisest, kes on ettev\u00f5ttele kasulikud, <\/span><\/span><span lang=\"ET\"><span style=\"line-height: 107%;\"><span style=\"color: #3b3b4e;\"><span style=\"letter-spacing: -.1pt;\">sobivad organisatsiooni k\u00f5ige paremini nii oskuste kui ka isiksuse poolest.\u00a0 <\/span><\/span><\/span><\/span><span lang=\"ET\"><span style=\"line-height: 107%;\"><span style=\"letter-spacing: -.1pt;\">Edukas kandideerimine huvi pakkuvale t\u00f6\u00f6kohale n\u00f5uab oskust enda sobivust t\u00f6\u00f6andjale t\u00f5estada. Valmistu kandideerimisteks! <\/span><\/span><\/span><\/span><\/p>\n<p>\u00a0<\/p>\n<p><span style=\"line-height: 107%;\"><b><span lang=\"ET\"><span style=\"line-height: 107%;\"><span style=\"letter-spacing: -.1pt;\"><img loading=\"lazy\" decoding=\"async\" class=\"alignnone wp-image-176\" src=\"https:\/\/sisu.ut.ee\/wp-content\/uploads\/sites\/656\/ulesanne-1024x1024.png\" alt=\"\" width=\"40\" height=\"40\" srcset=\"https:\/\/sisu.ut.ee\/wp-content\/uploads\/sites\/656\/ulesanne-1024x1024.png 1024w, https:\/\/sisu.ut.ee\/wp-content\/uploads\/sites\/656\/ulesanne-300x300.png 300w, https:\/\/sisu.ut.ee\/wp-content\/uploads\/sites\/656\/ulesanne-150x150.png 150w, https:\/\/sisu.ut.ee\/wp-content\/uploads\/sites\/656\/ulesanne-768x768.png 768w, https:\/\/sisu.ut.ee\/wp-content\/uploads\/sites\/656\/ulesanne.png 1080w\" sizes=\"auto, (max-width: 40px) 100vw, 40px\">\u00a0Koosta enda isiklik v\u00e4\u00e4rtuspakkumine t\u00f6\u00f6andjatele! \u00a0<\/span><\/span><\/span><\/b><\/span><\/p>\n<p style=\"margin: 0cm0cm8pt;\"><span style=\"line-height: 15.5467px;\"><span lang=\"ET\"><span style=\"line-height: 16.96px;\"><span style=\"letter-spacing: -0.1pt;\">Mis teeb sinust v\u00e4\u00e4rtusliku t\u00f6\u00f6taja t\u00f6\u00f6andja jaoks? <\/span><\/span><\/span><span lang=\"ET\"><span style=\"line-height: 16.96px;\"><span style=\"letter-spacing: -0.1pt;\">Mis on sinu erip\u00e4ra, mida teistel ei ole? See v\u00f5ib olla n\u00e4iteks ainulaadne kombinatsioon mitmest erialast, tavatu t\u00f6\u00f6kogemus v\u00f5i p\u00f5nev hobi. <\/span><\/span><\/span><span lang=\"ET\"><span style=\"line-height: 16.96px;\">Mida tood ettev\u00f5ttesse kaasa lisaks kutsekoolis omandatud erialastele oskustele?<\/span><\/span><\/span><\/p>\n<p style=\"margin: 0cm0cm8pt;\"><span style=\"line-height: 15.4px;\"><span lang=\"ET\"><span style=\"line-height: 16.8px;\"><span style=\"letter-spacing: -0.1pt;\">Sinu v\u00e4\u00e4rtuspakkumisse v\u00f5ivad paigutuda erinevad oskused, teadmised ja kogemused nagu suutlikkus lahendada ootamatuid ja keerulisi probleeme, oskus korraldada \u00fcritusi, huvikoolis \u00f5pitu, vabatahtlikuna t\u00f6\u00f6tamise v\u00f5i \u00f5pir\u00e4nde kogemus, mitmete v\u00f5\u00f5rkeelte oskus, erinevad omandatud erialad v\u00f5i l\u00e4bitud koolitused jne.<\/span><\/span><\/span><\/span><\/p>\n<p style=\"margin: 0cm0cm8pt;\"><span style=\"line-height: 15.1067px;\"><b><span lang=\"ET\"><span style=\"line-height: 16.48px;\"><span style=\"letter-spacing: -0.1pt;\">Vormista oma lubadus t\u00f6\u00f6andjale l\u00fchikese enesetutvustusena.<\/span><\/span><\/span><\/b><\/span><\/p>\n<p><span lang=\"ET\"><span style=\"line-height: 103%;\"><span style=\"letter-spacing: -.1pt;\">T\u00f6\u00f6leht <\/span><\/span><\/span><a href=\"https:\/\/sisu.ut.ee\/wp-content\/uploads\/sites\/656\/tooleht_minu_isiklik_vaartuspakkumine.doc\" target=\"_blank\" rel=\"noopener\" data-fid=\"80649\">MINU ISIKLIK V\u00c4\u00c4RTUSPAKKUMINE \u00a0<\/a><\/p>","protected":false},"excerpt":{"rendered":"<p>T\u00d6\u00d6ANDJA OOTUSED T\u00d6\u00d6TAJALE \u00a0T\u00f6\u00f6andja ootab v\u00e4\u00e4rtuste loojat Inimesed loovad oma t\u00f6\u00f6ga ja vabatahtliku tegevusega v\u00e4\u00e4rtusi. Tegevuse tulemus muutub v\u00e4\u00e4rtuseks, kui see muudab midagi paremaks, lahendab kellegi probleeme v\u00f5i vajadusi. Loodud v\u00e4\u00e4rtused lisaks majanduslikule kasule ka sotsiaalsed v\u00f5i kultuurilised. T\u00f6\u00f6andja v\u00e4rbab &#8230;<\/p>\n","protected":false},"author":263,"featured_media":0,"parent":0,"menu_order":0,"comment_status":"closed","ping_status":"closed","template":"","meta":{"_acf_changed":false,"inline_featured_image":false,"footnotes":""},"class_list":["post-15","page","type-page","status-publish","hentry"],"acf":[],"_links":{"self":[{"href":"https:\/\/sisu.ut.ee\/edujategu23\/wp-json\/wp\/v2\/pages\/15","targetHints":{"allow":["GET"]}}],"collection":[{"href":"https:\/\/sisu.ut.ee\/edujategu23\/wp-json\/wp\/v2\/pages"}],"about":[{"href":"https:\/\/sisu.ut.ee\/edujategu23\/wp-json\/wp\/v2\/types\/page"}],"author":[{"embeddable":true,"href":"https:\/\/sisu.ut.ee\/edujategu23\/wp-json\/wp\/v2\/users\/263"}],"replies":[{"embeddable":true,"href":"https:\/\/sisu.ut.ee\/edujategu23\/wp-json\/wp\/v2\/comments?post=15"}],"version-history":[{"count":6,"href":"https:\/\/sisu.ut.ee\/edujategu23\/wp-json\/wp\/v2\/pages\/15\/revisions"}],"predecessor-version":[{"id":211,"href":"https:\/\/sisu.ut.ee\/edujategu23\/wp-json\/wp\/v2\/pages\/15\/revisions\/211"}],"wp:attachment":[{"href":"https:\/\/sisu.ut.ee\/edujategu23\/wp-json\/wp\/v2\/media?parent=15"}],"curies":[{"name":"wp","href":"https:\/\/api.w.org\/{rel}","templated":true}]}}