{"id":14,"date":"2024-04-04T09:00:02","date_gmt":"2024-04-04T06:00:02","guid":{"rendered":"https:\/\/sisu.ut.ee\/edujategu23\/toovaartused-ja-tooga-rahulolu\/"},"modified":"2024-04-24T11:24:08","modified_gmt":"2024-04-24T08:24:08","slug":"toovaartused-ja-tooga-rahulolu","status":"publish","type":"page","link":"https:\/\/sisu.ut.ee\/edujategu23\/toovaartused-ja-tooga-rahulolu\/","title":{"rendered":"T\u00f6\u00f6v\u00e4\u00e4rtused ja t\u00f6\u00f6ga rahulolu"},"content":{"rendered":"<h1 class=\"wp-block-heading\"><img loading=\"lazy\" decoding=\"async\" width=\"40\" height=\"40\" class=\"wp-image-178\" style=\"width: 40px;\" src=\"https:\/\/sisu.ut.ee\/wp-content\/uploads\/sites\/656\/sissejuhatus.png\" alt=\"\" srcset=\"https:\/\/sisu.ut.ee\/wp-content\/uploads\/sites\/656\/sissejuhatus.png 1080w, https:\/\/sisu.ut.ee\/wp-content\/uploads\/sites\/656\/sissejuhatus-300x300.png 300w, https:\/\/sisu.ut.ee\/wp-content\/uploads\/sites\/656\/sissejuhatus-1024x1024.png 1024w, https:\/\/sisu.ut.ee\/wp-content\/uploads\/sites\/656\/sissejuhatus-150x150.png 150w, https:\/\/sisu.ut.ee\/wp-content\/uploads\/sites\/656\/sissejuhatus-768x768.png 768w\" sizes=\"auto, (max-width: 40px) 100vw, 40px\"> <span style=\"color: #28aae1;\">T\u00d6\u00d6V\u00c4\u00c4RTUSED JA T\u00d6\u00d6GA RAHULOLU<\/span><\/h1>\n\n\n<p><b><img loading=\"lazy\" decoding=\"async\" class=\"alignnone wp-image-191\" src=\"https:\/\/sisu.ut.ee\/wp-content\/uploads\/sites\/656\/motlemiseks-1024x1024.png\" alt=\"\" width=\"40\" height=\"40\" srcset=\"https:\/\/sisu.ut.ee\/wp-content\/uploads\/sites\/656\/motlemiseks-1024x1024.png 1024w, https:\/\/sisu.ut.ee\/wp-content\/uploads\/sites\/656\/motlemiseks-300x300.png 300w, https:\/\/sisu.ut.ee\/wp-content\/uploads\/sites\/656\/motlemiseks-150x150.png 150w, https:\/\/sisu.ut.ee\/wp-content\/uploads\/sites\/656\/motlemiseks-768x768.png 768w, https:\/\/sisu.ut.ee\/wp-content\/uploads\/sites\/656\/motlemiseks.png 1080w\" sizes=\"auto, (max-width: 40px) 100vw, 40px\">\u00a0Mida t\u00e4hendab t\u00f6\u00f6 sinu jaoks?<\/b> Kas t\u00f6\u00f6 on pigem<\/p>\n<ul>\n<li>t\u00f6\u00f6koht<\/li>\n<li>v\u00f5imalus raha teenimiseks<\/li>\n<li>kohustus<\/li>\n<li>enda huvide ja v\u00f5imete kasutamine<\/li>\n<li>karj\u00e4\u00e4r?<\/li>\n<\/ul>\n<p>Mida sulle ei meeldi teha, mis sind pahandab v\u00f5i \u00e4rritab? Millist kasu ja kellele tahad ja saad sina oma t\u00f6\u00f6ga luua? Milline on sinu jaoks ideaalne t\u00f6\u00f6keskkond?<\/p>\n<p><span style=\"line-height: 107%;\"><span lang=\"ET\"><span style=\"line-height: 107%;\"><span style=\"letter-spacing: -.1pt;\">Rahulolu oma t\u00f6\u00f6ga, t\u00f6\u00f6motivatsioon ja j\u00f5udlus s\u00f5ltuvad suuresti sellest, kas inimese isiklikud v\u00e4\u00e4rtused sobivad kokku t\u00f6\u00f6 iseloomu, sisu ja tulemusega. <\/span><\/span><\/span><span lang=\"ET\"><span style=\"line-height: 107%;\"><span style=\"color: #4d4d4d;\">Uuringud n\u00e4itavad, et inimesed, kelle t\u00f6\u00f6alased v\u00e4\u00e4rtused on koosk\u00f5las nende t\u00f6\u00f6ga, tunnevad ennast t\u00f6\u00f6turul kindlamalt ja edukamatena ning on t\u00f6\u00f6le rohkem p\u00fchendunud. Praktika- v\u00f5i t\u00f6\u00f6kohta valides tasuks m\u00f5elda oma eelistustele ja uurida, kas t\u00f6\u00f6koht saab sulle olulisi v\u00e4\u00e4rtusi pakkuda. <\/span><\/span><\/span><\/span><\/p>\n<p><span lang=\"ET\"><span style=\"line-height: 103%;\"><span style=\"color: #4d4d4d;\">T\u00f6\u00f6v\u00e4\u00e4rtused n\u00e4itavad, milline on t\u00f6\u00f6 t\u00e4hendus ja eesm\u00e4rk inimese jaoks, mida inimene peab t\u00e4htsaks seoses t\u00f6\u00f6 sisu, korralduse ja t\u00f6\u00f6keskkonnaga seoses.<\/span><\/span><\/span><b> <\/b><span lang=\"ET\"><span style=\"background: white;\"><span style=\"line-height: 103%;\"><span style=\"color: #212529;\">V\u00e4\u00e4rtuste t\u00e4helepanuta j\u00e4tmine v\u00f5ib tekitada tunde vastutuult tr\u00fcgimisest v\u00f5i vastuvoolu ujumisest. <\/span><\/span><\/span><\/span><\/p>\n<p><img loading=\"lazy\" decoding=\"async\" class=\"alignnone wp-image-176\" src=\"https:\/\/sisu.ut.ee\/wp-content\/uploads\/sites\/656\/ulesanne-1024x1024.png\" alt=\"\" width=\"40\" height=\"40\" srcset=\"https:\/\/sisu.ut.ee\/wp-content\/uploads\/sites\/656\/ulesanne-1024x1024.png 1024w, https:\/\/sisu.ut.ee\/wp-content\/uploads\/sites\/656\/ulesanne-300x300.png 300w, https:\/\/sisu.ut.ee\/wp-content\/uploads\/sites\/656\/ulesanne-150x150.png 150w, https:\/\/sisu.ut.ee\/wp-content\/uploads\/sites\/656\/ulesanne-768x768.png 768w, https:\/\/sisu.ut.ee\/wp-content\/uploads\/sites\/656\/ulesanne.png 1080w\" sizes=\"auto, (max-width: 40px) 100vw, 40px\">\u00a0<span style=\"line-height: normal;\"><b><span lang=\"ET\">Saa teadlikumaks enda v\u00e4\u00e4rtustest ja ootustest t\u00f6\u00f6kohale!<\/span><\/b><\/span><\/p>\n<p>T\u00e4ida t\u00f6\u00f6lehed MINU V\u00c4\u00c4RTUSED (<a href=\"https:\/\/sisu.ut.ee\/wp-content\/uploads\/sites\/656\/minu2bvaartused2ba.pdf\" target=\"_blank\" rel=\"noopener\" data-fid=\"79800\">A<\/a>, <a href=\"https:\/\/sisu.ut.ee\/wp-content\/uploads\/sites\/656\/minu2bvc3a4c3a4rtused2bb.pdf\" target=\"_blank\" rel=\"noopener\" data-fid=\"79801\">B<\/a>) ja T\u00d6\u00d6KOHA V\u00c4\u00c4RTUSED (<a href=\"https:\/\/sisu.ut.ee\/wp-content\/uploads\/sites\/656\/tookoha2bvaartused.pdf\" target=\"_blank\" rel=\"noopener\" data-fid=\"79798\">A<\/a>, <a href=\"https:\/\/sisu.ut.ee\/wp-content\/uploads\/sites\/656\/tookoha2bvaartused.2bmida2bma2btoolt2bootan.pdf\" target=\"_blank\" rel=\"noopener\" data-fid=\"79799\">B<\/a>). \u00a0Vali endale m\u00f5lemast t\u00f6\u00f6lehest endale meelep\u00e4rasem t\u00f6\u00f6lehe vorm (A v\u00f5i B). NB! Enne t\u00e4itmist laadi t\u00f6\u00f6lehed alla v\u00f5i prindi v\u00e4lja.<\/p>\n<ul>\n<li>T\u00f6\u00f6leht\u00a0\u00a0<a title=\"\" href=\"https:\/\/e-koolikott.ee\/et\/oppematerjal\/31384-Edu-ja-Tegu-ettevotlus-ja-karjaar-Opitee-ja-too-muutuvas-keskkonnas-Karjaari-ja-ettevotlusoppe-toolehed-kutsekoolidele\/291819#291831-TOOLEHT-Minu-vaartused-A\" target=\"_blank\" rel=\"noopener\" data-url=\"https:\/\/e-koolikott.ee\/et\/oppematerjal\/31384-Edu-ja-Tegu-ettevotlus-ja-karjaar-Opitee-ja-too-muutuvas-keskkonnas-Karjaari-ja-ettevotlusoppe-toolehed-kutsekoolidele\/291819#291831-TOOLEHT-Minu-vaartused-A\">MINU V\u00c4\u00c4RTUSED (A<\/a><\/li>\n<li><span style=\"font-size: revert; font-weight: var(--bs-body-font-weight); text-align: var(--bs-body-text-align);\">T\u00f6\u00f6leht\u00a0 <\/span><a style=\"font-size: revert; font-weight: var(--bs-body-font-weight); text-align: var(--bs-body-text-align);\" title=\"\" href=\"https:\/\/e-koolikott.ee\/et\/oppematerjal\/31384-Edu-ja-Tegu-ettevotlus-ja-karjaar-Opitee-ja-too-muutuvas-keskkonnas-Karjaari-ja-ettevotlusoppe-toolehed-kutsekoolidele\/291819#292938-TOOLEHT-Minu-vaartused-B\" target=\"_blank\" rel=\"noopener\" data-url=\"https:\/\/e-koolikott.ee\/et\/oppematerjal\/31384-Edu-ja-Tegu-ettevotlus-ja-karjaar-Opitee-ja-too-muutuvas-keskkonnas-Karjaari-ja-ettevotlusoppe-toolehed-kutsekoolidele\/291819#292938-TOOLEHT-Minu-vaartused-B\">MINU V\u00c4\u00c4RTUSED (B)<\/a><\/li>\n<li>T\u00f6\u00f6leht\u00a0 <a style=\"font-size: revert; font-weight: var(--bs-body-font-weight); text-align: var(--bs-body-text-align);\" title=\"\" href=\"https:\/\/e-koolikott.ee\/et\/oppematerjal\/31384-Edu-ja-Tegu-ettevotlus-ja-karjaar-Opitee-ja-too-muutuvas-keskkonnas-Karjaari-ja-ettevotlusoppe-toolehed-kutsekoolidele\/291842#291850-TOOLEHT-Tookoha-vaartused-Mida-ma-toolt-ootan\" target=\"_blank\" rel=\"noopener\" data-url=\"https:\/\/e-koolikott.ee\/et\/oppematerjal\/31384-Edu-ja-Tegu-ettevotlus-ja-karjaar-Opitee-ja-too-muutuvas-keskkonnas-Karjaari-ja-ettevotlusoppe-toolehed-kutsekoolidele\/291842#291850-TOOLEHT-Tookoha-vaartused-Mida-ma-toolt-ootan\">T\u00d6\u00d6KOHA V\u00c4\u00c4RTUSED. MIDA MA T\u00d6\u00d6LT OOTAN? (A)<\/a><\/li>\n<li>T\u00f6\u00f6leht\u00a0 <a style=\"font-size: revert; font-weight: var(--bs-body-font-weight); text-align: var(--bs-body-text-align);\" title=\"\" href=\"https:\/\/e-koolikott.ee\/et\/oppematerjal\/31384-Edu-ja-Tegu-ettevotlus-ja-karjaar-Opitee-ja-too-muutuvas-keskkonnas-Karjaari-ja-ettevotlusoppe-toolehed-kutsekoolidele\/291842#291851-TOOLEHT-Tookoha-vaartused\" target=\"_blank\" rel=\"noopener\" data-url=\"https:\/\/e-koolikott.ee\/et\/oppematerjal\/31384-Edu-ja-Tegu-ettevotlus-ja-karjaar-Opitee-ja-too-muutuvas-keskkonnas-Karjaari-ja-ettevotlusoppe-toolehed-kutsekoolidele\/291842#291851-TOOLEHT-Tookoha-vaartused\">T\u00d6\u00d6KOHA V\u00c4\u00c4RTUSED. MIDA MA T\u00d6\u00d6LT OOTAN? (B)<\/a>\n<ul>\n<li><span style=\"line-height: normal;\"><span lang=\"ET\">Soorita t\u00f6\u00f6v\u00e4\u00e4rtusi hindav TEST <\/span><a href=\"https:\/\/minukarjaar.ee\/et\/testid\/millised-on-sinu-toovaartused\" target=\"_blank\" rel=\"noopener\">https:\/\/minukarjaar.ee\/et\/testid\/millised-on-sinu-toovaartused<\/a><\/span><\/li>\n<\/ul>\n<\/li>\n<\/ul>\n<p><b><span lang=\"ET\"><span style=\"line-height: 103%;\"><span style=\"text-decoration: none;\"><img loading=\"lazy\" decoding=\"async\" class=\"alignnone wp-image-176\" src=\"https:\/\/sisu.ut.ee\/wp-content\/uploads\/sites\/656\/ulesanne-1024x1024.png\" alt=\"\" width=\"40\" height=\"40\" srcset=\"https:\/\/sisu.ut.ee\/wp-content\/uploads\/sites\/656\/ulesanne-1024x1024.png 1024w, https:\/\/sisu.ut.ee\/wp-content\/uploads\/sites\/656\/ulesanne-300x300.png 300w, https:\/\/sisu.ut.ee\/wp-content\/uploads\/sites\/656\/ulesanne-150x150.png 150w, https:\/\/sisu.ut.ee\/wp-content\/uploads\/sites\/656\/ulesanne-768x768.png 768w, https:\/\/sisu.ut.ee\/wp-content\/uploads\/sites\/656\/ulesanne.png 1080w\" sizes=\"auto, (max-width: 40px) 100vw, 40px\">\u00a0Kogu t\u00f6\u00f6koha kohta otsustamist toetavat infot!<\/span><\/span><\/span><\/b><\/p>\n<ul>\n<li><span lang=\"ET\"><span style=\"line-height: 103%;\"><span style=\"text-decoration: none;\">T\u00e4ida t\u00f6\u00f6leht <\/span><\/span><\/span><a href=\"https:\/\/sisu.ut.ee\/wp-content\/uploads\/sites\/656\/organisatsiooni2banaluus.pdf\" target=\"_blank\" rel=\"noopener\" data-fid=\"79803\">ORGANISATSIOONI ANAL\u00dc\u00dcS<\/a><span lang=\"ET\"><span style=\"line-height: 103%;\"><span style=\"text-decoration: none;\">\u00a0 \u00a0 <\/span><\/span><\/span><\/li>\n<li><span style=\"line-height: 103%;\">T\u00e4ida t\u00f6\u00f6leht <\/span><a style=\"font-size: revert; font-weight: var(--bs-body-font-weight); text-align: var(--bs-body-text-align);\" href=\"https:\/\/sisu.ut.ee\/wp-content\/uploads\/sites\/656\/miks2bolla2bettevotja.pdf\" target=\"_blank\" rel=\"noopener\" data-fid=\"79802\">MIKS OLLA ETTEV\u00d5TJA?<\/a><span lang=\"ET\" style=\"font-size: revert; font-weight: var(--bs-body-font-weight); text-align: var(--bs-body-text-align);\"><span style=\"line-height: 103%;\">\u00a0 \u00a0 \u00a0 \u00a0 \u00a0<\/span><\/span><\/li>\n<\/ul>","protected":false},"excerpt":{"rendered":"<p>T\u00d6\u00d6V\u00c4\u00c4RTUSED JA T\u00d6\u00d6GA RAHULOLU \u00a0Mida t\u00e4hendab t\u00f6\u00f6 sinu jaoks? Kas t\u00f6\u00f6 on pigem t\u00f6\u00f6koht v\u00f5imalus raha teenimiseks kohustus enda huvide ja v\u00f5imete kasutamine karj\u00e4\u00e4r? Mida sulle ei meeldi teha, mis sind pahandab v\u00f5i \u00e4rritab? Millist kasu ja kellele tahad ja &#8230;<\/p>\n","protected":false},"author":263,"featured_media":0,"parent":0,"menu_order":0,"comment_status":"closed","ping_status":"closed","template":"","meta":{"_acf_changed":false,"inline_featured_image":false,"footnotes":""},"class_list":["post-14","page","type-page","status-publish","hentry"],"acf":[],"_links":{"self":[{"href":"https:\/\/sisu.ut.ee\/edujategu23\/wp-json\/wp\/v2\/pages\/14","targetHints":{"allow":["GET"]}}],"collection":[{"href":"https:\/\/sisu.ut.ee\/edujategu23\/wp-json\/wp\/v2\/pages"}],"about":[{"href":"https:\/\/sisu.ut.ee\/edujategu23\/wp-json\/wp\/v2\/types\/page"}],"author":[{"embeddable":true,"href":"https:\/\/sisu.ut.ee\/edujategu23\/wp-json\/wp\/v2\/users\/263"}],"replies":[{"embeddable":true,"href":"https:\/\/sisu.ut.ee\/edujategu23\/wp-json\/wp\/v2\/comments?post=14"}],"version-history":[{"count":7,"href":"https:\/\/sisu.ut.ee\/edujategu23\/wp-json\/wp\/v2\/pages\/14\/revisions"}],"predecessor-version":[{"id":210,"href":"https:\/\/sisu.ut.ee\/edujategu23\/wp-json\/wp\/v2\/pages\/14\/revisions\/210"}],"wp:attachment":[{"href":"https:\/\/sisu.ut.ee\/edujategu23\/wp-json\/wp\/v2\/media?parent=14"}],"curies":[{"name":"wp","href":"https:\/\/api.w.org\/{rel}","templated":true}]}}