{"id":13,"date":"2024-04-04T09:00:02","date_gmt":"2024-04-04T06:00:02","guid":{"rendered":"https:\/\/sisu.ut.ee\/edujategu23\/teadlikud-valikud-tooturul\/"},"modified":"2024-04-24T11:10:27","modified_gmt":"2024-04-24T08:10:27","slug":"teadlikud-valikud-tooturul","status":"publish","type":"page","link":"https:\/\/sisu.ut.ee\/edujategu23\/teadlikud-valikud-tooturul\/","title":{"rendered":"Teadlikud valikud t\u00f6\u00f6turul"},"content":{"rendered":"<h1 class=\"wp-block-heading\"><img loading=\"lazy\" decoding=\"async\" width=\"40\" height=\"40\" class=\"wp-image-178\" style=\"width: 40px;\" src=\"https:\/\/sisu.ut.ee\/wp-content\/uploads\/sites\/656\/sissejuhatus.png\" alt=\"\" srcset=\"https:\/\/sisu.ut.ee\/wp-content\/uploads\/sites\/656\/sissejuhatus.png 1080w, https:\/\/sisu.ut.ee\/wp-content\/uploads\/sites\/656\/sissejuhatus-300x300.png 300w, https:\/\/sisu.ut.ee\/wp-content\/uploads\/sites\/656\/sissejuhatus-1024x1024.png 1024w, https:\/\/sisu.ut.ee\/wp-content\/uploads\/sites\/656\/sissejuhatus-150x150.png 150w, https:\/\/sisu.ut.ee\/wp-content\/uploads\/sites\/656\/sissejuhatus-768x768.png 768w\" sizes=\"auto, (max-width: 40px) 100vw, 40px\"> <span style=\"color: #28aae1;\">TEADLIKUD VALIKUD T\u00d6\u00d6TURUL<\/span><\/h1>\n\n\n<ul>\n<li><a title=\"\" href=\"https:\/\/sisu.ut.ee\/edujategu23\/toovaartused-ja-tooga-rahulolu\/\" target=\"_blank\" rel=\"noopener\">T\u00f6\u00f6v\u00e4\u00e4rtused ja t\u00f6\u00f6ga rahulolu<\/a><\/li>\n<li><a title=\"\" href=\"https:\/\/sisu.ut.ee\/edujategu23\/tooandja-ootused-tootajale\/\" target=\"_blank\" rel=\"noopener\">T\u00f6\u00f6andja ootused t\u00f6\u00f6tajale<\/a><\/li>\n<\/ul>","protected":false},"excerpt":{"rendered":"<p>TEADLIKUD VALIKUD T\u00d6\u00d6TURUL T\u00f6\u00f6v\u00e4\u00e4rtused ja t\u00f6\u00f6ga rahulolu T\u00f6\u00f6andja ootused t\u00f6\u00f6tajale<\/p>\n","protected":false},"author":263,"featured_media":0,"parent":0,"menu_order":0,"comment_status":"closed","ping_status":"closed","template":"","meta":{"_acf_changed":false,"inline_featured_image":false,"footnotes":""},"class_list":["post-13","page","type-page","status-publish","hentry"],"acf":[],"_links":{"self":[{"href":"https:\/\/sisu.ut.ee\/edujategu23\/wp-json\/wp\/v2\/pages\/13","targetHints":{"allow":["GET"]}}],"collection":[{"href":"https:\/\/sisu.ut.ee\/edujategu23\/wp-json\/wp\/v2\/pages"}],"about":[{"href":"https:\/\/sisu.ut.ee\/edujategu23\/wp-json\/wp\/v2\/types\/page"}],"author":[{"embeddable":true,"href":"https:\/\/sisu.ut.ee\/edujategu23\/wp-json\/wp\/v2\/users\/263"}],"replies":[{"embeddable":true,"href":"https:\/\/sisu.ut.ee\/edujategu23\/wp-json\/wp\/v2\/comments?post=13"}],"version-history":[{"count":5,"href":"https:\/\/sisu.ut.ee\/edujategu23\/wp-json\/wp\/v2\/pages\/13\/revisions"}],"predecessor-version":[{"id":201,"href":"https:\/\/sisu.ut.ee\/edujategu23\/wp-json\/wp\/v2\/pages\/13\/revisions\/201"}],"wp:attachment":[{"href":"https:\/\/sisu.ut.ee\/edujategu23\/wp-json\/wp\/v2\/media?parent=13"}],"curies":[{"name":"wp","href":"https:\/\/api.w.org\/{rel}","templated":true}]}}