{"id":12,"date":"2024-04-04T09:00:02","date_gmt":"2024-04-04T06:00:02","guid":{"rendered":"https:\/\/sisu.ut.ee\/edujategu23\/karjaari-kujundamise-padevused\/"},"modified":"2024-04-24T11:03:11","modified_gmt":"2024-04-24T08:03:11","slug":"karjaari-kujundamise-padevused","status":"publish","type":"page","link":"https:\/\/sisu.ut.ee\/edujategu23\/karjaari-kujundamise-padevused\/","title":{"rendered":"Karj\u00e4\u00e4ri kujundamise p\u00e4devused"},"content":{"rendered":"<h1 class=\"wp-block-heading\"><img loading=\"lazy\" decoding=\"async\" width=\"40\" height=\"40\" class=\"wp-image-178\" style=\"width: 40px;\" src=\"https:\/\/sisu.ut.ee\/wp-content\/uploads\/sites\/656\/sissejuhatus.png\" alt=\"\" srcset=\"https:\/\/sisu.ut.ee\/wp-content\/uploads\/sites\/656\/sissejuhatus.png 1080w, https:\/\/sisu.ut.ee\/wp-content\/uploads\/sites\/656\/sissejuhatus-300x300.png 300w, https:\/\/sisu.ut.ee\/wp-content\/uploads\/sites\/656\/sissejuhatus-1024x1024.png 1024w, https:\/\/sisu.ut.ee\/wp-content\/uploads\/sites\/656\/sissejuhatus-150x150.png 150w, https:\/\/sisu.ut.ee\/wp-content\/uploads\/sites\/656\/sissejuhatus-768x768.png 768w\" sizes=\"auto, (max-width: 40px) 100vw, 40px\"> <span style=\"color: #28aae1;\">KARJ\u00c4\u00c4RI KUJUNDAMISE P\u00c4DEVUSED<\/span><\/h1>\n\n\n<p style=\"margin-bottom: 5.0pt;\"><img loading=\"lazy\" decoding=\"async\" class=\"alignnone wp-image-175\" src=\"https:\/\/sisu.ut.ee\/wp-content\/uploads\/sites\/656\/uued_moisted-1024x1024.png\" alt=\"\" width=\"40\" height=\"40\" srcset=\"https:\/\/sisu.ut.ee\/wp-content\/uploads\/sites\/656\/uued_moisted-1024x1024.png 1024w, https:\/\/sisu.ut.ee\/wp-content\/uploads\/sites\/656\/uued_moisted-300x300.png 300w, https:\/\/sisu.ut.ee\/wp-content\/uploads\/sites\/656\/uued_moisted-150x150.png 150w, https:\/\/sisu.ut.ee\/wp-content\/uploads\/sites\/656\/uued_moisted-768x768.png 768w, https:\/\/sisu.ut.ee\/wp-content\/uploads\/sites\/656\/uued_moisted.png 1080w\" sizes=\"auto, (max-width: 40px) 100vw, 40px\">\u00a0<span style=\"line-height: normal;\"><span lang=\"ET\">Karj\u00e4\u00e4ri (nii kitsamas kui laiemas t\u00e4henduses) kujundamiseks oma elu erinevates etappides on vaja vastavaid teadmisi, oskusi, hoiakuid ja v\u00e4\u00e4rtusi ehk karj\u00e4\u00e4ri kujundamise p\u00e4devusi.<\/span><span lang=\"ET\"> Karj\u00e4\u00e4ri kujundamise p\u00e4devused aitavad aru saada, kuidas praegused \u00f5pingud\u00a0 on seotud tulevikuga, teha elus vastutustundlikke valikuid, lahendada elulisi probleeme ja \u00fcletada takistusi. Arengut v\u00e4\u00e4rtustav hoiak hoiab \u00fcleval uudishimu, valmidust uute v\u00f5imaluste uurimiseks ja\u00a0 \u00f5ppimiseks.<\/span> <\/span><\/p>\n<p style=\"margin-bottom: 5.0pt;\"><span style=\"line-height: normal;\"><span lang=\"ET\">Oma eluk\u00e4igu kujundamisel l\u00e4bib inimene 4 etappi: <\/span><\/span><\/p>\n<ul style=\"margin-left: 40px;\">\n<li style=\"margin-bottom: 5.0pt;\"><span style=\"line-height: normal;\"><span lang=\"ET\">saab iseendast teadlikumaks <\/span><\/span><\/li>\n<li style=\"margin-bottom: 5.0pt;\"><span style=\"line-height: normal;\"><span lang=\"ET\">anal\u00fc\u00fcsib haridus- ja t\u00f6\u00f6v\u00f5imalusi<\/span><\/span><\/li>\n<li style=\"margin-bottom: 5.0pt;\"><span style=\"line-height: normal;\"><span lang=\"ET\">planeerib ja otsustab <\/span><\/span><\/li>\n<li style=\"margin-bottom: 5.0pt;\"><span style=\"line-height: normal;\"><span lang=\"ET\">tegutseb oma eesm\u00e4rkide ja plaanide t\u00e4ide viimiseks <\/span><\/span><\/li>\n<\/ul>\n<p style=\"margin-bottom: 5.0pt;\"><span style=\"line-height: normal;\"><span lang=\"ET\">Nende etappide p\u00f5hjal on ka karj\u00e4\u00e4ri kujundamise oskused jaotatud 4 r\u00fchma. <\/span><\/span><\/p>\n<p style=\"margin-bottom: 5.0pt;\"><span style=\"line-height: normal;\"><span lang=\"ET\">Karj\u00e4\u00e4ri kujundamise oskusi kasutades leiab inimene vastused tema jaoks olulistele k\u00fcsimustele seoses \u00f5ppimise, praktika v\u00f5i t\u00f6\u00f6ga. M\u00f5ned nendest k\u00fcsimustest on nimetatud joonisel.<\/span><\/span><\/p>\n<p style=\"margin-bottom: 5.0pt;\"><img loading=\"lazy\" decoding=\"async\" class=\"alignnone wp-image-23\" title=\"screenshot_2023-10-09_at_18.32.47.png\" src=\"https:\/\/sisu.ut.ee\/wp-content\/uploads\/sites\/656\/screenshot_2023-10-09_at_18.32.47.png\" alt=\"alt\" width=\"992\" height=\"519\" srcset=\"https:\/\/sisu.ut.ee\/wp-content\/uploads\/sites\/656\/screenshot_2023-10-09_at_18.32.47.png 2058w, https:\/\/sisu.ut.ee\/wp-content\/uploads\/sites\/656\/screenshot_2023-10-09_at_18.32.47-300x157.png 300w, https:\/\/sisu.ut.ee\/wp-content\/uploads\/sites\/656\/screenshot_2023-10-09_at_18.32.47-1024x535.png 1024w, https:\/\/sisu.ut.ee\/wp-content\/uploads\/sites\/656\/screenshot_2023-10-09_at_18.32.47-768x402.png 768w, https:\/\/sisu.ut.ee\/wp-content\/uploads\/sites\/656\/screenshot_2023-10-09_at_18.32.47-1536x803.png 1536w, https:\/\/sisu.ut.ee\/wp-content\/uploads\/sites\/656\/screenshot_2023-10-09_at_18.32.47-2048x1071.png 2048w, https:\/\/sisu.ut.ee\/wp-content\/uploads\/sites\/656\/screenshot_2023-10-09_at_18.32.47-1920x1004.png 1920w\" sizes=\"auto, (max-width: 992px) 100vw, 992px\"><\/p>\n<p style=\"margin-bottom: 5.0pt;\"><span style=\"line-height: normal;\"><span lang=\"ET\">Joonis: Karj\u00e4\u00e4ri kujundamisega seotud k\u00fcsimusi.<\/span><\/span><\/p>\n<p style=\"margin-bottom: 5.0pt;\"><img loading=\"lazy\" decoding=\"async\" class=\"alignnone wp-image-175\" src=\"https:\/\/sisu.ut.ee\/wp-content\/uploads\/sites\/656\/uued_moisted-1024x1024.png\" alt=\"\" width=\"40\" height=\"40\" srcset=\"https:\/\/sisu.ut.ee\/wp-content\/uploads\/sites\/656\/uued_moisted-1024x1024.png 1024w, https:\/\/sisu.ut.ee\/wp-content\/uploads\/sites\/656\/uued_moisted-300x300.png 300w, https:\/\/sisu.ut.ee\/wp-content\/uploads\/sites\/656\/uued_moisted-150x150.png 150w, https:\/\/sisu.ut.ee\/wp-content\/uploads\/sites\/656\/uued_moisted-768x768.png 768w, https:\/\/sisu.ut.ee\/wp-content\/uploads\/sites\/656\/uued_moisted.png 1080w\" sizes=\"auto, (max-width: 40px) 100vw, 40px\">\u00a0<b>Millised on praegu sinu jaoks olulised karj\u00e4\u00e4rik\u00fcsimused<\/b>? Millised k\u00fcsimused tahad juurde lisada? Millise valdkonnaga tegeled praegu k\u00f5ige enam?<\/p>\n<p style=\"margin-bottom: 5.0pt;\"><span style=\"line-height: normal;\"><b><span lang=\"ET\"><img loading=\"lazy\" decoding=\"async\" class=\"alignnone wp-image-176\" src=\"https:\/\/sisu.ut.ee\/wp-content\/uploads\/sites\/656\/ulesanne-1024x1024.png\" alt=\"\" width=\"40\" height=\"40\" srcset=\"https:\/\/sisu.ut.ee\/wp-content\/uploads\/sites\/656\/ulesanne-1024x1024.png 1024w, https:\/\/sisu.ut.ee\/wp-content\/uploads\/sites\/656\/ulesanne-300x300.png 300w, https:\/\/sisu.ut.ee\/wp-content\/uploads\/sites\/656\/ulesanne-150x150.png 150w, https:\/\/sisu.ut.ee\/wp-content\/uploads\/sites\/656\/ulesanne-768x768.png 768w, https:\/\/sisu.ut.ee\/wp-content\/uploads\/sites\/656\/ulesanne.png 1080w\" sizes=\"auto, (max-width: 40px) 100vw, 40px\">\u00a0Hinda enda karj\u00e4\u00e4ri kujundamiseks vajalikke oskusi ja hoiakuid.\u00a0 \u00a0<\/span><\/b><\/span><\/p>\n<p style=\"margin-bottom: 5.0pt;\"><span style=\"line-height: normal;\"><span lang=\"ET\">Kasuta hindamiseks <a href=\"https:\/\/sisu.ut.ee\/wp-content\/uploads\/sites\/656\/valmis_karjaaripadevuste_enesehindamise_tooleht_opiobjekti.pdf\" target=\"_blank\" rel=\"noopener\"><span style=\"color: #0070c0;\">eneseanal\u00fc\u00fcsi t\u00f6\u00f6lehte<\/span><\/a><\/span><\/span><\/p>\n<p style=\"margin-bottom: 5.0pt;\"><span style=\"line-height: normal;\"><span lang=\"ET\">M\u00f5tle, milliseid oskusi enda karj\u00e4\u00e4ri kujundamiseks vajalikke oskusi peaksid endas veel arendama? Kuidas saad seda teha? Miks just need oskused sulle olulised on?<\/span><\/span><\/p>\n<p style=\"margin-bottom: 5.0pt;\"><img loading=\"lazy\" decoding=\"async\" class=\"alignnone wp-image-176\" src=\"https:\/\/sisu.ut.ee\/wp-content\/uploads\/sites\/656\/ulesanne-1024x1024.png\" alt=\"\" width=\"40\" height=\"40\" srcset=\"https:\/\/sisu.ut.ee\/wp-content\/uploads\/sites\/656\/ulesanne-1024x1024.png 1024w, https:\/\/sisu.ut.ee\/wp-content\/uploads\/sites\/656\/ulesanne-300x300.png 300w, https:\/\/sisu.ut.ee\/wp-content\/uploads\/sites\/656\/ulesanne-150x150.png 150w, https:\/\/sisu.ut.ee\/wp-content\/uploads\/sites\/656\/ulesanne-768x768.png 768w, https:\/\/sisu.ut.ee\/wp-content\/uploads\/sites\/656\/ulesanne.png 1080w\" sizes=\"auto, (max-width: 40px) 100vw, 40px\">\u00a0Vaata videot<b>\u00a0 Kuhu t\u00fc\u00fcrime? \u2013 Tulevikuteated aastast 2040<\/b><\/p>\n<p style=\"margin-bottom: 5.0pt;\"><\/p><div class=\"ratio ratio-16x9 mb-3\"><div class=\"video-placeholder-wrapper video-placeholder-wrapper--16x9\">\n\t\t\t    <div class=\"video-placeholder d-flex justify-content-center align-items-center\">\n\t\t\t        <div class=\"overlay text-white p-2 w-100 text-center d-block justify-content-center align-items-center\">\n\t\t\t            <div>Kolmandate osapoolte sisu n\u00e4gemiseks palun n\u00f5ustu k\u00fcpsistega.<\/div>\n\t\t\t            <button class=\"btn btn-secondary btn-sm mt-1 consent-change\">Muuda n\u00f5usolekut<\/button>\n\t\t\t        <\/div>\n\t\t\t    <\/div>\n\t\t\t<\/div>\n<\/div>\n<p style=\"margin-bottom: 0cm;\"><span style=\"background: white;\"><span style=\"line-height: normal;\"><b><span lang=\"ET\"><span style=\"color: black;\">Leia vastused k\u00fcsimustele: <\/span><\/span><\/b><\/span><\/span><\/p>\n<ul style=\"margin-left: 40px;\">\n<li style=\"margin-bottom: 0cm;\"><span style=\"background: white;\"><span style=\"line-height: normal;\"><span lang=\"ET\"><span style=\"color: black;\"><span style=\"text-decoration: none;\">kellele ja miks on teadlikud karj\u00e4\u00e4rivalikud olulised?<\/span><\/span><\/span><\/span><\/span><\/li>\n<li style=\"margin-bottom: 0cm;\"><span style=\"background: white;\"><span style=\"line-height: normal;\"><span lang=\"ET\"><span style=\"color: black;\"><span style=\"text-decoration: none;\">miks on enesearendamine (sealhulgas \u00f5ppimine) vajalikud ka tulevikus?<\/span><\/span><\/span><\/span><\/span><\/li>\n<\/ul>\n<p style=\"margin-bottom: 0cm;\"><strong><img loading=\"lazy\" decoding=\"async\" class=\"alignnone wp-image-191\" src=\"https:\/\/sisu.ut.ee\/wp-content\/uploads\/sites\/656\/motlemiseks-1024x1024.png\" alt=\"\" width=\"40\" height=\"40\" srcset=\"https:\/\/sisu.ut.ee\/wp-content\/uploads\/sites\/656\/motlemiseks-1024x1024.png 1024w, https:\/\/sisu.ut.ee\/wp-content\/uploads\/sites\/656\/motlemiseks-300x300.png 300w, https:\/\/sisu.ut.ee\/wp-content\/uploads\/sites\/656\/motlemiseks-150x150.png 150w, https:\/\/sisu.ut.ee\/wp-content\/uploads\/sites\/656\/motlemiseks-768x768.png 768w, https:\/\/sisu.ut.ee\/wp-content\/uploads\/sites\/656\/motlemiseks.png 1080w\" sizes=\"auto, (max-width: 40px) 100vw, 40px\">\u00a0Kirjelda \u00fchte enda t\u00f6\u00f6p\u00e4eva aastal 2040\u00a0<\/strong><\/p>\n<p>Kus ja kuidas t\u00f6\u00f6tad? Millist tehnoloogiat kasutada? Millised oskused on sulle eriti vajalikud? Mida tulevikut\u00f6\u00f6ks vajalikku oled juba omandanud? Mida pead kindlasti juurde \u00f5ppima? Milliseid probleeme aitab sinu t\u00f6\u00f6 lahendada?<\/p>\n<p style=\"margin-bottom: 5.0pt;\"><img loading=\"lazy\" decoding=\"async\" class=\"alignnone wp-image-176\" src=\"https:\/\/sisu.ut.ee\/wp-content\/uploads\/sites\/656\/ulesanne-1024x1024.png\" alt=\"\" width=\"40\" height=\"40\" srcset=\"https:\/\/sisu.ut.ee\/wp-content\/uploads\/sites\/656\/ulesanne-1024x1024.png 1024w, https:\/\/sisu.ut.ee\/wp-content\/uploads\/sites\/656\/ulesanne-300x300.png 300w, https:\/\/sisu.ut.ee\/wp-content\/uploads\/sites\/656\/ulesanne-150x150.png 150w, https:\/\/sisu.ut.ee\/wp-content\/uploads\/sites\/656\/ulesanne-768x768.png 768w, https:\/\/sisu.ut.ee\/wp-content\/uploads\/sites\/656\/ulesanne.png 1080w\" sizes=\"auto, (max-width: 40px) 100vw, 40px\">\u00a0<span style=\"line-height: normal;\"><b><span lang=\"ET\">Kokkuv\u00f5tteks<\/span><\/b><\/span><\/p>\n<ul style=\"margin-left: 40px;\">\n<li style=\"margin-bottom: 5.0pt;\"><span style=\"line-height: normal;\"><span lang=\"ET\">Isikliku ja t\u00f6\u00f6alase karj\u00e4\u00e4ri kujundamiseks on igal inimesel v\u00f5imalus.<\/span><\/span><\/li>\n<li style=\"margin-bottom: 5.0pt;\"><span style=\"line-height: normal;\"><span lang=\"ET\">Oskused oma karj\u00e4\u00e4ri kujundada on vajalikud\u00a0 kogu elu jooksul.<\/span><\/span><\/li>\n<li style=\"margin-bottom: 5.0pt;\"><span style=\"line-height: normal;\"><span lang=\"ET\">Oskusi saab arendada.<\/span><\/span><\/li>\n<\/ul>\n<p style=\"margin-bottom: 5.0pt;\">\u00a0<\/p>","protected":false},"excerpt":{"rendered":"<p>KARJ\u00c4\u00c4RI KUJUNDAMISE P\u00c4DEVUSED \u00a0Karj\u00e4\u00e4ri (nii kitsamas kui laiemas t\u00e4henduses) kujundamiseks oma elu erinevates etappides on vaja vastavaid teadmisi, oskusi, hoiakuid ja v\u00e4\u00e4rtusi ehk karj\u00e4\u00e4ri kujundamise p\u00e4devusi. Karj\u00e4\u00e4ri kujundamise p\u00e4devused aitavad aru saada, kuidas praegused \u00f5pingud\u00a0 on seotud tulevikuga, teha elus &#8230;<\/p>\n","protected":false},"author":263,"featured_media":0,"parent":0,"menu_order":0,"comment_status":"closed","ping_status":"closed","template":"","meta":{"_acf_changed":false,"inline_featured_image":false,"footnotes":""},"class_list":["post-12","page","type-page","status-publish","hentry"],"acf":[],"_links":{"self":[{"href":"https:\/\/sisu.ut.ee\/edujategu23\/wp-json\/wp\/v2\/pages\/12","targetHints":{"allow":["GET"]}}],"collection":[{"href":"https:\/\/sisu.ut.ee\/edujategu23\/wp-json\/wp\/v2\/pages"}],"about":[{"href":"https:\/\/sisu.ut.ee\/edujategu23\/wp-json\/wp\/v2\/types\/page"}],"author":[{"embeddable":true,"href":"https:\/\/sisu.ut.ee\/edujategu23\/wp-json\/wp\/v2\/users\/263"}],"replies":[{"embeddable":true,"href":"https:\/\/sisu.ut.ee\/edujategu23\/wp-json\/wp\/v2\/comments?post=12"}],"version-history":[{"count":8,"href":"https:\/\/sisu.ut.ee\/edujategu23\/wp-json\/wp\/v2\/pages\/12\/revisions"}],"predecessor-version":[{"id":195,"href":"https:\/\/sisu.ut.ee\/edujategu23\/wp-json\/wp\/v2\/pages\/12\/revisions\/195"}],"wp:attachment":[{"href":"https:\/\/sisu.ut.ee\/edujategu23\/wp-json\/wp\/v2\/media?parent=12"}],"curies":[{"name":"wp","href":"https:\/\/api.w.org\/{rel}","templated":true}]}}