{"id":11,"date":"2024-04-04T09:00:01","date_gmt":"2024-04-04T06:00:01","guid":{"rendered":"https:\/\/sisu.ut.ee\/edujategu23\/karjaari-kujundamine-ja-planeerimine\/"},"modified":"2024-04-24T10:54:30","modified_gmt":"2024-04-24T07:54:30","slug":"karjaari-kujundamine-ja-planeerimine","status":"publish","type":"page","link":"https:\/\/sisu.ut.ee\/edujategu23\/karjaari-kujundamine-ja-planeerimine\/","title":{"rendered":"Karj\u00e4\u00e4ri kujundamine ja planeerimine"},"content":{"rendered":"<h1 class=\"wp-block-heading\"><img loading=\"lazy\" decoding=\"async\" width=\"40\" height=\"40\" class=\"wp-image-178\" style=\"width: 40px;\" src=\"https:\/\/sisu.ut.ee\/wp-content\/uploads\/sites\/656\/sissejuhatus.png\" alt=\"\" srcset=\"https:\/\/sisu.ut.ee\/wp-content\/uploads\/sites\/656\/sissejuhatus.png 1080w, https:\/\/sisu.ut.ee\/wp-content\/uploads\/sites\/656\/sissejuhatus-300x300.png 300w, https:\/\/sisu.ut.ee\/wp-content\/uploads\/sites\/656\/sissejuhatus-1024x1024.png 1024w, https:\/\/sisu.ut.ee\/wp-content\/uploads\/sites\/656\/sissejuhatus-150x150.png 150w, https:\/\/sisu.ut.ee\/wp-content\/uploads\/sites\/656\/sissejuhatus-768x768.png 768w\" sizes=\"auto, (max-width: 40px) 100vw, 40px\"> <span style=\"color: #28aae1;\">KARJ\u00c4\u00c4RI KUJUNDAMINE JA PLANEERIMINE<\/span><\/h1>\n\n\n<p style=\"margin: 9.0pt 0cm 0cm 0cm;\"><img loading=\"lazy\" decoding=\"async\" class=\"alignnone wp-image-175\" src=\"https:\/\/sisu.ut.ee\/wp-content\/uploads\/sites\/656\/uued_moisted-1024x1024.png\" alt=\"\" width=\"40\" height=\"40\" srcset=\"https:\/\/sisu.ut.ee\/wp-content\/uploads\/sites\/656\/uued_moisted-1024x1024.png 1024w, https:\/\/sisu.ut.ee\/wp-content\/uploads\/sites\/656\/uued_moisted-300x300.png 300w, https:\/\/sisu.ut.ee\/wp-content\/uploads\/sites\/656\/uued_moisted-150x150.png 150w, https:\/\/sisu.ut.ee\/wp-content\/uploads\/sites\/656\/uued_moisted-768x768.png 768w, https:\/\/sisu.ut.ee\/wp-content\/uploads\/sites\/656\/uued_moisted.png 1080w\" sizes=\"auto, (max-width: 40px) 100vw, 40px\">\u00a0<span style=\"line-height: 115%;\"><span lang=\"ET\"><span style=\"line-height: 115%;\">Oma elu kui karj\u00e4\u00e4ri on v\u00f5imalik teadlikult suunata ja v\u00f5tta oma elus roolikeeraja roll.<\/span><\/span><\/span><\/p>\n<p style=\"margin: 9.0pt 0cm 0cm 0cm;\"><span style=\"line-height: 115%;\"><b><span lang=\"EN-US\"><span style=\"line-height: 115%;\">Karj\u00e4\u00e4ri kujundamine <\/span><\/span><\/b><i><span lang=\"EN-US\"><span style=\"line-height: 115%;\">(Life Design) <\/span><\/span><\/i><span lang=\"EN-US\"><span style=\"line-height: 115%;\">on <\/span><\/span><span lang=\"ET\"><span style=\"line-height: 115%;\">isiklik \u00f5ppimise ja arenemise protsess, mis kulgeb l\u00e4bi kogu elu ning <\/span><\/span><span lang=\"ET\"><span style=\"line-height: 115%;\">\u00a0toimub l\u00e4bi enda tehtud otsuste, valikute ja tegude.<\/span><\/span><\/span><\/p>\n<p style=\"margin-bottom: 5.0pt;\"><span style=\"line-height: normal;\"><span lang=\"ET\">Iga inimese elus on\u00a0 s\u00fcndmusi ja muutusi, mis ei s\u00f5ltu temast endast. Ka k\u00f5ige keerulisemates olukordades on v\u00f5imalik hakkama saada, seda nii t\u00f6\u00f6elus kui eraelu ja t\u00f6\u00f6 \u00fchildamises. Selleks on vaja karj\u00e4\u00e4ri kujundamise oskusi, valmisolekut elukestvaks \u00f5ppimiseks ja kohanemisv\u00f5imet. Karj\u00e4\u00e4ri kohanemisv\u00f5ime t\u00e4hendab <\/span><span lang=\"ET\"><span style=\"color: #333333;\">ja suutlikkus kohaneda t\u00e4naste ja tulevaste t\u00f6\u00f6alaste rollidega, muutuste ja v\u00e4ljakutsetega karj\u00e4\u00e4riteel. See t\u00e4hendab m\u00f5tlemist enda tulevikuplaanidele ja vajadusel nende kohandamist, teadlikku tegutsemist ja v\u00f5imaluste m\u00e4rkamist karj\u00e4\u00e4risihtide elluviimiseks.<\/span><\/span><\/span><\/p>\n<p style=\"margin-bottom: 5.0pt;\"><span style=\"line-height: normal;\"><b><span lang=\"ET\">Karj\u00e4\u00e4ri planeerimine, sealhulgas t\u00f6\u00f6- ja \u00f5ppimise kavandamine, on \u00fcks osa karj\u00e4\u00e4ri kujundamisest.<\/span><\/b><span lang=\"ET\"> Karj\u00e4\u00e4ri planeerimine aitab selgemaks muuta ettekujutust endast kui t\u00f6\u00f6tajast ja v\u00e4\u00e4rtuste loojast ja annab suuna ja eesm\u00e4rgid t\u00f6\u00f6elus edasi liikumiseks. <\/span><\/span><\/p>\n<p style=\"margin-bottom: 5.0pt;\"><span style=\"line-height: normal;\"><span lang=\"ET\">Karj\u00e4\u00e4riplaan kajastab l\u00e4bi m\u00f5eldud l\u00e4hemaid samme (kuidas koolis omandatud oskusi kasutada tahan) ja kaugemaid, \u00fcldisemaid eesm\u00e4rke (kuhu tahan j\u00f5uda, millist elu elada?). Kui tead, kus oled oma kutse- v\u00f5i t\u00f6\u00f6alasel teekonnal praegu ja kuhu tahad v\u00e4lja j\u00f5uda, siis<\/span><\/span><\/p>\n<ul style=\"margin-left: 40px;\">\n<li style=\"margin-bottom: 5.0pt;\"><span style=\"line-height: normal;\"><span lang=\"ET\">oskad teadlikumalt valida endale sobivat t\u00f6\u00f6kohta ja t\u00f6\u00f6tamise vormi<\/span><\/span><\/li>\n<li style=\"margin-bottom: 5.0pt;\"><span style=\"line-height: normal;\"><span lang=\"ET\">oskad paremini oma oskusi ja arenguvajadusi kirjeldada kandideerimisel<\/span><\/span><\/li>\n<li style=\"margin-bottom: 5.0pt;\"><span style=\"line-height: normal;\"><span lang=\"ET\">saad l\u00e4bim\u00f5eldumalt kavandada oskuste edasi arendamist ja t\u00f5endamist (n\u00e4iteks kutse taotlemiseks).<\/span><\/span><\/li>\n<\/ul>","protected":false},"excerpt":{"rendered":"<p>KARJ\u00c4\u00c4RI KUJUNDAMINE JA PLANEERIMINE \u00a0Oma elu kui karj\u00e4\u00e4ri on v\u00f5imalik teadlikult suunata ja v\u00f5tta oma elus roolikeeraja roll. Karj\u00e4\u00e4ri kujundamine (Life Design) on isiklik \u00f5ppimise ja arenemise protsess, mis kulgeb l\u00e4bi kogu elu ning \u00a0toimub l\u00e4bi enda tehtud otsuste, valikute &#8230;<\/p>\n","protected":false},"author":263,"featured_media":0,"parent":0,"menu_order":0,"comment_status":"closed","ping_status":"closed","template":"","meta":{"_acf_changed":false,"inline_featured_image":false,"footnotes":""},"class_list":["post-11","page","type-page","status-publish","hentry"],"acf":[],"_links":{"self":[{"href":"https:\/\/sisu.ut.ee\/edujategu23\/wp-json\/wp\/v2\/pages\/11","targetHints":{"allow":["GET"]}}],"collection":[{"href":"https:\/\/sisu.ut.ee\/edujategu23\/wp-json\/wp\/v2\/pages"}],"about":[{"href":"https:\/\/sisu.ut.ee\/edujategu23\/wp-json\/wp\/v2\/types\/page"}],"author":[{"embeddable":true,"href":"https:\/\/sisu.ut.ee\/edujategu23\/wp-json\/wp\/v2\/users\/263"}],"replies":[{"embeddable":true,"href":"https:\/\/sisu.ut.ee\/edujategu23\/wp-json\/wp\/v2\/comments?post=11"}],"version-history":[{"count":5,"href":"https:\/\/sisu.ut.ee\/edujategu23\/wp-json\/wp\/v2\/pages\/11\/revisions"}],"predecessor-version":[{"id":188,"href":"https:\/\/sisu.ut.ee\/edujategu23\/wp-json\/wp\/v2\/pages\/11\/revisions\/188"}],"wp:attachment":[{"href":"https:\/\/sisu.ut.ee\/edujategu23\/wp-json\/wp\/v2\/media?parent=11"}],"curies":[{"name":"wp","href":"https:\/\/api.w.org\/{rel}","templated":true}]}}