{"id":10,"date":"2024-04-04T09:00:01","date_gmt":"2024-04-04T06:00:01","guid":{"rendered":"https:\/\/sisu.ut.ee\/edujategu23\/tooalase-karjaari-moiste\/"},"modified":"2024-04-24T11:21:44","modified_gmt":"2024-04-24T08:21:44","slug":"tooalase-karjaari-moiste","status":"publish","type":"page","link":"https:\/\/sisu.ut.ee\/edujategu23\/tooalase-karjaari-moiste\/","title":{"rendered":"T\u00f6\u00f6alase karj\u00e4\u00e4ri m\u00f5iste"},"content":{"rendered":"<h1 class=\"wp-block-heading\"><img loading=\"lazy\" decoding=\"async\" title=\"sissejuhatus_01.png\" width=\"40\" height=\"40\" class=\"alignnone wp-image-21\" src=\"https:\/\/sisu.ut.ee\/wp-content\/uploads\/sites\/507\/sissejuhatus_01.png\" alt=\"sissejuhatus\"> <span style=\"color: #28aae1;\">T\u00d6\u00d6ALASE KARJ\u00c4\u00c4RI M\u00d5ISTE<\/span><\/h1>\n\n\n<p><img loading=\"lazy\" decoding=\"async\" class=\"alignnone wp-image-175\" src=\"https:\/\/sisu.ut.ee\/wp-content\/uploads\/sites\/656\/uued_moisted-1024x1024.png\" alt=\"\" width=\"40\" height=\"40\" srcset=\"https:\/\/sisu.ut.ee\/wp-content\/uploads\/sites\/656\/uued_moisted-1024x1024.png 1024w, https:\/\/sisu.ut.ee\/wp-content\/uploads\/sites\/656\/uued_moisted-300x300.png 300w, https:\/\/sisu.ut.ee\/wp-content\/uploads\/sites\/656\/uued_moisted-150x150.png 150w, https:\/\/sisu.ut.ee\/wp-content\/uploads\/sites\/656\/uued_moisted-768x768.png 768w, https:\/\/sisu.ut.ee\/wp-content\/uploads\/sites\/656\/uued_moisted.png 1080w\" sizes=\"auto, (max-width: 40px) 100vw, 40px\">\u00a0<b>T\u00f6\u00f6alane karj\u00e4\u00e4r \u00a0<\/b><\/p>\n<p>Eesti keeles on s\u00f5nal \u201ekarj\u00e4\u00e4r\u201c mitmeid t\u00e4hendusi. Karj\u00e4\u00e4ri v\u00f5ib vaadata kitsamas v\u00f5i laiemas t\u00e4henduses. Inimeste arusaam karj\u00e4\u00e4rist ja edust v\u00f5ib olla v\u00e4ga erinev.<\/p>\n<p><b>Karj\u00e4\u00e4rina laiemas t\u00e4henduses m\u00f5istetakse inimese kogu eluk\u00e4iku ja arengut, <\/b>sealhulgas\u00a0 ka t\u00f6\u00f6ga seonduvat. Karj\u00e4\u00e4r h\u00f5lmab erinevaid elurolle.<\/p>\n<p><b>Karj\u00e4\u00e4r kitsamas t\u00e4henduses on t\u00f6\u00f6alane areng<\/b>\u2013 uute oskuste omandamine, oma valdkonnas arenemine, liikumine erinevates ametites v\u00f5i ametikohtadel, organisatsioonides v\u00f5i enda loodud t\u00f6\u00f6kohtades. Karj\u00e4\u00e4r ei ole ainult k\u00f5rgemale ametikohale t\u00f5usmine (vertikaalne karj\u00e4\u00e4r), vaid teekond l\u00e4bi elu, kus t\u00f6\u00f6alane areng v\u00f5ib toimuda ka \u00fche ameti v\u00f5i eriala raames (horisontaalne karj\u00e4\u00e4r). T\u00f6\u00f6maailm on pidevas muutumises ja suure t\u00f5en\u00e4osusega tuleb t\u00f6\u00f6tajal oma elus mitmeid kordi vahetada t\u00f6\u00f6kohta v\u00f5i ametit. Uued tehnoloogiad ja t\u00f6\u00f6tamise vormid n\u00f5uavad t\u00f6\u00f6tajalt uute oskuste omandamist. T\u00f6\u00f6alane karj\u00e4\u00e4r kujunebki l\u00e4bi t\u00f6\u00f6tamise ja oskuste t\u00e4iendamisega seotud valikute ja otsuste. Teadlikud, kaalutletud otsused on aluseks oma karj\u00e4\u00e4ri soovitud suunas juhtimisele.<\/p>\n<p>Inimestel on<b> <\/b>v\u00f5imalus v\u00f5i vajadus kogeda<b> <\/b>erinevat t\u00fc\u00fcpi karj\u00e4\u00e4re. Muudatused t\u00f6\u00f6alases karj\u00e4\u00e4ris v\u00f5ivad olla tingitud v\u00e4listest teguritest (n\u00e4iteks ettev\u00f5te l\u00f5petab tegevuse v\u00f5i t\u00f6\u00f6tajale pakutakse uut, paremate t\u00f6\u00f6tingimustega ametikohta) v\u00f5i inimesest endast (n\u00e4iteks soovist kasutada \u00f5pitud oskusi teisesettev\u00f5ttes v\u00f5i omandada hoopis uus eriala). Samas ei ole kuhugi kadunud karj\u00e4\u00e4rit\u00fc\u00fcp, kus inimene t\u00f6\u00f6tab pikka aega samas valdkonnas v\u00f5i samas organisatsioonis erinevatel ametikohtadel, omandades juurde vajalikke oskusi ja kujunedes oma ala eksperdiks. Just uute oskuste juurde \u00f5ppimine on oluline konkurentsiv\u00f5imelisena p\u00fcsimisel igas tegevusvaldkonnas. <b>Karj\u00e4\u00e4rimuutused on t\u00e4nap\u00e4eval loomulik osa inimese elus ja nendeks tuleb valmis olla. <\/b><\/p>\n<p>\u00a0<\/p>\n<p><br><img loading=\"lazy\" decoding=\"async\" class=\"alignnone wp-image-176\" src=\"https:\/\/sisu.ut.ee\/wp-content\/uploads\/sites\/656\/ulesanne-1024x1024.png\" alt=\"\" width=\"40\" height=\"40\" srcset=\"https:\/\/sisu.ut.ee\/wp-content\/uploads\/sites\/656\/ulesanne-1024x1024.png 1024w, https:\/\/sisu.ut.ee\/wp-content\/uploads\/sites\/656\/ulesanne-300x300.png 300w, https:\/\/sisu.ut.ee\/wp-content\/uploads\/sites\/656\/ulesanne-150x150.png 150w, https:\/\/sisu.ut.ee\/wp-content\/uploads\/sites\/656\/ulesanne-768x768.png 768w, https:\/\/sisu.ut.ee\/wp-content\/uploads\/sites\/656\/ulesanne.png 1080w\" sizes=\"auto, (max-width: 40px) 100vw, 40px\">\u00a0<b>Vaata videot karj\u00e4\u00e4rist ja\u00a0 karj\u00e4\u00e4rit\u00fc\u00fcpidest.<\/b><\/p>\n<p><br>Enesejuhtimine. Karj\u00e4\u00e4rit\u00fc\u00fcbid.<\/p>\n<p><\/p><div class=\"ratio ratio-16x9 mb-3\"><div class=\"video-placeholder-wrapper video-placeholder-wrapper--16x9\">\n\t\t\t    <div class=\"video-placeholder d-flex justify-content-center align-items-center\">\n\t\t\t        <div class=\"overlay text-white p-2 w-100 text-center d-block justify-content-center align-items-center\">\n\t\t\t            <div>Kolmandate osapoolte sisu n\u00e4gemiseks palun n\u00f5ustu k\u00fcpsistega.<\/div>\n\t\t\t            <button class=\"btn btn-secondary btn-sm mt-1 consent-change\">Muuda n\u00f5usolekut<\/button>\n\t\t\t        <\/div>\n\t\t\t    <\/div>\n\t\t\t<\/div>\n<\/div>","protected":false},"excerpt":{"rendered":"<p>T\u00d6\u00d6ALASE KARJ\u00c4\u00c4RI M\u00d5ISTE \u00a0T\u00f6\u00f6alane karj\u00e4\u00e4r \u00a0 Eesti keeles on s\u00f5nal \u201ekarj\u00e4\u00e4r\u201c mitmeid t\u00e4hendusi. Karj\u00e4\u00e4ri v\u00f5ib vaadata kitsamas v\u00f5i laiemas t\u00e4henduses. Inimeste arusaam karj\u00e4\u00e4rist ja edust v\u00f5ib olla v\u00e4ga erinev. Karj\u00e4\u00e4rina laiemas t\u00e4henduses m\u00f5istetakse inimese kogu eluk\u00e4iku ja arengut, sealhulgas\u00a0 ka &#8230;<\/p>\n","protected":false},"author":263,"featured_media":0,"parent":0,"menu_order":0,"comment_status":"closed","ping_status":"closed","template":"","meta":{"_acf_changed":false,"inline_featured_image":false,"footnotes":""},"class_list":["post-10","page","type-page","status-publish","hentry"],"acf":[],"_links":{"self":[{"href":"https:\/\/sisu.ut.ee\/edujategu23\/wp-json\/wp\/v2\/pages\/10","targetHints":{"allow":["GET"]}}],"collection":[{"href":"https:\/\/sisu.ut.ee\/edujategu23\/wp-json\/wp\/v2\/pages"}],"about":[{"href":"https:\/\/sisu.ut.ee\/edujategu23\/wp-json\/wp\/v2\/types\/page"}],"author":[{"embeddable":true,"href":"https:\/\/sisu.ut.ee\/edujategu23\/wp-json\/wp\/v2\/users\/263"}],"replies":[{"embeddable":true,"href":"https:\/\/sisu.ut.ee\/edujategu23\/wp-json\/wp\/v2\/comments?post=10"}],"version-history":[{"count":8,"href":"https:\/\/sisu.ut.ee\/edujategu23\/wp-json\/wp\/v2\/pages\/10\/revisions"}],"predecessor-version":[{"id":207,"href":"https:\/\/sisu.ut.ee\/edujategu23\/wp-json\/wp\/v2\/pages\/10\/revisions\/207"}],"wp:attachment":[{"href":"https:\/\/sisu.ut.ee\/edujategu23\/wp-json\/wp\/v2\/media?parent=10"}],"curies":[{"name":"wp","href":"https:\/\/api.w.org\/{rel}","templated":true}]}}