{"id":8,"date":"2024-04-04T08:53:07","date_gmt":"2024-04-04T05:53:07","guid":{"rendered":"https:\/\/sisu.ut.ee\/edujategu22\/kasutatud-materjal\/"},"modified":"2024-04-24T10:24:46","modified_gmt":"2024-04-24T07:24:46","slug":"kasutatud-materjal","status":"publish","type":"page","link":"https:\/\/sisu.ut.ee\/edujategu22\/kasutatud-materjal\/","title":{"rendered":"KASUTATUD MATERJAL"},"content":{"rendered":"<h1 class=\"wp-block-heading\"><img loading=\"lazy\" decoding=\"async\" width=\"40\" height=\"40\" class=\"wp-image-63\" style=\"width: 40px;\" src=\"https:\/\/sisu.ut.ee\/wp-content\/uploads\/sites\/646\/sissejuhatus.png\" alt=\"\" srcset=\"https:\/\/sisu.ut.ee\/wp-content\/uploads\/sites\/646\/sissejuhatus.png 1080w, https:\/\/sisu.ut.ee\/wp-content\/uploads\/sites\/646\/sissejuhatus-300x300.png 300w, https:\/\/sisu.ut.ee\/wp-content\/uploads\/sites\/646\/sissejuhatus-1024x1024.png 1024w, https:\/\/sisu.ut.ee\/wp-content\/uploads\/sites\/646\/sissejuhatus-150x150.png 150w, https:\/\/sisu.ut.ee\/wp-content\/uploads\/sites\/646\/sissejuhatus-768x768.png 768w\" sizes=\"auto, (max-width: 40px) 100vw, 40px\"> <span style=\"color: #28aae1;\">KASUTATUD MATERJALID<\/span><\/h1>\n\n\n<ul>\n<li><span style=\"line-height: 1.2;\"><span style=\"vertical-align: baseline;\">Indeed homepage <\/span><a style=\"text-decoration: none;\" href=\"https:\/\/www.indeed.com\/career-advice\/career-development\/self-management-skills\" target=\"_blank\" rel=\"noopener\"><span style=\"text-decoration: underline;\"><span style=\"vertical-align: baseline;\">https:\/\/www.indeed.com\/career-advice\/career-development\/self-management-skills<\/span><\/span><\/a><span style=\"vertical-align: baseline;\">. Vaadatud 26.03.2023.<\/span><\/span><\/li>\n<li><span style=\"line-height: 1.2;\"><span style=\"vertical-align: baseline;\">Eensalu, K., Raudsaar, K., Traumann, T., &amp; Verpson A-L. (2005). <\/span> <span style=\"font-style: italic;\"><span style=\"vertical-align: baseline;\">Karj\u00e4\u00e4riinfo teejuht <\/span><\/span><span style=\"vertical-align: baseline;\">(2008).<\/span><span style=\"vertical-align: baseline;\"> Tallinn: BalticPrint<\/span><\/span><\/li>\n<li><span style=\"line-height: 1.2;\"><span style=\"vertical-align: baseline;\">Eesti Kaubandus-T\u00f6\u00f6stuskoda homepage <\/span><a style=\"text-decoration: none;\" href=\"http:\/\/www.ettevotlikkus.ee\/wp-content\/uploads\/2020\/01\/T%C3%96%C3%96LE-KAASA-Tutvustus-A4-EST.pdf\" target=\"_blank\" rel=\"noopener\"><span style=\"text-decoration: underline;\"><span style=\"vertical-align: baseline;\">http:\/\/www.ettevotlikkus.ee\/wp-content\/uploads\/2020\/01\/T%C3%96%C3%96LE-KAASA-Tutvustus-A4-EST.pdf<\/span><\/span><\/a><span style=\"vertical-align: baseline;\">. Vaadatud 27.03.2023<\/span><\/span><\/li>\n<li><span style=\"line-height: 1.2;\"><span style=\"vertical-align: baseline;\">Eesti T\u00f6\u00f6tukassa. (2023, 13. m\u00e4rts<\/span><span style=\"vertical-align: baseline;\">)<\/span><span style=\"vertical-align: baseline;\">. <\/span><span style=\"font-style: italic;\"><span style=\"vertical-align: baseline;\">4 sammu, kuidas teha teadlikke karj\u00e4\u00e4rivalikuid<\/span><\/span><span style=\"vertical-align: baseline;\">. [<\/span><a style=\"text-decoration: none;\" href=\"https:\/\/www.youtube.com\/watch?v=VNox1js8wzU\" target=\"_blank\" rel=\"noopener\"><span style=\"text-decoration: underline;\"><span style=\"vertical-align: baseline;\">www.youtube.com\/watch?v=VNox1js8wzU<\/span><\/span><\/a><span style=\"background-color: #ffffff;\"><span style=\"vertical-align: baseline;\">].<\/span><\/span><span style=\"vertical-align: baseline;\"> Youtube. URL.<\/span><\/span><\/li>\n<li><span style=\"line-height: 1.2;\"><span style=\"vertical-align: baseline;\">Eesti T\u00f6\u00f6tukassa. (2021, 20.01). <\/span><span style=\"font-style: italic;\"><span style=\"vertical-align: baseline;\">Mulle meeldib 1000 asja. Kuidas teha valikuid?<\/span><\/span><span style=\"vertical-align: baseline;\">. [<\/span><a style=\"text-decoration: none;\" href=\"https:\/\/www.youtube.com\/watch?v=XS4dQmJvA6I\" target=\"_blank\" rel=\"noopener\"><span style=\"text-decoration: underline;\"><span style=\"vertical-align: baseline;\">www.youtube.com\/watch?v=XS4dQmJvA6I<\/span><\/span><\/a><span style=\"vertical-align: baseline;\">]. Youtube. URL.<\/span><\/span><\/li>\n<li><span style=\"line-height: 1.2;\"><span style=\"vertical-align: baseline;\">Eesti T\u00f6\u00f6tukassa. (2023, 09.03). <\/span><span style=\"font-style: italic;\"><span style=\"vertical-align: baseline;\">3 oskust, mida Sul elus v\u00e4ga vaja l\u00e4heb<\/span><\/span><span style=\"vertical-align: baseline;\">. [<\/span><a style=\"text-decoration: none;\" href=\"https:\/\/www.youtube.com\/watch?v=cyPEWFbK6x4\" target=\"_blank\" rel=\"noopener\"><span style=\"text-decoration: underline;\"><span style=\"vertical-align: baseline;\">www.youtube.com\/watch?v=cyPEWFbK6x4<\/span><\/span><\/a><span style=\"vertical-align: baseline;\">]. Youtube. URL.<\/span><\/span><\/li>\n<li><span style=\"line-height: 1.2;\"><span style=\"vertical-align: baseline;\">Eesti T\u00f6\u00f6tukassa. (2022, 08.04). <\/span><span style=\"font-style: italic;\"><span style=\"vertical-align: baseline;\">Kuidas karj\u00e4\u00e4rispetsialist Sind aidata saab?<\/span><\/span><span style=\"vertical-align: baseline;\">. [<\/span><a style=\"text-decoration: none;\" href=\"https:\/\/www.youtube.com\/watch?v=oyG5FlaE4_M\" target=\"_blank\" rel=\"noopener\"><span style=\"text-decoration: underline;\"><span style=\"vertical-align: baseline;\">www.youtube.com\/watch?v=oyG5FlaE4_M<\/span><\/span><\/a><span style=\"vertical-align: baseline;\">].Youtube. URL.<\/span><\/span><\/li>\n<li><span style=\"line-height: 1.2;\"><span style=\"vertical-align: baseline;\">Eesti T\u00f6\u00f6tukassa. (2023, 13.03). <\/span><span style=\"font-style: italic;\"><span style=\"vertical-align: baseline;\">Kuidas karj\u00e4\u00e4riinfo spetsialist Sind aidata saab?. <\/span><\/span><span style=\"vertical-align: baseline;\">[<\/span><a style=\"text-decoration: none;\" href=\"https:\/\/www.youtube.com\/watch?v=dg3DQNlsl7g\" target=\"_blank\" rel=\"noopener\"><span style=\"text-decoration: underline;\"><span style=\"vertical-align: baseline;\">www.youtube.com\/watch?v=dg3DQNlsl7g<\/span><\/span><\/a><span style=\"vertical-align: baseline;\">].Youtube. URL.<\/span><\/span><\/li>\n<li><span style=\"line-height: 1.2;\"><span style=\"vertical-align: baseline;\">Eesti T\u00f6\u00f6tukassa. (2021, 20.01) Kuidas orienteeruda infotulvas?. [<\/span><a style=\"text-decoration: none;\" href=\"https:\/\/www.youtube.com\/watch?v=HAS0ZxlNpL4\" target=\"_blank\" rel=\"noopener\"><span style=\"text-decoration: underline;\"><span style=\"vertical-align: baseline;\">www.youtube.com\/watch?v=HAS0ZxlNpL4<\/span><\/span><\/a><span style=\"vertical-align: baseline;\">]. Youtube. URL.<\/span><\/span><\/li>\n<li><span style=\"line-height: 1.2;\"><span style=\"vertical-align: baseline;\">Eesti T\u00f6\u00f6tukassa. (2020, 25.06). <\/span><span style=\"font-style: italic;\"><span style=\"vertical-align: baseline;\">Kuidas olla digitargem?<\/span><\/span><span style=\"vertical-align: baseline;\">. [<\/span><a style=\"text-decoration: none;\" href=\"https:\/\/www.youtube.com\/watch?v=AnFHoTl4eKw\" target=\"_blank\" rel=\"noopener\"><span style=\"text-decoration: underline;\"><span style=\"vertical-align: baseline;\">www.youtube.com\/watch?v=AnFHoTl4eKw<\/span><\/span><\/a><span style=\"vertical-align: baseline;\">]. <\/span><span style=\"vertical-align: baseline;\">Youtube. URL.<\/span><\/span><\/li>\n<li><span style=\"line-height: 1.2;\"><span style=\"vertical-align: baseline;\">Karj\u00e4\u00e4ristuudio. (2018, 25.09<\/span><span style=\"background-color: #ffffff;\"><span style=\"vertical-align: baseline;\">). <\/span><\/span><span style=\"background-color: #ffffff;\"><span style=\"font-style: italic;\"><span style=\"vertical-align: baseline;\">S\u00f5na saavad t\u00f6\u00f6andjad, praegused ja tulevased talendid ning paljud teised t\u00f6\u00f6turu osapooled. <\/span><\/span><\/span><a style=\"text-decoration: none;\" href=\"http:\/\/www.youtube.com\/@karjaaristuudio\/featured\" target=\"_blank\" rel=\"noopener\"><span style=\"background-color: #ffffff;\"><span style=\"text-decoration: underline;\"><span style=\"vertical-align: baseline;\">www.youtube.com\/@karjaaristuudio\/featured<\/span><\/span><\/span><\/a><span style=\"background-color: #ffffff;\"><span style=\"vertical-align: baseline;\">. <\/span><\/span><span style=\"vertical-align: baseline;\">Youtube. URL.<\/span><\/span><\/li>\n<li><span style=\"line-height: 1.2;\"><span style=\"vertical-align: baseline;\">Minukarj\u00e4\u00e4r.ee homepage <\/span><a style=\"text-decoration: none;\" href=\"https:\/\/minukarjaar.ee\/et\" target=\"_blank\" rel=\"noopener\"><span style=\"text-decoration: underline;\"><span style=\"vertical-align: baseline;\">https:\/\/minukarjaar.ee\/et<\/span><\/span><\/a><span style=\"vertical-align: baseline;\">. Vaadatud 26.03.2023.<\/span><\/span><\/li>\n<li><span style=\"line-height: 1.2;\"><span style=\"vertical-align: baseline;\">Paes, T., (2014). <\/span><span style=\"font-style: italic;\"><span style=\"vertical-align: baseline;\">Karj\u00e4\u00e4riteenuste osutamine t\u00e4iskasvanutele Karj\u00e4\u00e4rispetsialisti k\u00e4siraamat. <\/span><\/span><span style=\"vertical-align: baseline;\">Tallinn: O\u00dc Studium<\/span><\/span><\/li>\n<li dir=\"ltr\" style=\"line-height: 1.2; background-color: #ffffff;\"><span style=\"vertical-align: baseline;\">Teeviit Tulevikku (2019, 03.07). <\/span><span style=\"vertical-align: baseline;\">Tere<\/span><span style=\"vertical-align: baseline;\"> tulemas<\/span><span style=\"vertical-align: baseline;\">t<\/span><span style=\"vertical-align: baseline;\"> Teeviit tulevikku kanalisse! Siin jagame noortele olulist ja vajaliku infot iga noore jaoks lihtsasti k\u00e4ttesaadaval viisil. <\/span><a style=\"text-decoration: none;\" href=\"http:\/\/www.youtube.com\/@teeviittulevikku3849\"><span style=\"text-decoration: underline;\"><span style=\"vertical-align: baseline;\">www.youtube.com\/@teeviittulevikku3849<\/span><\/span><\/a><span style=\"vertical-align: baseline;\">. <\/span><span style=\"vertical-align: baseline;\">Youtube. URL.<\/span><\/li>\n<li><span style=\"line-height: 1.2;\"><span style=\"vertical-align: baseline;\">Toppr Bytes homepage<\/span> <a style=\"text-decoration: none;\" href=\"https:\/\/www.toppr.com\/bytes\/sources-of-career-information\/\" target=\"_blank\" rel=\"noopener\"><span style=\"text-decoration: underline;\"><span style=\"vertical-align: baseline;\">https:\/\/www.toppr.com\/bytes\/sources-of-career-information\/<\/span><\/span><\/a><span style=\"vertical-align: baseline;\">. Vaadatud 26.03.2023.<\/span><\/span><\/li>\n<li><span style=\"line-height: 1.2;\"><span style=\"vertical-align: baseline;\">Verpson, A-L., Szymanel, A. (2014). <\/span> <span style=\"font-style: italic;\"><span style=\"vertical-align: baseline;\">Karj\u00e4\u00e4riinfo vahendamise mudel ja selle rakendamise protsess.<\/span><\/span><span style=\"vertical-align: baseline;\"> Tallinn: <\/span><span style=\"vertical-align: baseline;\">BestIT O\u00dc<\/span><\/span><\/li>\n<li><span style=\"vertical-align: baseline;\">Walla Walla Community College hompage<\/span> <a style=\"text-decoration: none;\" href=\"https:\/\/wallawallacc.libguides.com\/careersearch\" target=\"_blank\" rel=\"noopener\"><span style=\"text-decoration: underline;\"><span style=\"vertical-align: baseline;\">https:\/\/wallawallacc.libguides.com\/careersearch<\/span><\/span><\/a><span style=\"vertical-align: baseline;\">. Vaadatud 26.03.2023.<\/span><\/li>\n<li><span style=\"line-height: 1.2;\"><span style=\"vertical-align: baseline;\">Yale University, <\/span><span style=\"background-color: #ffffff;\"><span style=\"vertical-align: baseline;\">Yale Office of Career Strategy homepage <\/span><\/span><a style=\"text-decoration: none;\" href=\"https:\/\/ocs.yale.edu\/blog\/2022\/12\/11\/explore-five-step-career-decision-making-process\/\" target=\"_blank\" rel=\"noopener\"><span style=\"text-decoration: underline;\"><span style=\"vertical-align: baseline;\">https:\/\/ocs.yale.edu\/blog\/2022\/12\/11\/explore-five-step-career-decision-making-process\/<\/span><\/span><\/a> <\/span><\/li>\n<li><a style=\"text-decoration: none;\" href=\"https:\/\/www.mbaskool.com\/business-concepts\/human-resources-hr-terms\/4033-career-planning-.html\" target=\"_blank\" rel=\"noopener\"><span style=\"text-decoration: underline;\"><span style=\"vertical-align: baseline;\">https:\/\/www.mbaskool.com\/business-concepts\/human-resources-hr-terms\/4033-career-planning-.html<\/span><\/span><\/a><span style=\"vertical-align: baseline;\">. Vaadatud 26.03.2023. <\/span><\/li>\n<\/ul>","protected":false},"excerpt":{"rendered":"<p>KASUTATUD MATERJALID Indeed homepage https:\/\/www.indeed.com\/career-advice\/career-development\/self-management-skills. Vaadatud 26.03.2023. Eensalu, K., Raudsaar, K., Traumann, T., &amp; Verpson A-L. (2005). Karj\u00e4\u00e4riinfo teejuht (2008). Tallinn: BalticPrint Eesti Kaubandus-T\u00f6\u00f6stuskoda homepage http:\/\/www.ettevotlikkus.ee\/wp-content\/uploads\/2020\/01\/T%C3%96%C3%96LE-KAASA-Tutvustus-A4-EST.pdf. Vaadatud 27.03.2023 Eesti T\u00f6\u00f6tukassa. (2023, 13. m\u00e4rts). 4 sammu, kuidas teha teadlikke karj\u00e4\u00e4rivalikuid. [www.youtube.com\/watch?v=VNox1js8wzU]. &#8230;<\/p>\n","protected":false},"author":263,"featured_media":0,"parent":0,"menu_order":0,"comment_status":"closed","ping_status":"closed","template":"","meta":{"_acf_changed":false,"inline_featured_image":false,"footnotes":""},"class_list":["post-8","page","type-page","status-publish","hentry"],"acf":[],"_links":{"self":[{"href":"https:\/\/sisu.ut.ee\/edujategu22\/wp-json\/wp\/v2\/pages\/8","targetHints":{"allow":["GET"]}}],"collection":[{"href":"https:\/\/sisu.ut.ee\/edujategu22\/wp-json\/wp\/v2\/pages"}],"about":[{"href":"https:\/\/sisu.ut.ee\/edujategu22\/wp-json\/wp\/v2\/types\/page"}],"author":[{"embeddable":true,"href":"https:\/\/sisu.ut.ee\/edujategu22\/wp-json\/wp\/v2\/users\/263"}],"replies":[{"embeddable":true,"href":"https:\/\/sisu.ut.ee\/edujategu22\/wp-json\/wp\/v2\/comments?post=8"}],"version-history":[{"count":7,"href":"https:\/\/sisu.ut.ee\/edujategu22\/wp-json\/wp\/v2\/pages\/8\/revisions"}],"predecessor-version":[{"id":74,"href":"https:\/\/sisu.ut.ee\/edujategu22\/wp-json\/wp\/v2\/pages\/8\/revisions\/74"}],"wp:attachment":[{"href":"https:\/\/sisu.ut.ee\/edujategu22\/wp-json\/wp\/v2\/media?parent=8"}],"curies":[{"name":"wp","href":"https:\/\/api.w.org\/{rel}","templated":true}]}}