{"id":7,"date":"2024-04-04T08:53:07","date_gmt":"2024-04-04T05:53:07","guid":{"rendered":"https:\/\/sisu.ut.ee\/edujategu22\/kuidas-me-karjaariinfot-otsime\/"},"modified":"2024-04-24T10:26:48","modified_gmt":"2024-04-24T07:26:48","slug":"kuidas-me-karjaariinfot-otsime","status":"publish","type":"page","link":"https:\/\/sisu.ut.ee\/edujategu22\/kuidas-me-karjaariinfot-otsime\/","title":{"rendered":"KUIDAS ME KARJ\u00c4\u00c4RIINFOT OTSIME?"},"content":{"rendered":"<h1 class=\"wp-block-heading\"><img loading=\"lazy\" decoding=\"async\" width=\"40\" height=\"40\" class=\"wp-image-63\" style=\"width: 40px;\" src=\"https:\/\/sisu.ut.ee\/wp-content\/uploads\/sites\/646\/sissejuhatus.png\" alt=\"\" srcset=\"https:\/\/sisu.ut.ee\/wp-content\/uploads\/sites\/646\/sissejuhatus.png 1080w, https:\/\/sisu.ut.ee\/wp-content\/uploads\/sites\/646\/sissejuhatus-300x300.png 300w, https:\/\/sisu.ut.ee\/wp-content\/uploads\/sites\/646\/sissejuhatus-1024x1024.png 1024w, https:\/\/sisu.ut.ee\/wp-content\/uploads\/sites\/646\/sissejuhatus-150x150.png 150w, https:\/\/sisu.ut.ee\/wp-content\/uploads\/sites\/646\/sissejuhatus-768x768.png 768w\" sizes=\"auto, (max-width: 40px) 100vw, 40px\"> <span style=\"color: #28aae1;\">KUIDAS ME KARJ\u00c4\u00c4RIINFOT OTSIME?<\/span><\/h1>\n\n<p dir=\"ltr\">Infokirjaoskus on teadmised, oskused infovajaduse \u00e4ratundmiseks ja olulise informatsiooni leidmiseks, hindamiseks ja sihip\u00e4raseks kasutamiseks. Info\u00fchiskonnas peetakse k\u00f5ige olulisemaks ressursiks informatsiooni.<\/p>\n<p dir=\"ltr\">Info\u00fchiskonnas elamiseks on vaja, et me oleksime teadlikumad ja oskaksime kiiresti muutuvas elukeskkonnas t\u00f6\u00f6delda infot selleks, et edukalt toime tulla.<\/p>\n<p dir=\"ltr\"><\/p>\n\n<div><img loading=\"lazy\" decoding=\"async\" title=\"\" src=\"https:\/\/sisu.ut.ee\/wp-content\/uploads\/sites\/646\/test.png\" alt=\"test\" width=\"32\" height=\"32\">\u00a0Praktilised tegevused \u00f5ppijatega<\/div>\n<div><\/div>\n<div style=\"margin-left: 80px;\"><img loading=\"lazy\" decoding=\"async\" title=\"\" src=\"https:\/\/sisu.ut.ee\/wp-content\/uploads\/sites\/646\/video.png\" alt=\"video\" width=\"32\" height=\"32\">\u00a0VIDEO 6\u00a0Kuidas orienteeruda infotulvas?\u201d<\/div>\n<div style=\"margin-left: 80px;\"><div class=\"ratio ratio-16x9 mb-3\"><div class=\"video-placeholder-wrapper video-placeholder-wrapper--16x9\">\n\t\t\t    <div class=\"video-placeholder d-flex justify-content-center align-items-center\">\n\t\t\t        <div class=\"overlay text-white p-2 w-100 text-center d-block justify-content-center align-items-center\">\n\t\t\t            <div>Kolmandate osapoolte sisu n\u00e4gemiseks palun n\u00f5ustu k\u00fcpsistega.<\/div>\n\t\t\t            <button class=\"btn btn-secondary btn-sm mt-1 consent-change\">Muuda n\u00f5usolekut<\/button>\n\t\t\t        <\/div>\n\t\t\t    <\/div>\n\t\t\t<\/div>\n<\/div><\/div>\n<div style=\"margin-left: 80px;\"><\/div>\n<div style=\"margin-left: 80px;\"><img loading=\"lazy\" decoding=\"async\" title=\"\" src=\"https:\/\/sisu.ut.ee\/wp-content\/uploads\/sites\/646\/video.png\" alt=\"video\" width=\"32\" height=\"32\">\u00a0VIDEO 7\u00a0\u201cKuidas olla digitargem?\u201d<\/div>\n<div style=\"margin-left: 80px;\"><div class=\"ratio ratio-16x9 mb-3\"><div class=\"video-placeholder-wrapper video-placeholder-wrapper--16x9\">\n\t\t\t    <div class=\"video-placeholder d-flex justify-content-center align-items-center\">\n\t\t\t        <div class=\"overlay text-white p-2 w-100 text-center d-block justify-content-center align-items-center\">\n\t\t\t            <div>Kolmandate osapoolte sisu n\u00e4gemiseks palun n\u00f5ustu k\u00fcpsistega.<\/div>\n\t\t\t            <button class=\"btn btn-secondary btn-sm mt-1 consent-change\">Muuda n\u00f5usolekut<\/button>\n\t\t\t        <\/div>\n\t\t\t    <\/div>\n\t\t\t<\/div>\n<\/div><\/div>\n<div style=\"margin-left: 80px;\"><\/div>\n<div><\/div>\n<div style=\"margin-left: 40px;\"><img loading=\"lazy\" decoding=\"async\" class=\"alignnone wp-image-13\" title=\"icon.png\" src=\"https:\/\/sisu.ut.ee\/wp-content\/uploads\/sites\/646\/icon.png\" alt=\"magnifier\" width=\"40\" height=\"40\" srcset=\"https:\/\/sisu.ut.ee\/wp-content\/uploads\/sites\/646\/icon.png 500w, https:\/\/sisu.ut.ee\/wp-content\/uploads\/sites\/646\/icon-300x300.png 300w, https:\/\/sisu.ut.ee\/wp-content\/uploads\/sites\/646\/icon-150x150.png 150w\" sizes=\"auto, (max-width: 40px) 100vw, 40px\">\u00a0Arutada \u00f5ppijatega l\u00e4bi allpool nimetatud teemadel sh p\u00f6\u00f6rata t\u00e4helepanu infoallikatele, mida \u00f5ppija info kogumiseks kasutab:<\/div>\n<div>\n<ul style=\"margin-left: 120px;\">\n \t<li dir=\"ltr\">\n<p dir=\"ltr\" role=\"presentation\">Olulised infootsioskuste arendamist vajavad kohad.<\/p>\n<\/li>\n \t<li dir=\"ltr\">\n<p dir=\"ltr\" role=\"presentation\">Infokanalid.<\/p>\n<\/li>\n \t<li dir=\"ltr\">\n<p dir=\"ltr\" role=\"presentation\">Orienteerumine infomaailmas.<\/p>\n<\/li>\n \t<li dir=\"ltr\">\n<p dir=\"ltr\" role=\"presentation\">\u00d5ppekohad infootsioskuste arendamises.<\/p>\n<\/li>\n<\/ul>\n<\/div>","protected":false},"excerpt":{"rendered":"<p>KUIDAS ME KARJ\u00c4\u00c4RIINFOT OTSIME? Infokirjaoskus on teadmised, oskused infovajaduse \u00e4ratundmiseks ja olulise informatsiooni leidmiseks, hindamiseks ja sihip\u00e4raseks kasutamiseks. Info\u00fchiskonnas peetakse k\u00f5ige olulisemaks ressursiks informatsiooni. Info\u00fchiskonnas elamiseks on vaja, et me oleksime teadlikumad ja oskaksime kiiresti muutuvas elukeskkonnas t\u00f6\u00f6delda infot selleks, &#8230;<\/p>\n","protected":false},"author":263,"featured_media":0,"parent":0,"menu_order":0,"comment_status":"closed","ping_status":"closed","template":"","meta":{"_acf_changed":false,"inline_featured_image":false,"footnotes":""},"class_list":["post-7","page","type-page","status-publish","hentry"],"acf":[],"_links":{"self":[{"href":"https:\/\/sisu.ut.ee\/edujategu22\/wp-json\/wp\/v2\/pages\/7","targetHints":{"allow":["GET"]}}],"collection":[{"href":"https:\/\/sisu.ut.ee\/edujategu22\/wp-json\/wp\/v2\/pages"}],"about":[{"href":"https:\/\/sisu.ut.ee\/edujategu22\/wp-json\/wp\/v2\/types\/page"}],"author":[{"embeddable":true,"href":"https:\/\/sisu.ut.ee\/edujategu22\/wp-json\/wp\/v2\/users\/263"}],"replies":[{"embeddable":true,"href":"https:\/\/sisu.ut.ee\/edujategu22\/wp-json\/wp\/v2\/comments?post=7"}],"version-history":[{"count":4,"href":"https:\/\/sisu.ut.ee\/edujategu22\/wp-json\/wp\/v2\/pages\/7\/revisions"}],"predecessor-version":[{"id":77,"href":"https:\/\/sisu.ut.ee\/edujategu22\/wp-json\/wp\/v2\/pages\/7\/revisions\/77"}],"wp:attachment":[{"href":"https:\/\/sisu.ut.ee\/edujategu22\/wp-json\/wp\/v2\/media?parent=7"}],"curies":[{"name":"wp","href":"https:\/\/api.w.org\/{rel}","templated":true}]}}