{"id":6,"date":"2024-04-04T08:53:06","date_gmt":"2024-04-04T05:53:06","guid":{"rendered":"https:\/\/sisu.ut.ee\/edujategu22\/karjaariinfo-allikad\/"},"modified":"2024-04-24T10:25:36","modified_gmt":"2024-04-24T07:25:36","slug":"karjaariinfo-allikad","status":"publish","type":"page","link":"https:\/\/sisu.ut.ee\/edujategu22\/karjaariinfo-allikad\/","title":{"rendered":"KARJ\u00c4\u00c4RIINFO ALLIKAD"},"content":{"rendered":"<h1 class=\"wp-block-heading\"><img decoding=\"async\" class=\"wp-image-185\" style=\"width: 40px;\" src=\"https:\/\/sisu.ut.ee\/wp-content\/uploads\/sites\/646\/sissejuhatus.png\" alt=\"\"> <span style=\"color: #28aae1;\">KARJ\u00c4\u00c4RIINFO ALLIKAD<\/span><\/h1>\n\n\n<div dir=\"ltr\">Ligip\u00e4\u00e4s infole ning oskus infot anal\u00fc\u00fcsida ja sihip\u00e4raselt kasutada on karj\u00e4\u00e4rivalikute tegemisel v\u00e4ga oluline. Asjakohane ja \u00f5igeaegne info aitab leida paremaid v\u00f5imalusi konkurentsitihedas t\u00f6\u00f6turus.<\/div>\n<div dir=\"ltr\" style=\"text-align: justify; margin-top: 0pt; margin-bottom: 0pt;\">Karj\u00e4\u00e4riinfo kogumiseks ja vahendamiseks on erinevaid viise. Allj\u00e4rgnevalt on v\u00e4lja toodud enamlevinud v\u00f5imalused:<\/div>\n<div dir=\"ltr\"><img loading=\"lazy\" decoding=\"async\" class=\"alignnone wp-image-63\" src=\"https:\/\/sisu.ut.ee\/wp-content\/uploads\/sites\/646\/sissejuhatus-1024x1024.png\" alt=\"\" width=\"40\" height=\"40\" srcset=\"https:\/\/sisu.ut.ee\/wp-content\/uploads\/sites\/646\/sissejuhatus-1024x1024.png 1024w, https:\/\/sisu.ut.ee\/wp-content\/uploads\/sites\/646\/sissejuhatus-300x300.png 300w, https:\/\/sisu.ut.ee\/wp-content\/uploads\/sites\/646\/sissejuhatus-150x150.png 150w, https:\/\/sisu.ut.ee\/wp-content\/uploads\/sites\/646\/sissejuhatus-768x768.png 768w, https:\/\/sisu.ut.ee\/wp-content\/uploads\/sites\/646\/sissejuhatus.png 1080w\" sizes=\"auto, (max-width: 40px) 100vw, 40px\">\u00a0<strong>Isiklikud kontaktid<\/strong><\/div>\n<p dir=\"ltr\" style=\"text-align: justify; margin-top: 0pt; margin-bottom: 0pt;\"><span style=\"line-height: 1.2;\"><span style=\"vertical-align: baseline;\">Perekonna, sugulaste, s\u00f5prade ja tuttavate kontaktid on karj\u00e4\u00e4riinfo vahendamisel ja edastamisel v\u00e4ga olulised. Isiklikel kontaktidel ei pruugi alati olla vajalikku infot, aga nad v\u00f5ivad tunda, teada teisi asjatundlikke inimesi, kes saavad olulise info leidmisel abiks olla. <\/span><\/span><\/p>\n<div dir=\"ltr\" style=\"text-align: justify; margin-top: 0pt; margin-bottom: 0pt;\">\u00a0<\/div>\n<div dir=\"ltr\" style=\"text-align: justify; margin-top: 0pt; margin-bottom: 0pt;\">\n<table class=\"table table-hover\" style=\"width: 800px;\" border=\"1\" cellspacing=\"1\" cellpadding=\"1\">\n<tbody>\n<tr>\n<td>\n<div dir=\"ltr\"><strong><img loading=\"lazy\" decoding=\"async\" title=\"\" src=\"https:\/\/sisu.ut.ee\/wp-content\/uploads\/sites\/646\/test.png\" alt=\"test\" width=\"32\" height=\"32\" data-file_info=\"%7B%22fid%22:%2277996%22,%22view_mode%22:%22default%22,%22type%22:%22media%22%7D\">\u00a0Praktilised tegevused \u00f5ppijatega<\/strong><\/div>\n<div dir=\"ltr\" style=\"margin-left: 40px;\">\u00a0<\/div>\n<div dir=\"ltr\" style=\"margin-left: 40px;\">\n<p><img loading=\"lazy\" decoding=\"async\" class=\"alignnone wp-image-23\" title=\"ulesanne.png\" src=\"https:\/\/sisu.ut.ee\/wp-content\/uploads\/sites\/507\/ulesanne.png\" alt=\"ylesanne\" width=\"40\" height=\"40\"> <a style=\"font-family: inherit; font-size: inherit; font-weight: inherit;\" href=\"https:\/\/sisu.ut.ee\/wp-content\/uploads\/sites\/646\/harjutus_4ver2.docx\" data-fid=\"78248\">Harjutus 4 \u201cMinu v\u00f5rgustik\u201d\u00a0<\/a><span style=\"font-family: inherit; font-size: inherit; font-weight: inherit;\">\u00a0\u00a0<\/span><\/p>\n<\/div>\n<div dir=\"ltr\" style=\"margin-left: 40px;\">\u00a0<\/div>\n<div dir=\"ltr\" style=\"margin-left: 40px;\">\n<p><img loading=\"lazy\" decoding=\"async\" class=\"alignnone wp-image-23\" title=\"ulesanne.png\" src=\"https:\/\/sisu.ut.ee\/wp-content\/uploads\/sites\/507\/ulesanne.png\" alt=\"ylesanne\" width=\"40\" height=\"40\"><span style=\"font-family: inherit; font-size: inherit; font-weight: inherit;\">\u00a0<\/span><a style=\"font-family: inherit; font-size: inherit; font-weight: inherit;\" href=\"https:\/\/sisu.ut.ee\/wp-content\/uploads\/sites\/646\/harjutus_4aver2.docx\" data-fid=\"78249\">Harjutus 4a \u201cAmet, mida ma tean\u201d<\/a><span style=\"font-family: inherit; font-size: inherit; font-weight: inherit;\">\u00a0<\/span><\/p>\n<\/div>\n<div dir=\"ltr\" style=\"margin-left: 40px;\">\u00a0<\/div>\n<div dir=\"ltr\" style=\"margin-left: 40px;\">\n<p><img loading=\"lazy\" decoding=\"async\" class=\"alignnone wp-image-23\" title=\"ulesanne.png\" src=\"https:\/\/sisu.ut.ee\/wp-content\/uploads\/sites\/507\/ulesanne.png\" alt=\"ylesanne\" width=\"40\" height=\"40\"> <span style=\"font-family: inherit; font-size: inherit; font-weight: inherit;\">Arutada \u00f5ppijatega l\u00e4bi allpool nimetatud teemadel sh p\u00f6\u00f6rata t\u00e4helepanu infoallikatele, mida \u00f5ppija info kogumiseks kasutab:<\/span><\/p>\n<\/div>\n<div dir=\"ltr\">\n<ul style=\"margin-left: 80px;\">\n<li role=\"presentation\">V\u00f5rgustike loomine karj\u00e4\u00e4riv\u00f5imaluste uurimiseks, mis peab selleks tegema ja kes saaksid toetada.<\/li>\n<li role=\"presentation\">V\u00f5rgustikuliikmed, kes toetavad liikumist haridustasemete ja t\u00f6\u00f6elu vahel.<\/li>\n<\/ul>\n<\/div>\n<\/td>\n<\/tr>\n<\/tbody>\n<\/table>\n<\/div>\n<div dir=\"ltr\">\u00a0<\/div>\n<div dir=\"ltr\" style=\"text-align: justify; margin-top: 0pt; margin-bottom: 0pt;\"><img loading=\"lazy\" decoding=\"async\" class=\"alignnone wp-image-63\" src=\"https:\/\/sisu.ut.ee\/wp-content\/uploads\/sites\/646\/sissejuhatus-1024x1024.png\" alt=\"\" width=\"40\" height=\"40\" srcset=\"https:\/\/sisu.ut.ee\/wp-content\/uploads\/sites\/646\/sissejuhatus-1024x1024.png 1024w, https:\/\/sisu.ut.ee\/wp-content\/uploads\/sites\/646\/sissejuhatus-300x300.png 300w, https:\/\/sisu.ut.ee\/wp-content\/uploads\/sites\/646\/sissejuhatus-150x150.png 150w, https:\/\/sisu.ut.ee\/wp-content\/uploads\/sites\/646\/sissejuhatus-768x768.png 768w, https:\/\/sisu.ut.ee\/wp-content\/uploads\/sites\/646\/sissejuhatus.png 1080w\" sizes=\"auto, (max-width: 40px) 100vw, 40px\">\u00a0<strong>Organisatsioonid<\/strong><\/div>\n<div dir=\"ltr\">Paljud organisatsioonid pakuvad v\u00e4\u00e4rtuslikku karj\u00e4\u00e4riinfot. Nende organisatsioonide hulka kuuluvad ettev\u00f5tted, kutse\u00fchingud, haridusasutused jt. Lisaks pakuvad erinevad organisatsioonid ka vabatahtliku t\u00f6\u00f6 tegemise v\u00f5imalust, et \u00f5ppija saaks arendada oma oskusi ning kohaneda t\u00f6\u00f6elu ja t\u00f6\u00f6keskkonnaga. Lisaks on v\u00f5imalik osaleda erinevates tegevustes, mis organisatsioonid korraldavad nt algatus <a href=\"http:\/\/www.ettevotlikkus.ee\/wp-content\/uploads\/2020\/01\/T%C3%96%C3%96LE-KAASA-Tutvustus-A4-EST.pdf\" target=\"_blank\" rel=\"noopener\">\u201dT\u00f6\u00f6le kaasa\u201d<\/a>.<\/div>\n<div dir=\"ltr\">\u00a0<\/div>\n<div dir=\"ltr\">\u00a0<\/div>\n<p dir=\"ltr\"><img loading=\"lazy\" decoding=\"async\" class=\"alignnone wp-image-63\" src=\"https:\/\/sisu.ut.ee\/wp-content\/uploads\/sites\/646\/sissejuhatus-1024x1024.png\" alt=\"\" width=\"40\" height=\"40\" srcset=\"https:\/\/sisu.ut.ee\/wp-content\/uploads\/sites\/646\/sissejuhatus-1024x1024.png 1024w, https:\/\/sisu.ut.ee\/wp-content\/uploads\/sites\/646\/sissejuhatus-300x300.png 300w, https:\/\/sisu.ut.ee\/wp-content\/uploads\/sites\/646\/sissejuhatus-150x150.png 150w, https:\/\/sisu.ut.ee\/wp-content\/uploads\/sites\/646\/sissejuhatus-768x768.png 768w, https:\/\/sisu.ut.ee\/wp-content\/uploads\/sites\/646\/sissejuhatus.png 1080w\" sizes=\"auto, (max-width: 40px) 100vw, 40px\">\u00a0<strong>Internet<\/strong><\/p>\n<div dir=\"ltr\">Internet on kindlasti \u00fcks olulisemaid ja suuremaid karj\u00e4\u00e4riinfo allikaid, kust leiab vajalikku infot igas valdkonnas. Infot on v\u00f5imalik leida erinevatest allikatest nagu organisatsioonide kodulehtedelt, infoportaalidest, artiklitest, videotest jne. Kuid selle otsimine ei pruugi iga kord mugav olla, sest vajaliku info leidmine n\u00f5uab meilt infootsioskuseid ja \u00f5igete m\u00e4rks\u00f5nade teadmisi.<\/div>\n<div>\u00a0<\/div>\n<div>Mis on infootsing? Infootsing on tegevus, mis on ajendatud infovajadusest v\u00f5i probleemist ning sellele lahenduse otsimisest\/leidmisest. Selleks t\u00f6\u00f6tame v\u00e4lja infootsingu strateegia ja vo\u0303imaluse asjakohase info ma\u0308a\u0308ratlemiseks ja vajalikkuse hindamiseks.<\/div>\n<div>\u00a0<\/div>\n<table class=\"table table-hover\" style=\"width: 800px;\" border=\"1\" cellspacing=\"1\" cellpadding=\"1\">\n<tbody>\n<tr>\n<td><img loading=\"lazy\" decoding=\"async\" class=\"alignnone wp-image-23\" title=\"ulesanne.png\" src=\"https:\/\/sisu.ut.ee\/wp-content\/uploads\/sites\/507\/ulesanne.png\" alt=\"ylesanne\" width=\"40\" height=\"40\"> Arutada \u00f5ppijatega l\u00e4bi allpool nimetatud teemadel:\n<ul style=\"margin-left: 80px;\">\n<li dir=\"ltr\">\n<p dir=\"ltr\" role=\"presentation\">Millised infokanaleid \u00f5ppija tunneb ja igap\u00e4evaselt kasutab?<\/p>\n<\/li>\n<li dir=\"ltr\">\n<p dir=\"ltr\" role=\"presentation\">Erinevate valdkondade veebilehed, kuidas saadud infot \u00f5ppija k\u00e4sitleb ja kuidas infoni j\u00f5uab?<\/p>\n<\/li>\n<li dir=\"ltr\">\n<p dir=\"ltr\" role=\"presentation\">Karj\u00e4\u00e4riinfo vahendamise infokanalid, millised ja kuidas kasutada? <a href=\"https:\/\/docs.google.com\/document\/d\/1zxYEK3IRLN0_egNgz-C8zeIe9fWQblda\/edit#bookmark=id.jw4tdmwkbs7j\" target=\"_blank\" rel=\"noopener\">Vaata kasulikud lingid.<\/a><\/p>\n<\/li>\n<\/ul>\n<\/td>\n<\/tr>\n<\/tbody>\n<\/table>\n<p><img loading=\"lazy\" decoding=\"async\" class=\"alignnone wp-image-63\" src=\"https:\/\/sisu.ut.ee\/wp-content\/uploads\/sites\/646\/sissejuhatus-1024x1024.png\" alt=\"\" width=\"40\" height=\"40\" srcset=\"https:\/\/sisu.ut.ee\/wp-content\/uploads\/sites\/646\/sissejuhatus-1024x1024.png 1024w, https:\/\/sisu.ut.ee\/wp-content\/uploads\/sites\/646\/sissejuhatus-300x300.png 300w, https:\/\/sisu.ut.ee\/wp-content\/uploads\/sites\/646\/sissejuhatus-150x150.png 150w, https:\/\/sisu.ut.ee\/wp-content\/uploads\/sites\/646\/sissejuhatus-768x768.png 768w, https:\/\/sisu.ut.ee\/wp-content\/uploads\/sites\/646\/sissejuhatus.png 1080w\" sizes=\"auto, (max-width: 40px) 100vw, 40px\">\u00a0<strong>Karj\u00e4\u00e4rivestlused<\/strong><\/p>\n<div dir=\"ltr\">Karj\u00e4\u00e4riteemalised vestlused annavad teavet hariduse, ametite, hobide v\u00f5i oskuste kohta. Vestluseid v\u00f5ib l\u00e4bi viia nii \u00f5petaja, lapsevanem, karj\u00e4\u00e4rispetsialist ja need v\u00f5ivad olla silmast silma v\u00f5i veebivahendusel.<\/div>\n<div dir=\"ltr\">\u00a0<\/div>\n<p dir=\"ltr\"><strong><div class=\"accordion mb-3\">\n        <div class=\"accordion-item accordion-item--white\">\n        <h2 class=\"accordion-header\" id=\"accordion-69dfe02bf0ab6-heading\">\n            <button class=\"accordion-button collapsed\" type=\"button\" data-bs-toggle=\"collapse\" data-bs-target=\"#accordion-69dfe02bf0ab6-collapse\" aria-expanded=\"true\" aria-controls=\"accordion-69dfe02bf0ab6-collapse\"><strong>\u00a0Praktilised tegevused \u00f5ppijatega<\/strong><\/button>\n        <\/h2>\n        <div id=\"accordion-69dfe02bf0ab6-collapse\" class=\"accordion-collapse collapse\" aria-labelledby=\"accordion-69dfe02bf0ab6-heading\">\n            <div class=\"accordion-body\">\n<table class=\"table table-hover\" style=\"width: 800px;\" border=\"1\" cellspacing=\"1\" cellpadding=\"1\">\n<tbody>\n<tr>\n<td>\n<p style=\"margin-left: 40px;\"><img loading=\"lazy\" decoding=\"async\" title=\"\" src=\"https:\/\/sisu.ut.ee\/wp-content\/uploads\/sites\/646\/video.png\" alt=\"video\" width=\"32\" height=\"32\" data-file_info=\"%7B%22fid%22:%2277978%22,%22view_mode%22:%22default%22,%22type%22:%22media%22%7D\">\u00a0VIDEO 4 \u201cKuidas karj\u00e4\u00e4rispetsialist Sind aidata saab?\u201d<\/p>\n<p style=\"margin-left: 40px;\"><\/p><div class=\"ratio ratio-16x9 mb-3\"><div class=\"video-placeholder-wrapper video-placeholder-wrapper--16x9\">\n\t\t\t    <div class=\"video-placeholder d-flex justify-content-center align-items-center\">\n\t\t\t        <div class=\"overlay text-white p-2 w-100 text-center d-block justify-content-center align-items-center\">\n\t\t\t            <div>Kolmandate osapoolte sisu n\u00e4gemiseks palun n\u00f5ustu k\u00fcpsistega.<\/div>\n\t\t\t            <button class=\"btn btn-secondary btn-sm mt-1 consent-change\">Muuda n\u00f5usolekut<\/button>\n\t\t\t        <\/div>\n\t\t\t    <\/div>\n\t\t\t<\/div>\n<\/div>\n<p style=\"margin-left: 40px;\"><img loading=\"lazy\" decoding=\"async\" title=\"\" src=\"https:\/\/sisu.ut.ee\/wp-content\/uploads\/sites\/646\/video.png\" alt=\"video\" width=\"32\" height=\"32\" data-file_info=\"%7B%22fid%22:%2277978%22,%22view_mode%22:%22default%22,%22type%22:%22media%22%7D\">\u00a0VIDEO 5 \u201cKuidas karj\u00e4\u00e4riinfo spetsialist Sind aidata saab?\u201d<\/p>\n<div style=\"margin-left: 40px;\"><div class=\"ratio ratio-16x9 mb-3\"><div class=\"video-placeholder-wrapper video-placeholder-wrapper--16x9\">\n\t\t\t    <div class=\"video-placeholder d-flex justify-content-center align-items-center\">\n\t\t\t        <div class=\"overlay text-white p-2 w-100 text-center d-block justify-content-center align-items-center\">\n\t\t\t            <div>Kolmandate osapoolte sisu n\u00e4gemiseks palun n\u00f5ustu k\u00fcpsistega.<\/div>\n\t\t\t            <button class=\"btn btn-secondary btn-sm mt-1 consent-change\">Muuda n\u00f5usolekut<\/button>\n\t\t\t        <\/div>\n\t\t\t    <\/div>\n\t\t\t<\/div>\n<\/div><\/div>\n<div>\u00a0<\/div>\n<div>\n<p dir=\"ltr\" style=\"margin-left: 40px;\"><img loading=\"lazy\" decoding=\"async\" class=\"alignnone wp-image-61\" src=\"https:\/\/sisu.ut.ee\/wp-content\/uploads\/sites\/646\/ulesanne-1024x1024.png\" alt=\"\" width=\"40\" height=\"40\" srcset=\"https:\/\/sisu.ut.ee\/wp-content\/uploads\/sites\/646\/ulesanne-1024x1024.png 1024w, https:\/\/sisu.ut.ee\/wp-content\/uploads\/sites\/646\/ulesanne-300x300.png 300w, https:\/\/sisu.ut.ee\/wp-content\/uploads\/sites\/646\/ulesanne-150x150.png 150w, https:\/\/sisu.ut.ee\/wp-content\/uploads\/sites\/646\/ulesanne-768x768.png 768w, https:\/\/sisu.ut.ee\/wp-content\/uploads\/sites\/646\/ulesanne.png 1080w\" sizes=\"auto, (max-width: 40px) 100vw, 40px\">\u00a0\u00d5petaja saab soovitada p\u00f6\u00f6rdumist karj\u00e4\u00e4rispetsialisti poole.<\/p>\n<\/div>\n<\/td>\n<\/tr>\n<\/tbody>\n<\/table>\n<p dir=\"ltr\" style=\"margin-left: 40px;\"><strong><\/strong><\/p><\/div>\n        <\/div>\n        <\/div>\n    <\/div><\/strong><\/p>\n<div>\n<p dir=\"ltr\"><strong><img loading=\"lazy\" decoding=\"async\" class=\"alignnone wp-image-63\" src=\"https:\/\/sisu.ut.ee\/wp-content\/uploads\/sites\/646\/sissejuhatus-1024x1024.png\" alt=\"\" width=\"40\" height=\"40\" srcset=\"https:\/\/sisu.ut.ee\/wp-content\/uploads\/sites\/646\/sissejuhatus-1024x1024.png 1024w, https:\/\/sisu.ut.ee\/wp-content\/uploads\/sites\/646\/sissejuhatus-300x300.png 300w, https:\/\/sisu.ut.ee\/wp-content\/uploads\/sites\/646\/sissejuhatus-150x150.png 150w, https:\/\/sisu.ut.ee\/wp-content\/uploads\/sites\/646\/sissejuhatus-768x768.png 768w, https:\/\/sisu.ut.ee\/wp-content\/uploads\/sites\/646\/sissejuhatus.png 1080w\" sizes=\"auto, (max-width: 40px) 100vw, 40px\">\u00a0Videod, filmid\u00a0<\/strong><\/p>\n<div dir=\"ltr\">Karj\u00e4\u00e4riinfot saab vahendada erinevate videote (n\u00e4iteks <a href=\"https:\/\/www.youtube.com\/@karjaaristuudio\" target=\"_blank\" rel=\"noopener\">Karj\u00e4\u00e4ristuudio<\/a>), filmide kaudu. On loodud hulk filme v\u00f5i videoid erinevate karj\u00e4\u00e4riv\u00f5imaluste, elukutsete v\u00f5i ametite kohta (n\u00e4iteks <a href=\"https:\/\/www.youtube.com\/@karjaaristuudio\" target=\"_blank\" rel=\"noopener\">Karj\u00e4\u00e4ristuudio<\/a>; <a href=\"https:\/\/www.youtube.com\/@teeviittulevikku3849\" target=\"_blank\" rel=\"noopener\">Teeviit Tulevikku<\/a>. Karj\u00e4\u00e4rivalikuid toetavate videotega on v\u00f5imalik n\u00e4iteks tutvuda <a href=\"https:\/\/minukarjaar.ee\/et\/tooriistakast\/sisu\/Haridustee\" target=\"_blank\" rel=\"noopener\">minukarj\u00e4\u00e4r.ee<\/a>\u00a0 kodulehelt.<\/div>\n<div dir=\"ltr\">\u00a0<\/div>\n<table class=\"table table-hover\" style=\"width: 800px;\" border=\"1\" cellspacing=\"1\" cellpadding=\"1\">\n<tbody>\n<tr>\n<td>\n<p style=\"margin-left: 40px;\"><img loading=\"lazy\" decoding=\"async\" class=\"alignnone wp-image-13\" title=\"icon.png\" src=\"https:\/\/sisu.ut.ee\/wp-content\/uploads\/sites\/646\/icon.png\" alt=\"magnifier\" width=\"40\" height=\"40\" srcset=\"https:\/\/sisu.ut.ee\/wp-content\/uploads\/sites\/646\/icon.png 500w, https:\/\/sisu.ut.ee\/wp-content\/uploads\/sites\/646\/icon-300x300.png 300w, https:\/\/sisu.ut.ee\/wp-content\/uploads\/sites\/646\/icon-150x150.png 150w\" sizes=\"auto, (max-width: 40px) 100vw, 40px\">\u00a0\u00d5petaja saab suunata \u00f5ppijat iseseisvalt tutvuma videomaterjalidega v\u00f5i siis arutleda koos tunnis.<\/p>\n<p dir=\"ltr\" style=\"margin-left: 40px;\"><img loading=\"lazy\" decoding=\"async\" class=\"alignnone wp-image-16\" title=\"checklist.png\" src=\"https:\/\/sisu.ut.ee\/wp-content\/uploads\/sites\/646\/hariduskaik.png\" alt=\"checklist\" width=\"40\" height=\"40\" srcset=\"https:\/\/sisu.ut.ee\/wp-content\/uploads\/sites\/646\/hariduskaik.png 500w, https:\/\/sisu.ut.ee\/wp-content\/uploads\/sites\/646\/hariduskaik-300x300.png 300w, https:\/\/sisu.ut.ee\/wp-content\/uploads\/sites\/646\/hariduskaik-150x150.png 150w\" sizes=\"auto, (max-width: 40px) 100vw, 40px\">\u00a0Kontrollnimekiri (check list) on \u00f5ppijale t\u00e4itmiseks, aga \u00f5petaja saab siin j\u00e4lgida, kas k\u00f5ik teemad on k\u00e4sitletud.<\/p>\n<ul style=\"margin-left: 80px;\">\n<li dir=\"ltr\">\n<p dir=\"ltr\" role=\"presentation\">Olen loonud isiklike kontaktide nimekirja, kellega arutada tulevaste valikute teemal.<\/p>\n<\/li>\n<li dir=\"ltr\">\n<p dir=\"ltr\" role=\"presentation\">Olen kaardistanud v\u00f5rgustiku, kes saaksid toetada eriala valiku tegemisel.<\/p>\n<\/li>\n<li dir=\"ltr\">\n<p dir=\"ltr\" role=\"presentation\">Olen vestelnud v\u00e4hemalt \u00fche inimesega, kes t\u00f6\u00f6tab mulle huvipakkuval ametil, et saada teada, mida ta igap\u00e4evaselt teeb.<\/p>\n<\/li>\n<li dir=\"ltr\">\n<p dir=\"ltr\" role=\"presentation\">Tean, mis k\u00fcsimustes saan p\u00f6\u00f6rduda karj\u00e4\u00e4rispetsialisti poole.<\/p>\n<\/li>\n<li dir=\"ltr\">\n<p dir=\"ltr\" role=\"presentation\">Olen tutvunud kohaliku\/piirkondliku\/riikliku organisatsiooniga, kus saan arendada ja saada kogemusi valitava erialaga seoses.<\/p>\n<\/li>\n<li dir=\"ltr\">\n<p dir=\"ltr\" role=\"presentation\">Olen tutvunud huvipakkuva organisatsiooniga\/haridusasutusega.<\/p>\n<\/li>\n<li dir=\"ltr\">\n<p dir=\"ltr\" role=\"presentation\">Mul on kogutud infot, kui soovin arendada oma oskusi vabatahtlikuna.<\/p>\n<\/li>\n<li dir=\"ltr\">\n<p dir=\"ltr\" role=\"presentation\">Olen arutanud oma t\u00e4iendavaid \u00f5ppimise plaane \u00f5petajaga, karj\u00e4\u00e4rispetsialistiga v\u00f5i m\u00f5ne mind huvitaval erialal t\u00f6\u00f6tava spetsialistiga, perega v\u00f5i s\u00f5pradega.<\/p>\n<\/li>\n<\/ul>\n<\/td>\n<\/tr>\n<\/tbody>\n<\/table>\n<\/div>","protected":false},"excerpt":{"rendered":"<p>KARJ\u00c4\u00c4RIINFO ALLIKAD Ligip\u00e4\u00e4s infole ning oskus infot anal\u00fc\u00fcsida ja sihip\u00e4raselt kasutada on karj\u00e4\u00e4rivalikute tegemisel v\u00e4ga oluline. Asjakohane ja \u00f5igeaegne info aitab leida paremaid v\u00f5imalusi konkurentsitihedas t\u00f6\u00f6turus. Karj\u00e4\u00e4riinfo kogumiseks ja vahendamiseks on erinevaid viise. Allj\u00e4rgnevalt on v\u00e4lja toodud enamlevinud v\u00f5imalused: \u00a0Isiklikud &#8230;<\/p>\n","protected":false},"author":263,"featured_media":0,"parent":0,"menu_order":0,"comment_status":"closed","ping_status":"closed","template":"","meta":{"_acf_changed":false,"inline_featured_image":false,"footnotes":""},"class_list":["post-6","page","type-page","status-publish","hentry"],"acf":[],"_links":{"self":[{"href":"https:\/\/sisu.ut.ee\/edujategu22\/wp-json\/wp\/v2\/pages\/6","targetHints":{"allow":["GET"]}}],"collection":[{"href":"https:\/\/sisu.ut.ee\/edujategu22\/wp-json\/wp\/v2\/pages"}],"about":[{"href":"https:\/\/sisu.ut.ee\/edujategu22\/wp-json\/wp\/v2\/types\/page"}],"author":[{"embeddable":true,"href":"https:\/\/sisu.ut.ee\/edujategu22\/wp-json\/wp\/v2\/users\/263"}],"replies":[{"embeddable":true,"href":"https:\/\/sisu.ut.ee\/edujategu22\/wp-json\/wp\/v2\/comments?post=6"}],"version-history":[{"count":7,"href":"https:\/\/sisu.ut.ee\/edujategu22\/wp-json\/wp\/v2\/pages\/6\/revisions"}],"predecessor-version":[{"id":75,"href":"https:\/\/sisu.ut.ee\/edujategu22\/wp-json\/wp\/v2\/pages\/6\/revisions\/75"}],"wp:attachment":[{"href":"https:\/\/sisu.ut.ee\/edujategu22\/wp-json\/wp\/v2\/media?parent=6"}],"curies":[{"name":"wp","href":"https:\/\/api.w.org\/{rel}","templated":true}]}}