{"id":4,"date":"2024-04-04T08:53:06","date_gmt":"2024-04-04T05:53:06","guid":{"rendered":"https:\/\/sisu.ut.ee\/edujategu22\/sissejuhatus\/"},"modified":"2024-04-24T10:33:40","modified_gmt":"2024-04-24T07:33:40","slug":"sissejuhatus","status":"publish","type":"page","link":"https:\/\/sisu.ut.ee\/edujategu22\/sissejuhatus\/","title":{"rendered":"SISSEJUHATUS"},"content":{"rendered":"<h1 class=\"wp-block-heading\"><img loading=\"lazy\" decoding=\"async\" width=\"40\" height=\"40\" class=\"wp-image-63\" style=\"width: 40px;\" src=\"https:\/\/sisu.ut.ee\/wp-content\/uploads\/sites\/646\/sissejuhatus.png\" alt=\"\" srcset=\"https:\/\/sisu.ut.ee\/wp-content\/uploads\/sites\/646\/sissejuhatus.png 1080w, https:\/\/sisu.ut.ee\/wp-content\/uploads\/sites\/646\/sissejuhatus-300x300.png 300w, https:\/\/sisu.ut.ee\/wp-content\/uploads\/sites\/646\/sissejuhatus-1024x1024.png 1024w, https:\/\/sisu.ut.ee\/wp-content\/uploads\/sites\/646\/sissejuhatus-150x150.png 150w, https:\/\/sisu.ut.ee\/wp-content\/uploads\/sites\/646\/sissejuhatus-768x768.png 768w\" sizes=\"auto, (max-width: 40px) 100vw, 40px\"> <span style=\"color: #28aae1;\">SISSEJUHATUS<\/span><\/h1>\n\n\n<p dir=\"ltr\" style=\"text-align: justify; margin-top: 0pt; margin-bottom: 0pt;\">\u00a0<\/p>\n<div>\n<div>\n<p><span style=\"text-align: justify;\"><span style=\"vertical-align: baseline;\">Karj\u00e4\u00e4ri v\u00f5ib m\u00e4\u00e4ratleda kui inimese haridus- ja t\u00f6\u00f6alast arengut, kuid karj\u00e4\u00e4r on midagi enamat kui lihtsalt \u00f5ppimine, t\u00f6\u00f6tamine v\u00f5i amet. See h\u00f5lmab k\u00f5iki inimese elurolle, kogu kasvu ja arengut. <\/span><\/span><span style=\"text-align: justify;\"><span style=\"vertical-align: baseline;\">Teadlike valikute tegemiseks on oluline arendada erinevaid karj\u00e4\u00e4ri kujundamise p\u00e4devusi, et paremini omandada \u00f5pi-, suhtlemis-, koost\u00f6\u00f6- ja otsustamise oskusi ning oskuseid info hankimiseks, hindamiseks ja anal\u00fc\u00fcsimiseks.<\/span><\/span><\/p>\n<p><span style=\"line-height: 1.2;\"><span style=\"vertical-align: baseline;\">Need p\u00e4devused h\u00f5lmavad eneseteadlikkust, oskust anal\u00fc\u00fcsida v\u00f5imalusi, planeerimis- ja tegutsemisoskusi ja v\u00f5imaldavad tulla toime muutuvas keskkonnas ka t\u00f6\u00f6elu keerukustega.<\/span><\/span><\/p>\n<p><span style=\"line-height: 1.2;\"><span style=\"vertical-align: baseline;\">\u00d5piobjekti eesm\u00e4rk on toetada \u00f5petajat \u00f5ppija karj\u00e4\u00e4rip\u00e4devuste kujundamisel karj\u00e4\u00e4riinfo vaatenurgast. <\/span><\/span><\/p>\n<\/div>\n<\/div>\n<p>\u00a0<\/p>\n<div>\u00a0<\/div>","protected":false},"excerpt":{"rendered":"<p>SISSEJUHATUS \u00a0 Karj\u00e4\u00e4ri v\u00f5ib m\u00e4\u00e4ratleda kui inimese haridus- ja t\u00f6\u00f6alast arengut, kuid karj\u00e4\u00e4r on midagi enamat kui lihtsalt \u00f5ppimine, t\u00f6\u00f6tamine v\u00f5i amet. See h\u00f5lmab k\u00f5iki inimese elurolle, kogu kasvu ja arengut. Teadlike valikute tegemiseks on oluline arendada erinevaid karj\u00e4\u00e4ri kujundamise &#8230;<\/p>\n","protected":false},"author":263,"featured_media":0,"parent":0,"menu_order":0,"comment_status":"closed","ping_status":"closed","template":"","meta":{"_acf_changed":false,"inline_featured_image":false,"footnotes":""},"class_list":["post-4","page","type-page","status-publish","hentry"],"acf":[],"_links":{"self":[{"href":"https:\/\/sisu.ut.ee\/edujategu22\/wp-json\/wp\/v2\/pages\/4","targetHints":{"allow":["GET"]}}],"collection":[{"href":"https:\/\/sisu.ut.ee\/edujategu22\/wp-json\/wp\/v2\/pages"}],"about":[{"href":"https:\/\/sisu.ut.ee\/edujategu22\/wp-json\/wp\/v2\/types\/page"}],"author":[{"embeddable":true,"href":"https:\/\/sisu.ut.ee\/edujategu22\/wp-json\/wp\/v2\/users\/263"}],"replies":[{"embeddable":true,"href":"https:\/\/sisu.ut.ee\/edujategu22\/wp-json\/wp\/v2\/comments?post=4"}],"version-history":[{"count":4,"href":"https:\/\/sisu.ut.ee\/edujategu22\/wp-json\/wp\/v2\/pages\/4\/revisions"}],"predecessor-version":[{"id":87,"href":"https:\/\/sisu.ut.ee\/edujategu22\/wp-json\/wp\/v2\/pages\/4\/revisions\/87"}],"wp:attachment":[{"href":"https:\/\/sisu.ut.ee\/edujategu22\/wp-json\/wp\/v2\/media?parent=4"}],"curies":[{"name":"wp","href":"https:\/\/api.w.org\/{rel}","templated":true}]}}