{"id":3,"date":"2024-04-04T08:53:06","date_gmt":"2024-04-04T05:53:06","guid":{"rendered":"https:\/\/sisu.ut.ee\/edujategu22\/avaleht\/"},"modified":"2024-04-24T10:05:46","modified_gmt":"2024-04-24T07:05:46","slug":"avaleht","status":"publish","type":"page","link":"https:\/\/sisu.ut.ee\/edujategu22\/","title":{"rendered":"Avaleht"},"content":{"rendered":"<p dir=\"ltr\">\n\t<img loading=\"lazy\" decoding=\"async\" width=\"1640\" height=\"924\" class=\"alignnone wp-image-9\" src=\"https:\/\/sisu.ut.ee\/wp-content\/uploads\/sites\/646\/edu_ja_tegu_avalehed_8.png\" title=\"edu_ja_tegu_avalehed_8.png\" alt=\"avaleht\" srcset=\"https:\/\/sisu.ut.ee\/wp-content\/uploads\/sites\/646\/edu_ja_tegu_avalehed_8.png 1640w, https:\/\/sisu.ut.ee\/wp-content\/uploads\/sites\/646\/edu_ja_tegu_avalehed_8-300x169.png 300w, https:\/\/sisu.ut.ee\/wp-content\/uploads\/sites\/646\/edu_ja_tegu_avalehed_8-1024x577.png 1024w, https:\/\/sisu.ut.ee\/wp-content\/uploads\/sites\/646\/edu_ja_tegu_avalehed_8-768x433.png 768w, https:\/\/sisu.ut.ee\/wp-content\/uploads\/sites\/646\/edu_ja_tegu_avalehed_8-1536x865.png 1536w\" sizes=\"auto, (max-width: 1640px) 100vw, 1640px\">\n<\/p>\n<p dir=\"ltr\">\n\t\u00d5ppematerjal on loodud \u00f5petajale t\u00f6\u00f6ks p\u00f5hikooli III kooliastme \u00f5pilastega. Materjale saab kasutada t\u00f6\u00f6s ka teiste sihtr\u00fchmadega.\n<\/p>\n<p dir=\"ltr\">\n\tKarj\u00e4\u00e4rivalikud on vaieldamatult \u00fched t\u00e4htsamaid otsuseid meie elus. Need m\u00f5jutavad k\u00f5iki tahke, n\u00e4iteks m\u00e4\u00e4ravad need \u00e4ra kus \u00f5pime, kus elame, kus t\u00f6\u00f6tame, kui suur on meie sissetulek ja palju muud.\n<\/p>\n<p dir=\"ltr\">\n\tSelleks, et oma elu ja karj\u00e4\u00e4ri teadlikult juhtida, on oluline omandada karj\u00e4\u00e4rip\u00e4devused l\u00e4bi karj\u00e4\u00e4ri\u00f5ppe. Siin saavad abiks olla nii \u00f5petajad, karj\u00e4\u00e4riinfo spetsialistid kui karj\u00e4\u00e4rin\u00f5ustajad.\n<\/p>\n<p dir=\"ltr\">\n\tMaterjali koostasid:\u00a0 Ave Szymanel ja Signe Reppo\n<\/p>\n<p dir=\"ltr\">\n\tKarj\u00e4\u00e4rispetsialist tase 7\n<\/p>\n<p>\u00a0<\/p>\n<p dir=\"ltr\">\n\t\u00a0<\/p>\n","protected":false},"excerpt":{"rendered":"<p>\u00d5ppematerjal on loodud \u00f5petajale t\u00f6\u00f6ks p\u00f5hikooli III kooliastme \u00f5pilastega. Materjale saab kasutada t\u00f6\u00f6s ka teiste sihtr\u00fchmadega. Karj\u00e4\u00e4rivalikud on vaieldamatult \u00fched t\u00e4htsamaid otsuseid meie elus. Need m\u00f5jutavad k\u00f5iki tahke, n\u00e4iteks m\u00e4\u00e4ravad need \u00e4ra kus \u00f5pime, kus elame, kus t\u00f6\u00f6tame, kui suur &#8230;<\/p>\n","protected":false},"author":263,"featured_media":0,"parent":0,"menu_order":0,"comment_status":"closed","ping_status":"closed","template":"","meta":{"_acf_changed":false,"inline_featured_image":false,"footnotes":""},"class_list":["post-3","page","type-page","status-publish","hentry"],"acf":[],"_links":{"self":[{"href":"https:\/\/sisu.ut.ee\/edujategu22\/wp-json\/wp\/v2\/pages\/3","targetHints":{"allow":["GET"]}}],"collection":[{"href":"https:\/\/sisu.ut.ee\/edujategu22\/wp-json\/wp\/v2\/pages"}],"about":[{"href":"https:\/\/sisu.ut.ee\/edujategu22\/wp-json\/wp\/v2\/types\/page"}],"author":[{"embeddable":true,"href":"https:\/\/sisu.ut.ee\/edujategu22\/wp-json\/wp\/v2\/users\/263"}],"replies":[{"embeddable":true,"href":"https:\/\/sisu.ut.ee\/edujategu22\/wp-json\/wp\/v2\/comments?post=3"}],"version-history":[{"count":2,"href":"https:\/\/sisu.ut.ee\/edujategu22\/wp-json\/wp\/v2\/pages\/3\/revisions"}],"predecessor-version":[{"id":59,"href":"https:\/\/sisu.ut.ee\/edujategu22\/wp-json\/wp\/v2\/pages\/3\/revisions\/59"}],"wp:attachment":[{"href":"https:\/\/sisu.ut.ee\/edujategu22\/wp-json\/wp\/v2\/media?parent=3"}],"curies":[{"name":"wp","href":"https:\/\/api.w.org\/{rel}","templated":true}]}}