{"id":7,"date":"2024-04-04T08:24:26","date_gmt":"2024-04-04T05:24:26","guid":{"rendered":"https:\/\/sisu.ut.ee\/edujategu21\/lisamaterjal\/"},"modified":"2024-05-07T10:19:34","modified_gmt":"2024-05-07T07:19:34","slug":"lisamaterjal","status":"publish","type":"page","link":"https:\/\/sisu.ut.ee\/edujategu21\/lisamaterjal\/","title":{"rendered":"Lisamaterjal"},"content":{"rendered":"<p style=\"margin-bottom: 0cm;\">\n<\/p><p style=\"margin-bottom: 0cm;\"><span style=\"font-size: 16px;\"><span style=\"line-height: normal;\"><span lang=\"ET\"><span style=\"color: black;\">Kas soovid teada, kuidas t\u00f6\u00f6vestlusel edukalt palka juurde k\u00fcsida, kust leida enda unistuste t\u00f6\u00f6 ja palk v\u00f5i milline palk peaks motiveerima \u00fcksk\u00f5ik millist t\u00f6\u00f6d tegema? Neile ja paljudele teistele k\u00fcsimustele t\u00f6\u00f6, karj\u00e4\u00e4ri, ettev\u00f5tluse ja investeerimise kohta saad vastused Kristi Saare instagrami kontolt <em>kristiinvesteerib<\/em>, kus ta vastab jooksvalt oma j\u00e4lgijate kripeldavatele k\u00fcsimustele ja aeg-ajalt postitab ka blogisse tabuvabu rahateemalisi postitusi.<\/span><\/span><\/span><\/span><\/p>\n<p style=\"margin-bottom: 0cm;\"><span style=\"font-size: 16px;\"><span style=\"line-height: normal;\"><span lang=\"ET\"><span style=\"color: black;\">Seega, soovitus j\u00e4lgida Kristi Saare blogi (<\/span><\/span><span lang=\"ET\"><a href=\"https:\/\/kristiinvesteerib.ee\/blogi\/\" target=\"_blank\" rel=\"noopener\"><span style=\"color: #1155cc;\">https:\/\/kristiinvesteerib.ee\/blogi\/<\/span><\/a><\/span><span lang=\"ET\"><span style=\"color: black;\">) ja instagrami kontot <em>kristiinvesteerib<\/em>\u00a0(\u00fcle 25 000\u00a0j\u00e4lgija). Sealt leiab teemasid alates halbadest rahaotsustest kuni \u00fclemuste punaste lippude ja t\u00f6\u00f6eetikani v\u00e4lja.<\/span><\/span><\/span><\/span><\/p>\n<p style=\"margin-bottom: 0cm;\">\n<\/p><p style=\"margin-bottom: 0cm;\"><img loading=\"lazy\" decoding=\"async\" width=\"1080\" height=\"1080\" class=\"alignnone wp-image-12\" style=\"width: 32px; height: 32px;\" title=\"ulesanne.png\" src=\"https:\/\/sisu.ut.ee\/wp-content\/uploads\/sites\/603\/ulesanne.png\" alt=\"\u00fclesanne\" srcset=\"https:\/\/sisu.ut.ee\/wp-content\/uploads\/sites\/603\/ulesanne.png 1080w, https:\/\/sisu.ut.ee\/wp-content\/uploads\/sites\/603\/ulesanne-300x300.png 300w, https:\/\/sisu.ut.ee\/wp-content\/uploads\/sites\/603\/ulesanne-1024x1024.png 1024w, https:\/\/sisu.ut.ee\/wp-content\/uploads\/sites\/603\/ulesanne-150x150.png 150w, https:\/\/sisu.ut.ee\/wp-content\/uploads\/sites\/603\/ulesanne-768x768.png 768w\" sizes=\"auto, (max-width: 1080px) 100vw, 1080px\"><strong><span style=\"font-size: 16px;\"><span style=\"line-height: normal;\"><span lang=\"ET\"><span style=\"color: black;\">Unistamise \u00fclesanne<\/span><\/span><\/span><\/span><\/strong><\/p>\n<ul>\n<li style=\"margin-bottom: 0cm;\"><span style=\"font-size: 16px;\"><span style=\"color: black;\"><span style=\"line-height: normal;\"><span style=\"vertical-align: baseline;\"><span lang=\"ET\">Pane kirja k\u00f5ik unistused, mida sa teeksid teoks, kui rahas ei oleks k\u00fcsimus.<\/span><\/span><\/span><\/span><\/span><\/li>\n<li style=\"margin-bottom: 0cm;\"><span style=\"font-size: 16px;\"><span style=\"color: black;\"><span style=\"line-height: normal;\"><span style=\"vertical-align: baseline;\"><span lang=\"ET\">Vali v\u00e4lja neist 1-3tk, mida sa k\u00f5ige enam saavutada soovid.<\/span><\/span><\/span><\/span><\/span><\/li>\n<li style=\"margin-bottom: 0cm;\"><span style=\"font-size: 16px;\"><span style=\"color: black;\"><span style=\"line-height: normal;\"><span style=\"vertical-align: baseline;\"><span lang=\"ET\">Anal\u00fc\u00fcsi, mis on need asjad, mis aitaksid sul sinnani j\u00f5uda ja mis asjad takistavad sind.<\/span><\/span><\/span><\/span><\/span><\/li>\n<li style=\"margin-bottom: 0cm;\"><span style=\"font-size: 16px;\"><span style=\"color: black;\"><span style=\"line-height: normal;\"><span style=\"vertical-align: baseline;\"><span lang=\"ET\">Pane paika tegevusplaan ja vahe-eesm\u00e4rgid (mis aitavad t\u00f5sta motivatsiooni), mille j\u00e4rgi saad hakata t\u00f6\u00f6le. Tee kasv\u00f5i 15 minutit iga p\u00e4eva kestel midagi, mis sind selle suunas edasi aitab.<\/span><\/span><\/span><\/span><\/span><\/li>\n<li style=\"margin-bottom: 0cm;\"><span style=\"font-size: 16px;\"><span style=\"color: black;\"><span style=\"line-height: normal;\"><span style=\"vertical-align: baseline;\"><span lang=\"ET\">Kaasa teisi inimesi, kellega arutada\/koost\u00f6\u00f6d teha v\u00f5i kellelt tagasisidet saada.<\/span><\/span><\/span><\/span><\/span><\/li>\n<li style=\"margin-bottom: 0cm;\"><span style=\"font-size: 16px;\"><span style=\"color: black;\"><span style=\"line-height: normal;\"><span style=\"vertical-align: baseline;\"><span lang=\"ET\">Hoia j\u00e4rge oma edusammudel.<\/span><\/span><\/span><\/span><\/span><\/li>\n<\/ul>\n","protected":false},"excerpt":{"rendered":"<p>Kas soovid teada, kuidas t\u00f6\u00f6vestlusel edukalt palka juurde k\u00fcsida, kust leida enda unistuste t\u00f6\u00f6 ja palk v\u00f5i milline palk peaks motiveerima \u00fcksk\u00f5ik millist t\u00f6\u00f6d tegema? Neile ja paljudele teistele k\u00fcsimustele t\u00f6\u00f6, karj\u00e4\u00e4ri, ettev\u00f5tluse ja investeerimise kohta saad vastused Kristi Saare &#8230;<\/p>\n","protected":false},"author":295,"featured_media":0,"parent":0,"menu_order":0,"comment_status":"closed","ping_status":"closed","template":"","meta":{"_acf_changed":false,"inline_featured_image":false,"footnotes":""},"class_list":["post-7","page","type-page","status-publish","hentry"],"acf":[],"_links":{"self":[{"href":"https:\/\/sisu.ut.ee\/edujategu21\/wp-json\/wp\/v2\/pages\/7","targetHints":{"allow":["GET"]}}],"collection":[{"href":"https:\/\/sisu.ut.ee\/edujategu21\/wp-json\/wp\/v2\/pages"}],"about":[{"href":"https:\/\/sisu.ut.ee\/edujategu21\/wp-json\/wp\/v2\/types\/page"}],"author":[{"embeddable":true,"href":"https:\/\/sisu.ut.ee\/edujategu21\/wp-json\/wp\/v2\/users\/295"}],"replies":[{"embeddable":true,"href":"https:\/\/sisu.ut.ee\/edujategu21\/wp-json\/wp\/v2\/comments?post=7"}],"version-history":[{"count":2,"href":"https:\/\/sisu.ut.ee\/edujategu21\/wp-json\/wp\/v2\/pages\/7\/revisions"}],"predecessor-version":[{"id":51,"href":"https:\/\/sisu.ut.ee\/edujategu21\/wp-json\/wp\/v2\/pages\/7\/revisions\/51"}],"wp:attachment":[{"href":"https:\/\/sisu.ut.ee\/edujategu21\/wp-json\/wp\/v2\/media?parent=7"}],"curies":[{"name":"wp","href":"https:\/\/api.w.org\/{rel}","templated":true}]}}